{"id":1642,"date":"2016-11-14T23:30:20","date_gmt":"2016-11-15T01:30:20","guid":{"rendered":"http:\/\/genewei.com\/br\/?post_type=product&#038;p=1642"},"modified":"2018-02-24T04:04:21","modified_gmt":"2018-02-24T07:04:21","slug":"diabenil-90-vcaps","status":"publish","type":"product","link":"http:\/\/genewei.com\/br\/produto\/diabenil-90-vcaps\/","title":{"rendered":"Diabenil (90 vcaps)"},"content":{"rendered":"\n<!-- Facebook Like Button Vivacity Infotech BEGIN -->\n<div class=\"fb-like\" data-href=\"http:\/\/genewei.com\/br\/produto\/diabenil-90-vcaps\/\" data-layout=\"standard\" data-action=\"like\" data-show-faces=\"true\" data-size=\"small\" data-width=\"550\" data-share=\"1\" ><\/div>\n<!-- Facebook Like Button Vivacity Infotech END -->\n<p><strong>Thorne Research Diabenil (90 vcaps)<\/strong><\/p>\n<p><strong>Um produto abrangente para suporte de n\u00edveis de a\u00e7\u00facar no sangue j\u00e1 normal*<\/strong><\/p>\n<ul>\n<li>Apoio\u00a0para nervos e vasos sangu\u00edneos *<\/li>\n<li>Antioxidantes protegem os olhos e rins *<\/li>\n<li>Uma mistura de botanicals e nutrientes para ajudar a manter n\u00edveis de a\u00e7\u00facar no sangue j\u00e1 normal*<\/li>\n<li>Sem agentes fluentes que possam inibir a biodisponibilidade<\/li>\n<\/ul>\n<p><strong>Diabenil<\/strong> \u00e9 uma mistura \u00fanica de botanicals e nutrientes projetados para ajudar a manter n\u00edveis de a\u00e7\u00facar no sangue j\u00e1 normais.* Al\u00e9m disso, cont\u00e9m importantes antioxidantes e flavon\u00f3ides para proteger os tecidos sens\u00edveis do corpo.<\/p>\n<p><strong>Gymnema sylvestre,<\/strong> uma planta nativa da \u00cdndia, tem sido usada medicinalmente por mais de 2,000 anos. Seu efeito sobre o apoio de n\u00edveis de glicose no sangue tem sido amplamente estudada desde a d\u00e9cada de 1930.* Foi encontrada para apoiar j\u00e1 n\u00edveis normais de a\u00e7\u00facar no sangue em estudos humanos.* Ela tamb\u00e9m pode ajudar a manter n\u00edveis j\u00e1 normais de colesterol e triglicer\u00eddeos.<\/p>\n<p><strong>Momordica charantia (mel\u00e3o amargo)<\/strong> \u00e9 uma erva comumente encontrada na China, \u00cdndia e \u00c1frica. Seus ingredientes ativos incluem charantin e uma subst\u00e2ncia conhecida como p-insulina (insulina vegetal), que se assemelha a insulina bovina em estrutura e fun\u00e7\u00e3o. Estes componentes parecem tanto aumentar a utiliza\u00e7\u00e3o de glucose como diminuir a s\u00edntese de glicose no f\u00edgado.*<\/p>\n<p><strong>Vaccinium myrtillus (mirtilo)<\/strong> cont\u00e9m importantes flavon\u00f3ides antocianos\u00eddeos que parecem ter uma afinidade particular e apoio\u00a0para o tecido ocular, particularmente a retina.* Estes flavon\u00f3ides fortalecem os vasos sangu\u00edneos e ajudam a estabilizar o col\u00e1geno, mantendo os tecidos conjuntivos saud\u00e1veis.<\/p>\n<p><strong>A quercetina,<\/strong> al\u00e9m de seus efeitos estabilizadores do col\u00e1geno, inibe uma enzima que converte a glicose em sorbitol.* Uma vez formado, o sorbitol pode acumular na lente do olho, rins e nervos das extremidades.<\/p>\n<p><strong>O \u00e1cido lip\u00f3ico<\/strong> \u00e9 um potente antioxidante em meios sol\u00faveis em \u00e1gua e gordura que podem reduzir significativamente a peroxida\u00e7\u00e3o lip\u00eddica do tecido nervoso.* Verificou-se tamb\u00e9m que inibem uma enzima que resulta numa diminui\u00e7\u00e3o na produ\u00e7\u00e3o de sorbitol.*<\/p>\n<p><strong>O UltraChrome e o sulfato de vanadil<\/strong> est\u00e3o inclu\u00eddos no Diabenil para ajudar a manter n\u00edveis de hemoglobina A1C j\u00e1 normais.*<\/p>\n<p><strong><em><span style=\"color: #ff0000;\">Nota:<\/span> Este suplemento \u00e9 usado para equilibrar o a\u00e7\u00facar no sangue em pacientes com c\u00e2ncer durante o tratamento, n\u00e3o para efeitos anticancer\u00edgenos.<\/em><\/strong><\/p>\n<hr \/>\n<div id=\"itemservings\"><strong>Dose por recipiente: <\/strong>45<strong><br \/>\n<\/strong>Tome 2 c\u00e1psulas 3x ao dia ou como recomendado por um profissional de sa\u00fade.<strong>Tamanho da dose:<\/strong> 2 C\u00e1psulas<br \/>\n<strong>Por\u00e7\u00e3o por recipiente:<\/strong> 45<strong>Quantidade por por\u00e7\u00e3o<\/strong><br \/>\n<strong>Cromo<\/strong> &#8230; 100 mcg<br \/>\n<em>(como Arginato de Chelidamate de Cromo) *<\/em><br \/>\n<strong>Quercetina<\/strong> &#8230; 400 mg<br \/>\n<em>(sol\u00favel em \u00e1gua)<\/em><br \/>\n<strong>Extrato de Gymnema<\/strong> &#8230; 200 mg<br \/>\n<em>(folha) (Gymnema sylvestre)<\/em><br \/>\n<strong>\u00c1cido alfa-lip\u00f3ico<\/strong> &#8230; 100 mg<br \/>\n<strong>Extrato de mirtilo ** <\/strong>&#8230; 80 mg<br \/>\n<em>(frutos) (Vaccinium myrtillus)<\/em><br \/>\n<strong>Extrato de mel\u00e3o amargo<\/strong> &#8230; 80 mg<br \/>\n<em>(fruta) (Momordica charantia)<\/em><br \/>\n<strong>Sulfato de Vanadilo<\/strong> &#8230; 3 mg<strong>Outros Ingredientes:<\/strong> C\u00e1psula de hipromelose (derivada de celulose), di\u00f3xido de sil\u00edcio.<strong>Este produto n\u00e3o cont\u00e9m<\/strong> trigo, gl\u00faten, milho, levedura, soja, ovo, produtos l\u00e1cteos, ou cores artificiais, edulcorantes ou sabores. Este produto tamb\u00e9m n\u00e3o cont\u00e9m lactose, \u00e1cido palm\u00edtico, ou estearatos de magn\u00e9sio, c\u00e1lcio ou vegetais.<\/p>\n<\/div>\n<!-- AddThis Advanced Settings generic via filter on the_content --><!-- AddThis Share Buttons generic via filter on the_content -->","protected":false},"excerpt":{"rendered":"<p>Thorne Research Diabenil (90 vcaps) Um produto abrangente para suporte de n\u00edveis de a\u00e7\u00facar no sangue j\u00e1 normal* Apoio\u00a0para nervos e vasos sangu\u00edneos * Antioxidantes protegem os olhos e rins * Uma mistura de botanicals e nutrientes para ajudar a manter n\u00edveis de a\u00e7\u00facar no sangue j\u00e1 normal* Sem agentes fluentes que possam inibir a<a class=\"moretag\" href=\"http:\/\/genewei.com\/br\/produto\/diabenil-90-vcaps\/\"> [&#8230;] <\/a><!-- AddThis Advanced Settings generic via filter on wp_trim_excerpt --><!-- AddThis Share Buttons generic via filter on wp_trim_excerpt --><\/p>\n","protected":false},"featured_media":1643,"template":"","meta":{"sfsi_plus_gutenberg_text_before_share":"","sfsi_plus_gutenberg_show_text_before_share":"","sfsi_plus_gutenberg_icon_type":"","sfsi_plus_gutenberg_icon_alignemt":"","sfsi_plus_gutenburg_max_per_row":"","_genesis_hide_title":false,"_genesis_hide_breadcrumbs":false,"_genesis_hide_singular_image":false,"_genesis_hide_footer_widgets":false,"_genesis_custom_body_class":"","_genesis_custom_post_class":"","_genesis_layout":""},"_links":{"self":[{"href":"http:\/\/genewei.com\/br\/wp-json\/wp\/v2\/product\/1642"}],"collection":[{"href":"http:\/\/genewei.com\/br\/wp-json\/wp\/v2\/product"}],"about":[{"href":"http:\/\/genewei.com\/br\/wp-json\/wp\/v2\/types\/product"}],"wp:featuredmedia":[{"embeddable":true,"href":"http:\/\/genewei.com\/br\/wp-json\/wp\/v2\/media\/1643"}],"wp:attachment":[{"href":"http:\/\/genewei.com\/br\/wp-json\/wp\/v2\/media?parent=1642"}],"curies":[{"name":"wp","href":"https:\/\/api.w.org\/{rel}","templated":true}]}}