{"id":1654,"date":"2016-11-15T18:37:18","date_gmt":"2016-11-15T20:37:18","guid":{"rendered":"http:\/\/genewei.com\/br\/?post_type=product&#038;p=1654"},"modified":"2018-08-03T17:50:01","modified_gmt":"2018-08-03T20:50:01","slug":"5-htp-100-mg-90-vcaps","status":"publish","type":"product","link":"http:\/\/genewei.com\/br\/produto\/5-htp-100-mg-90-vcaps\/","title":{"rendered":"5-HTP 100 mg (90 vcaps)"},"content":{"rendered":"\n<!-- Facebook Like Button Vivacity Infotech BEGIN -->\n<div class=\"fb-like\" data-href=\"http:\/\/genewei.com\/br\/produto\/5-htp-100-mg-90-vcaps\/\" data-layout=\"standard\" data-action=\"like\" data-show-faces=\"true\" data-size=\"small\" data-width=\"550\" data-share=\"1\" ><\/div>\n<!-- Facebook Like Button Vivacity Infotech END -->\n<div><strong>Thorne Research\u00a05-HTP 100 mg (90 vcaps)<\/strong><\/div>\n<p><strong>Aumenta a produ\u00e7\u00e3o de serotonina.<\/strong><\/p>\n<ul>\n<li>Aumenta os n\u00edveis de serotonina para melhorar o sono, diminui\u00e7\u00e3o dos desejos de a\u00e7\u00facar e uma melhor gest\u00e3o do estresse<\/li>\n<li>Pode ser tomada com refei\u00e7\u00f5es sem competir com outros amino\u00e1cidos<\/li>\n<li>Inclui vitamina B6 para a atividade ideal<\/li>\n<li>Feita sem fluir agentes que podem inibir a biodisponibilidade<\/li>\n<\/ul>\n<p><strong>O 5-hidroxitriptofano (5-HTP)<\/strong> \u00e9 o metabolito intermedi\u00e1rio produzido quando o corpo inicia o processo de convers\u00e3o do amino\u00e1cido essencial L-triptofano em serotonina. N\u00edveis de serotonina no corpo est\u00e3o associados com a regula\u00e7\u00e3o do sono, humor, agress\u00e3o, apetite, temperatura, comportamento sexual e sensa\u00e7\u00e3o de dor.<\/p>\n<p><strong>Suplementar\u00a0com 5-HTP para facilitar a produ\u00e7\u00e3o de serotonina \u00e9 prefer\u00edvel <\/strong>do que suplementar\u00a0com L-triptofano porque, ao contr\u00e1rio do L-triptofano, o 5-HTP n\u00e3o pode ser desviado para a produ\u00e7\u00e3o de niacina ou prote\u00edna. A suplementa\u00e7\u00e3o com 5-HTP evita a convers\u00e3o de L-triptofano em 5-HTP pela enzima triptofano hidroxilase, o passo limitante na s\u00edntese de serotonina e um passo que pode ser inibido por v\u00e1rios fatores, incluindo o estresse, a resist\u00eancia \u00e0 insulina, aumento da idade e defici\u00eancias de vitamina C, folato e ferro.<\/p>\n<p><strong>5-HTP \u00e9 bem absorvido quando tomado por via oral,<\/strong> com cerca de 70 por cento terminando na corrente sangu\u00ednea.<\/p>\n<p>A absor\u00e7\u00e3o intestinal de 5-HTP n\u00e3o requer a presen\u00e7a de uma mol\u00e9cula de transporte e n\u00e3o \u00e9 afetada pela presen\u00e7a de outros amino\u00e1cidos; portanto, pode ser tomado com as refei\u00e7\u00f5es sem reduzir a sua efic\u00e1cia. 5-HTP atravessa facilmente a barreira sangue-c\u00e9rebro e efetivamente aumenta a s\u00edntese do sistema nervoso central (SNC) da serotonina.<\/p>\n<p>5-HTP foi mostrado para ter um impacto ben\u00e9fico sobre o humor, desconforto associado com fadiga, sono, e desejo de carboidratos. Numerosos estudos de indiv\u00edduos com estado de humor negativo t\u00eam mostrado resposta positiva significativa com 50-300 mg de 5-HTP diariamente.<\/p>\n<p>Para facilitar ainda mais a produ\u00e7\u00e3o de serotonina, a f\u00f3rmula 5-HTP da Thorne Research cont\u00e9m piridoxal 5-fosfato, a forma ativa de vitamina B6 e o cofactor necess\u00e1rio para a convers\u00e3o de 5-HTP em serotonina. O 5-HTP \u00e9 produzido comercialmente por extra\u00e7\u00e3o a partir das sementes da planta africana Griffonia simplicifolia.<\/p>\n<hr \/>\n<div id=\"itemservings\"><strong>Dose por recipiente:<\/strong> 45<br \/>\nTome 1-2 c\u00e1psulas 3 vezes ao dia ou como recomendado pelo seu profissional de sa\u00fade.<\/div>\n<p><strong>Tamanho da Dose:<\/strong> 2 C\u00e1psula Vegetariana<\/p>\n<p><strong>Quantidade por por\u00e7\u00e3o:<\/strong><br \/>\n<strong>Vitamina B6<\/strong> &#8230; 6.8mg<br \/>\n<em>\u00a0 (como Piridoxal 5-Phosphate)<\/em><br \/>\n<strong>5-Hidroxitriptofano<\/strong> &#8230; 100 mg<\/p>\n<p><strong>Outros ingredientes:<\/strong> celulose microcristalina, c\u00e1psula de hipromelose (derivada de celulose), leucina, di\u00f3xido de sil\u00edcio.<\/p>\n<p><strong>Este produto n\u00e3o cont\u00e9m<\/strong> trigo, gl\u00faten, milho, levedura, soja, ovo, produtos l\u00e1cteos, ou cores artificiais, edulcorantes ou sabores. Este produto tamb\u00e9m n\u00e3o cont\u00e9m lactose, \u00e1cido palm\u00edtico, ou estearatos de magn\u00e9sio, c\u00e1lcio ou vegetais.<\/p>\n<!-- AddThis Advanced Settings generic via filter on the_content --><!-- AddThis Share Buttons generic via filter on the_content -->","protected":false},"excerpt":{"rendered":"<p>Thorne Research\u00a05-HTP 100 mg (90 vcaps) Aumenta a produ\u00e7\u00e3o de serotonina. Aumenta os n\u00edveis de serotonina para melhorar o sono, diminui\u00e7\u00e3o dos desejos de a\u00e7\u00facar e uma melhor gest\u00e3o do estresse Pode ser tomada com refei\u00e7\u00f5es sem competir com outros amino\u00e1cidos Inclui vitamina B6 para a atividade ideal Feita sem fluir agentes que podem inibir<a class=\"moretag\" href=\"http:\/\/genewei.com\/br\/produto\/5-htp-100-mg-90-vcaps\/\"> [&#8230;] <\/a><!-- AddThis Advanced Settings generic via filter on wp_trim_excerpt --><!-- AddThis Share Buttons generic via filter on wp_trim_excerpt --><\/p>\n","protected":false},"featured_media":1655,"template":"","meta":{"sfsi_plus_gutenberg_text_before_share":"","sfsi_plus_gutenberg_show_text_before_share":"","sfsi_plus_gutenberg_icon_type":"","sfsi_plus_gutenberg_icon_alignemt":"","sfsi_plus_gutenburg_max_per_row":"","_genesis_hide_title":false,"_genesis_hide_breadcrumbs":false,"_genesis_hide_singular_image":false,"_genesis_hide_footer_widgets":false,"_genesis_custom_body_class":"","_genesis_custom_post_class":"","_genesis_layout":""},"_links":{"self":[{"href":"http:\/\/genewei.com\/br\/wp-json\/wp\/v2\/product\/1654"}],"collection":[{"href":"http:\/\/genewei.com\/br\/wp-json\/wp\/v2\/product"}],"about":[{"href":"http:\/\/genewei.com\/br\/wp-json\/wp\/v2\/types\/product"}],"wp:featuredmedia":[{"embeddable":true,"href":"http:\/\/genewei.com\/br\/wp-json\/wp\/v2\/media\/1655"}],"wp:attachment":[{"href":"http:\/\/genewei.com\/br\/wp-json\/wp\/v2\/media?parent=1654"}],"curies":[{"name":"wp","href":"https:\/\/api.w.org\/{rel}","templated":true}]}}