{"id":1658,"date":"2016-11-15T19:22:50","date_gmt":"2016-11-15T21:22:50","guid":{"rendered":"http:\/\/genewei.com\/br\/?post_type=product&#038;p=1658"},"modified":"2018-09-10T23:14:40","modified_gmt":"2018-09-11T02:14:40","slug":"l-tirosina-500-mg-90-vcaps","status":"publish","type":"product","link":"http:\/\/genewei.com\/br\/produto\/l-tirosina-500-mg-90-vcaps\/","title":{"rendered":"L-Tirosina (500 mg) (90 vcaps)"},"content":{"rendered":"\n<!-- Facebook Like Button Vivacity Infotech BEGIN -->\n<div class=\"fb-like\" data-href=\"http:\/\/genewei.com\/br\/produto\/l-tirosina-500-mg-90-vcaps\/\" data-layout=\"standard\" data-action=\"like\" data-show-faces=\"true\" data-size=\"small\" data-width=\"550\" data-share=\"1\" ><\/div>\n<!-- Facebook Like Button Vivacity Infotech END -->\n<p><strong>Thorne Research L-Tyrosine | L-Tirosina\u00a0(500 mg) (90 vcaps)<\/strong><\/p>\n<ul>\n<li>Essencial para s\u00edntese hormonal do neurotransmissor e da tire\u00f3ide.<\/li>\n<li>Nutriente importante para a fun\u00e7\u00e3o adrenal saud\u00e1vel.<\/li>\n<li>Apoia\u00a0a gl\u00e2ndula tire\u00f3ide.<\/li>\n<li>Promove um estado mental positivo e gest\u00e3o do estresse saud\u00e1vel.<\/li>\n<\/ul>\n<p>L-tirosina \u00e9 um precursor de amino\u00e1cidos para a s\u00edntese dos neurotransmissores norepinefrina e dopamina. Ao melhorar a taxa de s\u00edntese de neurotransmissores, L-tirosina estimula o sistema nervoso central. Parece funcionar como um adaptogen aliviando sintomas f\u00edsicos do estresse, tais como mudan\u00e7as de humor. Os indiv\u00edduos com estresse cr\u00f4nico podem n\u00e3o converter eficientemente a Fenilalanina em L-tirosina, tornando desej\u00e1vel a suplementa\u00e7\u00e3o com L-tirosina.<\/p>\n<p>A L-tirosina tamb\u00e9m serve como um precursor para o horm\u00f4nio tireoidiano tiroxina e melanina, o pigmento respons\u00e1vel pela cor da pele e do cabelo e prote\u00e7\u00e3o contra raios ultravioleta prejudiciais. Al\u00e9m disso, a L-tirosina estimula o\u00a0horm\u00f4nio do crescimento e est\u00e1 envolvida na fun\u00e7\u00e3o adrenal e pituit\u00e1ria. A L-tirosina \u00e9 tamb\u00e9m um poderoso antioxidante, eliminando e neutralizando os radicais livres e inibindo a oxida\u00e7\u00e3o da gordura.<\/p>\n<p><em><strong>Nota:<\/strong> Este suplemento n\u00e3o \u00e9 para ins\u00f4nia diretamente&#8230; Em vez disso, \u00e9 usado de manh\u00e3 para manter o equil\u00edbrio neurotransmissor se voc\u00ea estiver usando 5-HTP por per\u00edodos prolongados de tempo.<\/em><\/p>\n<hr \/>\n<div id=\"itemservings\"><strong>Dose por recipiente:<\/strong> 90<br \/>\nTome 1 c\u00e1psula 3x ao dia ou como recomendado por um profissional de sa\u00fade.<\/div>\n<p><strong>Tamanho da dose:<\/strong> 1 C\u00e1psula<\/p>\n<p><strong>Quantidade por por\u00e7\u00e3o:<\/strong><br \/>\n<strong>L-Tirosina<\/strong> &#8230; 500mg<br \/>\n<strong>Outros Ingredientes:<\/strong> C\u00e1psula de hipromelose (derivada de celulose), Leucina, Di\u00f3xido de Sil\u00edcio.<\/p>\n<p><strong>Este produto n\u00e3o cont\u00e9m<\/strong> trigo, gl\u00faten, milho, levedura, soja, ovo, produtos l\u00e1cteos, ou cores artificiais, ado\u00e7antes artificiais ou sabores artificiais. Este produto tamb\u00e9m n\u00e3o cont\u00e9m lactose, \u00e1cido palm\u00edtico, estearato de magn\u00e9sio ou \u00e1cido este\u00e1rico.<\/p>\n<!-- AddThis Advanced Settings generic via filter on the_content --><!-- AddThis Share Buttons generic via filter on the_content -->","protected":false},"excerpt":{"rendered":"<p>Thorne Research L-Tyrosine | L-Tirosina\u00a0(500 mg) (90 vcaps) Essencial para s\u00edntese hormonal do neurotransmissor e da tire\u00f3ide. Nutriente importante para a fun\u00e7\u00e3o adrenal saud\u00e1vel. Apoia\u00a0a gl\u00e2ndula tire\u00f3ide. Promove um estado mental positivo e gest\u00e3o do estresse saud\u00e1vel. L-tirosina \u00e9 um precursor de amino\u00e1cidos para a s\u00edntese dos neurotransmissores norepinefrina e dopamina. Ao melhorar a taxa<a class=\"moretag\" href=\"http:\/\/genewei.com\/br\/produto\/l-tirosina-500-mg-90-vcaps\/\"> [&#8230;] <\/a><!-- AddThis Advanced Settings generic via filter on wp_trim_excerpt --><!-- AddThis Share Buttons generic via filter on wp_trim_excerpt --><\/p>\n","protected":false},"featured_media":3492,"template":"","meta":{"sfsi_plus_gutenberg_text_before_share":"","sfsi_plus_gutenberg_show_text_before_share":"","sfsi_plus_gutenberg_icon_type":"","sfsi_plus_gutenberg_icon_alignemt":"","sfsi_plus_gutenburg_max_per_row":"","_genesis_hide_title":false,"_genesis_hide_breadcrumbs":false,"_genesis_hide_singular_image":false,"_genesis_hide_footer_widgets":false,"_genesis_custom_body_class":"","_genesis_custom_post_class":"","_genesis_layout":""},"_links":{"self":[{"href":"http:\/\/genewei.com\/br\/wp-json\/wp\/v2\/product\/1658"}],"collection":[{"href":"http:\/\/genewei.com\/br\/wp-json\/wp\/v2\/product"}],"about":[{"href":"http:\/\/genewei.com\/br\/wp-json\/wp\/v2\/types\/product"}],"wp:featuredmedia":[{"embeddable":true,"href":"http:\/\/genewei.com\/br\/wp-json\/wp\/v2\/media\/3492"}],"wp:attachment":[{"href":"http:\/\/genewei.com\/br\/wp-json\/wp\/v2\/media?parent=1658"}],"curies":[{"name":"wp","href":"https:\/\/api.w.org\/{rel}","templated":true}]}}