{"id":1661,"date":"2016-11-15T20:25:29","date_gmt":"2016-11-15T22:25:29","guid":{"rendered":"http:\/\/genewei.com\/br\/?post_type=product&#038;p=1661"},"modified":"2018-02-24T04:09:02","modified_gmt":"2018-02-24T07:09:02","slug":"pharmagaba-250-mg-60-vcaps","status":"publish","type":"product","link":"http:\/\/genewei.com\/br\/produto\/pharmagaba-250-mg-60-vcaps\/","title":{"rendered":"PharmaGABA 250 mg (60 vcaps)"},"content":{"rendered":"\n<!-- Facebook Like Button Vivacity Infotech BEGIN -->\n<div class=\"fb-like\" data-href=\"http:\/\/genewei.com\/br\/produto\/pharmagaba-250-mg-60-vcaps\/\" data-layout=\"standard\" data-action=\"like\" data-show-faces=\"true\" data-size=\"small\" data-width=\"550\" data-share=\"1\" ><\/div>\n<!-- Facebook Like Button Vivacity Infotech END -->\n<p><strong>Thorne Research PharmaGABA 250 mg (60 vcaps)<\/strong><\/p>\n<p><strong>\u00c1cido gama-aminobut\u00edrico de origem natural<\/strong><\/p>\n<ul>\n<li>Dispon\u00edvel exclusivamente na Thorne Research<\/li>\n<li>N\u00e3o-h\u00e1bito de forma\u00e7\u00e3o,\u00a0n\u00e3o sonolento<\/li>\n<li>A \u00fanica fonte natural GABA<\/li>\n<li>Promove um estado de mente calmo, relaxado e focado*<\/li>\n<\/ul>\n<p><strong>O \u00e1cido gamma-aminobut\u00edrico (GABA)<\/strong> \u00e9 um importante neurotransmissor amplamente distribu\u00eddo em todo o sistema nervoso central. J\u00e1 que muita excita\u00e7\u00e3o pode levar \u00e0 irritabilidade, inquieta\u00e7\u00e3o, ins\u00f4nia e movimentos espasm\u00f3dicos, esta excita\u00e7\u00e3o precisa ser equilibrada com a inibi\u00e7\u00e3o. GABA &#8211; o mais importante neurotransmissor inibit\u00f3rio no c\u00e9rebro &#8211; pode fornecer esta inibi\u00e7\u00e3o, agindo como um &#8220;freio&#8221; durante os tempos de estresse fugitivo.* Al\u00e9m disso, os estudos tamb\u00e9m indicam GABA pode promover o relaxamento e melhorar o sono. Os n\u00edveis de GABA ou a diminui\u00e7\u00e3o da fun\u00e7\u00e3o GABA no c\u00e9rebro podem ter um impacto adverso na sa\u00fade neurol\u00f3gica.*<\/p>\n<p>A\u00a0GABA natural em <strong>Thornes PharmaGABA-250<\/strong> \u00e9 produzido atrav\u00e9s de um processo de fermenta\u00e7\u00e3o que utiliza Lactobacillus hilgardii, a bact\u00e9ria usada para fermentar vegetais na prepara\u00e7\u00e3o do tradicional prato de repolho coreano conhecido como kimchi. Estudos cl\u00ednicos mostram que esta forma natural de GABA pode aumentar a produ\u00e7\u00e3o de ondas alfa no c\u00e9rebro, criando um profundo sentimento de relaxamento f\u00edsico, mantendo o foco mental. Em contraste, as ondas beta relacionadas ao estresse no c\u00e9rebro s\u00e3o diminu\u00eddas. Al\u00e9m das altera\u00e7\u00f5es nas ondas cerebrais, PharmaGABA natural demonstrou produzir relaxamento, como evidenciado pelo di\u00e2metro reduzido da pupila, frequ\u00eancia card\u00edaca e e\u00a0dois marcadores naturais do estresse &#8211; cortisol salivar e cromogranina A.* Em uma cabe\u00e7a-a-cabe\u00e7a, duplo-cego do PharmaGABA natural contra o GABA sint\u00e9tico, GABA sint\u00e9tico n\u00e3o demonstrou estes efeitos positivos.*<\/p>\n<hr \/>\n<div id=\"itemservings\"><\/div>\n<p><strong>Dose por recipiente:<\/strong> 60<br \/>\nTome 1 c\u00e1psula 1-3x diariamente ou como recomendado por um profissional de sa\u00fade.<\/p>\n<p><strong>Tamanho da dose:<\/strong> 1 c\u00e1psula<\/p>\n<p><strong>Quantidade por por\u00e7\u00e3o<\/strong><br \/>\n<strong>\u00c1cido Gamma-Aminobut\u00edrico<\/strong> &#8230; 250mg<br \/>\n<em>(GABA)<\/em><\/p>\n<p><strong>Outros ingredientes:<\/strong> celulose microcristalina, c\u00e1psula de hipromelose (derivado da celulose), CitratoMagn\u00e9sioLaurate.<\/p>\n<p><strong>Este produto n\u00e3o cont\u00e9m trigo<\/strong>, gl\u00faten, milho, levedura, soja, ovo, produtos l\u00e1cteos, ou cores artificiais, ado\u00e7antes artificiais ou sabores artificiais. Este produto tamb\u00e9m n\u00e3o cont\u00e9m lactose, \u00e1cido palm\u00edtico, estearato de magn\u00e9sio ou \u00e1cido este\u00e1rico.<\/p>\n<p><em>*Este produto utiliza Pharma Foods Internationals Gamma-Aminobutyric Acid (PharmaGABA\u00ae). PharmaGABA \u00e9 uma marca registada da Pharma Foods International.<\/em><\/p>\n<!-- AddThis Advanced Settings generic via filter on the_content --><!-- AddThis Share Buttons generic via filter on the_content -->","protected":false},"excerpt":{"rendered":"<p>Thorne Research PharmaGABA 250 mg (60 vcaps) \u00c1cido gama-aminobut\u00edrico de origem natural Dispon\u00edvel exclusivamente na Thorne Research N\u00e3o-h\u00e1bito de forma\u00e7\u00e3o,\u00a0n\u00e3o sonolento A \u00fanica fonte natural GABA Promove um estado de mente calmo, relaxado e focado* O \u00e1cido gamma-aminobut\u00edrico (GABA) \u00e9 um importante neurotransmissor amplamente distribu\u00eddo em todo o sistema nervoso central. J\u00e1 que muita excita\u00e7\u00e3o<a class=\"moretag\" href=\"http:\/\/genewei.com\/br\/produto\/pharmagaba-250-mg-60-vcaps\/\"> [&#8230;] <\/a><!-- AddThis Advanced Settings generic via filter on wp_trim_excerpt --><!-- AddThis Share Buttons generic via filter on wp_trim_excerpt --><\/p>\n","protected":false},"featured_media":1662,"template":"","meta":{"sfsi_plus_gutenberg_text_before_share":"","sfsi_plus_gutenberg_show_text_before_share":"","sfsi_plus_gutenberg_icon_type":"","sfsi_plus_gutenberg_icon_alignemt":"","sfsi_plus_gutenburg_max_per_row":"","_genesis_hide_title":false,"_genesis_hide_breadcrumbs":false,"_genesis_hide_singular_image":false,"_genesis_hide_footer_widgets":false,"_genesis_custom_body_class":"","_genesis_custom_post_class":"","_genesis_layout":""},"_links":{"self":[{"href":"http:\/\/genewei.com\/br\/wp-json\/wp\/v2\/product\/1661"}],"collection":[{"href":"http:\/\/genewei.com\/br\/wp-json\/wp\/v2\/product"}],"about":[{"href":"http:\/\/genewei.com\/br\/wp-json\/wp\/v2\/types\/product"}],"wp:featuredmedia":[{"embeddable":true,"href":"http:\/\/genewei.com\/br\/wp-json\/wp\/v2\/media\/1662"}],"wp:attachment":[{"href":"http:\/\/genewei.com\/br\/wp-json\/wp\/v2\/media?parent=1661"}],"curies":[{"name":"wp","href":"https:\/\/api.w.org\/{rel}","templated":true}]}}