{"id":1675,"date":"2016-11-15T23:25:57","date_gmt":"2016-11-16T01:25:57","guid":{"rendered":"http:\/\/genewei.com\/br\/?post_type=product&#038;p=1675"},"modified":"2018-02-24T03:54:44","modified_gmt":"2018-02-24T06:54:44","slug":"relora-com-bacopa-60-caps","status":"publish","type":"product","link":"http:\/\/genewei.com\/br\/produto\/relora-com-bacopa-60-caps\/","title":{"rendered":"Relora com Bacopa (60 caps)"},"content":{"rendered":"\n<!-- Facebook Like Button Vivacity Infotech BEGIN -->\n<div class=\"fb-like\" data-href=\"http:\/\/genewei.com\/br\/produto\/relora-com-bacopa-60-caps\/\" data-layout=\"standard\" data-action=\"like\" data-show-faces=\"true\" data-size=\"small\" data-width=\"550\" data-share=\"1\" ><\/div>\n<!-- Facebook Like Button Vivacity Infotech END -->\n<p><strong>DaVinci Labs Relora with Bacopa |\u00a0Relora com Bacopa (60 caps)<\/strong><br \/>\nUm suplemento diet\u00e9tico para suportar o controle do estresse, controle do apetite e um humor equilibrado.* Relora com Bacopa \u00e9 uma f\u00f3rmula \u00fanica que combina os\u00a0benef\u00edcios neurot\u00f4nicos de extratos padronizados de Bacopa com Relora, uma mistura propriet\u00e1ria para promover um sentido da calma.*<\/p>\n<hr \/>\n<div id=\"itemservings\"><strong>Dose por recipiente:<\/strong> 60<br \/>\nComo um suplemento diet\u00e9tico, tomar 1 c\u00e1psula, 2x\u00a0ao dia com alimentos, ou como dirigido pelo seu m\u00e9dico de sa\u00fade.<\/div>\n<p><strong>Tamanho da dose:<\/strong> 1 C\u00e1psula<\/p>\n<p><strong>Quantidade por por\u00e7\u00e3o<\/strong><br \/>\n<strong>Relora<\/strong> &#8230; 375mg<br \/>\n<em>(uma mistura propriet\u00e1ria de um extrato patenteado da casca de Magnolia Officinalis e do extrato de casca de amberense de Phellodendron)<\/em><br \/>\n<strong>Extrato de Bacopa Monnieri <\/strong>&#8230; 100mg<br \/>\n<em><strong>\u00a0 \u00a0 produzindo<\/strong> Bacosides A &amp; B<\/em> &#8230; 20mg<\/p>\n<p><strong>Outros ingredientes:<\/strong> celulose vegetal, farinha de arroz, leucina vegetariana.<\/p>\n<!-- AddThis Advanced Settings generic via filter on the_content --><!-- AddThis Share Buttons generic via filter on the_content -->","protected":false},"excerpt":{"rendered":"<p>DaVinci Labs Relora with Bacopa |\u00a0Relora com Bacopa (60 caps) Um suplemento diet\u00e9tico para suportar o controle do estresse, controle do apetite e um humor equilibrado.* Relora com Bacopa \u00e9 uma f\u00f3rmula \u00fanica que combina os\u00a0benef\u00edcios neurot\u00f4nicos de extratos padronizados de Bacopa com Relora, uma mistura propriet\u00e1ria para promover um sentido da calma.* Dose por<a class=\"moretag\" href=\"http:\/\/genewei.com\/br\/produto\/relora-com-bacopa-60-caps\/\"> [&#8230;] <\/a><!-- AddThis Advanced Settings generic via filter on wp_trim_excerpt --><!-- AddThis Share Buttons generic via filter on wp_trim_excerpt --><\/p>\n","protected":false},"featured_media":1676,"template":"","meta":{"sfsi_plus_gutenberg_text_before_share":"","sfsi_plus_gutenberg_show_text_before_share":"","sfsi_plus_gutenberg_icon_type":"","sfsi_plus_gutenberg_icon_alignemt":"","sfsi_plus_gutenburg_max_per_row":"","_genesis_hide_title":false,"_genesis_hide_breadcrumbs":false,"_genesis_hide_singular_image":false,"_genesis_hide_footer_widgets":false,"_genesis_custom_body_class":"","_genesis_custom_post_class":"","_genesis_layout":""},"_links":{"self":[{"href":"http:\/\/genewei.com\/br\/wp-json\/wp\/v2\/product\/1675"}],"collection":[{"href":"http:\/\/genewei.com\/br\/wp-json\/wp\/v2\/product"}],"about":[{"href":"http:\/\/genewei.com\/br\/wp-json\/wp\/v2\/types\/product"}],"wp:featuredmedia":[{"embeddable":true,"href":"http:\/\/genewei.com\/br\/wp-json\/wp\/v2\/media\/1676"}],"wp:attachment":[{"href":"http:\/\/genewei.com\/br\/wp-json\/wp\/v2\/media?parent=1675"}],"curies":[{"name":"wp","href":"https:\/\/api.w.org\/{rel}","templated":true}]}}