{"id":1683,"date":"2016-11-17T18:17:51","date_gmt":"2016-11-17T20:17:51","guid":{"rendered":"http:\/\/genewei.com\/br\/?post_type=product&#038;p=1683"},"modified":"2018-02-24T03:55:34","modified_gmt":"2018-02-24T06:55:34","slug":"cerebra-gpc-liquido-60-ml","status":"publish","type":"product","link":"http:\/\/genewei.com\/br\/produto\/cerebra-gpc-liquido-60-ml\/","title":{"rendered":"Cerebra GPC L\u00edquido (60 ml)"},"content":{"rendered":"\n<!-- Facebook Like Button Vivacity Infotech BEGIN -->\n<div class=\"fb-like\" data-href=\"http:\/\/genewei.com\/br\/produto\/cerebra-gpc-liquido-60-ml\/\" data-layout=\"standard\" data-action=\"like\" data-show-faces=\"true\" data-size=\"small\" data-width=\"550\" data-share=\"1\" ><\/div>\n<!-- Facebook Like Button Vivacity Infotech END -->\n<p><strong>(Cerebra GPC Liquid 60 ml)\u00a0<\/strong><strong>Cada por\u00e7\u00e3o fornece:<\/strong> 600mg de alfa gliverofosfatidilcolina (derivados de soja). A-GPC \u00e9 a forma biol\u00f3gica dos corpos de colina, \u00e9 rapidamente absorvida e eficientemente passa a barreira hematoencef\u00e1lica para apoiar o foco mental e fun\u00e7\u00e3o cognitiva.<\/p>\n<hr \/>\n<div id=\"itemservings\"><strong>Doses por Recipiente:<\/strong> 30<br \/>\nComo um suplemento diet\u00e9tico, tome 600mg por o dia ou como dirigido por seu m\u00e9dico<\/div>\n<p><strong>Tamanho da dose:<\/strong> 2 ml<\/p>\n<p><strong>Quantidade por por\u00e7\u00e3o<\/strong><br \/>\n<strong>A-GPC<\/strong> &#8230; 600 mg<\/p>\n<p><strong>Outros Ingedients:<\/strong> \u00c1gua desionizada, glicerina vegetal<\/p>\n<p><strong>N\u00e3o Cont\u00e9m:<\/strong>\u00a0Trigo, gl\u00faten, milho, prote\u00edna de soja, levedura, produtos l\u00e1cteos, cores artificiais, edulcorantes ou conservantes.<\/p>\n<!-- AddThis Advanced Settings generic via filter on the_content --><!-- AddThis Share Buttons generic via filter on the_content -->","protected":false},"excerpt":{"rendered":"<p>(Cerebra GPC Liquid 60 ml)\u00a0Cada por\u00e7\u00e3o fornece: 600mg de alfa gliverofosfatidilcolina (derivados de soja). A-GPC \u00e9 a forma biol\u00f3gica dos corpos de colina, \u00e9 rapidamente absorvida e eficientemente passa a barreira hematoencef\u00e1lica para apoiar o foco mental e fun\u00e7\u00e3o cognitiva. Doses por Recipiente: 30 Como um suplemento diet\u00e9tico, tome 600mg por o dia ou como<a class=\"moretag\" href=\"http:\/\/genewei.com\/br\/produto\/cerebra-gpc-liquido-60-ml\/\"> [&#8230;] <\/a><!-- AddThis Advanced Settings generic via filter on wp_trim_excerpt --><!-- AddThis Share Buttons generic via filter on wp_trim_excerpt --><\/p>\n","protected":false},"featured_media":1684,"template":"","meta":{"sfsi_plus_gutenberg_text_before_share":"","sfsi_plus_gutenberg_show_text_before_share":"","sfsi_plus_gutenberg_icon_type":"","sfsi_plus_gutenberg_icon_alignemt":"","sfsi_plus_gutenburg_max_per_row":"","_genesis_hide_title":false,"_genesis_hide_breadcrumbs":false,"_genesis_hide_singular_image":false,"_genesis_hide_footer_widgets":false,"_genesis_custom_body_class":"","_genesis_custom_post_class":"","_genesis_layout":""},"_links":{"self":[{"href":"http:\/\/genewei.com\/br\/wp-json\/wp\/v2\/product\/1683"}],"collection":[{"href":"http:\/\/genewei.com\/br\/wp-json\/wp\/v2\/product"}],"about":[{"href":"http:\/\/genewei.com\/br\/wp-json\/wp\/v2\/types\/product"}],"wp:featuredmedia":[{"embeddable":true,"href":"http:\/\/genewei.com\/br\/wp-json\/wp\/v2\/media\/1684"}],"wp:attachment":[{"href":"http:\/\/genewei.com\/br\/wp-json\/wp\/v2\/media?parent=1683"}],"curies":[{"name":"wp","href":"https:\/\/api.w.org\/{rel}","templated":true}]}}