{"id":1687,"date":"2016-11-17T19:21:00","date_gmt":"2016-11-17T21:21:00","guid":{"rendered":"http:\/\/genewei.com\/br\/?post_type=product&#038;p=1687"},"modified":"2018-02-24T03:11:24","modified_gmt":"2018-02-24T06:11:24","slug":"fosfatidilserina-100-mg-60-softgels","status":"publish","type":"product","link":"http:\/\/genewei.com\/br\/produto\/fosfatidilserina-100-mg-60-softgels\/","title":{"rendered":"Fosfatidilserina 100 mg (sem-soja) (60 softgels)"},"content":{"rendered":"\n<!-- Facebook Like Button Vivacity Infotech BEGIN -->\n<div class=\"fb-like\" data-href=\"http:\/\/genewei.com\/br\/produto\/fosfatidilserina-100-mg-60-softgels\/\" data-layout=\"standard\" data-action=\"like\" data-show-faces=\"true\" data-size=\"small\" data-width=\"550\" data-share=\"1\" ><\/div>\n<!-- Facebook Like Button Vivacity Infotech END -->\n<p><strong>Integrative Therapeutics\u00a0Phosphatidylserine 100 mg (soy-free)\u00a0| Fosfatidilserina 100 mg da Terap\u00eautico Integrativo (sem-soja) (60 softgels)<\/strong><\/p>\n<p>A fosfatidilserina \u00e9 um produto 100% isento de soja de fosfatidilserina. A fosfatidilserina \u00e9 um componente cr\u00edtico das membranas celulares e encontra-se em concentra\u00e7\u00f5es especialmente elevadas no c\u00e9rebro e nos tecidos nervosos, principalmente nas membranas celulares dos neur\u00f3nios.<\/p>\n<p><strong>Por que tomar fosfatidilserina?<\/strong><\/p>\n<p>A fosfatidilserina (PS) \u00e9 um fosfol\u00edpido que ocorre naturalmente. Tal como outros fosfolip\u00eddios, o PS \u00e9 um componente cr\u00edtico das membranas celulares e encontra-se em concentra\u00e7\u00f5es especialmente elevadas no c\u00e9rebro e nos tecidos nervosos, principalmente nas membranas celulares dos neur\u00f3nios.<\/p>\n<p><strong>Pesquisas mostram que a suplementa\u00e7\u00e3o com fosfatidilserina pode:<\/strong><\/p>\n<ul>\n<li>Promover a fun\u00e7\u00e3o cognitiva e agudeza mental \u2020<\/li>\n<li>Apoiar uma resposta end\u00f3crina saud\u00e1vel ao estresse mental \u2020<\/li>\n<li>Ajudar a melhorar a capacidade de exerc\u00edcio \u2020<\/li>\n<\/ul>\n<p><strong>Por que tomar Phosphatidylserine sem-soja?<\/strong><\/p>\n<p><strong>Softgels 100% sem-soja<\/strong><br \/>\nAo contr\u00e1rio de outras formas de PS, Fosfatidilserina\u00a0da Terap\u00eautico Integrativo \u00e9 derivado de \u00f3leo de girassol e \u00e9 100% isento de soja. Embora a maior parte da pesquisa cl\u00ednica tenha utilizado fosfatidilserina derivada de soja ou de origem bovina, a PS do \u00f3leo de girassol \u00e9 quimicamente indistingu\u00edvel e tem um perfil de \u00e1cidos graxos compar\u00e1vel. Isso torna uma op\u00e7\u00e3o ideal para aqueles que desejam evitar alternativas \u00e0 base de soja ou derivados de bovinos.<\/p>\n<p>&nbsp;<\/p>\n<hr \/>\n<div id=\"itemservings\"><strong>Dose por Recipiente:<\/strong> 60<br \/>\nTome 1 c\u00e1psula 3x\u00a0por dia durante 1\u00a0m\u00eas e, em seguida, 2x\u00a0por dia, ou conforme recomendado pelo seu m\u00e9dico. Os melhores resultados s\u00e3o obtidos com o uso cont\u00ednuo.<\/div>\n<p><strong>Tamanho da dose:<\/strong> 1 C\u00e1psula<\/p>\n<p><strong>Quantidade por por\u00e7\u00e3o<\/strong><br \/>\n<strong>Fosfatidilserina<\/strong> &#8230; 100 mg<br \/>\n<em>(de lecitina de girassol) (sem soja)<\/em><\/p>\n<p><strong>Outros Ingredientes:<\/strong>\u00a0Triglicer\u00eddeos de cadeia m\u00e9dia, gelatina, glicerina, lecitina de girassol modificado, antioxidantes (d-alfa-tocoferol, extracto de alecrim e palmitato de ascorbilo).<\/p>\n<p><strong>Este produto n\u00e3o cont\u00e9m:<\/strong> Corantes artificiais, aromatizantes artificiais, conservantes artificiais, milho, produtos l\u00e1cteos, gl\u00faten, sal, soja, a\u00e7\u00facar. Este produto cont\u00e9m ingredientes naturais; varia\u00e7\u00f5es de cor s\u00e3o normais, trigo, levedura.<\/p>\n<hr \/>\n<p>Se estiver gr\u00e1vida, amamentando ou tomando rem\u00e9dios, consulte o seu m\u00e9dico antes de usar. Sharp-PS\u00ae \u00e9 uma marca registrada da Enzymotec, Ltd. \u2020Esta declara\u00e7\u00e3o n\u00e3o foi avaliada pela Administra\u00e7\u00e3o de Alimentos e Drogas dos EUA. Este produto n\u00e3o se destina a diagnosticar, tratar, curar ou prevenir qualquer doen\u00e7a.<\/p>\n<!-- AddThis Advanced Settings generic via filter on the_content --><!-- AddThis Share Buttons generic via filter on the_content -->","protected":false},"excerpt":{"rendered":"<p>Integrative Therapeutics\u00a0Phosphatidylserine 100 mg (soy-free)\u00a0| Fosfatidilserina 100 mg da Terap\u00eautico Integrativo (sem-soja) (60 softgels) A fosfatidilserina \u00e9 um produto 100% isento de soja de fosfatidilserina. A fosfatidilserina \u00e9 um componente cr\u00edtico das membranas celulares e encontra-se em concentra\u00e7\u00f5es especialmente elevadas no c\u00e9rebro e nos tecidos nervosos, principalmente nas membranas celulares dos neur\u00f3nios. Por que tomar<a class=\"moretag\" href=\"http:\/\/genewei.com\/br\/produto\/fosfatidilserina-100-mg-60-softgels\/\"> [&#8230;] <\/a><!-- AddThis Advanced Settings generic via filter on wp_trim_excerpt --><!-- AddThis Share Buttons generic via filter on wp_trim_excerpt --><\/p>\n","protected":false},"featured_media":1688,"template":"","meta":{"sfsi_plus_gutenberg_text_before_share":"","sfsi_plus_gutenberg_show_text_before_share":"","sfsi_plus_gutenberg_icon_type":"","sfsi_plus_gutenberg_icon_alignemt":"","sfsi_plus_gutenburg_max_per_row":"","_genesis_hide_title":false,"_genesis_hide_breadcrumbs":false,"_genesis_hide_singular_image":false,"_genesis_hide_footer_widgets":false,"_genesis_custom_body_class":"","_genesis_custom_post_class":"","_genesis_layout":""},"_links":{"self":[{"href":"http:\/\/genewei.com\/br\/wp-json\/wp\/v2\/product\/1687"}],"collection":[{"href":"http:\/\/genewei.com\/br\/wp-json\/wp\/v2\/product"}],"about":[{"href":"http:\/\/genewei.com\/br\/wp-json\/wp\/v2\/types\/product"}],"wp:featuredmedia":[{"embeddable":true,"href":"http:\/\/genewei.com\/br\/wp-json\/wp\/v2\/media\/1688"}],"wp:attachment":[{"href":"http:\/\/genewei.com\/br\/wp-json\/wp\/v2\/media?parent=1687"}],"curies":[{"name":"wp","href":"https:\/\/api.w.org\/{rel}","templated":true}]}}