{"id":1693,"date":"2016-11-17T20:23:38","date_gmt":"2016-11-17T22:23:38","guid":{"rendered":"http:\/\/genewei.com\/br\/?post_type=product&#038;p=1693"},"modified":"2018-02-24T03:14:38","modified_gmt":"2018-02-24T06:14:38","slug":"complexo-b-6-90-vcaps","status":"publish","type":"product","link":"http:\/\/genewei.com\/br\/produto\/complexo-b-6-90-vcaps\/","title":{"rendered":"Complexo B #6 (90 vcaps)"},"content":{"rendered":"\n<!-- Facebook Like Button Vivacity Infotech BEGIN -->\n<div class=\"fb-like\" data-href=\"http:\/\/genewei.com\/br\/produto\/complexo-b-6-90-vcaps\/\" data-layout=\"standard\" data-action=\"like\" data-show-faces=\"true\" data-size=\"small\" data-width=\"550\" data-share=\"1\" ><\/div>\n<!-- Facebook Like Button Vivacity Infotech END -->\n<p><strong>Thorne Research B-Complex #6 |\u00a0Complexo B #6 (90 vcaps)<\/strong><\/p>\n<p>Apoio B-complexo com extra piridoxina e piridoxal 5-fosfato.<\/p>\n<ul>\n<li>Ao contr\u00e1rio de muitos produtos de vitamina B, o Complexo B #6 cont\u00e9m as formas ativas para aumentar a biodisponibilidade<\/li>\n<li>Complexo B #6 cont\u00e9m um equil\u00edbrio ideal de vitaminas B essenciais com vitamina B6 extra como piridoxina e piridoxal 5-fosfato<\/li>\n<li>Complexo B #6 \u00e9 isento de fermento<\/li>\n<li>Sem conservantes, estearato de magn\u00e9sio, ou outros lubrificantes e diluentes<\/li>\n<li>Feito sem fluir agentes que podem inibir a biodisponibilidade<\/li>\n<\/ul>\n<p><strong>A piridoxina (vitamina B6) e a sua forma bioativa, o piridoxal 5-fosfato (P5P),<\/strong> s\u00e3o essenciais para processos como metabolismo de amino\u00e1cidos, s\u00edntese de neurotransmissores e degrada\u00e7\u00e3o do glicog\u00e9nio (a\u00e7\u00facar armazenado). Eles tamb\u00e9m est\u00e3o envolvidos na s\u00edntese de heme (necess\u00e1ria para a hemoglobina), convers\u00e3o de triptofano em niacina e metabolismo adequado de \u00e1cidos graxos.<\/p>\n<p><strong>Complexo B #6 \u00a0<\/strong>da Thorne Research fornece 250 mg de piridoxina HCl, 10 mg de piridoxal 5-fosfato e as formas bioativas das outras vitaminas B em cada c\u00e1psula para garantir que voc\u00ea obtenha o complexo B mais biodispon\u00edvel dispon\u00edvel.<\/p>\n<p><strong>Complexo B #6<\/strong> tamb\u00e9m consiste em um grupo de oito compostos sol\u00faveis em \u00e1gua: tiamina (vitamina B1), riboflavina (vitamina B2), niacina (vitamina B3), \u00e1cido pantot\u00eanico (vitamina B5), piridoxina (vitamina B6), cobalamina (vitamina B12), folato e biotina. Embora cada vitamina B seja quimicamente distinta, muitas vezes trabalham juntas em v\u00e1rias fun\u00e7\u00f5es bioqu\u00edmicas em todo o corpo, desde a produ\u00e7\u00e3o de energia celular, \u00e0 forma\u00e7\u00e3o saud\u00e1vel de gl\u00f3bulos vermelhos, at\u00e9 \u00e0 fun\u00e7\u00e3o neurol\u00f3gica saud\u00e1vel. A maioria das vitaminas B, com exce\u00e7\u00e3o da vitamina B12, n\u00e3o s\u00e3o armazenadas no corpo; consequentemente, elas devem ser adquiridas diariamente a partir da dieta, a fim de manter a sa\u00fade ideal.<\/p>\n<p>Complementar com vitaminas B ativas \u00e9 extremamente importante para todos, especialmente indiv\u00edduos que podem n\u00e3o serem capazes de converter vitaminas n\u00e3o-ativas para suas formas ativas no f\u00edgado por causa da fun\u00e7\u00e3o hep\u00e1tica comprometida, enzimas funcionando mal, dist\u00farbios digestivos ou idade. Os suplementos diet\u00e9ticos que cont\u00eam esses cofatores ativos t\u00eam maior biodisponibilidade, garantindo que o corpo obtenha os nutrientes de que necessita.<\/p>\n<hr \/>\n<div id=\"itemservings\"><strong>Dose por Recipiente:<\/strong> 60<br \/>\nTome 1 c\u00e1psula 1-3 vezes ao dia ou como recomendado por um profissional de sa\u00fade.<\/div>\n<p><strong>Tamanho da Dose:<\/strong> 1 C\u00e1psula Vegetariana<\/p>\n<p><strong>Quantidade por por\u00e7\u00e3o:<\/strong><br \/>\n<strong>Tiamina<\/strong> &#8230; 40mg<br \/>\n<em>(Como Tiamina HCl)<\/em><br \/>\n<strong>Riboflavina<\/strong> &#8230; 28.6mg<br \/>\n<em>(25 mg como Riboflavina e 3,6 mg como Riboflavina 5-Fosfato S\u00f3dico)<\/em><br \/>\n<strong>Niacina<\/strong> &#8230; 80mg<br \/>\n<em>\u00a0\u00a0(como Niacinamida)<\/em><br \/>\n<strong>Vitamina B6<\/strong> &#8230; 206.8mg<br \/>\n<em>\u00a0\u00a0(200 mg como piridoxina HCl e 6,8 mg como piridoxal 5-fosfato)<\/em><br \/>\n<strong>Folato<\/strong> &#8230; 200mcg<br \/>\n<em>\u00a0\u00a0(100 mcg como Folinato de C\u00e1lcio e 100 mcg como L-5-Metiltetrahidrofolato a partir de \u00c1cido L-5-Metiltetrahidrof\u00f3lico, Sal de Glucosamina)<\/em><br \/>\n<strong>Vitamina B12<\/strong> &#8230; 100mcg<br \/>\n<em>\u00a0(50 mcg como adenosilcobalamina e 50 mcg como metilcobalamina)<\/em><br \/>\n<strong>Biotina<\/strong> &#8230; 80mcg<br \/>\n<strong>\u00c1cido Pantot\u00eanico<\/strong> &#8230; 45mg<br \/>\n<em>\u00a0\u00a0(como Pantothenate de c\u00e1lcio)<\/em><br \/>\n<strong>Citrato de Colina<\/strong> &#8230; 40mg<\/p>\n<p><strong>Outros Ingredientes:<\/strong> C\u00e1psula de hipromelose (derivada de celulose), MagnesiumCitrateLaurate, di\u00f3xido de sil\u00edcio.<\/p>\n<p><strong>Este produto n\u00e3o cont\u00e9m<\/strong> trigo, gl\u00faten, milho, levedura, soja, ovo, produtos l\u00e1cteos, ou cores artificiais, edulcorantes ou sabores.<br \/>\n<strong>Este produto tamb\u00e9m n\u00e3o cont\u00e9m<\/strong> lactose, \u00e1cido palm\u00edtico, ou magn\u00e9sio, c\u00e1lcio, ou estearatos vegetais.<\/p>\n<hr \/>\n<p>Este produto est\u00e1 contra-indicado num indiv\u00edduo com hist\u00f3ria de hipersensibilidade a qualquer um dos seus ingredientes.<\/p>\n<p>Se estiver gr\u00e1vida, consulte o seu profissional de sa\u00fade antes de utilizar este produto.<\/p>\n<p>A suplementa\u00e7\u00e3o de \u00e1cido fol\u00ednico e 5-metil-tetrahidrofolato n\u00e3o \u00e9 recomendada concomitantemente com a terapia de c\u00e2ncer de metotrexato, uma vez que podem interferir com a atividade antineopl\u00e1sica de metotrexatos; no entanto, estas fontes de folato n\u00e3o foram mostradas para interferir com a atividade anti-inflamat\u00f3ria do metotrexato. Um indiv\u00edduo que toma metotrexato para psor\u00edase ou artrite reumat\u00f3ide pode seguramente tomar um suplemento contendo folato.<\/p>\n<p>Doses de vitamina B6 acima de 200 mg podem inibir a produ\u00e7\u00e3o de leite materno.<\/p>\n<p><em>Estas declara\u00e7\u00f5es n\u00e3o foram avaliadas pela Administra\u00e7\u00e3o de\u00a0Alimentos e\u00a0Medicamentos dos EUA. Este produto n\u00e3o se destina a diagnosticar, tratar, curar ou prevenir qualquer doen\u00e7a.<\/em><\/p>\n<!-- AddThis Advanced Settings generic via filter on the_content --><!-- AddThis Share Buttons generic via filter on the_content -->","protected":false},"excerpt":{"rendered":"<p>Thorne Research B-Complex #6 |\u00a0Complexo B #6 (90 vcaps) Apoio B-complexo com extra piridoxina e piridoxal 5-fosfato. Ao contr\u00e1rio de muitos produtos de vitamina B, o Complexo B #6 cont\u00e9m as formas ativas para aumentar a biodisponibilidade Complexo B #6 cont\u00e9m um equil\u00edbrio ideal de vitaminas B essenciais com vitamina B6 extra como piridoxina e<a class=\"moretag\" href=\"http:\/\/genewei.com\/br\/produto\/complexo-b-6-90-vcaps\/\"> [&#8230;] <\/a><!-- AddThis Advanced Settings generic via filter on wp_trim_excerpt --><!-- AddThis Share Buttons generic via filter on wp_trim_excerpt --><\/p>\n","protected":false},"featured_media":1694,"template":"","meta":{"sfsi_plus_gutenberg_text_before_share":"","sfsi_plus_gutenberg_show_text_before_share":"","sfsi_plus_gutenberg_icon_type":"","sfsi_plus_gutenberg_icon_alignemt":"","sfsi_plus_gutenburg_max_per_row":"","_genesis_hide_title":false,"_genesis_hide_breadcrumbs":false,"_genesis_hide_singular_image":false,"_genesis_hide_footer_widgets":false,"_genesis_custom_body_class":"","_genesis_custom_post_class":"","_genesis_layout":""},"_links":{"self":[{"href":"http:\/\/genewei.com\/br\/wp-json\/wp\/v2\/product\/1693"}],"collection":[{"href":"http:\/\/genewei.com\/br\/wp-json\/wp\/v2\/product"}],"about":[{"href":"http:\/\/genewei.com\/br\/wp-json\/wp\/v2\/types\/product"}],"wp:featuredmedia":[{"embeddable":true,"href":"http:\/\/genewei.com\/br\/wp-json\/wp\/v2\/media\/1694"}],"wp:attachment":[{"href":"http:\/\/genewei.com\/br\/wp-json\/wp\/v2\/media?parent=1693"}],"curies":[{"name":"wp","href":"https:\/\/api.w.org\/{rel}","templated":true}]}}