{"id":1697,"date":"2016-11-17T22:54:11","date_gmt":"2016-11-18T00:54:11","guid":{"rendered":"http:\/\/genewei.com\/br\/?post_type=product&#038;p=1697"},"modified":"2018-02-24T03:40:34","modified_gmt":"2018-02-24T06:40:34","slug":"ginkgo-biloba-plus-60-vcaps","status":"publish","type":"product","link":"http:\/\/genewei.com\/br\/produto\/ginkgo-biloba-plus-60-vcaps\/","title":{"rendered":"Ginkgo Biloba Plus (60 vcaps)"},"content":{"rendered":"\n<!-- Facebook Like Button Vivacity Infotech BEGIN -->\n<div class=\"fb-like\" data-href=\"http:\/\/genewei.com\/br\/produto\/ginkgo-biloba-plus-60-vcaps\/\" data-layout=\"standard\" data-action=\"like\" data-show-faces=\"true\" data-size=\"small\" data-width=\"550\" data-share=\"1\" ><\/div>\n<!-- Facebook Like Button Vivacity Infotech END -->\n<p><strong>Integrative Therapeutics Ginkgo Biloba Plus (60 vcaps) |\u00a0Ginkgo Biloba Plus (60 vcaps)<\/strong><\/p>\n<p>Ginkgo Biloba Plus \u00e9 um extrato de ginkgo do processo Fitosoma\u2122 de dupla absor\u00e7\u00e3o para melhorar a mem\u00f3ria de curto prazo.<\/p>\n<p>Ginkgo Biloba Plus\u2122 cont\u00e9m Fitosoma da Folha de Ginkgo, que combina uma parte de extrato de ginkgo normalizado com duas partes de fosfatidilcolina. A pesquisa indica que os fitosm\u00f3ides s\u00e3o absorvidos de forma mais eficaz do que os produtos n\u00e3o-fitosm\u00f3ticos.\u2020 Com este fornecimento melhorado, mais compostos-chave chegam onde mais s\u00e3o necess\u00e1rios \u00e0s c\u00e9lulas do corpo.<\/p>\n<hr \/>\n<div id=\"itemservings\"><strong>Dose por Recipiente:<\/strong> 60<br \/>\nTome 1 c\u00e1psula\u00a03x ao dia, ou como recomendado pelo seu profissional de sa\u00fade.<\/div>\n<p><strong>Tamanho da dose:<\/strong> 1 C\u00e1psula de Veg<\/p>\n<p><strong>Quantidade por por\u00e7\u00e3o<\/strong><br \/>\n<strong>Folha de Ginkgo Fitosoma<\/strong>\u00a0&#8230; 80mg<br \/>\n<em>(Ginkgo biloba) Uma parte do Extrato de Ginkgo, padronizada para conter 24% de ginkgoflavonglycosides e 6% de lactonas terp\u00e9nicas, incluindo 2% de bilobalida, ligadas a duas partes de fosfatidilcolina (soja), utilizando um processo patenteado para melhor absor\u00e7\u00e3o<\/em><\/p>\n<p><strong>Outros Ingredientes:<\/strong> celulose, c\u00e1psula vegetal (celulose modificada), estearato de magn\u00e9sio e di\u00f3xido de sil\u00edcio.<\/p>\n<p><strong>Este produto n\u00e3o cont\u00e9m<\/strong> corantes artificiais, aromatizantes artificiais, milho, produtos l\u00e1cteos, gl\u00faten, ingredientes de origem animal, conservantes, sal, a\u00e7\u00facar, este produto cont\u00e9m ingredientes naturais; varia\u00e7\u00f5es de cor s\u00e3o normais, trigo, levedura.<\/p>\n<!-- AddThis Advanced Settings generic via filter on the_content --><!-- AddThis Share Buttons generic via filter on the_content -->","protected":false},"excerpt":{"rendered":"<p>Integrative Therapeutics Ginkgo Biloba Plus (60 vcaps) |\u00a0Ginkgo Biloba Plus (60 vcaps) Ginkgo Biloba Plus \u00e9 um extrato de ginkgo do processo Fitosoma\u2122 de dupla absor\u00e7\u00e3o para melhorar a mem\u00f3ria de curto prazo. Ginkgo Biloba Plus\u2122 cont\u00e9m Fitosoma da Folha de Ginkgo, que combina uma parte de extrato de ginkgo normalizado com duas partes de<a class=\"moretag\" href=\"http:\/\/genewei.com\/br\/produto\/ginkgo-biloba-plus-60-vcaps\/\"> [&#8230;] <\/a><!-- AddThis Advanced Settings generic via filter on wp_trim_excerpt --><!-- AddThis Share Buttons generic via filter on wp_trim_excerpt --><\/p>\n","protected":false},"featured_media":1698,"template":"","meta":{"sfsi_plus_gutenberg_text_before_share":"","sfsi_plus_gutenberg_show_text_before_share":"","sfsi_plus_gutenberg_icon_type":"","sfsi_plus_gutenberg_icon_alignemt":"","sfsi_plus_gutenburg_max_per_row":"","_genesis_hide_title":false,"_genesis_hide_breadcrumbs":false,"_genesis_hide_singular_image":false,"_genesis_hide_footer_widgets":false,"_genesis_custom_body_class":"","_genesis_custom_post_class":"","_genesis_layout":""},"_links":{"self":[{"href":"http:\/\/genewei.com\/br\/wp-json\/wp\/v2\/product\/1697"}],"collection":[{"href":"http:\/\/genewei.com\/br\/wp-json\/wp\/v2\/product"}],"about":[{"href":"http:\/\/genewei.com\/br\/wp-json\/wp\/v2\/types\/product"}],"wp:featuredmedia":[{"embeddable":true,"href":"http:\/\/genewei.com\/br\/wp-json\/wp\/v2\/media\/1698"}],"wp:attachment":[{"href":"http:\/\/genewei.com\/br\/wp-json\/wp\/v2\/media?parent=1697"}],"curies":[{"name":"wp","href":"https:\/\/api.w.org\/{rel}","templated":true}]}}