{"id":1700,"date":"2016-11-17T23:11:26","date_gmt":"2016-11-18T01:11:26","guid":{"rendered":"http:\/\/genewei.com\/br\/?post_type=product&#038;p=1700"},"modified":"2018-02-24T03:43:58","modified_gmt":"2018-02-24T06:43:58","slug":"piridoxal-5-fosfato-180-vcaps","status":"publish","type":"product","link":"http:\/\/genewei.com\/br\/produto\/piridoxal-5-fosfato-180-vcaps\/","title":{"rendered":"Piridoxal 5-Fosfato P5P (180 vcaps)"},"content":{"rendered":"\n<!-- Facebook Like Button Vivacity Infotech BEGIN -->\n<div class=\"fb-like\" data-href=\"http:\/\/genewei.com\/br\/produto\/piridoxal-5-fosfato-180-vcaps\/\" data-layout=\"standard\" data-action=\"like\" data-show-faces=\"true\" data-size=\"small\" data-width=\"550\" data-share=\"1\" ><\/div>\n<!-- Facebook Like Button Vivacity Infotech END -->\n<p><strong>Thorne Research Pyridoxal 5-Phosphate (P5P) |\u00a0Piridoxal 5-Fosfato (180 vcaps)<\/strong><\/p>\n<ul>\n<li>A forma bioativa da <strong>vitamina B6*<\/strong><\/li>\n<li>A forma ativa da vitamina B6 mais prontamente usada pelo corpo*<\/li>\n<li>Piridoxal 5-Fosfato \u00e9 isento de fermento\u00a0(em Ingl\u00eas P5P)<\/li>\n<\/ul>\n<p><strong>A piridoxina, tamb\u00e9m conhecida como vitamina B6,<\/strong> \u00e9 necess\u00e1ria para a transforma\u00e7\u00e3o e utiliza\u00e7\u00e3o de amino\u00e1cidos para muitas fun\u00e7\u00f5es no corpo, incluindo produ\u00e7\u00e3o de energia e s\u00edntese de neurotransmissores.<\/p>\n<p>A vitamina B6 tamb\u00e9m est\u00e1 envolvida na produ\u00e7\u00e3o de hemoglobina, fator intr\u00ednseco, e \u00e9 um componente vital na forma\u00e7\u00e3o da bainha de mielina que rodeia as c\u00e9lulas nervosas.* Mas para que a piridoxina seja usada pelo corpo, ela deve primeiro ser convertida em piridoxal 5-fosfato (P5P), um processo que ocorre no f\u00edgado.*<\/p>\n<p>Os indiv\u00edduos com fun\u00e7\u00e3o hep\u00e1tica comprometida t\u00eam dificuldade em fazer esta convers\u00e3o e, consequentemente, podem estar em risco de uma defici\u00eancia de vitamina B6.* Complementando com <strong>Piridoxal 5-Fosfato <\/strong>garante que voc\u00ea receba a forma mais bioativa da vitamina B6.*<\/p>\n<hr \/>\n<div id=\"itemservings\"><strong>Dose por Recipiente:<\/strong> 180<br \/>\nTome 1 c\u00e1psula 2 a 3 vezes\u00a0ao dia ou como recomendado por um profissional de sa\u00fade.<\/div>\n<p><strong>Tamanho da dose:<\/strong> 1 c\u00e1psula<\/p>\n<p><strong>Quantidade por por\u00e7\u00e3o<\/strong><br \/>\n<strong>Vitamina B6<\/strong> &#8230; 33.8mg<br \/>\n<em>(como Piridoxal 5-Fosfato)<\/em><\/p>\n<p><strong>Outros ingredientes:<\/strong> celulose microcristalina, c\u00e1psula de hipromelose (derivado da celulose), laurate de c\u00e1lcio, di\u00f3xido de sil\u00edcio.<\/p>\n<p><strong>Este produto n\u00e3o cont\u00e9m<\/strong> trigo, gl\u00faten, milho, levedura, soja, ovo, produtos l\u00e1cteos, ou cores artificiais, edulcorantes ou sabores. <strong>Este produto tamb\u00e9m n\u00e3o cont\u00e9m<\/strong> lactose, \u00e1cido palm\u00edtico, ou estearatos de magn\u00e9sio, c\u00e1lcio ou vegetais.<\/p>\n<hr \/>\n<p><strong>AVISO DE ALERGIA<\/strong><br \/>\nEste produto est\u00e1 contra-indicado num indiv\u00edduo com hist\u00f3ria de hipersensibilidade a qualquer um dos seus ingredientes.<\/p>\n<p><strong>ADVERT\u00caNCIA DA GRAVIDEZ<\/strong><br \/>\nSe estiver gr\u00e1vida, consulte o seu m\u00e9dico antes de utilizar este produto.<\/p>\n<p><strong>INTERA\u00c7\u00d5ES\/CONTRA-INDICA\u00c7\u00d5ES<\/strong><br \/>\nDoses de vitamina B6 acima de 200 mg podem inibir a produ\u00e7\u00e3o de leite materno.<br \/>\nUma dose elevada de suplementa\u00e7\u00e3o de vitamina B6 (como piridoxina HCl&gt; 500 mg por dia a longo prazo) resultou em neuropatias revers\u00edveis em alguns indiv\u00edduos. N\u00e3o houve relatos de casos de neuropatias com uso de piridoxal 5-fosfato.<\/p>\n<p><em>*Estas declara\u00e7\u00f5es n\u00e3o foram avaliadas pela Administra\u00e7\u00e3o de Alimentos e Medicamentos dos EUA. Este produto n\u00e3o se destina a diagnosticar, tratar, curar ou prevenir qualquer doen\u00e7a.<\/em><\/p>\n<hr \/>\n<p><strong><em><img loading=\"lazy\" class=\"size-full wp-image-2700 alignnone\" src=\"http:\/\/genewei.com\/br\/wp-content\/uploads\/2016\/08\/stars-70-5.jpg\" alt=\"\" width=\"70\" height=\"13\" \/><\/em><em>\u00a0<\/em>\u00d3timo produto<\/strong><br \/>\n<em>Boa qualidade P5P. Pequenas c\u00e1psulas, t\u00e3o f\u00e1ceis de engolir, com um m\u00ednimo de enchimento e nenhum estearato de magn\u00e9sio. Definitivamente voc\u00ea deve encomendar novamente. Susan G., 6 de junho de 2014<\/em><\/p>\n<p><strong><em><img loading=\"lazy\" class=\"size-full wp-image-2700 alignnone\" src=\"http:\/\/genewei.com\/br\/wp-content\/uploads\/2016\/08\/stars-70-5.jpg\" alt=\"\" width=\"70\" height=\"13\" \/>\u00a0<\/em>Excelentes vitaminas<\/strong><br \/>\n<em>Eu realmente gosto dessas vitaminas. Eles s\u00e3o sempre como mostrado na imagem fornecida. Com as vitaminas B, eu as tomo de noite porque elas parecem absorver rapidamente e dar um impulso de energia. Laura L, 11 de julho de 2017<\/em><\/p>\n<p><strong><em><img loading=\"lazy\" class=\"size-full wp-image-2700 alignnone\" src=\"http:\/\/genewei.com\/br\/wp-content\/uploads\/2016\/08\/stars-70-5.jpg\" alt=\"\" width=\"70\" height=\"13\" \/><\/em><em>\u00a0<\/em>Suplementos de qualidade<\/strong><br \/>\n<em>Os suplementos da Thorne Research est\u00e3o entre os melhores. Mais caro do que muitos. Melhor qualidade do que a maioria. comprador, 7 de mar\u00e7o de 2015<\/em><\/p>\n<p><strong><em><img loading=\"lazy\" class=\"size-full wp-image-2700 alignnone\" src=\"http:\/\/genewei.com\/br\/wp-content\/uploads\/2016\/08\/stars-70-5.jpg\" alt=\"\" width=\"70\" height=\"13\" \/><\/em><em>\u00a0<\/em>Thorne Research<\/strong><br \/>\n<em>Eu nunca tive um problema com os suplementos da Thorne Research e fiz seus produtos minha primeira op\u00e7\u00e3o. comprador, 21 de setembro de 2015<\/em><\/p>\n<p><strong><em><img loading=\"lazy\" class=\"size-full wp-image-2700 alignnone\" src=\"http:\/\/genewei.com\/br\/wp-content\/uploads\/2016\/08\/stars-70-5.jpg\" alt=\"\" width=\"70\" height=\"13\" \/>\u00a0<\/em>Produtos de qualidade<\/strong><br \/>\n<em>O fosfato de pyridoxal 5 de Thorne \u00e9 muito absorvente. Acho que funciona de m\u00e3os dadas com 5 MTHF para problemas de metila\u00e7\u00e3o.\u00a0M Lee, 6 de setembro de 2013<\/em><\/p>\n<p><strong><em><img loading=\"lazy\" class=\"size-full wp-image-2700 alignnone\" src=\"http:\/\/genewei.com\/br\/wp-content\/uploads\/2016\/08\/stars-70-5.jpg\" alt=\"\" width=\"70\" height=\"13\" \/>\u00a0<\/em>Meu corpo n\u00e3o pode viver sem P5P.<\/strong><br \/>\n<em>Eu me sinto let\u00e1rgica e simplesmente n\u00e3o est\u00e1 certo sem P5P. V\u00e1rias mulheres do meu bairro sentem exatamente o mesmo. N\u00e3o tenho efeitos colaterais com o P5P. Isso me fez uma diferen\u00e7a de mundo. Veronica, 1 de novembro de 2009<\/em><\/p>\n<p><strong><em><img loading=\"lazy\" class=\"size-full wp-image-2700 alignnone\" src=\"http:\/\/genewei.com\/br\/wp-content\/uploads\/2016\/08\/stars-70-5.jpg\" alt=\"\" width=\"70\" height=\"13\" \/>\u00a0<\/em>Eu gosto de usar um produto de qualidade com uma reputa\u00e7\u00e3o respeit\u00e1vel para&#8230;<\/strong><br \/>\n<em>Eu gosto de usar um produto de qualidade com uma reputa\u00e7\u00e3o respeit\u00e1vel de qualidade que funciona. O meu endocrinologista recomenda os produtos Thorne com frequ\u00eancia. JBETTS, 30 de mar\u00e7o de 2017<\/em><\/p>\n<p><strong><img loading=\"lazy\" class=\"alignnone size-full wp-image-2701\" src=\"http:\/\/genewei.com\/br\/wp-content\/uploads\/2016\/08\/stars-70-3.jpg\" alt=\"\" width=\"70\" height=\"13\" \/>\u00a0N\u00e3o sei avaliar, ent\u00e3o me deixa t\u00e3o cansado, ent\u00e3o \u00e9 bom para dormir<\/strong><br \/>\n<em>Eu n\u00e3o sei como avaliar isso, isso me deixa t\u00e3o cansado. Se eu tomar de noite, durmo bem. Eu tomei esta manh\u00e3, dormindo o dia todo. Mais algu\u00e9m com esse problema? Talvez seja uma dose muito alta. Theremiriracles, 30 de mar\u00e7o de 2016<\/em><\/p>\n<p><strong><em><img loading=\"lazy\" class=\"size-full wp-image-2700 alignnone\" src=\"http:\/\/genewei.com\/br\/wp-content\/uploads\/2016\/08\/stars-70-5.jpg\" alt=\"\" width=\"70\" height=\"13\" \/>\u00a0<\/em>Limpeza da Pirol\u00faria (=\u00a0defici\u00eancia dupla familiar de zinco e vitamina B6)<\/strong><br \/>\n<em>Quando meu naturopata disse que voc\u00ea tem pirol\u00faria, fiquei atordoado. Ela me vendeu este produto e encontrei uma nova compreens\u00e3o sobre a clareza mental e emocional dentro da minha vida e minha fam\u00edlia de origem. \u00c9 incr\u00edvel que essa marca seja t\u00e3o poderosa e agrade\u00e7o o seu valor e integridade como um suplemento. G. L., 1 de janeiro de 2013<\/em><\/p>\n<p><strong><img loading=\"lazy\" class=\"size-full wp-image-2700 alignnone\" src=\"http:\/\/genewei.com\/br\/wp-content\/uploads\/2016\/08\/stars-70-5.jpg\" alt=\"\" width=\"70\" height=\"13\" \/>\u00a0Cr\u00edtico para a sa\u00fade do peito&#8230;\u00a0menores taxas de c\u00e2ncer de mama<\/strong><br \/>\n<em>Um estudo recente que apareceu nas atualiza\u00e7\u00f5es di\u00e1rias da &#8220;Life Extension&#8221; mostrou que as mulheres com os maiores n\u00edveis sangu\u00edneos de P5P apresentaram as menores taxas de c\u00e2ncer de mama. Qualquer pessoa que deseje reduzir o risco de c\u00e2ncer de mama deve tomar P5P.\u00a0<\/em><em>Aqueles de n\u00f3s com muta\u00e7\u00f5es MTHFR tamb\u00e9m devem tomar P5P, pois reduzir\u00e1 os efeitos das muta\u00e7\u00f5es MTHFR, incluindo em particular IBS, Fibromialgia e CFS.\u00a0<\/em><em>Thorne \u00e9 um nome muito confi\u00e1vel em suplementos. Este tamb\u00e9m \u00e9 um pre\u00e7o muito bom para este produto.\u00a0ArizonaGirl, 30 de dezembro de 2012<\/em><\/p>\n<p>&nbsp;<\/p>\n<p><b>Sobre a Qualidade e Produtos Thorne:<\/b><\/p>\n<p><a href=\"http:\/\/genewei.com\/br\/wp-content\/uploads\/2016\/11\/thorne-vitamina-b6.jpg\"><img loading=\"lazy\" class=\"alignnone size-full wp-image-2710\" src=\"http:\/\/genewei.com\/br\/wp-content\/uploads\/2016\/11\/thorne-vitamina-b6.jpg\" alt=\"\" width=\"970\" height=\"1300\" srcset=\"http:\/\/genewei.com\/br\/wp-content\/uploads\/2016\/11\/thorne-vitamina-b6.jpg 970w, http:\/\/genewei.com\/br\/wp-content\/uploads\/2016\/11\/thorne-vitamina-b6-350x469.jpg 350w, http:\/\/genewei.com\/br\/wp-content\/uploads\/2016\/11\/thorne-vitamina-b6-224x300.jpg 224w, http:\/\/genewei.com\/br\/wp-content\/uploads\/2016\/11\/thorne-vitamina-b6-768x1029.jpg 768w, http:\/\/genewei.com\/br\/wp-content\/uploads\/2016\/11\/thorne-vitamina-b6-764x1024.jpg 764w\" sizes=\"(max-width: 970px) 100vw, 970px\" \/><\/a><\/p>\n<!-- AddThis Advanced Settings generic via filter on the_content --><!-- AddThis Share Buttons generic via filter on the_content -->","protected":false},"excerpt":{"rendered":"<ul>\n<li><strong>A forma ativa de vitamina B6<\/strong> mais prontamente usada pelo corpo<\/li>\n<li>Cofactor essencial para a<strong> s\u00edntese de amino\u00e1cidos e numerosos neurotransmissores<\/strong> (subst\u00e2ncias qu\u00edmicas cerebrais)<\/li>\n<li><strong>Livre de fermento<\/strong><\/li>\n<li><strong>N\u00e3o cont\u00e9m<\/strong> leiteria, soja, milho, ovo, amendoim, fermento, a\u00e7\u00facar, estearato de magn\u00e9sio, aglutinantes, revestimentos, desintegrantes, cores artificiais, aromas artificiais ou edulcorantes artificiais. A <em>Thorne Research, Inc.<\/em> n\u00e3o produz produtos que contenham organismos geneticamente modificados (conhecidos como OGMs).<\/li>\n<\/ul>\n<p>&nbsp;<!-- AddThis Advanced Settings generic via filter on wp_trim_excerpt --><!-- AddThis Share Buttons generic via filter on wp_trim_excerpt --><\/p>\n","protected":false},"featured_media":1701,"template":"","meta":{"sfsi_plus_gutenberg_text_before_share":"","sfsi_plus_gutenberg_show_text_before_share":"","sfsi_plus_gutenberg_icon_type":"","sfsi_plus_gutenberg_icon_alignemt":"","sfsi_plus_gutenburg_max_per_row":"","_genesis_hide_title":false,"_genesis_hide_breadcrumbs":false,"_genesis_hide_singular_image":false,"_genesis_hide_footer_widgets":false,"_genesis_custom_body_class":"","_genesis_custom_post_class":"","_genesis_layout":""},"_links":{"self":[{"href":"http:\/\/genewei.com\/br\/wp-json\/wp\/v2\/product\/1700"}],"collection":[{"href":"http:\/\/genewei.com\/br\/wp-json\/wp\/v2\/product"}],"about":[{"href":"http:\/\/genewei.com\/br\/wp-json\/wp\/v2\/types\/product"}],"wp:featuredmedia":[{"embeddable":true,"href":"http:\/\/genewei.com\/br\/wp-json\/wp\/v2\/media\/1701"}],"wp:attachment":[{"href":"http:\/\/genewei.com\/br\/wp-json\/wp\/v2\/media?parent=1700"}],"curies":[{"name":"wp","href":"https:\/\/api.w.org\/{rel}","templated":true}]}}