{"id":1704,"date":"2016-11-17T23:25:55","date_gmt":"2016-11-18T01:25:55","guid":{"rendered":"http:\/\/genewei.com\/br\/?post_type=product&#038;p=1704"},"modified":"2018-02-24T03:44:58","modified_gmt":"2018-02-24T06:44:58","slug":"extrato-de-mirtilo-60-vcaps","status":"publish","type":"product","link":"http:\/\/genewei.com\/br\/produto\/extrato-de-mirtilo-60-vcaps\/","title":{"rendered":"Extrato de Mirtilo (60 vcaps)"},"content":{"rendered":"\n<!-- Facebook Like Button Vivacity Infotech BEGIN -->\n<div class=\"fb-like\" data-href=\"http:\/\/genewei.com\/br\/produto\/extrato-de-mirtilo-60-vcaps\/\" data-layout=\"standard\" data-action=\"like\" data-show-faces=\"true\" data-size=\"small\" data-width=\"550\" data-share=\"1\" ><\/div>\n<!-- Facebook Like Button Vivacity Infotech END -->\n<p><strong>Integrative Therapeutics Bilberry Extract (60 vcaps) |\u00a0Extrato de mirtilo da Terap\u00eautica Integrativa (60 vcaps)<\/strong><\/p>\n<p>Extratos de mirtilo t\u00eam demonstrado apoiar a integridade normal do tecido conjuntivo, especialmente nos vasos sangu\u00edneos e no olho.*<\/p>\n<p>Extrato de mirtilo \u00e9 padronizado para conter 25% flavon\u00f3ides antocianina, que s\u00e3o potentes antioxidantes bot\u00e2nicos.*<\/p>\n<p><strong>Doses por Recipiente:<\/strong> 30<br \/>\nTome 2 c\u00e1psulas 3x ao dia, ou como recomendado pelo seu profissional de sa\u00fade<\/p>\n<p><strong>Tamanho da dose:<\/strong> 2 C\u00e1psulas de Veg<\/p>\n<p><strong>Quantidade por por\u00e7\u00e3o<\/strong><br \/>\n<strong>Mirtilo<\/strong> &#8230; 160mg<br \/>\n<em>(Vaccinium myrtillus) Extrato de Frutas estandardizado para conter 25%\u00a0<\/em><em>antocianinas<\/em><\/p>\n<p><strong>Outros Ingredientes:<\/strong> Celulose, c\u00e1psula vegetal (celulose modificada) e estearato de magnesio.<\/p>\n<p><strong>Extrato de mirtilo n\u00e3o cont\u00e9m<\/strong> corantes artificiais, aromatizantes artificiais, milho, produtos l\u00e1cteos, gl\u00faten, ingredientes de origem animal, conservantes, sal, soja, a\u00e7\u00facar, trigo, levedura.<\/p>\n<hr \/>\n<p>If pregnant, nursing, or taking prescription drugs, consult your healthcare practitioner prior to use.<\/p>\n<p><em>\u2020This statement has not been evaluated by the Food and Drug administration. This product is not intended to diagnose, treat, cure or prevent any disease.\u00a0<\/em><\/p>\n<p>Se estiver gr\u00e1vida, amamentando ou tomando rem\u00e9dios, consulte o seu m\u00e9dico antes de usar.<\/p>\n<p><em>\u2020Esta declara\u00e7\u00e3o n\u00e3o foi avaliada pela Administra\u00e7\u00e3o de Alimentos e Drogas dos EUA. Este produto n\u00e3o se destina a diagnosticar, tratar, curar ou prevenir qualquer doen\u00e7a.<\/em><\/p>\n<!-- AddThis Advanced Settings generic via filter on the_content --><!-- AddThis Share Buttons generic via filter on the_content -->","protected":false},"excerpt":{"rendered":"<p>Integrative Therapeutics Bilberry Extract (60 vcaps) |\u00a0Extrato de mirtilo da Terap\u00eautica Integrativa (60 vcaps) Extratos de mirtilo t\u00eam demonstrado apoiar a integridade normal do tecido conjuntivo, especialmente nos vasos sangu\u00edneos e no olho.* Extrato de mirtilo \u00e9 padronizado para conter 25% flavon\u00f3ides antocianina, que s\u00e3o potentes antioxidantes bot\u00e2nicos.* Doses por Recipiente: 30 Tome 2 c\u00e1psulas<a class=\"moretag\" href=\"http:\/\/genewei.com\/br\/produto\/extrato-de-mirtilo-60-vcaps\/\"> [&#8230;] <\/a><!-- AddThis Advanced Settings generic via filter on wp_trim_excerpt --><!-- AddThis Share Buttons generic via filter on wp_trim_excerpt --><\/p>\n","protected":false},"featured_media":1705,"template":"","meta":{"sfsi_plus_gutenberg_text_before_share":"","sfsi_plus_gutenberg_show_text_before_share":"","sfsi_plus_gutenberg_icon_type":"","sfsi_plus_gutenberg_icon_alignemt":"","sfsi_plus_gutenburg_max_per_row":"","_genesis_hide_title":false,"_genesis_hide_breadcrumbs":false,"_genesis_hide_singular_image":false,"_genesis_hide_footer_widgets":false,"_genesis_custom_body_class":"","_genesis_custom_post_class":"","_genesis_layout":""},"_links":{"self":[{"href":"http:\/\/genewei.com\/br\/wp-json\/wp\/v2\/product\/1704"}],"collection":[{"href":"http:\/\/genewei.com\/br\/wp-json\/wp\/v2\/product"}],"about":[{"href":"http:\/\/genewei.com\/br\/wp-json\/wp\/v2\/types\/product"}],"wp:featuredmedia":[{"embeddable":true,"href":"http:\/\/genewei.com\/br\/wp-json\/wp\/v2\/media\/1705"}],"wp:attachment":[{"href":"http:\/\/genewei.com\/br\/wp-json\/wp\/v2\/media?parent=1704"}],"curies":[{"name":"wp","href":"https:\/\/api.w.org\/{rel}","templated":true}]}}