{"id":1715,"date":"2016-11-18T21:26:25","date_gmt":"2016-11-18T23:26:25","guid":{"rendered":"http:\/\/genewei.com\/br\/?post_type=product&#038;p=1715"},"modified":"2018-02-24T03:46:54","modified_gmt":"2018-02-24T06:46:54","slug":"omega-plus-90-gelcaps","status":"publish","type":"product","link":"http:\/\/genewei.com\/br\/produto\/omega-plus-90-gelcaps\/","title":{"rendered":"Omega Plus (90 gelcaps)"},"content":{"rendered":"\n<!-- Facebook Like Button Vivacity Infotech BEGIN -->\n<div class=\"fb-like\" data-href=\"http:\/\/genewei.com\/br\/produto\/omega-plus-90-gelcaps\/\" data-layout=\"standard\" data-action=\"like\" data-show-faces=\"true\" data-size=\"small\" data-width=\"550\" data-share=\"1\" ><\/div>\n<!-- Facebook Like Button Vivacity Infotech END -->\n<div><strong>Thorne Research Omega Plus (90 gelcaps)<\/strong><\/div>\n<p>Quantidades equilibradas de \u00e1cidos graxos essenciais \u00f4mega-3 e \u00f4mega-6 (AGE)<\/p>\n<ul>\n<li>Promove cora\u00e7\u00e3o saud\u00e1vel e fun\u00e7\u00e3o do c\u00e9rebro*<\/li>\n<li>300 mg de EPA e 200 mg de DHA de peixes de \u00e1gua fria por c\u00e1psula<\/li>\n<li>40 mg de Omega-6 GLA de \u00f3leo de borragem por c\u00e1psula<\/li>\n<li>Destila\u00e7\u00e3o molecular para remover metais pesados e outros contaminantes potenciais<\/li>\n<\/ul>\n<p>Embora os \u00e1cidos graxos \u00f4mega-3 tenham benef\u00edcios significativos para a sa\u00fade, o \u00f4mega-6 \u00e1cidos graxos gama \u00e1cido linol\u00eanico (GLA) oferece benef\u00edcios semelhantes.* O \u00f3leo de borragem \u00e9 uma fonte rica de GLA (superior ao \u00f3leo de onagra). Omega Plus fornece uma rela\u00e7\u00e3o \u00f4mega 3:6 projetada para fornecer um equil\u00edbrio saud\u00e1vel desses importantes \u00e1cidos graxos essenciais.* Porque a dieta t\u00edpica cont\u00e9m significativamente mais omega-6 do que \u00e1cidos graxos \u00f4mega-3, \u00f3leos de peixe constituem uma maior percentagem do produto.<\/p>\n<p>Os estudos que produzem benef\u00edcios positivos de uma combina\u00e7\u00e3o de \u00e1cidos graxos \u00f4mega-3 e GLA demonstram benef\u00edcios para a sa\u00fade \u00f3ssea, bem como os sistemas cardiovascular e respirat\u00f3rio.* Estudos descobriram uma combina\u00e7\u00e3o de GLA com EPA e DHA ajuda a manter j\u00e1 normal\u00a0taxas de LDL: HDL e n\u00edveis de triglicer\u00eddeos.*<\/p>\n<p><strong><em>Thorne Research<\/em> fornece a mais alta qualidade, \u00f3leo de peixe mais puro dispon\u00edvel<\/strong> &#8211; destila\u00e7\u00e3o molecular \u00e9 utilizada para assegurar a remo\u00e7\u00e3o de colesterol e contaminantes, incluindo PCBs e metais pesados.<\/p>\n<hr \/>\n<div id=\"itemservings\"><strong>Dose por Recipiente:<\/strong> 90<br \/>\nTome 1 gelcap 2\u00a0a 3\u00a0vezes ao dia ou como recomendado por um profissional de sa\u00fade.<\/div>\n<p><strong>Tamanho da dose:<\/strong> 1 Gelcap<\/p>\n<p><strong>Quantidade por por\u00e7\u00e3o<\/strong><br \/>\n<strong>Calorias<\/strong> &#8230; 10<br \/>\n<strong>Calorias da gordura<\/strong> &#8230; 10<br \/>\n<strong>Gordura Total<\/strong> &#8230; 1g<br \/>\n<strong>EPA<\/strong> &#8230; 300 mg<br \/>\n<em>(Eicosapentaenoic Acid) (de \u00f3leo de peixe)<\/em><br \/>\n<strong>DHA<\/strong> &#8230; 200 mg<br \/>\n<em>(\u00c1cido Docosahexaen\u00f3ico) (a partir de \u00f3leo de peixe)<\/em><br \/>\n<strong>GLA<\/strong> &#8230; 40mg<br \/>\n<em>(\u00c1cido Gamma Linolenic) (de \u00f3leo de borragem)<\/em><\/p>\n<p><strong>Outros Ingredientes:<\/strong> Gelatina (bovina), \u00e1gua purificada e Glicerina (fonte vegetal) gelcap, Vitamina E (tocofer\u00f3is mistos).<\/p>\n<p><strong>Cont\u00e9m<\/strong> ingredientes derivados do peixe (\u00f3leo de peixe = anchova, sardinha, cavala).<\/p>\n<!-- AddThis Advanced Settings generic via filter on the_content --><!-- AddThis Share Buttons generic via filter on the_content -->","protected":false},"excerpt":{"rendered":"<p>Thorne Research Omega Plus (90 gelcaps) Quantidades equilibradas de \u00e1cidos graxos essenciais \u00f4mega-3 e \u00f4mega-6 (AGE) Promove cora\u00e7\u00e3o saud\u00e1vel e fun\u00e7\u00e3o do c\u00e9rebro* 300 mg de EPA e 200 mg de DHA de peixes de \u00e1gua fria por c\u00e1psula 40 mg de Omega-6 GLA de \u00f3leo de borragem por c\u00e1psula Destila\u00e7\u00e3o molecular para remover metais<a class=\"moretag\" href=\"http:\/\/genewei.com\/br\/produto\/omega-plus-90-gelcaps\/\"> [&#8230;] <\/a><!-- AddThis Advanced Settings generic via filter on wp_trim_excerpt --><!-- AddThis Share Buttons generic via filter on wp_trim_excerpt --><\/p>\n","protected":false},"featured_media":1716,"template":"","meta":{"sfsi_plus_gutenberg_text_before_share":"","sfsi_plus_gutenberg_show_text_before_share":"","sfsi_plus_gutenberg_icon_type":"","sfsi_plus_gutenberg_icon_alignemt":"","sfsi_plus_gutenburg_max_per_row":"","_genesis_hide_title":false,"_genesis_hide_breadcrumbs":false,"_genesis_hide_singular_image":false,"_genesis_hide_footer_widgets":false,"_genesis_custom_body_class":"","_genesis_custom_post_class":"","_genesis_layout":""},"_links":{"self":[{"href":"http:\/\/genewei.com\/br\/wp-json\/wp\/v2\/product\/1715"}],"collection":[{"href":"http:\/\/genewei.com\/br\/wp-json\/wp\/v2\/product"}],"about":[{"href":"http:\/\/genewei.com\/br\/wp-json\/wp\/v2\/types\/product"}],"wp:featuredmedia":[{"embeddable":true,"href":"http:\/\/genewei.com\/br\/wp-json\/wp\/v2\/media\/1716"}],"wp:attachment":[{"href":"http:\/\/genewei.com\/br\/wp-json\/wp\/v2\/media?parent=1715"}],"curies":[{"name":"wp","href":"https:\/\/api.w.org\/{rel}","templated":true}]}}