{"id":1718,"date":"2016-11-18T21:41:50","date_gmt":"2016-11-18T23:41:50","guid":{"rendered":"http:\/\/genewei.com\/br\/?post_type=product&#038;p=1718"},"modified":"2018-02-24T03:47:52","modified_gmt":"2018-02-24T06:47:52","slug":"taurina-1000-mg-100-caps","status":"publish","type":"product","link":"http:\/\/genewei.com\/br\/produto\/taurina-1000-mg-100-caps\/","title":{"rendered":"Taurina 1000 mg (100 caps)"},"content":{"rendered":"\n<!-- Facebook Like Button Vivacity Infotech BEGIN -->\n<div class=\"fb-like\" data-href=\"http:\/\/genewei.com\/br\/produto\/taurina-1000-mg-100-caps\/\" data-layout=\"standard\" data-action=\"like\" data-show-faces=\"true\" data-size=\"small\" data-width=\"550\" data-share=\"1\" ><\/div>\n<!-- Facebook Like Button Vivacity Infotech END -->\n<p><strong>Protocol for Life Balance Taurine 1000 mg (100 caps) |\u00a0Taurina 1000 mg (100 caps)<\/strong><\/p>\n<ul>\n<li><strong>Apoia um Humor\u00a0Calmo*<\/strong><\/li>\n<li><strong>Sa\u00fade do Sistema Nervoso*<\/strong><\/li>\n<li><strong>Um Suplemento Diet\u00e9tico<\/strong><\/li>\n<\/ul>\n<p><strong>Taurina do Protocol For Life Balance\u2122<\/strong> \u00e9 um amino\u00e1cido de forma livre que participa em uma variedade de processos metab\u00f3licos.* Est\u00e1 envolvido na conjuga\u00e7\u00e3o de \u00e1cidos biliares, desintoxica\u00e7\u00e3o, neuromodula\u00e7\u00e3o e estabiliza\u00e7\u00e3o da membrana, bem como atuar como um antioxidante.* Taurina est\u00e1 presente em concentra\u00e7\u00f5es relativamente altas na retina, onde ajuda a proteger o olho de danos oxidantes.* Embora Taurina pode ser produzida pelo corpo, no entanto, \u00e0s vezes \u00e9 considerada um nutriente &#8220;condicionalmente essencial&#8221;.<\/p>\n<hr \/>\n<div id=\"itemservings\"><strong>Dose por Recipiente: <\/strong>100<br \/>\nComo um suplemento diet\u00e9tico, tome 1 c\u00e1psula uma ou mais vezes diariamente como recomendado pelo seu m\u00e9dico de sa\u00fade.<strong>Tamanho da dose:<\/strong> 1 C\u00e1psula<strong>Quantidade por por\u00e7\u00e3o<\/strong><br \/>\n<strong>Taurina<\/strong> &#8230; 1,0 g (1000 mg)<br \/>\n<strong><em>(Forma livre)<\/em><\/strong><strong>Outros Ingredientes:<\/strong> Gelatina (c\u00e1psula) e \u00e1cido este\u00e1rico (fonte vegetal).<\/p>\n<p><strong>N\u00e3o cont\u00e9m<\/strong> a\u00e7\u00facar, sal, amido, levedura, trigo, gl\u00faten, milho, leite, ovo, marisco ou conservantes.<\/p>\n<\/div>\n<!-- AddThis Advanced Settings generic via filter on the_content --><!-- AddThis Share Buttons generic via filter on the_content -->","protected":false},"excerpt":{"rendered":"<p>Protocol for Life Balance Taurine 1000 mg (100 caps) |\u00a0Taurina 1000 mg (100 caps) Apoia um Humor\u00a0Calmo* Sa\u00fade do Sistema Nervoso* Um Suplemento Diet\u00e9tico Taurina do Protocol For Life Balance\u2122 \u00e9 um amino\u00e1cido de forma livre que participa em uma variedade de processos metab\u00f3licos.* Est\u00e1 envolvido na conjuga\u00e7\u00e3o de \u00e1cidos biliares, desintoxica\u00e7\u00e3o, neuromodula\u00e7\u00e3o e estabiliza\u00e7\u00e3o<a class=\"moretag\" href=\"http:\/\/genewei.com\/br\/produto\/taurina-1000-mg-100-caps\/\"> [&#8230;] <\/a><!-- AddThis Advanced Settings generic via filter on wp_trim_excerpt --><!-- AddThis Share Buttons generic via filter on wp_trim_excerpt --><\/p>\n","protected":false},"featured_media":1719,"template":"","meta":{"sfsi_plus_gutenberg_text_before_share":"","sfsi_plus_gutenberg_show_text_before_share":"","sfsi_plus_gutenberg_icon_type":"","sfsi_plus_gutenberg_icon_alignemt":"","sfsi_plus_gutenburg_max_per_row":"","_genesis_hide_title":false,"_genesis_hide_breadcrumbs":false,"_genesis_hide_singular_image":false,"_genesis_hide_footer_widgets":false,"_genesis_custom_body_class":"","_genesis_custom_post_class":"","_genesis_layout":""},"_links":{"self":[{"href":"http:\/\/genewei.com\/br\/wp-json\/wp\/v2\/product\/1718"}],"collection":[{"href":"http:\/\/genewei.com\/br\/wp-json\/wp\/v2\/product"}],"about":[{"href":"http:\/\/genewei.com\/br\/wp-json\/wp\/v2\/types\/product"}],"wp:featuredmedia":[{"embeddable":true,"href":"http:\/\/genewei.com\/br\/wp-json\/wp\/v2\/media\/1719"}],"wp:attachment":[{"href":"http:\/\/genewei.com\/br\/wp-json\/wp\/v2\/media?parent=1718"}],"curies":[{"name":"wp","href":"https:\/\/api.w.org\/{rel}","templated":true}]}}