{"id":1724,"date":"2016-11-18T22:13:42","date_gmt":"2016-11-19T00:13:42","guid":{"rendered":"http:\/\/genewei.com\/br\/?post_type=product&#038;p=1724"},"modified":"2018-02-24T03:50:36","modified_gmt":"2018-02-24T06:50:36","slug":"garcinia-cambogia-com-cromemato-90-caps","status":"publish","type":"product","link":"http:\/\/genewei.com\/br\/produto\/garcinia-cambogia-com-cromemato-90-caps\/","title":{"rendered":"Garcinia Cambogia com Cromemato (90 caps)"},"content":{"rendered":"\n<!-- Facebook Like Button Vivacity Infotech BEGIN -->\n<div class=\"fb-like\" data-href=\"http:\/\/genewei.com\/br\/produto\/garcinia-cambogia-com-cromemato-90-caps\/\" data-layout=\"standard\" data-action=\"like\" data-show-faces=\"true\" data-size=\"small\" data-width=\"550\" data-share=\"1\" ><\/div>\n<!-- Facebook Like Button Vivacity Infotech END -->\n<p><strong>Citrin Plus is available by DaVinci Laboratories | Citrin Plus est\u00e1 dispon\u00edvel por DaVinci Laboratories<\/strong><\/p>\n<p>O suplemento <em>Extrato de Garcinia Cambogia\u00a0<\/em>para apoiar o controle de peso. O ingrediente ativo \u00e9 chamado hydroxycitrate (HCA) e estudos t\u00eam mostrado que \u00e9 muito seguro. HCA ajuda a inibir a produ\u00e7\u00e3o de gordura inibindo temporariamente a enzima ATP-citrato-liase que converte os carboidratos em gorduras no f\u00edgado<\/p>\n<p>Ele tamb\u00e9m ajuda a reduzir o apetite e reduzir a ingest\u00e3o de alimentos. Ao contr\u00e1rio de muitos sobre-o-contador ajudas diet\u00e9ticas, Citrin\u00ae Plus n\u00e3o \u00e9 um estimulante, e n\u00e3o ir\u00e1 causar efeitos colaterais ou levar \u00e0 toler\u00e2ncia. Citrin\u00ae Plus \u00e9 500 mg de <em>Extrato de Garcinia Cambogia<\/em>\u00a0mais 100 mg de <em>Polimicotinato de Cromo da marca Chromemate\u00ae\u00a0<\/em>para regular os n\u00edveis de glicose no sangue e promover a massa magra do corpo.<\/p>\n<hr \/>\n<div id=\"itemservings\"><strong>Dose por Recipiente:<\/strong> 90<br \/>\nTome 1 c\u00e1psula, 30 a 60 minutos antes de cada refei\u00e7\u00e3o com um copo cheio de \u00e1gua.<\/div>\n<p><em><strong>Cada c\u00e1psula cont\u00e9m:<\/strong><\/em><br \/>\n<strong>Niacina<\/strong>\u00a0&#8230;\u00a00,7 mg<br \/>\n<strong>Cromo<\/strong>\u00a0&#8230;\u00a0100 mcg<br \/>\n<strong>Garcinia cambogia Extrato<\/strong>\u00a0&#8230;\u00a0500 mg<br \/>\n<em>Dando origem a 250 mg de <strong>Hidroxicitrato<\/strong><\/em><\/p>\n<p><strong>Outros ingredientes:<\/strong> gelatina, estearato vegetal, s\u00edlica, polinicotinato de cromo (marca Chromemate\u00ae)<\/p>\n<!-- AddThis Advanced Settings generic via filter on the_content --><!-- AddThis Share Buttons generic via filter on the_content -->","protected":false},"excerpt":{"rendered":"<p>Citrin Plus is available by DaVinci Laboratories | Citrin Plus est\u00e1 dispon\u00edvel por DaVinci Laboratories O suplemento Extrato de Garcinia Cambogia\u00a0para apoiar o controle de peso. O ingrediente ativo \u00e9 chamado hydroxycitrate (HCA) e estudos t\u00eam mostrado que \u00e9 muito seguro. HCA ajuda a inibir a produ\u00e7\u00e3o de gordura inibindo temporariamente a enzima ATP-citrato-liase que<a class=\"moretag\" href=\"http:\/\/genewei.com\/br\/produto\/garcinia-cambogia-com-cromemato-90-caps\/\"> [&#8230;] <\/a><!-- AddThis Advanced Settings generic via filter on wp_trim_excerpt --><!-- AddThis Share Buttons generic via filter on wp_trim_excerpt --><\/p>\n","protected":false},"featured_media":1725,"template":"","meta":{"sfsi_plus_gutenberg_text_before_share":"","sfsi_plus_gutenberg_show_text_before_share":"","sfsi_plus_gutenberg_icon_type":"","sfsi_plus_gutenberg_icon_alignemt":"","sfsi_plus_gutenburg_max_per_row":"","_genesis_hide_title":false,"_genesis_hide_breadcrumbs":false,"_genesis_hide_singular_image":false,"_genesis_hide_footer_widgets":false,"_genesis_custom_body_class":"","_genesis_custom_post_class":"","_genesis_layout":""},"_links":{"self":[{"href":"http:\/\/genewei.com\/br\/wp-json\/wp\/v2\/product\/1724"}],"collection":[{"href":"http:\/\/genewei.com\/br\/wp-json\/wp\/v2\/product"}],"about":[{"href":"http:\/\/genewei.com\/br\/wp-json\/wp\/v2\/types\/product"}],"wp:featuredmedia":[{"embeddable":true,"href":"http:\/\/genewei.com\/br\/wp-json\/wp\/v2\/media\/1725"}],"wp:attachment":[{"href":"http:\/\/genewei.com\/br\/wp-json\/wp\/v2\/media?parent=1724"}],"curies":[{"name":"wp","href":"https:\/\/api.w.org\/{rel}","templated":true}]}}