{"id":1728,"date":"2016-11-18T22:33:41","date_gmt":"2016-11-19T00:33:41","guid":{"rendered":"http:\/\/genewei.com\/br\/?post_type=product&#038;p=1728"},"modified":"2018-02-24T03:09:32","modified_gmt":"2018-02-24T06:09:32","slug":"gymnema-sylvestre-200-mg-60-caps","status":"publish","type":"product","link":"http:\/\/genewei.com\/br\/produto\/gymnema-sylvestre-200-mg-60-caps\/","title":{"rendered":"Gymnema Sylvestre 200 mg (60 caps)"},"content":{"rendered":"\n<!-- Facebook Like Button Vivacity Infotech BEGIN -->\n<div class=\"fb-like\" data-href=\"http:\/\/genewei.com\/br\/produto\/gymnema-sylvestre-200-mg-60-caps\/\" data-layout=\"standard\" data-action=\"like\" data-show-faces=\"true\" data-size=\"small\" data-width=\"550\" data-share=\"1\" ><\/div>\n<!-- Facebook Like Button Vivacity Infotech END -->\n<p><strong>Ecological Formulas\/Cardiovascular Research Gymnema Sylvestre 200 mg (60 caps) |\u00a0F\u00f3rmulas Ecol\u00f3gicas\/Pesquisa Cardiovascular Gymnema Sylvestre 200 mg (60 caps)<\/strong><\/p>\n<p>Este produto cont\u00e9m um derivado sol\u00favel em \u00e1gua de folhas de Gymnema Sylvestre (incluindo GS-3 e GS-4), ind\u00edgenas das florestas tropicais da \u00cdndia Central.<\/p>\n<hr \/>\n<p>Tome 1\u00a0c\u00e1psula 2x ao dia, ou como dirigido por um m\u00e9dico.<\/p>\n<p><strong>Quantidade por por\u00e7\u00e3o:<\/strong><br \/>\n<strong>Gymnema Sylvestre (10:1 EXT)<\/strong> 200 mg<\/p>\n<p><strong>Cont\u00e9m<\/strong> &#8211; estearato de magn\u00e9sio, di\u00f3xido de sil\u00edcio<\/p>\n<p><strong>N\u00e3o cont\u00e9m<\/strong> &#8211; soja, trigo, milho, ovo ou outros al\u00e9rgenos comuns<\/p>\n<!-- AddThis Advanced Settings generic via filter on the_content --><!-- AddThis Share Buttons generic via filter on the_content -->","protected":false},"excerpt":{"rendered":"<p>Ecological Formulas\/Cardiovascular Research Gymnema Sylvestre 200 mg (60 caps) |\u00a0F\u00f3rmulas Ecol\u00f3gicas\/Pesquisa Cardiovascular Gymnema Sylvestre 200 mg (60 caps) Este produto cont\u00e9m um derivado sol\u00favel em \u00e1gua de folhas de Gymnema Sylvestre (incluindo GS-3 e GS-4), ind\u00edgenas das florestas tropicais da \u00cdndia Central. Tome 1\u00a0c\u00e1psula 2x ao dia, ou como dirigido por um m\u00e9dico. Quantidade por<a class=\"moretag\" href=\"http:\/\/genewei.com\/br\/produto\/gymnema-sylvestre-200-mg-60-caps\/\"> [&#8230;] <\/a><!-- AddThis Advanced Settings generic via filter on wp_trim_excerpt --><!-- AddThis Share Buttons generic via filter on wp_trim_excerpt --><\/p>\n","protected":false},"featured_media":1729,"template":"","meta":{"sfsi_plus_gutenberg_text_before_share":"","sfsi_plus_gutenberg_show_text_before_share":"","sfsi_plus_gutenberg_icon_type":"","sfsi_plus_gutenberg_icon_alignemt":"","sfsi_plus_gutenburg_max_per_row":"","_genesis_hide_title":false,"_genesis_hide_breadcrumbs":false,"_genesis_hide_singular_image":false,"_genesis_hide_footer_widgets":false,"_genesis_custom_body_class":"","_genesis_custom_post_class":"","_genesis_layout":""},"_links":{"self":[{"href":"http:\/\/genewei.com\/br\/wp-json\/wp\/v2\/product\/1728"}],"collection":[{"href":"http:\/\/genewei.com\/br\/wp-json\/wp\/v2\/product"}],"about":[{"href":"http:\/\/genewei.com\/br\/wp-json\/wp\/v2\/types\/product"}],"wp:featuredmedia":[{"embeddable":true,"href":"http:\/\/genewei.com\/br\/wp-json\/wp\/v2\/media\/1729"}],"wp:attachment":[{"href":"http:\/\/genewei.com\/br\/wp-json\/wp\/v2\/media?parent=1728"}],"curies":[{"name":"wp","href":"https:\/\/api.w.org\/{rel}","templated":true}]}}