{"id":1731,"date":"2016-11-18T22:52:39","date_gmt":"2016-11-19T00:52:39","guid":{"rendered":"http:\/\/genewei.com\/br\/?post_type=product&#038;p=1731"},"modified":"2018-02-24T03:05:54","modified_gmt":"2018-02-24T06:05:54","slug":"thermo-set-90-caps","status":"publish","type":"product","link":"http:\/\/genewei.com\/br\/produto\/thermo-set-90-caps\/","title":{"rendered":"Thermo-Set (90 caps)"},"content":{"rendered":"\n<!-- Facebook Like Button Vivacity Infotech BEGIN -->\n<div class=\"fb-like\" data-href=\"http:\/\/genewei.com\/br\/produto\/thermo-set-90-caps\/\" data-layout=\"standard\" data-action=\"like\" data-show-faces=\"true\" data-size=\"small\" data-width=\"550\" data-share=\"1\" ><\/div>\n<!-- Facebook Like Button Vivacity Infotech END -->\n<p><strong>DaVinci Labs Thermo-Set (90 caps)<\/strong><\/p>\n<p><strong>ThermoSet<\/strong> \u00e9 uma f\u00f3rmula inteiramente nova que foi redesenhada para abordar os fatores que podem contribuir para o ganho de peso, como o n\u00edvel de energia, o equil\u00edbrio hormonal, a queima de gordura lenta e estresse.* Ele cont\u00e9m um complemento completo de extratos de plantas naturais mais Hoodia, L-Teanina , EGCG do ch\u00e1 verde e outros fatores termog\u00eanicos para ajudar a gerenciar a fome, controlar desejos, manter os n\u00edveis de a\u00e7\u00facar no sangue dentro da faixa normal, e apoiar o metabolismo de gordura adequada.*<\/p>\n<hr \/>\n<div id=\"itemservings\"><strong>Dose por\u00a0Recipiente:<\/strong> 90<br \/>\nComo um suplemento diet\u00e9tico, tomar 1 c\u00e1psula, 3 vezes ao dia, 30 minutos antes de cada refei\u00e7\u00e3o, ou como indicado pelo seu m\u00e9dico.<\/div>\n<p><strong>Tamanho da dose:<\/strong> 1 C\u00e1psula<\/p>\n<p><strong>Quantidade por por\u00e7\u00e3o<\/strong><br \/>\n<strong>Cromo<\/strong> &#8230; 50mcg<br \/>\n<em>(como Cr Polinicotinato)<\/em><br \/>\n<strong>Uma mistura propriet\u00e1ria de:<\/strong><br \/>\n<em>Extrato de folhas de ch\u00e1 verde (Camellia sinensis L.)<\/em><br \/>\n<em>Theobroma Cacao fruto inteiro (marca Metabromine),<\/em><br \/>\n<em>Hoodia Gordonii (tronco a\u00e9reo), Eleutherococcus senticosus (Root) &#8230; 375mg<\/em><br \/>\n<strong>\u00a0 Rendimento: EGCG<\/strong> &#8230; 105 mg<br \/>\n<strong>Teobromina<\/strong> &#8230; 6mg<br \/>\n<strong>Cafe\u00edna<\/strong> &#8230; 1.5mg<br \/>\n<strong>Extrato de semente de guaran\u00e1<\/strong> &#8230; 100mg<br \/>\n<em><strong>\u00a0\u00a0\u00a0 Rendimento: Cafe\u00edna<\/strong><\/em> &#8230; 4mg<br \/>\n<strong>L-Theanine<\/strong> &#8230; 25mg<br \/>\n<em>(Marca Suntheanine)<\/em><br \/>\n<strong>Extrato de folha de banaba<\/strong> &#8230; 10mg<br \/>\n<em>(Lagerstroemia speciosa L.)<\/em><br \/>\n<em><strong>\u00a0\u00a0\u00a0 Rendimento: \u00e1cido coross\u00f3lico<\/strong> <\/em>&#8230; 0,2 mg<br \/>\n<strong>Extrato de semente de pimenta .<\/strong>.. 5mg<br \/>\n<em>(Piper nigrum)<\/em><\/p>\n<p><strong>Outros ingredientes:<\/strong> vegetal<\/p>\n<hr \/>\n<p><strong>ADVERT\u00caNCIA:<\/strong> N\u00e3o tome este produto se estiver gr\u00e1vida, amamentando, tiver doen\u00e7a fibroc\u00edstica da mama, press\u00e3o alta ou se estiver tomando medicamentos IMAO ou ISRS, ou medicamentos anti-hipertensivos.<\/p>\n<p><strong>CUIDADO:<\/strong> Este produto cont\u00e9m, naturalmente, cafe\u00edna. N\u00e3o tome se voc\u00ea \u00e9 sens\u00edvel \u00e0 cafe\u00edna.<\/p>\n<p><strong>Mantenha fora do alcance de crian\u00e7as.<\/strong> Armazenar em local fresco e seco.<\/p>\n<p>A cor deste produto pode variar devido a varia\u00e7\u00f5es de cor dos ingredientes naturais.<\/p>\n<p><em>*Estas declara\u00e7\u00f5es n\u00e3o foram avaliadas pela Administra\u00e7\u00e3o de Alimentos e Drogas dos EUA.<\/em><br \/>\n<em>Este produto n\u00e3o se destina a diagnosticar, tratar, curar ou prevenir qualquer doen\u00e7a.<\/em><\/p>\n<!-- AddThis Advanced Settings generic via filter on the_content --><!-- AddThis Share Buttons generic via filter on the_content -->","protected":false},"excerpt":{"rendered":"<p>DaVinci Labs Thermo-Set (90 caps) ThermoSet \u00e9 uma f\u00f3rmula inteiramente nova que foi redesenhada para abordar os fatores que podem contribuir para o ganho de peso, como o n\u00edvel de energia, o equil\u00edbrio hormonal, a queima de gordura lenta e estresse.* Ele cont\u00e9m um complemento completo de extratos de plantas naturais mais Hoodia, L-Teanina ,<a class=\"moretag\" href=\"http:\/\/genewei.com\/br\/produto\/thermo-set-90-caps\/\"> [&#8230;] <\/a><!-- AddThis Advanced Settings generic via filter on wp_trim_excerpt --><!-- AddThis Share Buttons generic via filter on wp_trim_excerpt --><\/p>\n","protected":false},"featured_media":1732,"template":"","meta":{"sfsi_plus_gutenberg_text_before_share":"","sfsi_plus_gutenberg_show_text_before_share":"","sfsi_plus_gutenberg_icon_type":"","sfsi_plus_gutenberg_icon_alignemt":"","sfsi_plus_gutenburg_max_per_row":"","_genesis_hide_title":false,"_genesis_hide_breadcrumbs":false,"_genesis_hide_singular_image":false,"_genesis_hide_footer_widgets":false,"_genesis_custom_body_class":"","_genesis_custom_post_class":"","_genesis_layout":""},"_links":{"self":[{"href":"http:\/\/genewei.com\/br\/wp-json\/wp\/v2\/product\/1731"}],"collection":[{"href":"http:\/\/genewei.com\/br\/wp-json\/wp\/v2\/product"}],"about":[{"href":"http:\/\/genewei.com\/br\/wp-json\/wp\/v2\/types\/product"}],"wp:featuredmedia":[{"embeddable":true,"href":"http:\/\/genewei.com\/br\/wp-json\/wp\/v2\/media\/1732"}],"wp:attachment":[{"href":"http:\/\/genewei.com\/br\/wp-json\/wp\/v2\/media?parent=1731"}],"curies":[{"name":"wp","href":"https:\/\/api.w.org\/{rel}","templated":true}]}}