{"id":1745,"date":"2016-11-22T19:02:08","date_gmt":"2016-11-22T21:02:08","guid":{"rendered":"http:\/\/genewei.com\/br\/?post_type=product&#038;p=1745"},"modified":"2018-02-24T03:06:46","modified_gmt":"2018-02-24T06:06:46","slug":"stemgevity-90-caps","status":"publish","type":"product","link":"http:\/\/genewei.com\/br\/produto\/stemgevity-90-caps\/","title":{"rendered":"Stemgevity (90 caps)"},"content":{"rendered":"\n<!-- Facebook Like Button Vivacity Infotech BEGIN -->\n<div class=\"fb-like\" data-href=\"http:\/\/genewei.com\/br\/produto\/stemgevity-90-caps\/\" data-layout=\"standard\" data-action=\"like\" data-show-faces=\"true\" data-size=\"small\" data-width=\"550\" data-share=\"1\" ><\/div>\n<!-- Facebook Like Button Vivacity Infotech END -->\n<p>F\u00f3rmula Stemgevity\u2122 de Mobiliza\u00e7\u00e3o das c\u00e9lulas-tronco. <b>Para uso por homens, mulheres e crian\u00e7as. Apoie o sistema do seu corpo com c\u00e9lulas-tronco<\/b><strong> naturalmente, rapidamente, e com seguran\u00e7a. <\/strong>Stemgevity foi formulado sob a dire\u00e7\u00e3o do Dr. David A. Steenblock, m\u00e9dico mundialmente renomado e especialista em c\u00e9lulas-tronco. Tanto ele como seus funcion\u00e1rios, em seu centro de pesquisa hom\u00f4nimo (SRI), passaram anos desenvolvendo todas as formula\u00e7\u00f5es naturais que sustentam a produ\u00e7\u00e3o do pr\u00f3prio corpo de c\u00e9lulas-tronco e um sistema de mobiliza\u00e7\u00e3o.<\/p>\n<h4 style=\"text-align: left;\"><span style=\"color: #333333;\"><i>Ser\u00e1 que voc\u00ea ou um familiar querido <span style=\"color: #008080;\"><b>sofreu efeitos colaterais, <\/b><\/span>n\u00edveis de energia baixos ou outros in\u00fameros efeitos colaterais da quimioterapia ou radioterapia?<\/i><\/span><\/h4>\n<h4 style=\"text-align: left;\"><span style=\"color: #333333;\"><i>Procurando uma solu\u00e7\u00e3o totalmente natural para reparar seu corpo, sa\u00fade e energia <span style=\"color: #333399;\"><b>ap\u00f3s radio ou quimioterapia?<\/b><\/span><\/i><\/span><\/h4>\n<h4 style=\"text-align: left;\"><span style=\"color: #333333;\"><i>Voc\u00ea sabia que voc\u00ea deve reconstruir sua sa\u00fade e c\u00e9lulas saud\u00e1veis AP\u00d3S tratamentos agressivos <span style=\"color: #800080;\"><b>para que o cancer n\u00e3o volte?<\/b><\/span><\/i><\/span><\/h4>\n<h4 style=\"text-align: left;\"><span style=\"color: #808080;\"><strong><em><span style=\"color: #333333;\">Voc\u00ea agora pode reconstruir suas c\u00e9lulas saud\u00e1veis,<\/span> <span style=\"color: #800080;\">as quais foram gravemente danificadas pela quimioterapia e radia\u00e7\u00e3o.<\/span><\/em><\/strong><\/span><\/h4>\n<p><em><strong>Ajuda a apoiar:<\/strong><\/em><\/p>\n<p>* Cora\u00e7\u00e3o e o Sistema Circulat\u00f3rio<br \/>\n* Ossos e Articula\u00e7\u00f5es<br \/>\n* F\u00edgado<br \/>\n* Pele<br \/>\n* C\u00e9rebro<br \/>\n* e muito mais<strong><br \/>\n<\/strong><\/p>\n<p>Stemgevity rapidamente desperta <strong>suas pr\u00f3prias c\u00e9lulas-tronco<\/strong> e em seguida promove a liberta\u00e7\u00e3o delas para sua corrente sangu\u00ednea!<\/p>\n<p>Stemgevity \u00e9 uma f\u00f3rmula especial criada por um m\u00e9dico e pesquisador de c\u00e9lulas-tronco nos EUA. Stemgevity aumenta a produ\u00e7\u00e3o natural do seu corpo de c\u00e9lulas-tronco e reconstr\u00f3i a medula \u00f3ssea, que se danifica pela quimioterapia, fornecendo suas c\u00e9lulas saud\u00e1veis com todos os nutrientes necess\u00e1rios para <b>prevenir que o cancer volte no futuro.<\/b><\/p>\n<hr \/>\n<p><em><strong>Pacientes com cancer: <\/strong>Tomar 3 c\u00e1psulas por dia, de prefer\u00eancia antes de dormir ou como indicado pelo seu m\u00e9dico (de 1 a 12 c\u00e1psulas por dia).\u00a01 unidade \u00e9 suficiente para 1 m\u00eas. Recomendamos iniciar seu primeiro\u00a0pedido com\u00a03 ou mais.<\/em><\/p>\n<!-- AddThis Advanced Settings generic via filter on the_content --><!-- AddThis Share Buttons generic via filter on the_content -->","protected":false},"excerpt":{"rendered":"<p>F\u00f3rmula Stemgevity\u2122 de Mobiliza\u00e7\u00e3o das c\u00e9lulas-tronco. Para uso por homens, mulheres e crian\u00e7as. Apoie o sistema do seu corpo com c\u00e9lulas-tronco naturalmente, rapidamente, e com seguran\u00e7a. Stemgevity foi formulado sob a dire\u00e7\u00e3o do Dr. David A. Steenblock, m\u00e9dico mundialmente renomado e especialista em c\u00e9lulas-tronco. Tanto ele como seus funcion\u00e1rios, em seu centro de pesquisa hom\u00f4nimo<a class=\"moretag\" href=\"http:\/\/genewei.com\/br\/produto\/stemgevity-90-caps\/\"> [&#8230;] <\/a><!-- AddThis Advanced Settings generic via filter on wp_trim_excerpt --><!-- AddThis Share Buttons generic via filter on wp_trim_excerpt --><\/p>\n","protected":false},"featured_media":1746,"template":"","meta":{"sfsi_plus_gutenberg_text_before_share":"","sfsi_plus_gutenberg_show_text_before_share":"","sfsi_plus_gutenberg_icon_type":"","sfsi_plus_gutenberg_icon_alignemt":"","sfsi_plus_gutenburg_max_per_row":"","_genesis_hide_title":false,"_genesis_hide_breadcrumbs":false,"_genesis_hide_singular_image":false,"_genesis_hide_footer_widgets":false,"_genesis_custom_body_class":"","_genesis_custom_post_class":"","_genesis_layout":""},"_links":{"self":[{"href":"http:\/\/genewei.com\/br\/wp-json\/wp\/v2\/product\/1745"}],"collection":[{"href":"http:\/\/genewei.com\/br\/wp-json\/wp\/v2\/product"}],"about":[{"href":"http:\/\/genewei.com\/br\/wp-json\/wp\/v2\/types\/product"}],"wp:featuredmedia":[{"embeddable":true,"href":"http:\/\/genewei.com\/br\/wp-json\/wp\/v2\/media\/1746"}],"wp:attachment":[{"href":"http:\/\/genewei.com\/br\/wp-json\/wp\/v2\/media?parent=1745"}],"curies":[{"name":"wp","href":"https:\/\/api.w.org\/{rel}","templated":true}]}}