{"id":1747,"date":"2016-11-22T19:16:41","date_gmt":"2016-11-22T21:16:41","guid":{"rendered":"http:\/\/genewei.com\/br\/?post_type=product&#038;p=1747"},"modified":"2018-09-24T15:44:18","modified_gmt":"2018-09-24T18:44:18","slug":"citramin-ii-sem-cobre-e-ferro-90-vcaps","status":"publish","type":"product","link":"http:\/\/genewei.com\/br\/produto\/citramin-ii-sem-cobre-e-ferro-90-vcaps\/","title":{"rendered":"Biomins II [sem cobre e ferro] (120 vcaps)"},"content":{"rendered":"\n<!-- Facebook Like Button Vivacity Infotech BEGIN -->\n<div class=\"fb-like\" data-href=\"http:\/\/genewei.com\/br\/produto\/citramin-ii-sem-cobre-e-ferro-90-vcaps\/\" data-layout=\"standard\" data-action=\"like\" data-show-faces=\"true\" data-size=\"small\" data-width=\"550\" data-share=\"1\" ><\/div>\n<!-- Facebook Like Button Vivacity Infotech END -->\n<p><strong>Biomins II [without cu and fe]\u00a0(120 vcaps) | Biomins II [sem cobre e ferro] (120 vcaps)<\/strong><\/p>\n<p>Uma f\u00f3rmula mineral completa de quelatos de citrato otimamente absorvidos* &#8211; sem cobre e ferro<\/p>\n<ul>\n<li>Fornece todos os minerais essenciais &#8211; <strong>c\u00e1lcio, magn\u00e9sio e pot\u00e1ssio<\/strong><\/li>\n<li>Cont\u00e9m um <strong>conjunto completo de minerais<\/strong><\/li>\n<li>Citrato de minerais apoiam o ciclo de Krebs para a <strong>produ\u00e7\u00e3o de energia*<\/strong><\/li>\n<li>Uma f\u00f3rmula multi-mineral completa e <strong>perfeitamente absorv\u00edvel*<\/strong><\/li>\n<\/ul>\n<p><strong>Biomins II cont\u00e9m o mesmo conjunto de macrominerais e minerais como Biomins, mas sem cobre e ferro.<\/strong> H\u00e1 indiv\u00edduos que n\u00e3o precisam de ferro, incluindo as mulheres que j\u00e1 n\u00e3o est\u00e3o menstruadas e a maioria dos homens. Indiv\u00edduos em baixo risco de uma defici\u00eancia de ferro muitas vezes n\u00e3o precisam de suplemento de ferro, a menos que tenham uma condi\u00e7\u00e3o cr\u00f4nica que torna-os deficiente de ferro. Enquanto o cobre \u00e9 um cofator essencial para muitas enzimas do corpo, alguns indiv\u00edduos desenvolveram toxicidade de cobre devido a processos de doen\u00e7a ou exposi\u00e7\u00e3o externa ao cobre (por exemplo, tubos de cobre). Portanto, Biomins II fornece uma f\u00f3rmula de quelato de citrato altamente absorv\u00edvel sem estes dois minerais.*<\/p>\n<p>Muitas empresas fornecem minerais que s\u00e3o quelados ou ligados a prote\u00ednas inteiras ou pept\u00eddeos de subst\u00e2ncias potencialmente alerg\u00eanicas como a soja, chamando-os de quelatos de amino\u00e1cidos. Os minerais individuais da Thorne Research s\u00e3o quelados a amino\u00e1cidos ou \u00e1cidos org\u00e2nicos por meio de uma rea\u00e7\u00e3o molecular que fornece um quelato hipoalerg\u00eanico, previs\u00edvel e de alta qualidade.<\/p>\n<p><strong>Indiv\u00edduos em alto risco de defici\u00eancias minerais incluem&#8230;<\/strong><\/p>\n<ul>\n<li><span style=\"color: #800080;\">Idosos devido \u00e0 deteriora\u00e7\u00e3o da digest\u00e3o,<\/span><\/li>\n<li><span style=\"color: #800080;\">Crian\u00e7as e adolescentes por causa da m\u00e1 alimenta\u00e7\u00e3o, <\/span><\/li>\n<li><span style=\"color: #800080;\">Indiv\u00edduos com transtornos alimentares<\/span><\/li>\n<li><span style=\"color: #800080;\">e aqueles que sofrem de doen\u00e7as cr\u00f4nicas. <\/span><\/li>\n<\/ul>\n<p>Certos medicamentos de prescri\u00e7\u00e3o tamb\u00e9m podem resultar em defici\u00eancias de minerais. A quantidade de minerais em frutas e vegetais depende do solo em que s\u00e3o cultivados; portanto, mesmo indiv\u00edduos saud\u00e1veis que mant\u00eam uma boa dieta podem estar em risco de defici\u00eancias minerais por causa do solo empobrecido em minerais.<\/p>\n<hr \/>\n<div id=\"itemservings\">\n<table class=\"table layout-column\" aria-hidden=\"false\">\n<tbody class=\"flex-100\">\n<tr class=\"ng-scope layout-xs-column layout-sm-column layout-row\">\n<td class=\"ng-binding flex-xs-100 flex-sm-100 flex-50\" colspan=\"2\">Calcium (as DimaCal\u00ae DiCalcium Malate)\u2020<\/td>\n<td class=\"flex-xs-100 flex-sm-100 flex-25\"><span class=\"ng-binding ng-scope\">280<\/span>\u00a0<span class=\"ng-binding ng-scope\">mg<\/span><\/td>\n<td class=\"ng-binding flex-xs-100 flex-sm-100 flex-10\"><\/td>\n<td class=\"flex-xs-100 flex-sm-100 flex-10\"><\/td>\n<\/tr>\n<tr class=\"ng-scope layout-xs-column layout-sm-column layout-row\">\n<td class=\"ng-binding flex-xs-100 flex-sm-100 flex-50\" colspan=\"2\">Iodine (as Potassium Iodide)<\/td>\n<td class=\"flex-xs-100 flex-sm-100 flex-25\"><span class=\"ng-binding ng-scope\">120<\/span>\u00a0<span class=\"ng-binding ng-scope\">mcg<\/span><\/td>\n<td class=\"ng-binding flex-xs-100 flex-sm-100 flex-10\"><\/td>\n<td class=\"flex-xs-100 flex-sm-100 flex-10\"><\/td>\n<\/tr>\n<tr class=\"ng-scope layout-xs-column layout-sm-column layout-row\">\n<td class=\"ng-binding flex-xs-100 flex-sm-100 flex-50\" colspan=\"2\">Magnesium (as Albion\u00ae DiMagnesium Malate)\u2020\u2020<\/td>\n<td class=\"flex-xs-100 flex-sm-100 flex-25\"><span class=\"ng-binding ng-scope\">280<\/span>\u00a0<span class=\"ng-binding ng-scope\">mg<\/span><\/td>\n<td class=\"ng-binding flex-xs-100 flex-sm-100 flex-10\"><\/td>\n<td class=\"flex-xs-100 flex-sm-100 flex-10\"><\/td>\n<\/tr>\n<tr class=\"ng-scope layout-xs-column layout-sm-column layout-row\">\n<td class=\"ng-binding flex-xs-100 flex-sm-100 flex-50\" colspan=\"2\">Zinc (as TRAACS\u00ae Zinc Bisglycinate Chelate)\u2020\u2020\u2020<\/td>\n<td class=\"flex-xs-100 flex-sm-100 flex-25\"><span class=\"ng-binding ng-scope\">20<\/span>\u00a0<span class=\"ng-binding ng-scope\">mg<\/span><\/td>\n<td class=\"ng-binding flex-xs-100 flex-sm-100 flex-10\"><\/td>\n<td class=\"flex-xs-100 flex-sm-100 flex-10\"><\/td>\n<\/tr>\n<tr class=\"ng-scope layout-xs-column layout-sm-column layout-row\">\n<td class=\"ng-binding flex-xs-100 flex-sm-100 flex-50\" colspan=\"2\">Selenium (as L-Selenomethionine)<\/td>\n<td class=\"flex-xs-100 flex-sm-100 flex-25\"><span class=\"ng-binding ng-scope\">120<\/span>\u00a0<span class=\"ng-binding ng-scope\">mcg<\/span><\/td>\n<td class=\"ng-binding flex-xs-100 flex-sm-100 flex-10\"><\/td>\n<td class=\"flex-xs-100 flex-sm-100 flex-10\"><\/td>\n<\/tr>\n<tr class=\"ng-scope layout-xs-column layout-sm-column layout-row\">\n<td class=\"ng-binding flex-xs-100 flex-sm-100 flex-50\" colspan=\"2\">Manganese (as TRAACS\u00ae Manganese Bisglycinate Chelate)\u2020\u2020\u2020<\/td>\n<td class=\"flex-xs-100 flex-sm-100 flex-25\"><span class=\"ng-binding ng-scope\">4<\/span>\u00a0<span class=\"ng-binding ng-scope\">mg<\/span><\/td>\n<td class=\"ng-binding flex-xs-100 flex-sm-100 flex-10\"><\/td>\n<td class=\"flex-xs-100 flex-sm-100 flex-10\"><\/td>\n<\/tr>\n<tr class=\"ng-scope layout-xs-column layout-sm-column layout-row\">\n<td class=\"ng-binding flex-xs-100 flex-sm-100 flex-50\" colspan=\"2\">Chromium (as TRAACS\u00ae Chromium Nicotinate Glycinate Chelate)\u2020\u2020\u2020<\/td>\n<td class=\"flex-xs-100 flex-sm-100 flex-25\"><span class=\"ng-binding ng-scope\">200<\/span>\u00a0<span class=\"ng-binding ng-scope\">mcg<\/span><\/td>\n<td class=\"ng-binding flex-xs-100 flex-sm-100 flex-10\"><\/td>\n<td class=\"flex-xs-100 flex-sm-100 flex-10\"><\/td>\n<\/tr>\n<tr class=\"ng-scope layout-xs-column layout-sm-column layout-row\">\n<td class=\"ng-binding flex-xs-100 flex-sm-100 flex-50\" colspan=\"2\">Molybdenum (as TRAACS\u00ae Molybdenum Glycinate Chelate)\u2020\u2020\u2020<\/td>\n<td class=\"flex-xs-100 flex-sm-100 flex-25\"><span class=\"ng-binding ng-scope\">100<\/span>\u00a0<span class=\"ng-binding ng-scope\">mcg<\/span><\/td>\n<td class=\"ng-binding flex-xs-100 flex-sm-100 flex-10\"><\/td>\n<td class=\"flex-xs-100 flex-sm-100 flex-10\"><\/td>\n<\/tr>\n<tr class=\"ng-scope layout-xs-column layout-sm-column layout-row\">\n<td class=\"ng-binding flex-xs-100 flex-sm-100 flex-50\" colspan=\"2\">Boron (as Bororganic\u2122 Boron Glycinate Complex)\u2020\u2020\u2020\u2020<\/td>\n<td class=\"flex-xs-100 flex-sm-100 flex-25\"><span class=\"ng-binding ng-scope\">2<\/span>\u00a0<span class=\"ng-binding ng-scope\">mg<\/span><\/td>\n<td class=\"ng-binding flex-xs-100 flex-sm-100 flex-10\"><\/td>\n<td class=\"flex-xs-100 flex-sm-100 flex-10\"><\/td>\n<\/tr>\n<tr class=\"ng-scope layout-xs-column layout-sm-column layout-row\">\n<td class=\"ng-binding flex-xs-100 flex-sm-100 flex-50\" colspan=\"2\">Vanadyl Sulfate<\/td>\n<td class=\"flex-xs-100 flex-sm-100 flex-25\"><span class=\"ng-binding ng-scope\">100<\/span>\u00a0<span class=\"ng-binding ng-scope\">mcg<\/span><\/td>\n<\/tr>\n<\/tbody>\n<\/table>\n<\/div>\n<hr \/>\n<p><strong>AVISO DE ALERGIA<\/strong><\/p>\n<p>Este produto est\u00e1 contra-indicado num indiv\u00edduo com hist\u00f3ria de hipersensibilidade a qualquer um dos seus ingredientes. O iodo pode ocasionalmente causar uma rea\u00e7\u00e3o al\u00e9rgica em alguns indiv\u00edduos.<\/p>\n<p><strong>ADVERT\u00caNCIA DA GRAVIDEZ<\/strong><br \/>\nSe estiver gr\u00e1vida, consulte o seu m\u00e9dico antes de utilizar este produto.<\/p>\n<p><strong>INTERA\u00c7\u00d5ES<\/strong><br \/>\nN\u00e3o existem interac\u00e7\u00f5es adversas conhecidas ou contra-indica\u00e7\u00f5es na data de publica\u00e7\u00e3o.<\/p>\n<p><strong>ADVERT\u00caNCIAS ADICIONAIS<\/strong><br \/>\nG\u00e1s, incha\u00e7o ou diarr\u00e9ia podem ocorrer em alguns indiv\u00edduos que tomam suplementos de magn\u00e9sio. Isto pode ocorrer em quantidades vari\u00e1veis dependendo do indiv\u00edduo e resolve quando a quantidade \u00e9 reduzida.<\/p>\n<!-- AddThis Advanced Settings generic via filter on the_content --><!-- AddThis Share Buttons generic via filter on the_content -->","protected":false},"excerpt":{"rendered":"<p>Biomins II [without cu and fe]\u00a0(120 vcaps) | Biomins II [sem cobre e ferro] (120 vcaps) Uma f\u00f3rmula mineral completa de quelatos de citrato otimamente absorvidos* &#8211; sem cobre e ferro Fornece todos os minerais essenciais &#8211; c\u00e1lcio, magn\u00e9sio e pot\u00e1ssio Cont\u00e9m um conjunto completo de minerais Citrato de minerais apoiam o ciclo de Krebs<a class=\"moretag\" href=\"http:\/\/genewei.com\/br\/produto\/citramin-ii-sem-cobre-e-ferro-90-vcaps\/\"> [&#8230;] <\/a><!-- AddThis Advanced Settings generic via filter on wp_trim_excerpt --><!-- AddThis Share Buttons generic via filter on wp_trim_excerpt --><\/p>\n","protected":false},"featured_media":3506,"template":"","meta":{"sfsi_plus_gutenberg_text_before_share":"","sfsi_plus_gutenberg_show_text_before_share":"","sfsi_plus_gutenberg_icon_type":"","sfsi_plus_gutenberg_icon_alignemt":"","sfsi_plus_gutenburg_max_per_row":"","_genesis_hide_title":false,"_genesis_hide_breadcrumbs":false,"_genesis_hide_singular_image":false,"_genesis_hide_footer_widgets":false,"_genesis_custom_body_class":"","_genesis_custom_post_class":"","_genesis_layout":""},"_links":{"self":[{"href":"http:\/\/genewei.com\/br\/wp-json\/wp\/v2\/product\/1747"}],"collection":[{"href":"http:\/\/genewei.com\/br\/wp-json\/wp\/v2\/product"}],"about":[{"href":"http:\/\/genewei.com\/br\/wp-json\/wp\/v2\/types\/product"}],"wp:featuredmedia":[{"embeddable":true,"href":"http:\/\/genewei.com\/br\/wp-json\/wp\/v2\/media\/3506"}],"wp:attachment":[{"href":"http:\/\/genewei.com\/br\/wp-json\/wp\/v2\/media?parent=1747"}],"curies":[{"name":"wp","href":"https:\/\/api.w.org\/{rel}","templated":true}]}}