{"id":1752,"date":"2016-11-22T22:11:59","date_gmt":"2016-11-23T00:11:59","guid":{"rendered":"http:\/\/genewei.com\/br\/?post_type=product&#038;p=1752"},"modified":"2018-05-16T20:18:01","modified_gmt":"2018-05-16T23:18:01","slug":"acetil-l-carnitina-arginato-90-caps","status":"publish","type":"product","link":"http:\/\/genewei.com\/br\/produto\/acetil-l-carnitina-arginato-90-caps\/","title":{"rendered":"Acetil-L-Carnitina Arginato (90 caps)"},"content":{"rendered":"\n<!-- Facebook Like Button Vivacity Infotech BEGIN -->\n<div class=\"fb-like\" data-href=\"http:\/\/genewei.com\/br\/produto\/acetil-l-carnitina-arginato-90-caps\/\" data-layout=\"standard\" data-action=\"like\" data-show-faces=\"true\" data-size=\"small\" data-width=\"550\" data-share=\"1\" ><\/div>\n<!-- Facebook Like Button Vivacity Infotech END -->\n<p><strong>Acetyl-L-Carnitine Arginate (90 caps) | Acetil-L-Carnitina Arginato (90 caps)<\/strong><\/p>\n<p><strong>A principal causa do envelhecimento<\/strong> \u00e9 a redu\u00e7\u00e3o dos componentes produtores de energia da c\u00e9lula, resultando em atividade metab\u00f3lica celular reduzida e acumula\u00e7\u00e3o de detritos celulares.1-7 A L-carnitina ajuda a manter o metabolismo da energia celular ao auxiliar no transporte de gorduras \u00e1cidos graxos a partir do citosol para as mitoc\u00f4ndrias dentro da c\u00e9lula, onde as gorduras s\u00e3o oxidadas para produzir a energia celular (adenosina trifosfato ou ATP).8-13<\/p>\n<p><strong>A acetila\u00e7\u00e3o da L-carnitina (acetil-L-carnitina) facilita a libera\u00e7\u00e3o e s\u00edntese de acetilcolina,<\/strong> doando seu grupo acetil \u00e0 produ\u00e7\u00e3o de acetilcolina, importante neurotransmissor.16, 17 A acetil-L-carnitina tamb\u00e9m melhora a libera\u00e7\u00e3o de dopamina de neur\u00f4nios e ajuda a se ligar aos receptores da dopamina.14, 15, 18, 19<\/p>\n<p><strong>ArginoCarn\u00ae \u00e9 uma forma patenteada de di-hidrocloreto de acetil-L-carnitina<\/strong> que est\u00e1 molecularmente ligada ao amino\u00e1cido arginina e conhecida como a gera\u00e7\u00e3o de AminoCarnitine\u00ae. Estudos celulares sugerem que ela pode estimular o crescimento de neurites.20-22<\/p>\n<p><strong>A acetil-L-carnitina \u00e9 t\u00e3o eficaz quanto a L-carnitina<\/strong> no transporte de \u00e1cidos graxos atrav\u00e9s da membrana para a c\u00e9lula onde eles s\u00e3o queimados como energia, mas tamb\u00e9m promove a sa\u00fade do c\u00e9rebro ideal. Com a descoberta do arginato de acetil-L-carnitina, os benef\u00edcios da acetil-L-carnitina podem agora ser grandemente aumentados.<\/p>\n<p><em>Refer\u00eancias<\/em><br \/>\n<em>1. Physiol Rev.1998 Apr;78(2):547-81. <\/em><br \/>\n<em>2. Ann N Y Acad Sci. 2004 Jun;1019:406-11.<\/em><br \/>\n<em>3. Trends Cell Biol. 2011 Oct;21(10):569-76. <\/em><br \/>\n<em>4. Zhonghua Yi Xue Za Zhi (Taipei). 2001 May;64(5):259-70. <\/em><br \/>\n<em>5. Am J Physiol Cell Physiol. 2007 Feb;292(2):C670-86. <\/em><br \/>\n<em>6. Proc Natl Acad Sci U S A. 1997 Apr 1;94(7):3064-9.<\/em><br \/>\n<em>7. Ann N Y Acad Sci. 1998 Nov 20;854:118-27. <\/em><br \/>\n<em>8. J Lipid Res. 2004 Apr;45(4):729-35. <\/em><br \/>\n<em>9. Metabolism. 1997 Dec;46(12):1454-7.<\/em><br \/>\n<em>10 Mech Ageing Dev. 1995 Oct 13;84(2):103-12.<\/em><br \/>\n<em>11. Ann N Y Acad Sci. 2002 Apr;959:491-507.<\/em><br \/>\n<em>12. Biochim Biophys Acta. 2000 Jun 26;1486(1):1-17.<\/em><br \/>\n<em>13. Am J Clin Nutr. 2007 Dec;86(6):1738-44. .<\/em><br \/>\n<em>14. Neuropsychopharmacology. 2003 Apr;28(4):683-93. <\/em><br \/>\n<em>15. Neuropsychopharmacology. 2002 Sep;27(3):410-20.<\/em><br \/>\n<em>16. Geriatr Gerontol Int. 2010 Jul;10 Suppl 1:S99-106.<\/em><br \/>\n<em>17. J Neurosci Res. 2001 Oct 15;66(2):266-71.<\/em><br \/>\n<em>18. J Neurosci Res. 1991 Nov;30(3):555-9.<\/em><br \/>\n<em>19. Eur J Pharmacol. 1992 Jul 21;218(1):117-21.<\/em><br \/>\n<em>20. Altern Med Rev. 2005 Dec;10(4):268-93.<\/em><br \/>\n<em>21. Neurosci Lett. 1994 Jan 3;165(1-2):33-6.<\/em><br \/>\n<em>22. Neurochem Res. 1995 Jan;20(1):1-9.<\/em><\/p>\n<hr \/>\n<div id=\"itemservings\"><strong>Dose por recipiente:<\/strong> 100<\/div>\n<ul>\n<li>Tome uma (1) c\u00e1psula tr\u00eas vezes ao dia, de prefer\u00eancia com o est\u00f4mago vazio, ou como recomendado por um profissional de sa\u00fade.<\/li>\n<li>Este produto pode ser tomado em doses divididas ou todos de uma vez.<\/li>\n<\/ul>\n<p><strong>Tamanho da Dose:<\/strong> 1 C\u00e1psula Vegetariana<\/p>\n<p><strong>Quantidade por por\u00e7\u00e3o:<\/strong><br \/>\n<strong>Cloridrato de Acetil-L-Carnitina<\/strong> &#8230; 300 mg<br \/>\n<strong>ArginoCarn\u00ae Dihidrocloreto de Arginato de Acetil-L-Carnitina<\/strong> &#8230; 320mg<\/p>\n<p><strong>Outros ingredientes:<\/strong> celulose vegetal (c\u00e1psula), farinha de arroz, palmitato de ascorbilo.<\/p>\n<p>N\u00e3o-OGM<\/p>\n<hr \/>\n<p><strong>Avisos<\/strong><\/p>\n<ul>\n<li>MANTENHA FORA DO ALCANCE DE CRIAN\u00c7AS<\/li>\n<li>N\u00c3O EXCEDA A DOSE RECOMENDADA<\/li>\n<li>N\u00e3o compre se o selo exterior estiver quebrado ou danificado.<\/li>\n<li>Ao usar suplementos nutricionais, consulte o seu m\u00e9dico se voc\u00ea est\u00e1 passando por um tratamento para uma condi\u00e7\u00e3o m\u00e9dica ou se voc\u00ea est\u00e1 gr\u00e1vida ou amamentando.<\/li>\n<\/ul>\n<p>ArginoCarn\u00ae \u00e9 uma marca registada de Sigma-tau HealthScience e est\u00e1 protegida pela patente de inven\u00e7\u00e3o norte-americana 6,703,042 e pela patente de inven\u00e7\u00e3o mundial EP1202956.<\/p>\n<p><em>Estas declara\u00e7\u00f5es n\u00e3o foram avaliadas pela Administra\u00e7\u00e3o de Alimentos e Drogas dos EUA. Estes produtos n\u00e3o se destinam a diagnosticar, tratar, curar ou prevenir qualquer doen\u00e7a.<\/em><\/p>\n<!-- AddThis Advanced Settings generic via filter on the_content --><!-- AddThis Share Buttons generic via filter on the_content -->","protected":false},"excerpt":{"rendered":"<p>Acetyl-L-Carnitine Arginate (90 caps) | Acetil-L-Carnitina Arginato (90 caps) A principal causa do envelhecimento \u00e9 a redu\u00e7\u00e3o dos componentes produtores de energia da c\u00e9lula, resultando em atividade metab\u00f3lica celular reduzida e acumula\u00e7\u00e3o de detritos celulares.1-7 A L-carnitina ajuda a manter o metabolismo da energia celular ao auxiliar no transporte de gorduras \u00e1cidos graxos a partir<a class=\"moretag\" href=\"http:\/\/genewei.com\/br\/produto\/acetil-l-carnitina-arginato-90-caps\/\"> [&#8230;] <\/a><!-- AddThis Advanced Settings generic via filter on wp_trim_excerpt --><!-- AddThis Share Buttons generic via filter on wp_trim_excerpt --><\/p>\n","protected":false},"featured_media":3098,"template":"","meta":{"sfsi_plus_gutenberg_text_before_share":"","sfsi_plus_gutenberg_show_text_before_share":"","sfsi_plus_gutenberg_icon_type":"","sfsi_plus_gutenberg_icon_alignemt":"","sfsi_plus_gutenburg_max_per_row":"","_genesis_hide_title":false,"_genesis_hide_breadcrumbs":false,"_genesis_hide_singular_image":false,"_genesis_hide_footer_widgets":false,"_genesis_custom_body_class":"","_genesis_custom_post_class":"","_genesis_layout":""},"_links":{"self":[{"href":"http:\/\/genewei.com\/br\/wp-json\/wp\/v2\/product\/1752"}],"collection":[{"href":"http:\/\/genewei.com\/br\/wp-json\/wp\/v2\/product"}],"about":[{"href":"http:\/\/genewei.com\/br\/wp-json\/wp\/v2\/types\/product"}],"wp:featuredmedia":[{"embeddable":true,"href":"http:\/\/genewei.com\/br\/wp-json\/wp\/v2\/media\/3098"}],"wp:attachment":[{"href":"http:\/\/genewei.com\/br\/wp-json\/wp\/v2\/media?parent=1752"}],"curies":[{"name":"wp","href":"https:\/\/api.w.org\/{rel}","templated":true}]}}