{"id":1771,"date":"2016-11-25T20:24:49","date_gmt":"2016-11-25T22:24:49","guid":{"rendered":"http:\/\/genewei.com\/br\/?post_type=product&#038;p=1771"},"modified":"2018-02-24T02:58:56","modified_gmt":"2018-02-24T05:58:56","slug":"complexo-poligugul-90-caps","status":"publish","type":"product","link":"http:\/\/genewei.com\/br\/produto\/complexo-poligugul-90-caps\/","title":{"rendered":"Complexo Poligugul (90 caps)"},"content":{"rendered":"\n<!-- Facebook Like Button Vivacity Infotech BEGIN -->\n<div class=\"fb-like\" data-href=\"http:\/\/genewei.com\/br\/produto\/complexo-poligugul-90-caps\/\" data-layout=\"standard\" data-action=\"like\" data-show-faces=\"true\" data-size=\"small\" data-width=\"550\" data-share=\"1\" ><\/div>\n<!-- Facebook Like Button Vivacity Infotech END -->\n<p><strong>Poligugul Complex (90 caps) |\u00a0Complexo Poligugul (90 caps)<\/strong><\/p>\n<p><em>Poligugul Complex<\/em> 90 caps est\u00e1 dispon\u00edvel por <em>Progressive Labs.<\/em><\/p>\n<p><strong>As subst\u00e2ncias naturais podem ser usadas para reduzir o colesterol de forma t\u00e3o eficiente quanto as drogas, sem efeitos adversos.<\/strong> Poligugul \u00e9 uma mistura de nutrientes comprovados para atacar o colesterol elevado. Policosanol inibe a s\u00edntese de colesterol dentro do corpo e melhora o processamento de LDL. O gugulip\u00eddeo parece aumentar a absor\u00e7\u00e3o e o metabolismo da LDL no soro pelo f\u00edgado. A forma de tocotrienol da Vitamina E parece diminuir a produ\u00e7\u00e3o de colesterol ao aumentar a degrada\u00e7\u00e3o da HMG-CoA redutase, a enzima limitante na produ\u00e7\u00e3o de colesterol. A fibra Beta\u00a0Glucana do farelo de aveia liga os \u00e1cidos biliares ricos em colesterol e aumenta sua excre\u00e7\u00e3o. A vitamina E como d-alfa-tocoferol, protege LDL da oxida\u00e7\u00e3o, assim, reduzindo o risco de doen\u00e7a cardiovascular.<\/p>\n<hr \/>\n<p><strong>Dosagem:<\/strong> Tr\u00eas (3) c\u00e1psulas di\u00e1rias, ou mais, conforme indicado pelo m\u00e9dico.<\/p>\n<p><strong>Vitamina E (de Tocomax)<\/strong> &#8230; 9 UI<br \/>\n<strong>Policosanol<\/strong> &#8230; 15mg<br \/>\n<em>(isolado da cana-de-a\u00e7\u00facar)<\/em><br \/>\n<strong>Extrato Gugulip\u00eddico Guggul<\/strong> &#8230; 900mg<br \/>\n<em>(resina)<\/em><br \/>\n<strong>Tocotrien\u00f3is Mistos<\/strong> &#8230; 15mg<br \/>\n<em>(da Tocomax)<\/em><br \/>\n<strong>Beta Glucano<\/strong> (de farelo de aveia) &#8230; 450mg<\/p>\n<p><strong>Cont\u00e9m<\/strong> &#8211; Gelatina, Farinha de Arroz, Di\u00f3xido de Sil\u00edcio, Estearato de Magn\u00e9sio<\/p>\n<hr \/>\n<p>Mantenha fora do alcance de crian\u00e7as.<\/p>\n<!-- AddThis Advanced Settings generic via filter on the_content --><!-- AddThis Share Buttons generic via filter on the_content -->","protected":false},"excerpt":{"rendered":"<p>Poligugul Complex (90 caps) |\u00a0Complexo Poligugul (90 caps) Poligugul Complex 90 caps est\u00e1 dispon\u00edvel por Progressive Labs. As subst\u00e2ncias naturais podem ser usadas para reduzir o colesterol de forma t\u00e3o eficiente quanto as drogas, sem efeitos adversos. Poligugul \u00e9 uma mistura de nutrientes comprovados para atacar o colesterol elevado. Policosanol inibe a s\u00edntese de colesterol<a class=\"moretag\" href=\"http:\/\/genewei.com\/br\/produto\/complexo-poligugul-90-caps\/\"> [&#8230;] <\/a><!-- AddThis Advanced Settings generic via filter on wp_trim_excerpt --><!-- AddThis Share Buttons generic via filter on wp_trim_excerpt --><\/p>\n","protected":false},"featured_media":1772,"template":"","meta":{"sfsi_plus_gutenberg_text_before_share":"","sfsi_plus_gutenberg_show_text_before_share":"","sfsi_plus_gutenberg_icon_type":"","sfsi_plus_gutenberg_icon_alignemt":"","sfsi_plus_gutenburg_max_per_row":"","_genesis_hide_title":false,"_genesis_hide_breadcrumbs":false,"_genesis_hide_singular_image":false,"_genesis_hide_footer_widgets":false,"_genesis_custom_body_class":"","_genesis_custom_post_class":"","_genesis_layout":""},"_links":{"self":[{"href":"http:\/\/genewei.com\/br\/wp-json\/wp\/v2\/product\/1771"}],"collection":[{"href":"http:\/\/genewei.com\/br\/wp-json\/wp\/v2\/product"}],"about":[{"href":"http:\/\/genewei.com\/br\/wp-json\/wp\/v2\/types\/product"}],"wp:featuredmedia":[{"embeddable":true,"href":"http:\/\/genewei.com\/br\/wp-json\/wp\/v2\/media\/1772"}],"wp:attachment":[{"href":"http:\/\/genewei.com\/br\/wp-json\/wp\/v2\/media?parent=1771"}],"curies":[{"name":"wp","href":"https:\/\/api.w.org\/{rel}","templated":true}]}}