{"id":1781,"date":"2016-11-28T01:47:35","date_gmt":"2016-11-28T03:47:35","guid":{"rendered":"http:\/\/genewei.com\/br\/?post_type=product&#038;p=1781"},"modified":"2018-08-04T14:58:22","modified_gmt":"2018-08-04T17:58:22","slug":"mega-probiotico-nd-120-caps","status":"publish","type":"product","link":"http:\/\/genewei.com\/br\/produto\/mega-probiotico-nd-120-caps\/","title":{"rendered":"Mega Probi\u00f3tico-ND (120 caps)"},"content":{"rendered":"\n<!-- Facebook Like Button Vivacity Infotech BEGIN -->\n<div class=\"fb-like\" data-href=\"http:\/\/genewei.com\/br\/produto\/mega-probiotico-nd-120-caps\/\" data-layout=\"standard\" data-action=\"like\" data-show-faces=\"true\" data-size=\"small\" data-width=\"550\" data-share=\"1\" ><\/div>\n<!-- Facebook Like Button Vivacity Infotech END -->\n<p><strong>Mega Probiotic-ND |\u00a0Mega Probi\u00f3tico-ND\u00a0<\/strong>\u00e9 uma formula\u00e7\u00e3o probi\u00f3tica n\u00e3o l\u00e1ctea produzida a partir de uma fonte totalmente natural de microorganismos ben\u00e9ficos e FOS para apoiar\u00a0a sa\u00fade do aparelho digestivo.*<\/p>\n<hr \/>\n<div id=\"itemservings\"><\/div>\n<p><strong>Doses por Recipiente:<\/strong> 40<\/p>\n<p>Como suplemento diet\u00e9tico, siga as recomenda\u00e7\u00f5es abaixo, ou conforme indicado pelo seu m\u00e9dico.<\/p>\n<p><strong>Inicial:<\/strong>\u00a0Tome o valor abaixo 2\u00a0vezes ao dia, depois do caf\u00e9 da manh\u00e3 e depois do jantar at\u00e9 que os resultados ocorram.<\/p>\n<p><strong>Crian\u00e7a:<\/strong> 1 c\u00e1psula<br \/>\n<strong>Adulto:<\/strong> 2 c\u00e1psulas<br \/>\n<strong>Senior:<\/strong> 3 c\u00e1psulas<\/p>\n<p><strong>Manuten\u00e7\u00e3o:<\/strong> Tome o valor acima uma vez por dia ap\u00f3s o caf\u00e9 da manh\u00e3.<\/p>\n<p><strong>Tamanho da dose:<\/strong> 3 C\u00e1psulas<\/p>\n<p><strong>Quantidade por por\u00e7\u00e3o<\/strong><br \/>\n<strong>Complexo Probi\u00f3tico N\u00e3o-Agitado Estabilizado<\/strong> &#8230; 15 bilh\u00f5es CFU *<br \/>\n<em>contendo Lactobacillus acidophilus, Lactobacillus rhamnosus, Bifidobacterium lactis, Lactobacillus casei, Bifidobacterium breve, Bifidobacterium longum, Bifidobacterium bifidum, Streptococcus thermophilus<\/em><br \/>\n<strong>Fructooligossacar\u00eddeos (FOS)<\/strong> &#8230; 660mg<\/p>\n<p><strong>Outros ingredientes:<\/strong> maltodextrina de arroz, celulose vegetal.<\/p>\n<hr \/>\n<p>Refrigerar ap\u00f3s a abertura.<\/p>\n<p>A cor deste produto pode variar devido a varia\u00e7\u00f5es de cor dos ingredientes naturais.<\/p>\n<p>Se estiver gr\u00e1vida ou amamentando, consulte o seu m\u00e9dico antes de tomar este produto.<\/p>\n<p><strong>Mantenha fora do alcance de crian\u00e7as.<\/strong><\/p>\n<p>Armazenar em local fresco e seco.<\/p>\n<p><em>*Esta declara\u00e7\u00e3o n\u00e3o foi avaliada pela Administra\u00e7\u00e3o de Alimentos e Medicamentos dos EUA.<\/em><br \/>\n<em>Este produto n\u00e3o se destina a diagnosticar, tratar, curar ou prevenir qualquer doen\u00e7a.<\/em><\/p>\n<!-- AddThis Advanced Settings generic via filter on the_content --><!-- AddThis Share Buttons generic via filter on the_content -->","protected":false},"excerpt":{"rendered":"<p>Mega Probiotic-ND |\u00a0Mega Probi\u00f3tico-ND\u00a0\u00e9 uma formula\u00e7\u00e3o probi\u00f3tica n\u00e3o l\u00e1ctea produzida a partir de uma fonte totalmente natural de microorganismos ben\u00e9ficos e FOS para apoiar\u00a0a sa\u00fade do aparelho digestivo.* Doses por Recipiente: 40 Como suplemento diet\u00e9tico, siga as recomenda\u00e7\u00f5es abaixo, ou conforme indicado pelo seu m\u00e9dico. Inicial:\u00a0Tome o valor abaixo 2\u00a0vezes ao dia, depois do caf\u00e9<a class=\"moretag\" href=\"http:\/\/genewei.com\/br\/produto\/mega-probiotico-nd-120-caps\/\"> [&#8230;] <\/a><!-- AddThis Advanced Settings generic via filter on wp_trim_excerpt --><!-- AddThis Share Buttons generic via filter on wp_trim_excerpt --><\/p>\n","protected":false},"featured_media":1782,"template":"","meta":{"sfsi_plus_gutenberg_text_before_share":"","sfsi_plus_gutenberg_show_text_before_share":"","sfsi_plus_gutenberg_icon_type":"","sfsi_plus_gutenberg_icon_alignemt":"","sfsi_plus_gutenburg_max_per_row":"","_genesis_hide_title":false,"_genesis_hide_breadcrumbs":false,"_genesis_hide_singular_image":false,"_genesis_hide_footer_widgets":false,"_genesis_custom_body_class":"","_genesis_custom_post_class":"","_genesis_layout":""},"_links":{"self":[{"href":"http:\/\/genewei.com\/br\/wp-json\/wp\/v2\/product\/1781"}],"collection":[{"href":"http:\/\/genewei.com\/br\/wp-json\/wp\/v2\/product"}],"about":[{"href":"http:\/\/genewei.com\/br\/wp-json\/wp\/v2\/types\/product"}],"wp:featuredmedia":[{"embeddable":true,"href":"http:\/\/genewei.com\/br\/wp-json\/wp\/v2\/media\/1782"}],"wp:attachment":[{"href":"http:\/\/genewei.com\/br\/wp-json\/wp\/v2\/media?parent=1781"}],"curies":[{"name":"wp","href":"https:\/\/api.w.org\/{rel}","templated":true}]}}