{"id":1784,"date":"2016-11-28T02:01:13","date_gmt":"2016-11-28T04:01:13","guid":{"rendered":"http:\/\/genewei.com\/br\/?post_type=product&#038;p=1784"},"modified":"2018-02-24T02:47:49","modified_gmt":"2018-02-24T05:47:49","slug":"roma-com-super-frutas-60-vcaps","status":"publish","type":"product","link":"http:\/\/genewei.com\/br\/produto\/roma-com-super-frutas-60-vcaps\/","title":{"rendered":"Rom\u00e3 com Super Frutas (60 vcaps)"},"content":{"rendered":"\n<!-- Facebook Like Button Vivacity Infotech BEGIN -->\n<div class=\"fb-like\" data-href=\"http:\/\/genewei.com\/br\/produto\/roma-com-super-frutas-60-vcaps\/\" data-layout=\"standard\" data-action=\"like\" data-show-faces=\"true\" data-size=\"small\" data-width=\"550\" data-share=\"1\" ><\/div>\n<!-- Facebook Like Button Vivacity Infotech END -->\n<p><strong>Pomegranate w\/ Super Fruits (60 vcaps) |\u00a0Rom\u00e3 com Super Frutas (60 vcaps)<\/strong><\/p>\n<p><em>Pomegranate Plus 60c<\/em> est\u00e1 dispon\u00edvel por <em>Progressive Labs.<\/em><\/p>\n<p>F\u00f3rmula de rom\u00e3 para auxiliar nos n\u00edveis normais de press\u00e3o arterial, sa\u00fade cardiovascular e fun\u00e7\u00e3o vascular geral. F\u00f3rmula baseada em pesquisas recentes que apontam um impacto positivo na boa sa\u00fade.<\/p>\n<hr \/>\n<p>&nbsp;<\/p>\n<p>Uma ou duas c\u00e1psulas por dia.<\/p>\n<p>2 c\u00e1psulas vegetais:<br \/>\n<strong>Extrato de Pomella Rom\u00e3<\/strong> &#8230; 800mg<br \/>\n<strong>Extrato de Suco de A\u00e7a\u00ed<\/strong> &#8230; 200mg<br \/>\n<strong>Extrato de Mangost\u00e3o Super ORAC<\/strong> &#8230; 200mg<br \/>\n<strong>Extrato de Raiz de Knotweed Japon\u00eas<\/strong> &#8230; 40mg<br \/>\n<strong>Resveratrol<\/strong> (de Knotweed japon\u00eas) &#8230; 8mg<br \/>\nBioperina &#8230; 4mg<\/p>\n<p><strong>OUTROS INGREDIENTES:<\/strong> hipromelose (c\u00e1psula vegetal), farinha de arroz, estearato de magn\u00e9sio vegetal<\/p>\n<!-- AddThis Advanced Settings generic via filter on the_content --><!-- AddThis Share Buttons generic via filter on the_content -->","protected":false},"excerpt":{"rendered":"<p>Pomegranate w\/ Super Fruits (60 vcaps) |\u00a0Rom\u00e3 com Super Frutas (60 vcaps) Pomegranate Plus 60c est\u00e1 dispon\u00edvel por Progressive Labs. F\u00f3rmula de rom\u00e3 para auxiliar nos n\u00edveis normais de press\u00e3o arterial, sa\u00fade cardiovascular e fun\u00e7\u00e3o vascular geral. F\u00f3rmula baseada em pesquisas recentes que apontam um impacto positivo na boa sa\u00fade. &nbsp; Uma ou duas c\u00e1psulas<a class=\"moretag\" href=\"http:\/\/genewei.com\/br\/produto\/roma-com-super-frutas-60-vcaps\/\"> [&#8230;] <\/a><!-- AddThis Advanced Settings generic via filter on wp_trim_excerpt --><!-- AddThis Share Buttons generic via filter on wp_trim_excerpt --><\/p>\n","protected":false},"featured_media":1785,"template":"","meta":{"sfsi_plus_gutenberg_text_before_share":"","sfsi_plus_gutenberg_show_text_before_share":"","sfsi_plus_gutenberg_icon_type":"","sfsi_plus_gutenberg_icon_alignemt":"","sfsi_plus_gutenburg_max_per_row":"","_genesis_hide_title":false,"_genesis_hide_breadcrumbs":false,"_genesis_hide_singular_image":false,"_genesis_hide_footer_widgets":false,"_genesis_custom_body_class":"","_genesis_custom_post_class":"","_genesis_layout":""},"_links":{"self":[{"href":"http:\/\/genewei.com\/br\/wp-json\/wp\/v2\/product\/1784"}],"collection":[{"href":"http:\/\/genewei.com\/br\/wp-json\/wp\/v2\/product"}],"about":[{"href":"http:\/\/genewei.com\/br\/wp-json\/wp\/v2\/types\/product"}],"wp:featuredmedia":[{"embeddable":true,"href":"http:\/\/genewei.com\/br\/wp-json\/wp\/v2\/media\/1785"}],"wp:attachment":[{"href":"http:\/\/genewei.com\/br\/wp-json\/wp\/v2\/media?parent=1784"}],"curies":[{"name":"wp","href":"https:\/\/api.w.org\/{rel}","templated":true}]}}