{"id":1786,"date":"2016-11-28T02:21:46","date_gmt":"2016-11-28T04:21:46","guid":{"rendered":"http:\/\/genewei.com\/br\/?post_type=product&#038;p=1786"},"modified":"2018-02-24T02:55:04","modified_gmt":"2018-02-24T05:55:04","slug":"semente-de-uva-pco-fitosoma-100-mg-90-vcaps","status":"publish","type":"product","link":"http:\/\/genewei.com\/br\/produto\/semente-de-uva-pco-fitosoma-100-mg-90-vcaps\/","title":{"rendered":"Semente de uva (PCO) Fitosoma 100 mg (90 vcaps)"},"content":{"rendered":"\n<!-- Facebook Like Button Vivacity Infotech BEGIN -->\n<div class=\"fb-like\" data-href=\"http:\/\/genewei.com\/br\/produto\/semente-de-uva-pco-fitosoma-100-mg-90-vcaps\/\" data-layout=\"standard\" data-action=\"like\" data-show-faces=\"true\" data-size=\"small\" data-width=\"550\" data-share=\"1\" ><\/div>\n<!-- Facebook Like Button Vivacity Infotech END -->\n<p><strong>Grape Seed (PCO) Phytosome 100 mg (90 vcaps) |\u00a0Semente de uva (PCO) Fitosoma 100 mg (90 vcaps)<\/strong><\/p>\n<p>A tecnologia patenteada Fitosoma, que combina uma parte de extrato de semente de uva padronizada com duas partes de fosfatidilcolina, melhora drasticamente a absor\u00e7\u00e3o.<\/p>\n<hr \/>\n<div id=\"itemservings\"><strong>Dose por Recipiente:<\/strong> 90<\/div>\n<p>Tome 1 c\u00e1psula 3x\u00a0ao dia ou como recomendado por seu m\u00e9dico de sa\u00fade.<\/p>\n<p><strong>Tamanho da dose:<\/strong> 1 c\u00e1psula<\/p>\n<p><strong>Quantidade por por\u00e7\u00e3o<\/strong><br \/>\n<strong>Semente de uva\u00a0Fitosoma<\/strong>\u00a0&#8230; 100mg<br \/>\n<em>(Vitis vinifera)<\/em><br \/>\n<em>Uma parte de extrato de semente de uva, padronizada para conter 95 por cento de polifen\u00f3is, incluindo olig\u00f3meros procianid\u00f3licos (PCOs), ligado a duas partes de fosfatidilcolina usando um processo patenteado<\/em><\/p>\n<p><strong>Outros Ingredientes:<\/strong> celulose, goma de celulose modificada, estearato de magn\u00e9sio, \u00e1cido este\u00e1rico, celulose modificada, di\u00f3xido de sil\u00edcio, lecitina de soja e cera de carna\u00faba.<\/p>\n<p><strong>Semente de uva (PCO) Fitosoma N\u00e3o Cont\u00e9m:<\/strong> colora\u00e7\u00e3o artificial, aromatizante artificial, milho, produtos l\u00e1cteos, gl\u00faten, ingredientes de origem animal, conservantes, sal, a\u00e7\u00facar, trigo, fermento<\/p>\n<hr \/>\n<p>Se estiver gr\u00e1vida, amamentando ou tomando rem\u00e9dios, consulte o seu m\u00e9dico antes de usar.<\/p>\n<p><em>\u2020 Esta declara\u00e7\u00e3o n\u00e3o foi avaliada pela Administra\u00e7\u00e3o de Alimentos e Drogas dos EUA. Este produto n\u00e3o se destina a diagnosticar, tratar, curar ou prevenir qualquer doen\u00e7a.<\/em><\/p>\n<!-- AddThis Advanced Settings generic via filter on the_content --><!-- AddThis Share Buttons generic via filter on the_content -->","protected":false},"excerpt":{"rendered":"<p>Grape Seed (PCO) Phytosome 100 mg (90 vcaps) |\u00a0Semente de uva (PCO) Fitosoma 100 mg (90 vcaps) A tecnologia patenteada Fitosoma, que combina uma parte de extrato de semente de uva padronizada com duas partes de fosfatidilcolina, melhora drasticamente a absor\u00e7\u00e3o. Dose por Recipiente: 90 Tome 1 c\u00e1psula 3x\u00a0ao dia ou como recomendado por seu<a class=\"moretag\" href=\"http:\/\/genewei.com\/br\/produto\/semente-de-uva-pco-fitosoma-100-mg-90-vcaps\/\"> [&#8230;] <\/a><!-- AddThis Advanced Settings generic via filter on wp_trim_excerpt --><!-- AddThis Share Buttons generic via filter on wp_trim_excerpt --><\/p>\n","protected":false},"featured_media":1787,"template":"","meta":{"sfsi_plus_gutenberg_text_before_share":"","sfsi_plus_gutenberg_show_text_before_share":"","sfsi_plus_gutenberg_icon_type":"","sfsi_plus_gutenberg_icon_alignemt":"","sfsi_plus_gutenburg_max_per_row":"","_genesis_hide_title":false,"_genesis_hide_breadcrumbs":false,"_genesis_hide_singular_image":false,"_genesis_hide_footer_widgets":false,"_genesis_custom_body_class":"","_genesis_custom_post_class":"","_genesis_layout":""},"_links":{"self":[{"href":"http:\/\/genewei.com\/br\/wp-json\/wp\/v2\/product\/1786"}],"collection":[{"href":"http:\/\/genewei.com\/br\/wp-json\/wp\/v2\/product"}],"about":[{"href":"http:\/\/genewei.com\/br\/wp-json\/wp\/v2\/types\/product"}],"wp:featuredmedia":[{"embeddable":true,"href":"http:\/\/genewei.com\/br\/wp-json\/wp\/v2\/media\/1787"}],"wp:attachment":[{"href":"http:\/\/genewei.com\/br\/wp-json\/wp\/v2\/media?parent=1786"}],"curies":[{"name":"wp","href":"https:\/\/api.w.org\/{rel}","templated":true}]}}