{"id":1789,"date":"2016-11-28T03:42:10","date_gmt":"2016-11-28T05:42:10","guid":{"rendered":"http:\/\/genewei.com\/br\/?post_type=product&#038;p=1789"},"modified":"2018-02-24T02:49:22","modified_gmt":"2018-02-24T05:49:22","slug":"extrato-de-folha-de-oliveira-60-vcaps","status":"publish","type":"product","link":"http:\/\/genewei.com\/br\/produto\/extrato-de-folha-de-oliveira-60-vcaps\/","title":{"rendered":"Extrato de Folha de Oliveira (60 vcaps)"},"content":{"rendered":"\n<!-- Facebook Like Button Vivacity Infotech BEGIN -->\n<div class=\"fb-like\" data-href=\"http:\/\/genewei.com\/br\/produto\/extrato-de-folha-de-oliveira-60-vcaps\/\" data-layout=\"standard\" data-action=\"like\" data-show-faces=\"true\" data-size=\"small\" data-width=\"550\" data-share=\"1\" ><\/div>\n<!-- Facebook Like Button Vivacity Infotech END -->\n<p><strong>Thorne Research Olive Leaf Extract |\u00a0Extrato de Folha de Oliveira (60 vcaps)<\/strong><\/p>\n<p>Um bot\u00e2nico potente com propriedades antioxidantes naturais*<\/p>\n<ul>\n<li>Possui potentes efeitos de refor\u00e7o\u00a0de\u00a0imunol\u00f3gico*<\/li>\n<li>Ajuda a manter a resposta inflamat\u00f3ria normal do corpo*<\/li>\n<li>Sem conservantes, estearato de magn\u00e9sio, ou outros lubrificantes e diluentes<\/li>\n<li>Feito sem fluir agentes que podem inibir a biodisponibilidade<\/li>\n<\/ul>\n<p><strong>O extrato de folha de oliveira<\/strong> \u00e9 derivado das folhas da oliveira (Olea europaea) e cont\u00e9m compostos, especificamente oleurope\u00edna, que demonstraram potentes propriedades antioxidantes e imunol\u00f3gicas.* Al\u00e9m disso, extratos de folha de oliveira podem ajudar a manter a resposta inflamat\u00f3ria normal do corpo. Evid\u00eancias sugerem extrato de folha de oliveira pode ser eficaz para a dilata\u00e7\u00e3o dos vasos sangu\u00edneos coronarianos, apoiando assim o fluxo sangu\u00edneo para o cora\u00e7\u00e3o e ajudando a manter a press\u00e3o arterial j\u00e1 normal e ritmo card\u00edaco.<\/p>\n<hr \/>\n<div id=\"itemservings\"><strong>Dose por\u00a0Recipiente:<\/strong> 60<\/div>\n<p>Tome 1 c\u00e1psula 2\u00a0a 3\u00a0vezes ao dia ou como recomendado por um profissional de sa\u00fade.<\/p>\n<p><strong>Tamanho da dose:<\/strong> 1 c\u00e1psula<\/p>\n<p><strong>Quantidade por por\u00e7\u00e3o<\/strong><br \/>\n<strong>Extraco de azeitona<\/strong> &#8230; 500mg<br \/>\n<em>(folha) (Olea europaea)<\/em><\/p>\n<p><strong>Outros Ingredientes:<\/strong> C\u00e1psula de hipromelose (derivada de celulose), Leucina, Di\u00f3xido de Sil\u00edcio.<\/p>\n<p><strong>Este produto n\u00e3o cont\u00e9m<\/strong> trigo, gl\u00faten, milho, levedura, soja, ovo, produtos l\u00e1cteos, ou cores artificiais, edulcorantes ou sabores. Este produto tamb\u00e9m n\u00e3o cont\u00e9m lactose, \u00e1cido palm\u00edtico, ou estearatos de magn\u00e9sio, c\u00e1lcio ou vegetais.<\/p>\n<hr \/>\n<p><strong>AVISOS DE ALERGIA<\/strong><br \/>\nEste produto est\u00e1 contra-indicado num indiv\u00edduo com hist\u00f3ria de hipersensibilidade a qualquer um dos seus ingredientes.<\/p>\n<p><strong>ADVERT\u00caNCIA DA GRAVIDEZ<\/strong><br \/>\nSe estiver gr\u00e1vida, consulte o seu m\u00e9dico antes de utilizar este produto.<\/p>\n<p>Olea padronizada a Oleurope\u00edna 18%<\/p>\n<p><em>*Estas declara\u00e7\u00f5es n\u00e3o foram avaliadas pela Administra\u00e7\u00e3o de Alimentos e Drogas dos EUA. Este produto n\u00e3o se destina a diagnosticar, tratar, curar ou prevenir qualquer doen\u00e7a.<\/em><\/p>\n<!-- AddThis Advanced Settings generic via filter on the_content --><!-- AddThis Share Buttons generic via filter on the_content -->","protected":false},"excerpt":{"rendered":"<p>Thorne Research Olive Leaf Extract |\u00a0Extrato de Folha de Oliveira (60 vcaps) Um bot\u00e2nico potente com propriedades antioxidantes naturais* Possui potentes efeitos de refor\u00e7o\u00a0de\u00a0imunol\u00f3gico* Ajuda a manter a resposta inflamat\u00f3ria normal do corpo* Sem conservantes, estearato de magn\u00e9sio, ou outros lubrificantes e diluentes Feito sem fluir agentes que podem inibir a biodisponibilidade O extrato de<a class=\"moretag\" href=\"http:\/\/genewei.com\/br\/produto\/extrato-de-folha-de-oliveira-60-vcaps\/\"> [&#8230;] <\/a><!-- AddThis Advanced Settings generic via filter on wp_trim_excerpt --><!-- AddThis Share Buttons generic via filter on wp_trim_excerpt --><\/p>\n","protected":false},"featured_media":1790,"template":"","meta":{"sfsi_plus_gutenberg_text_before_share":"","sfsi_plus_gutenberg_show_text_before_share":"","sfsi_plus_gutenberg_icon_type":"","sfsi_plus_gutenberg_icon_alignemt":"","sfsi_plus_gutenburg_max_per_row":"","_genesis_hide_title":false,"_genesis_hide_breadcrumbs":false,"_genesis_hide_singular_image":false,"_genesis_hide_footer_widgets":false,"_genesis_custom_body_class":"","_genesis_custom_post_class":"","_genesis_layout":""},"_links":{"self":[{"href":"http:\/\/genewei.com\/br\/wp-json\/wp\/v2\/product\/1789"}],"collection":[{"href":"http:\/\/genewei.com\/br\/wp-json\/wp\/v2\/product"}],"about":[{"href":"http:\/\/genewei.com\/br\/wp-json\/wp\/v2\/types\/product"}],"wp:featuredmedia":[{"embeddable":true,"href":"http:\/\/genewei.com\/br\/wp-json\/wp\/v2\/media\/1790"}],"wp:attachment":[{"href":"http:\/\/genewei.com\/br\/wp-json\/wp\/v2\/media?parent=1789"}],"curies":[{"name":"wp","href":"https:\/\/api.w.org\/{rel}","templated":true}]}}