{"id":1797,"date":"2016-12-01T19:36:45","date_gmt":"2016-12-01T21:36:45","guid":{"rendered":"http:\/\/genewei.com\/br\/?post_type=product&#038;p=1797"},"modified":"2018-02-24T02:50:59","modified_gmt":"2018-02-24T05:50:59","slug":"agua-phenomenal-sabor-gostoso-de-baga-946-ml-concentrado","status":"publish","type":"product","link":"http:\/\/genewei.com\/br\/produto\/agua-phenomenal-sabor-gostoso-de-baga-946-ml-concentrado\/","title":{"rendered":"\u00c1gua PHenomenal Sabor Gostoso de Baga (946 ml Concentrado) Faz 30 litros"},"content":{"rendered":"\n<!-- Facebook Like Button Vivacity Infotech BEGIN -->\n<div class=\"fb-like\" data-href=\"http:\/\/genewei.com\/br\/produto\/agua-phenomenal-sabor-gostoso-de-baga-946-ml-concentrado\/\" data-layout=\"standard\" data-action=\"like\" data-show-faces=\"true\" data-size=\"small\" data-width=\"550\" data-share=\"1\" ><\/div>\n<!-- Facebook Like Button Vivacity Infotech END -->\n<p><strong>pHenomenal Water Yummy Berry Flavor (32 Oz Concentrate) Makes 8 Gallons | \u00c1gua PHenomenal Sabor Gostoso de Baga (946 ml Concentrado) Faz 30 litros<\/strong><\/p>\n<ul>\n<li><strong>Novo e melhorado 12% mais forte<\/strong><\/li>\n<li><strong>11+ pH quando misturado<\/strong><\/li>\n<\/ul>\n<p>PHenomenal \u00e9 \u00e1gua pura que foi transformada em um &#8220;comedor de \u00e1cido&#8221;, embora &#8220;sequestrador&#8221; seria mais preciso. \u00c9 H2o (2 hidrog\u00eanios, 1 oxig\u00eanio) que est\u00e1 faltando 1 mol\u00e9cula de hidrog\u00eanio. Dentro de voc\u00ea, ele procura, encontra e se liga com mol\u00e9culas livres de hidrog\u00eanio armazenadas no corpo (que por acaso s\u00e3o \u00e1cidas). Uma vez ligado (ou comido ou sequestrado), ele se transformou em H2o que voc\u00ea elimina atrav\u00e9s da mic\u00e7\u00e3o. Por causa disso voc\u00ea pode notar que voc\u00ea urina com mais frequ\u00eancia do que antes de voc\u00ea come\u00e7ou a beber e que, em \u00faltima an\u00e1lise, \u00e9 por isso que a maioria das pessoas experimentam uma queda de 1-2 kgs\u00a0em seu peso na primeira semana!<\/p>\n<ul>\n<li>Misture 30 ml\u00a0em 946 ml\u00a0 de \u00e1gua. Dica: 6 colheres de ch\u00e1 ou 3 colheres de sopa em\u00a030 ml<\/li>\n<li>Mantenha ambos concentrados e \u00e1gua misturada em um recipiente selado, n\u00e3o deixe um copo misturado aberto por mais de 30 minutos.<\/li>\n<li>Beber 30-45 minutos antes ou depois de uma refei\u00e7\u00e3o para melhor absor\u00e7\u00e3o. Primeira coisa na manh\u00e3 em um est\u00f4mago vazio \u00e9 \u00f3timo.<\/li>\n<li>Beba 473 ml\u00a0misturadas para cada 22.7 kg que voc\u00ea pesa.<\/li>\n<li>Beba extra antes e depois do exerc\u00edcio pesado para uma recupera\u00e7\u00e3o mais r\u00e1pida depois.<\/li>\n<\/ul>\n<p><strong>Porque a acidez n\u00e3o \u00e9 saud\u00e1vel?<\/strong><\/p>\n<p>Obtenha isso&#8230; esta \u00e9 uma pequena lista de coisas que causam acidez ou hidrog\u00eanio no corpo: Estresse, a\u00e7\u00facar, alimentos fritos, alimentos hidrogenados, bebidas \u00e1cidas e muitas outras coisas! Pense na \u00e1gua pHenomenal como o oposto de todas essas coisas ruins! Eles colocam \u00e1cido em seu corpo e \u00e1gua pHenomenal alcalina leva-los para fora!<\/p>\n<p>O hidrog\u00eanio livre em nosso corpo se liga com as nossas grandes super-mol\u00e9culas de \u00e1gua pHenomenal e \u00e9 ent\u00e3o facilmente removido do sangue. \u00c0 medida que o hidrog\u00e9nio \u00e9 ligado e removido, o pH sangu\u00edneo move-se em dire\u00e7\u00e3o a um estado mais alcalino (pH mais elevado).<\/p>\n<p>Isso \u00e9 incr\u00edvel ou o qu\u00ea?<\/p>\n<p><strong>\u00c1gua PHenomenal \u00e9 f\u00e1cil de fazer<\/strong><\/p>\n<p>Quando voc\u00ea mistur\u00e1-la com \u00e1gua e beber, tudo o que quer fazer \u00e9 encontrar hidrog\u00eanio livre e vincul\u00e1-lo. Quando encontra hidrog\u00eanio livre, o pHenomenal torna-se novamente uma mol\u00e9cula de \u00e1gua H2O.<\/p>\n<p>&nbsp;<\/p>\n<!-- AddThis Advanced Settings generic via filter on the_content --><!-- AddThis Share Buttons generic via filter on the_content -->","protected":false},"excerpt":{"rendered":"<p>pHenomenal Water Yummy Berry Flavor (32 Oz Concentrate) Makes 8 Gallons | \u00c1gua PHenomenal Sabor Gostoso de Baga (946 ml Concentrado) Faz 30 litros Novo e melhorado 12% mais forte 11+ pH quando misturado PHenomenal \u00e9 \u00e1gua pura que foi transformada em um &#8220;comedor de \u00e1cido&#8221;, embora &#8220;sequestrador&#8221; seria mais preciso. \u00c9 H2o (2 hidrog\u00eanios,<a class=\"moretag\" href=\"http:\/\/genewei.com\/br\/produto\/agua-phenomenal-sabor-gostoso-de-baga-946-ml-concentrado\/\"> [&#8230;] <\/a><!-- AddThis Advanced Settings generic via filter on wp_trim_excerpt --><!-- AddThis Share Buttons generic via filter on wp_trim_excerpt --><\/p>\n","protected":false},"featured_media":1798,"template":"","meta":{"sfsi_plus_gutenberg_text_before_share":"","sfsi_plus_gutenberg_show_text_before_share":"","sfsi_plus_gutenberg_icon_type":"","sfsi_plus_gutenberg_icon_alignemt":"","sfsi_plus_gutenburg_max_per_row":"","_genesis_hide_title":false,"_genesis_hide_breadcrumbs":false,"_genesis_hide_singular_image":false,"_genesis_hide_footer_widgets":false,"_genesis_custom_body_class":"","_genesis_custom_post_class":"","_genesis_layout":""},"_links":{"self":[{"href":"http:\/\/genewei.com\/br\/wp-json\/wp\/v2\/product\/1797"}],"collection":[{"href":"http:\/\/genewei.com\/br\/wp-json\/wp\/v2\/product"}],"about":[{"href":"http:\/\/genewei.com\/br\/wp-json\/wp\/v2\/types\/product"}],"wp:featuredmedia":[{"embeddable":true,"href":"http:\/\/genewei.com\/br\/wp-json\/wp\/v2\/media\/1798"}],"wp:attachment":[{"href":"http:\/\/genewei.com\/br\/wp-json\/wp\/v2\/media?parent=1797"}],"curies":[{"name":"wp","href":"https:\/\/api.w.org\/{rel}","templated":true}]}}