{"id":1803,"date":"2016-12-09T23:22:52","date_gmt":"2016-12-10T01:22:52","guid":{"rendered":"http:\/\/genewei.com\/br\/?post_type=product&#038;p=1803"},"modified":"2018-02-24T02:52:46","modified_gmt":"2018-02-24T05:52:46","slug":"detox-do-figado-90-vcaps","status":"publish","type":"product","link":"http:\/\/genewei.com\/br\/produto\/detox-do-figado-90-vcaps\/","title":{"rendered":"Detox do F\u00edgado (90 vcaps)"},"content":{"rendered":"\n<!-- Facebook Like Button Vivacity Infotech BEGIN -->\n<div class=\"fb-like\" data-href=\"http:\/\/genewei.com\/br\/produto\/detox-do-figado-90-vcaps\/\" data-layout=\"standard\" data-action=\"like\" data-show-faces=\"true\" data-size=\"small\" data-width=\"550\" data-share=\"1\" ><\/div>\n<!-- Facebook Like Button Vivacity Infotech END -->\n<p><strong>Protocol for Life Balance Liver Detox | Detox do F\u00edgado (90 vcaps)<\/strong><\/p>\n<ul>\n<li>F\u00f3rmula Compreensiva<\/li>\n<li>Apoio Hep\u00e1tico*<\/li>\n<li>Um Suplemento Diet\u00e9tico<\/li>\n<\/ul>\n<p><strong>Liver Detox\u2122<\/strong> \u00e9 uma mistura patenteada de ervas e nutrientes projetados para apoiar\u00a0a fun\u00e7\u00e3o hep\u00e1tica saud\u00e1vel.*<\/p>\n<p>Liver Detox\u2122 tem Extrato de Cardo de Leite, que tem sido mostrado para favorecer a fun\u00e7\u00e3o hep\u00e1tica saud\u00e1vel.*<\/p>\n<p>Al\u00e9m disso, Liver Detox\u2122 tem N-Acetil Ciste\u00edna e Metionina, dois amino\u00e1cidos conhecidos para melhorar a produ\u00e7\u00e3o de glutationa pelo f\u00edgado.*<\/p>\n<p>Glutationa desempenha um papel essencial nos mecanismos de desintoxica\u00e7\u00e3o do f\u00edgado.<\/p>\n<p>Tamb\u00e9m est\u00e3o inclu\u00eddas no Liver Detox\u2122 outras ervas (isto \u00e9, Schisandra, Scute) que foram mostradas em estudos n\u00e3o cl\u00ednicos para apoiar\u00a0a fun\u00e7\u00e3o hep\u00e1tica saud\u00e1vel.*<\/p>\n<hr \/>\n<div id=\"itemservings\"><strong>Doses por Recipiente:<\/strong> 30<\/div>\n<p>Como um suplemento diet\u00e9tico, tomar 3 c\u00e1psulas 1 &#8211; 2 vezes ao dia com alimentos, ou como dirigido pelo seu m\u00e9dico de sa\u00fade.<\/p>\n<p><strong>Tamanho da dose:<\/strong> 3 C\u00e1psulas<\/p>\n<p><strong>Quantidade por por\u00e7\u00e3o<\/strong><br \/>\n<strong>Calorias<\/strong> &#8230; 10<br \/>\n<strong>Total de carboidratos<\/strong> &#8230; 1g<br \/>\n<strong>Fibra diet\u00e9tica<\/strong> &#8230; &lt;1g<br \/>\n<strong>Vitamina C<\/strong> &#8230; 12mg<br \/>\n<em>(de Palmitato de Ascorbilo)<\/em><br \/>\n<strong>Cardo de Leite<\/strong> &#8230; 300mg<br \/>\n<em>(Extrato Padronizado) (Frutas \/ Sementes) (Silybum marianum) (min 80% de Silymarin)<\/em><br \/>\n<strong>Mistura Herbal-Enzima Propriet\u00e1ria<\/strong> &#8230; 170mg<br \/>\n<em>Alcachofra (Cynara scolymus) (Folha), Beterraba (Beta vulgaris) (Raiz), Bladderwrack (Fucus vesiculosus), Framboesa (Rubus idaeus) (Folha), Pancreatina (Enzimas pancre\u00e1ticas)<\/em><br \/>\n<strong>L-glutationa<\/strong> &#8230; 100 mg<br \/>\n<em>(Forma Livre) (Reduzido)<\/em><br \/>\n<strong>N-Acetil\u00a0Ciste\u00edna\u00a0<\/strong>&#8230; 100mg<br \/>\n(NAC)<br \/>\n<strong>Semente de uva<\/strong> &#8230; 100mg<br \/>\n<em>(Extrato Padronizado) (Vitis vinifera) (Padronizado para Polifen\u00f3is)<\/em><br \/>\n<strong>Dente-de-le\u00e3o<\/strong> &#8230; 100mg<br \/>\n<em>(Raiz) (Taraxacum officinale)<\/em><br \/>\n<strong>L-carnitina<\/strong> &#8230; 50mg<br \/>\n<em>(Base)<\/em><br \/>\n<strong>Scute<\/strong> &#8230; 50mg<br \/>\n(Raiz) (Scutellaria baicalensis)<br \/>\n<strong>Schisandra<\/strong> &#8230; 100mg<br \/>\n<em>(Fruta) (Schisandra chinesnsis)<\/em><br \/>\n<strong>B\u00e9rberis<\/strong> &#8230; 30mg<br \/>\n<em>(Casca de raiz) (Berberis vulgaris)<\/em><br \/>\n<strong>C\u00farcuma<\/strong> &#8230; 30mg<br \/>\n<em>(Raiz) (Curcuma longa)<\/em><br \/>\n<strong>L-Metionina<\/strong> &#8230; 20mg<\/p>\n<p><strong>Outros Ingredientes:<\/strong> Celulose, Gelatina (c\u00e1psula), S\u00edlica, \u00c1cido Este\u00e1rico (fonte vegetal) e Estearato de Magn\u00e9sio (fonte vegetal).<\/p>\n<hr \/>\n<p><strong>N\u00e3o fabricado com<\/strong> ingredientes de trigo, gl\u00faten, leite, ovo, peixe, marisco ou porca de \u00e1rvore. Produzido em uma f\u00e1brica GMP que processa outros ingredientes contendo estes al\u00e9rgenos.<\/p>\n<p><strong>PRECAU\u00c7\u00d5ES E INTERA\u00c7\u00d5ES:<\/strong> O cardo de leite pode afetar o metabolismo do \u00e1lcool e algumas drogas, incluindo o acetaminofeno. Consulte o seu m\u00e9dico se voc\u00ea est\u00e1 gr\u00e1vida \/ lactante ou se voc\u00ea sofre de obstru\u00e7\u00e3o dos canais biliares, c\u00e1lculos biliares ou outras doen\u00e7as graves da ves\u00edcula biliar. N\u00e3o tome este medicamento se tem alergia a plantas da fam\u00edlia Asteraceae.<\/p>\n<p>Este frasco cont\u00e9m um pacote de absor\u00e7\u00e3o de oxig\u00eanio Ageless\u00ae para garantir a frescura.<strong> N\u00e3o coma pacotes de frescura.<\/strong><\/p>\n<p>Armazenar em local fresco e seco ap\u00f3s a abertura. Recicle por favor.<\/p>\n<p><em>*Estas declara\u00e7\u00f5es n\u00e3o foram avaliadas pela Administra\u00e7\u00e3o de Alimentos e Drogas dos EUA. Este produto n\u00e3o se destina a diagnosticar, tratar, curar ou prevenir qualquer doen\u00e7a.<\/em><\/p>\n<!-- AddThis Advanced Settings generic via filter on the_content --><!-- AddThis Share Buttons generic via filter on the_content -->","protected":false},"excerpt":{"rendered":"<p>Protocol for Life Balance Liver Detox | Detox do F\u00edgado (90 vcaps) F\u00f3rmula Compreensiva Apoio Hep\u00e1tico* Um Suplemento Diet\u00e9tico Liver Detox\u2122 \u00e9 uma mistura patenteada de ervas e nutrientes projetados para apoiar\u00a0a fun\u00e7\u00e3o hep\u00e1tica saud\u00e1vel.* Liver Detox\u2122 tem Extrato de Cardo de Leite, que tem sido mostrado para favorecer a fun\u00e7\u00e3o hep\u00e1tica saud\u00e1vel.* Al\u00e9m disso,<a class=\"moretag\" href=\"http:\/\/genewei.com\/br\/produto\/detox-do-figado-90-vcaps\/\"> [&#8230;] <\/a><!-- AddThis Advanced Settings generic via filter on wp_trim_excerpt --><!-- AddThis Share Buttons generic via filter on wp_trim_excerpt --><\/p>\n","protected":false},"featured_media":1804,"template":"","meta":{"sfsi_plus_gutenberg_text_before_share":"","sfsi_plus_gutenberg_show_text_before_share":"","sfsi_plus_gutenberg_icon_type":"","sfsi_plus_gutenberg_icon_alignemt":"","sfsi_plus_gutenburg_max_per_row":"","_genesis_hide_title":false,"_genesis_hide_breadcrumbs":false,"_genesis_hide_singular_image":false,"_genesis_hide_footer_widgets":false,"_genesis_custom_body_class":"","_genesis_custom_post_class":"","_genesis_layout":""},"_links":{"self":[{"href":"http:\/\/genewei.com\/br\/wp-json\/wp\/v2\/product\/1803"}],"collection":[{"href":"http:\/\/genewei.com\/br\/wp-json\/wp\/v2\/product"}],"about":[{"href":"http:\/\/genewei.com\/br\/wp-json\/wp\/v2\/types\/product"}],"wp:featuredmedia":[{"embeddable":true,"href":"http:\/\/genewei.com\/br\/wp-json\/wp\/v2\/media\/1804"}],"wp:attachment":[{"href":"http:\/\/genewei.com\/br\/wp-json\/wp\/v2\/media?parent=1803"}],"curies":[{"name":"wp","href":"https:\/\/api.w.org\/{rel}","templated":true}]}}