{"id":1807,"date":"2016-12-09T23:44:11","date_gmt":"2016-12-10T01:44:11","guid":{"rendered":"http:\/\/genewei.com\/br\/?post_type=product&#038;p=1807"},"modified":"2018-02-24T02:43:23","modified_gmt":"2018-02-24T05:43:23","slug":"lipo-complex-100-caps","status":"publish","type":"product","link":"http:\/\/genewei.com\/br\/produto\/lipo-complex-100-caps\/","title":{"rendered":"Lipo-Complex (100 caps)"},"content":{"rendered":"\n<!-- Facebook Like Button Vivacity Infotech BEGIN -->\n<div class=\"fb-like\" data-href=\"http:\/\/genewei.com\/br\/produto\/lipo-complex-100-caps\/\" data-layout=\"standard\" data-action=\"like\" data-show-faces=\"true\" data-size=\"small\" data-width=\"550\" data-share=\"1\" ><\/div>\n<!-- Facebook Like Button Vivacity Infotech END -->\n<p><strong>Progressive Labs Lipo-Complex (100 caps)<\/strong><\/p>\n<p><strong>Lipo-Complex<\/strong> \u00e9 um auxiliar enzim\u00e1tico que funciona principalmente na digest\u00e3o de gorduras, mas tamb\u00e9m prote\u00ednas e carboidratos. Os principais componentes respons\u00e1veis pela digest\u00e3o de gordura s\u00e3o a b\u00edlis de boi, que estimulam a libera\u00e7\u00e3o de lipase e o p\u00f3 de folha de beterraba verde, que promove o fluxo livre da b\u00edlis da ves\u00edcula biliar, bem como ajuda no metabolismo de carboidratos e gorduras. As proteases (da pepsina), os carboidratos e as lipases est\u00e3o presentes no componente de p\u00e2ncreas bruto. F\u00edgado cru \u00e9 adicionado para apoiar a fun\u00e7\u00e3o hep\u00e1tica.<\/p>\n<hr \/>\n<p>Como um aux\u00edlio digestivo lip\u00eddico para adultos, uma c\u00e1psula com cada refei\u00e7\u00e3o, ou mais com uma refei\u00e7\u00e3o particularmente alta em gordura.<\/p>\n<p><strong>1 C\u00e1psula Cont\u00e9m:<\/strong><br \/>\n<strong>Concentrado de Enzima Pancre\u00e1tica<\/strong> &#8230; 160 mg<br \/>\n<strong>Pepsina 1: 3000<\/strong> &#8230; 30 mg<br \/>\n<strong>P\u00f3 verde da folha da beterraba<\/strong> &#8230; 100 mg<br \/>\n<strong>F\u00edgado de bovino desengordurado congelado<\/strong> &#8230; 10 mg<br \/>\n<strong>Sais Biliares<\/strong> &#8230; 10 mg<\/p>\n<!-- AddThis Advanced Settings generic via filter on the_content --><!-- AddThis Share Buttons generic via filter on the_content -->","protected":false},"excerpt":{"rendered":"<p>Progressive Labs Lipo-Complex (100 caps) Lipo-Complex \u00e9 um auxiliar enzim\u00e1tico que funciona principalmente na digest\u00e3o de gorduras, mas tamb\u00e9m prote\u00ednas e carboidratos. Os principais componentes respons\u00e1veis pela digest\u00e3o de gordura s\u00e3o a b\u00edlis de boi, que estimulam a libera\u00e7\u00e3o de lipase e o p\u00f3 de folha de beterraba verde, que promove o fluxo livre da<a class=\"moretag\" href=\"http:\/\/genewei.com\/br\/produto\/lipo-complex-100-caps\/\"> [&#8230;] <\/a><!-- AddThis Advanced Settings generic via filter on wp_trim_excerpt --><!-- AddThis Share Buttons generic via filter on wp_trim_excerpt --><\/p>\n","protected":false},"featured_media":1808,"template":"","meta":{"sfsi_plus_gutenberg_text_before_share":"","sfsi_plus_gutenberg_show_text_before_share":"","sfsi_plus_gutenberg_icon_type":"","sfsi_plus_gutenberg_icon_alignemt":"","sfsi_plus_gutenburg_max_per_row":"","_genesis_hide_title":false,"_genesis_hide_breadcrumbs":false,"_genesis_hide_singular_image":false,"_genesis_hide_footer_widgets":false,"_genesis_custom_body_class":"","_genesis_custom_post_class":"","_genesis_layout":""},"_links":{"self":[{"href":"http:\/\/genewei.com\/br\/wp-json\/wp\/v2\/product\/1807"}],"collection":[{"href":"http:\/\/genewei.com\/br\/wp-json\/wp\/v2\/product"}],"about":[{"href":"http:\/\/genewei.com\/br\/wp-json\/wp\/v2\/types\/product"}],"wp:featuredmedia":[{"embeddable":true,"href":"http:\/\/genewei.com\/br\/wp-json\/wp\/v2\/media\/1808"}],"wp:attachment":[{"href":"http:\/\/genewei.com\/br\/wp-json\/wp\/v2\/media?parent=1807"}],"curies":[{"name":"wp","href":"https:\/\/api.w.org\/{rel}","templated":true}]}}