{"id":1811,"date":"2016-12-10T23:12:36","date_gmt":"2016-12-11T01:12:36","guid":{"rendered":"http:\/\/genewei.com\/br\/?post_type=product&#038;p=1811"},"modified":"2018-02-24T02:44:17","modified_gmt":"2018-02-24T05:44:17","slug":"formula-de-equilibrio-de-testosterona-para-mulheres-120-vcaps","status":"publish","type":"product","link":"http:\/\/genewei.com\/br\/produto\/formula-de-equilibrio-de-testosterona-para-mulheres-120-vcaps\/","title":{"rendered":"F\u00f3rmula de Equil\u00edbrio de Testosterona para Mulheres (120 vcaps)"},"content":{"rendered":"\n<!-- Facebook Like Button Vivacity Infotech BEGIN -->\n<div class=\"fb-like\" data-href=\"http:\/\/genewei.com\/br\/produto\/formula-de-equilibrio-de-testosterona-para-mulheres-120-vcaps\/\" data-layout=\"standard\" data-action=\"like\" data-show-faces=\"true\" data-size=\"small\" data-width=\"550\" data-share=\"1\" ><\/div>\n<!-- Facebook Like Button Vivacity Infotech END -->\n<p><strong>Testosterone Balance Formula for Women (120 vcaps) |\u00a0F\u00f3rmula de Equil\u00edbrio de Testosterona para Mulheres (120 vcaps)<\/strong><\/p>\n<p>\u00c9 uma Formula\u00e7\u00e3o Hormonal Espec\u00edfica de antiandr\u00f3genos e antagonistas androg\u00eanicos. Esta combina\u00e7\u00e3o \u00e9 projetada para suportar a fun\u00e7\u00e3o saud\u00e1vel da pele, cabelo, cora\u00e7\u00e3o, seios, vagina e outros tecidos sens\u00edveis \u00e0 testosterona em mulheres.<\/p>\n<p><strong>\u00c9 criada para apoiar\u00a0a fun\u00e7\u00e3o \u00f3ptima de horm\u00f4nios espec\u00edficos atrav\u00e9s do uso de horm\u00f4nios espec\u00edficos adapt\u00f3genos, horm\u00f4nios agonistas espec\u00edficos e horm\u00f4nios espec\u00edficos mim\u00e9ticos funcionais.<\/strong> Esta formula\u00e7\u00e3o pode ser utilizada como parte de um programa de sa\u00fade hormonal com apoio\u00a0diet\u00e9tico e de nutrientes. Al\u00e9m disso, estas formula\u00e7\u00f5es podem ser utilizadas por m\u00e9dicos como um adjuvante para apoiar\u00a0a sa\u00fade hormonal \u00f3ptima em pacientes que foram prescritas\u00a0terapias hormonais bioid\u00eanticas.<\/p>\n<p><strong>FUN\u00c7\u00d5ES<\/strong><\/p>\n<p>\u00c9 uma combina\u00e7\u00e3o sin\u00e9rgica de fitoantiandrog\u00eanios projetada para restaurar o equil\u00edbrio hormonal saud\u00e1vel por acalmar e apoiar a fun\u00e7\u00e3o ideal de tecidos sens\u00edveis de testosterona.<\/p>\n<p>Os fitoantiandrog\u00e9nios s\u00e3o uma classe de fito-compostos que diminuem a sensibilidade dos tecidos aos androg\u00e9nios ou diminuem a atividade androg\u00e9nica, predominantemente atrav\u00e9s da a\u00e7\u00e3o da inibi\u00e7\u00e3o da 5-alfa-redutase, o que diminui a convers\u00e3o da testosterona para a dihidrotestosterona mais androg\u00e9nica.<\/p>\n<p>A combina\u00e7\u00e3o sin\u00e9rgica de ervas espec\u00edficas apoia\u00a0importantes fun\u00e7\u00f5es associadas \u00e0 sa\u00fade da testosterona em mulheres:<\/p>\n<ul>\n<li>Restaura e promove fun\u00e7\u00f5es normais e saud\u00e1veis de andr\u00f3genos\u2020<\/li>\n<li>Apoia n\u00edveis saud\u00e1veis de lip\u00eddios no sangue\u2020<\/li>\n<li>Promove a fun\u00e7\u00e3o imunol\u00f3gica saud\u00e1vel, apoiando a inflama\u00e7\u00e3o\u2020<\/li>\n<li>Ajuda a normalizar a fun\u00e7\u00e3o da pele, cora\u00e7\u00e3o, pr\u00f3stata, c\u00e9rebro e outros tecidos sens\u00edveis \u00e0 testosterona\u2020<\/li>\n<li>Apoia\u00a0fun\u00e7\u00f5es cerebrais saud\u00e1veis, mem\u00f3ria e cogni\u00e7\u00e3o, melhora o humor e promove tranq\u00fcilidade\u2020<\/li>\n<\/ul>\n<p><strong>INDICA\u00c7\u00d5ES<\/strong><br \/>\nPode ser um adjuvante diet\u00e9tico \u00fatil para as mulheres que desejam apoiar tecidos sens\u00edveis \u00e0 testosterona e n\u00edveis saud\u00e1veis de testosterona.<\/p>\n<hr \/>\n<div id=\"itemservings\"><strong>Dose por recipiente:<\/strong> 60<\/div>\n<p>Como suplemento diet\u00e9tico, os adultos podem tomar 2 c\u00e1psulas por dia com alimentos por 1 a 2 semanas ou conforme indicado pelo seu profissional de sa\u00fade.<\/p>\n<p>A dose pode ent\u00e3o ser aumentada para 4 c\u00e1psulas por dia com alimentos durante 2 a 4 meses ou conforme indicado pelo seu profissional de sa\u00fade.<\/p>\n<p>Ap\u00f3s 2 a 4 meses, a dosagem pode ser reduzida de volta para 2 c\u00e1psulas por dia com alimentos e pode continuar com essa dosagem conforme necess\u00e1rio ou conforme indicado pelo seu profissional de sa\u00fade.<\/p>\n<p><strong>Tamanho da dose:<\/strong> 2 C\u00e1psulas<\/p>\n<p><strong>Quantidade por por\u00e7\u00e3o<\/strong><br \/>\n<strong>Mistura Propriet\u00e1ria Herbal<\/strong> &#8230; 1,440mg<br \/>\n<em>Extrato de Paeonia (Paeonia lactiflora padronizada a 10% de paeoniflorin), Sementes de Fenugreek (Trigonella foenum-graecum), <em>Extrato de Palmeira<\/em><\/em><em>\u00a0(Serenoa repens, padronizado a 25% de \u00e1cidos graxos), Sementes de Funcho (Foeniculum vulgare), Extrato de Pygeum Africanum (casca normalizada a 2.5% de ester\u00f3is), Manjeric\u00e3o Sagrado (Ocimum sanctum, folha), Extrato de Urtiga, Estandardizado a 1% de s\u00edlica), Vitex-agnus Castus (bagas de Chastetree, padronizado a 0,5% de agnus\u00eddeo e 0,4% de aucubina)<\/em><\/p>\n<p><strong>Outros ingredientes:<\/strong> Hidroxipropilmetilcelulose (c\u00e1psula), celulose, estearato vegetal e s\u00edlica.<\/p>\n<p><strong>Este produto n\u00e3o cont\u00e9m<\/strong> fermento, trigo, gl\u00faten, prote\u00edna de soja, leite\/lactose, milho, s\u00f3dio, a\u00e7\u00facar, amido, corantes artificiais, conservantes ou aromatizantes.<\/p>\n<p>&nbsp;<\/p>\n<hr \/>\n<p><strong>MANTENHA FORA DO ALCANCE DE CRIAN\u00c7AS.<\/strong><\/p>\n<p><strong>AVISO:<\/strong> Se estiver gr\u00e1vida ou a amamentar, ou se estiver a tomar medicamentos sujeitos a receita m\u00e9dica, consulte o seu profissional de sa\u00fade antes de utilizar este suplemento.<\/p>\n<p><em>*Estas declara\u00e7\u00f5es n\u00e3o foram avaliadas pela Administra\u00e7\u00e3o de Alimentos e Drogas dos EUA. Este produto n\u00e3o se destina a diagnosticar, tratar, curar ou prevenir qualquer doen\u00e7a.<\/em><\/p>\n<!-- AddThis Advanced Settings generic via filter on the_content --><!-- AddThis Share Buttons generic via filter on the_content -->","protected":false},"excerpt":{"rendered":"<p>Testosterone Balance Formula for Women (120 vcaps) |\u00a0F\u00f3rmula de Equil\u00edbrio de Testosterona para Mulheres (120 vcaps) \u00c9 uma Formula\u00e7\u00e3o Hormonal Espec\u00edfica de antiandr\u00f3genos e antagonistas androg\u00eanicos. Esta combina\u00e7\u00e3o \u00e9 projetada para suportar a fun\u00e7\u00e3o saud\u00e1vel da pele, cabelo, cora\u00e7\u00e3o, seios, vagina e outros tecidos sens\u00edveis \u00e0 testosterona em mulheres. \u00c9 criada para apoiar\u00a0a fun\u00e7\u00e3o \u00f3ptima<a class=\"moretag\" href=\"http:\/\/genewei.com\/br\/produto\/formula-de-equilibrio-de-testosterona-para-mulheres-120-vcaps\/\"> [&#8230;] <\/a><!-- AddThis Advanced Settings generic via filter on wp_trim_excerpt --><!-- AddThis Share Buttons generic via filter on wp_trim_excerpt --><\/p>\n","protected":false},"featured_media":1812,"template":"","meta":{"sfsi_plus_gutenberg_text_before_share":"","sfsi_plus_gutenberg_show_text_before_share":"","sfsi_plus_gutenberg_icon_type":"","sfsi_plus_gutenberg_icon_alignemt":"","sfsi_plus_gutenburg_max_per_row":"","_genesis_hide_title":false,"_genesis_hide_breadcrumbs":false,"_genesis_hide_singular_image":false,"_genesis_hide_footer_widgets":false,"_genesis_custom_body_class":"","_genesis_custom_post_class":"","_genesis_layout":""},"_links":{"self":[{"href":"http:\/\/genewei.com\/br\/wp-json\/wp\/v2\/product\/1811"}],"collection":[{"href":"http:\/\/genewei.com\/br\/wp-json\/wp\/v2\/product"}],"about":[{"href":"http:\/\/genewei.com\/br\/wp-json\/wp\/v2\/types\/product"}],"wp:featuredmedia":[{"embeddable":true,"href":"http:\/\/genewei.com\/br\/wp-json\/wp\/v2\/media\/1812"}],"wp:attachment":[{"href":"http:\/\/genewei.com\/br\/wp-json\/wp\/v2\/media?parent=1811"}],"curies":[{"name":"wp","href":"https:\/\/api.w.org\/{rel}","templated":true}]}}