{"id":1826,"date":"2016-12-12T19:31:19","date_gmt":"2016-12-12T21:31:19","guid":{"rendered":"http:\/\/genewei.com\/br\/?post_type=product&#038;p=1826"},"modified":"2018-02-24T02:46:13","modified_gmt":"2018-02-24T05:46:13","slug":"5-mthf-1-mg-60-vcaps","status":"publish","type":"product","link":"http:\/\/genewei.com\/br\/produto\/5-mthf-1-mg-60-vcaps\/","title":{"rendered":"5-MTHF 1 mg (60 vcaps)"},"content":{"rendered":"\n<!-- Facebook Like Button Vivacity Infotech BEGIN -->\n<div class=\"fb-like\" data-href=\"http:\/\/genewei.com\/br\/produto\/5-mthf-1-mg-60-vcaps\/\" data-layout=\"standard\" data-action=\"like\" data-show-faces=\"true\" data-size=\"small\" data-width=\"550\" data-share=\"1\" ><\/div>\n<!-- Facebook Like Button Vivacity Infotech END -->\n<p><strong>Thorne Research\u00a05-MTHF 1 mg (60 vcaps)<\/strong><\/p>\n<p><strong>Folato <\/strong>&#8211; uma vitamina B essencial na sua forma ativa pronta para os tecidos<\/p>\n<ul>\n<li>Um avan\u00e7o na suplementa\u00e7\u00e3o de folato<\/li>\n<li>Formulado para absor\u00e7\u00e3o ideal*<\/li>\n<li>Fornece uma excelente fonte de folato para mulheres gr\u00e1vidas*<\/li>\n<li>Apoia cora\u00e7\u00e3o saud\u00e1vel e fun\u00e7\u00e3o do nervo*<\/li>\n<\/ul>\n<p><strong>O \u00e1cido f\u00f3lico<\/strong> deve ser convertido em suas formas ativas para ser usado pelo corpo.* Este \u00e9 um processo bioqu\u00edmico multi-passo que ocorre nos intestinos e no f\u00edgado. Na presen\u00e7a de disfun\u00e7\u00e3o intestinal ou hep\u00e1tica esta convers\u00e3o pode n\u00e3o ocorrer suficientemente para satisfazer as necessidades do corpo. Al\u00e9m disso, at\u00e9 60 por cento da popula\u00e7\u00e3o dos EUA pode ter um defeito enzim\u00e1tico gen\u00e9tico que torna dif\u00edcil para eles converterem \u00e1cido f\u00f3lico em 5-MTHF ativo. Para estes indiv\u00edduos e muitos outros, suplementa\u00e7\u00e3o 5-MTHF pode ser um m\u00e9todo mais eficaz de reple\u00e7\u00e3o de folato.*<\/p>\n<p>Dado que as defici\u00eancias de \u00e1cido f\u00f3lico t\u00eam sido associadas a beb\u00eas de baixo peso ao nascer e defeitos no tubo neural, os requisitos de \u00e1cido f\u00f3lico duram durante a gravidez.* Os Centros de Controle e Preven\u00e7\u00e3o de Doen\u00e7as recomendam suplementa\u00e7\u00e3o de \u00e1cido f\u00f3lico para todas as mulheres em idade f\u00e9rtil porque a maior necessidade \u00e9 durante o primeiro trimestre, quando uma mulher n\u00e3o pode mesmo estar ciente que est\u00e1 gr\u00e1vida.* A suplementa\u00e7\u00e3o com a forma mais ativa pode ser prefer\u00edvel.*<\/p>\n<p>Em associa\u00e7\u00e3o com a vitamina B12, o 5-MTHF funciona como um doador do grupo metilo envolvido na convers\u00e3o do amino\u00e1cido homociste\u00edna em metionina.* A doa\u00e7\u00e3o do grupo metilo \u00e9 vital para muitos processos de convers\u00e3o bioqu\u00edmica, incluindo a s\u00edntese de serotonina, melatonina e ADN.*<\/p>\n<p><strong>\u00c9 importante que as mulheres em idade f\u00e9rtil tenham suficiente \u00e1cido f\u00f3lico<\/strong> &#8211; e n\u00e3o apenas as que est\u00e3o planejando engravidar.* Apenas 50% das gravidezes s\u00e3o planejadas, portanto qualquer mulher que pudesse engravidar deveria tomar o suficiente de \u00e1cido f\u00f3lico todos os dias &#8211; especialmente antes de concep\u00e7\u00e3o e durante a gravidez precoce.*<\/p>\n<hr \/>\n<div id=\"itemservings\"><strong>Dose por recipiente:<\/strong> 60<\/div>\n<p>Tome 1 c\u00e1psula 1 a 3\u00a0vezes ao dia ou como recomendado por um profissional de sa\u00fade.<\/p>\n<p><strong>Tamanho da dose:<\/strong> 1 C\u00e1psula<\/p>\n<p><strong>Quantidade por por\u00e7\u00e3o<\/strong><br \/>\n<strong>Folato<\/strong> &#8230; 1mg<br \/>\n<em>(como L-5-metiltetrahidrofolato*)<\/em><\/p>\n<p><strong>Outros ingredientes:<\/strong> celulose microcristalina, c\u00e1psula de hipromelose (derivada de celulose), leucina, di\u00f3xido de sil\u00edcio.<\/p>\n<p><em>*Este produto utiliza Gnosis S.p.A.s L-5-Metiltetrahidrofolato (Extrafolate-S\u00ae). Extrafolate-S \u00e9 uma marca registada da Gnosis S.p.A.<\/em><\/p>\n<hr \/>\n<p><strong>AVISO DE ALERGIA<\/strong><br \/>\nEste produto est\u00e1 contra-indicado num indiv\u00edduo com hist\u00f3ria de hipersensibilidade a qualquer um dos seus ingredientes.<\/p>\n<p><strong>ADVERT\u00caNCIA DA GRAVIDEZ<\/strong><br \/>\nSe estiver gr\u00e1vida, consulte o seu m\u00e9dico antes de utilizar este produto.<\/p>\n<p><strong>INTERA\u00c7\u00d5ES<\/strong><br \/>\nA suplementa\u00e7\u00e3o com 5-metiltetrahidrofolato (5-MTHF) n\u00e3o \u00e9 recomendada em simult\u00e2neo com a terapia de\u00a0cancer\u00a0metotrexato, uma vez que pode interferir com a atividade anti-neopl\u00e1sica dos metotrexatos; no entanto, esta fonte de folato n\u00e3o demonstrou interferir com a atividade anti-inflamat\u00f3ria do metotrexato. Um indiv\u00edduo que toma metotrexato para psor\u00edase ou artrite reumat\u00f3ide pode seguramente tomar um suplemento contendo folato.<\/p>\n<!-- AddThis Advanced Settings generic via filter on the_content --><!-- AddThis Share Buttons generic via filter on the_content -->","protected":false},"excerpt":{"rendered":"<p>Thorne Research\u00a05-MTHF 1 mg (60 vcaps) Folato &#8211; uma vitamina B essencial na sua forma ativa pronta para os tecidos Um avan\u00e7o na suplementa\u00e7\u00e3o de folato Formulado para absor\u00e7\u00e3o ideal* Fornece uma excelente fonte de folato para mulheres gr\u00e1vidas* Apoia cora\u00e7\u00e3o saud\u00e1vel e fun\u00e7\u00e3o do nervo* O \u00e1cido f\u00f3lico deve ser convertido em suas formas<a class=\"moretag\" href=\"http:\/\/genewei.com\/br\/produto\/5-mthf-1-mg-60-vcaps\/\"> [&#8230;] <\/a><!-- AddThis Advanced Settings generic via filter on wp_trim_excerpt --><!-- AddThis Share Buttons generic via filter on wp_trim_excerpt --><\/p>\n","protected":false},"featured_media":1827,"template":"","meta":{"sfsi_plus_gutenberg_text_before_share":"","sfsi_plus_gutenberg_show_text_before_share":"","sfsi_plus_gutenberg_icon_type":"","sfsi_plus_gutenberg_icon_alignemt":"","sfsi_plus_gutenburg_max_per_row":"","_genesis_hide_title":false,"_genesis_hide_breadcrumbs":false,"_genesis_hide_singular_image":false,"_genesis_hide_footer_widgets":false,"_genesis_custom_body_class":"","_genesis_custom_post_class":"","_genesis_layout":""},"_links":{"self":[{"href":"http:\/\/genewei.com\/br\/wp-json\/wp\/v2\/product\/1826"}],"collection":[{"href":"http:\/\/genewei.com\/br\/wp-json\/wp\/v2\/product"}],"about":[{"href":"http:\/\/genewei.com\/br\/wp-json\/wp\/v2\/types\/product"}],"wp:featuredmedia":[{"embeddable":true,"href":"http:\/\/genewei.com\/br\/wp-json\/wp\/v2\/media\/1827"}],"wp:attachment":[{"href":"http:\/\/genewei.com\/br\/wp-json\/wp\/v2\/media?parent=1826"}],"curies":[{"name":"wp","href":"https:\/\/api.w.org\/{rel}","templated":true}]}}