{"id":1898,"date":"2017-01-23T17:58:12","date_gmt":"2017-01-23T19:58:12","guid":{"rendered":"http:\/\/genewei.com\/br\/?post_type=product&#038;p=1898"},"modified":"2018-02-25T16:45:52","modified_gmt":"2018-02-25T19:45:52","slug":"recancostat-em-po-57-9-g","status":"publish","type":"product","link":"http:\/\/genewei.com\/br\/produto\/recancostat-em-po-57-9-g\/","title":{"rendered":"Recancostat em P\u00f3, Glutationa Estabilizada Reduzida, mistura n\u00e3o aromatizada (57,9 g)"},"content":{"rendered":"\n<!-- Facebook Like Button Vivacity Infotech BEGIN -->\n<div class=\"fb-like\" data-href=\"http:\/\/genewei.com\/br\/produto\/recancostat-em-po-57-9-g\/\" data-layout=\"standard\" data-action=\"like\" data-show-faces=\"true\" data-size=\"small\" data-width=\"550\" data-share=\"1\" ><\/div>\n<!-- Facebook Like Button Vivacity Infotech END -->\n<p><strong>Recancostat Powder, drink mix (57.9 g) |\u00a0O Recancostat em P\u00f3 <\/strong>\u00e9 uma combina\u00e7\u00e3o oral de glutationa.<\/p>\n<p>Recancostat\u00ae \u00e9 uma combina\u00e7\u00e3o \u00fanica de glutationa reduzida estabilizada (GSH), antocianinas e l-ciste\u00edna. GSH bloqueia danos de radicais livres a todos os tipos de tecidos e apoia\u00a0o processo normal do corpo de reparo do DNA.*<\/p>\n<p>Recancostat\u00ae \u00e9 uma marca registada da Gernot Treusch.<\/p>\n<hr \/>\n<div id=\"itemservings\"><strong>Doses por Recipiente:<\/strong> 30<\/div>\n<p>Misture 1\/4 colher de ch\u00e1 (aproximadamente 1,2 g) com 12 a 16 on\u00e7as (0.35-0.47 litros)\u00a0de \u00e1gua 1 a 2 vezes ao dia entre as refei\u00e7\u00f5es, ou como recomendado pelo seu profissional de sa\u00fade.<\/p>\n<p><strong>Tamanho da dose:<\/strong> 1\/4 colher (ch\u00e1) de mistura da bebida<\/p>\n<p><strong>Quantidade por por\u00e7\u00e3o<\/strong><br \/>\n<strong>L-Glutationa<\/strong> &#8230; 700mg<br \/>\n<em>(Reduzido) (marca Setria\u00ae)<\/em><br \/>\n<strong>AnthoRedoxin\u2122<\/strong> &#8230; 350mg<br \/>\n<em>padronizado para conter 10% de antocianinas<\/em><br \/>\n<em>Raiz de Beterraba (Beta vulgaris), Mirtilo (Vaccinium myrtillus) Extrato de Fruta, Extrato Europeu (Sambucus nigra) Concentrado de Baga<\/em><br \/>\n<strong>L-Ciste\u00edna<\/strong> &#8230; 140mg<\/p>\n<p><strong>Outros Ingredientes:<\/strong> di\u00f3xido de sil\u00edcio<\/p>\n<p><strong>Recancostat\u00ae em p\u00f3 n\u00e3o cont\u00e9m:<\/strong> Colora\u00e7\u00e3o artificial, Aromatizantes artificiais, lactic\u00ednios, gl\u00faten, Conservantes, sal, soja, a\u00e7ucar, trigo, fermento<\/p>\n<p><em>AnthoRedoxin\u2122 \u00e9 mistura exclusiva de antocianinas Integrative Therapeutics, LLC.<\/em><br \/>\n<em>Setria\u00ae \u00e9 uma marca comercial da KYOWA HAKKO BIO Co., Ltd.<\/em><\/p>\n<hr \/>\n<p><em>Se estiver gr\u00e1vida, amamentando ou tomando rem\u00e9dios, consulte o seu profissional de sa\u00fade antes de usar.<\/em><\/p>\n<!-- AddThis Advanced Settings generic via filter on the_content --><!-- AddThis Share Buttons generic via filter on the_content -->","protected":false},"excerpt":{"rendered":"<p>Recancostat Powder, drink mix (57.9 g) |\u00a0O Recancostat em P\u00f3 \u00e9 uma combina\u00e7\u00e3o oral de glutationa. Recancostat\u00ae \u00e9 uma combina\u00e7\u00e3o \u00fanica de glutationa reduzida estabilizada (GSH), antocianinas e l-ciste\u00edna. GSH bloqueia danos de radicais livres a todos os tipos de tecidos e apoia\u00a0o processo normal do corpo de reparo do DNA.* Recancostat\u00ae \u00e9 uma marca<a class=\"moretag\" href=\"http:\/\/genewei.com\/br\/produto\/recancostat-em-po-57-9-g\/\"> [&#8230;] <\/a><!-- AddThis Advanced Settings generic via filter on wp_trim_excerpt --><!-- AddThis Share Buttons generic via filter on wp_trim_excerpt --><\/p>\n","protected":false},"featured_media":1899,"template":"","meta":{"sfsi_plus_gutenberg_text_before_share":"","sfsi_plus_gutenberg_show_text_before_share":"","sfsi_plus_gutenberg_icon_type":"","sfsi_plus_gutenberg_icon_alignemt":"","sfsi_plus_gutenburg_max_per_row":"","_genesis_hide_title":false,"_genesis_hide_breadcrumbs":false,"_genesis_hide_singular_image":false,"_genesis_hide_footer_widgets":false,"_genesis_custom_body_class":"","_genesis_custom_post_class":"","_genesis_layout":""},"_links":{"self":[{"href":"http:\/\/genewei.com\/br\/wp-json\/wp\/v2\/product\/1898"}],"collection":[{"href":"http:\/\/genewei.com\/br\/wp-json\/wp\/v2\/product"}],"about":[{"href":"http:\/\/genewei.com\/br\/wp-json\/wp\/v2\/types\/product"}],"wp:featuredmedia":[{"embeddable":true,"href":"http:\/\/genewei.com\/br\/wp-json\/wp\/v2\/media\/1899"}],"wp:attachment":[{"href":"http:\/\/genewei.com\/br\/wp-json\/wp\/v2\/media?parent=1898"}],"curies":[{"name":"wp","href":"https:\/\/api.w.org\/{rel}","templated":true}]}}