{"id":1901,"date":"2017-01-23T18:51:16","date_gmt":"2017-01-23T20:51:16","guid":{"rendered":"http:\/\/genewei.com\/br\/?post_type=product&#038;p=1901"},"modified":"2018-02-24T02:33:35","modified_gmt":"2018-02-24T05:33:35","slug":"imd-desintoxicacao-de-metais-intestinais-6-g","status":"publish","type":"product","link":"http:\/\/genewei.com\/br\/produto\/imd-desintoxicacao-de-metais-intestinais-6-g\/","title":{"rendered":"IMD (Desintoxica\u00e7\u00e3o de Metais Intestinais) (6 g)"},"content":{"rendered":"\n<!-- Facebook Like Button Vivacity Infotech BEGIN -->\n<div class=\"fb-like\" data-href=\"http:\/\/genewei.com\/br\/produto\/imd-desintoxicacao-de-metais-intestinais-6-g\/\" data-layout=\"standard\" data-action=\"like\" data-show-faces=\"true\" data-size=\"small\" data-width=\"550\" data-share=\"1\" ><\/div>\n<!-- Facebook Like Button Vivacity Infotech END -->\n<p>O <strong>Intestinal Metals Detox (IMD) \/\u00a0IMD (Desintoxica\u00e7\u00e3o de Metais Intestinais)<\/strong>\u00a0\u00e9 um produto propriet\u00e1rio que consiste em transportador de s\u00edlica altamente purificado com grupos de liga\u00e7\u00e3o de metal ligados covalentemente.<\/p>\n<div>\n<ul>\n<li>O produto \u00e9 insol\u00favel e funciona para ligar metais pesados no intestino para que possam ser eliminados com seguran\u00e7a com os intestinos; isto impede tanto a absor\u00e7\u00e3o dos metais pesados como a gera\u00e7\u00e3o de radicais livres catalisados pelos metais.<\/li>\n<li>Na verdade, o produto tamb\u00e9m pode neutralizar diretamente os radicais livres no intestino e, portanto, pode desempenhar um papel em\u00a0amortecimento da inflama\u00e7\u00e3o gastrointestinal.<\/li>\n<li>Vincula merc\u00fario e outros metais pesados nos intestinos e escolta esses contaminantes nocivos para fora do corpo, intercepta metilmerc\u00fario preso na circula\u00e7\u00e3o enterohep\u00e1tica.<\/li>\n<li>Leva \u00e0 redu\u00e7\u00e3o dos n\u00edveis sangu\u00edneos de merc\u00fario, melhora a capacidade de desintoxica\u00e7\u00e3o natural do corpo e fortalece a liga\u00e7\u00e3o entre os intestinos e o sistema imunol\u00f3gico.<\/li>\n<\/ul>\n<p><strong>Instru\u00e7\u00f5es:<\/strong> Adicione 1-2 colheres de IMD a uma solu\u00e7\u00e3o sol\u00favel de vitamina C ou \u00e0 suspens\u00e3o de fosfol\u00edpido ou adicione-o ao alimento 2-3 vezes por o dia como dirigido por um praticante\u00a0dos cuidados m\u00e9dicos. Para l\u00edquidos, mexa para criar uma suspens\u00e3o e beba rapidamente antes do IMD se assentar, de prefer\u00eancia com o est\u00f4mago vazio; tomar com uma pequena quantidade de alimento se ocorrer algum mal-estar no est\u00f4mago.<\/p>\n<p><strong>Ingredientes:<\/strong> S\u00edlica funcionalizada de tiol-funcionalizado. Os ingredientes s\u00e3o aditivos alimentares GRAS (geralmente reconhecidos como seguros).<br \/>\n<strong>Fabricante:<\/strong> Quicksilver<\/p>\n<\/div>\n<div>\n<div>\n<hr \/>\n<div><strong>Aviso:<\/strong> N\u00e3o use se o selo de seguran\u00e7a estiver quebrado. N\u00e3o use se estiver gr\u00e1vida ou amamentando. Mantenha o seu m\u00e9dico licenciado informado quando utilizar este produto.<\/div>\n<\/div>\n<\/div>\n<!-- AddThis Advanced Settings generic via filter on the_content --><!-- AddThis Share Buttons generic via filter on the_content -->","protected":false},"excerpt":{"rendered":"<p>O Intestinal Metals Detox (IMD) \/\u00a0IMD (Desintoxica\u00e7\u00e3o de Metais Intestinais)\u00a0\u00e9 um produto propriet\u00e1rio que consiste em transportador de s\u00edlica altamente purificado com grupos de liga\u00e7\u00e3o de metal ligados covalentemente. O produto \u00e9 insol\u00favel e funciona para ligar metais pesados no intestino para que possam ser eliminados com seguran\u00e7a com os intestinos; isto impede tanto a<a class=\"moretag\" href=\"http:\/\/genewei.com\/br\/produto\/imd-desintoxicacao-de-metais-intestinais-6-g\/\"> [&#8230;] <\/a><!-- AddThis Advanced Settings generic via filter on wp_trim_excerpt --><!-- AddThis Share Buttons generic via filter on wp_trim_excerpt --><\/p>\n","protected":false},"featured_media":1902,"template":"","meta":{"sfsi_plus_gutenberg_text_before_share":"","sfsi_plus_gutenberg_show_text_before_share":"","sfsi_plus_gutenberg_icon_type":"","sfsi_plus_gutenberg_icon_alignemt":"","sfsi_plus_gutenburg_max_per_row":"","_genesis_hide_title":false,"_genesis_hide_breadcrumbs":false,"_genesis_hide_singular_image":false,"_genesis_hide_footer_widgets":false,"_genesis_custom_body_class":"","_genesis_custom_post_class":"","_genesis_layout":""},"_links":{"self":[{"href":"http:\/\/genewei.com\/br\/wp-json\/wp\/v2\/product\/1901"}],"collection":[{"href":"http:\/\/genewei.com\/br\/wp-json\/wp\/v2\/product"}],"about":[{"href":"http:\/\/genewei.com\/br\/wp-json\/wp\/v2\/types\/product"}],"wp:featuredmedia":[{"embeddable":true,"href":"http:\/\/genewei.com\/br\/wp-json\/wp\/v2\/media\/1902"}],"wp:attachment":[{"href":"http:\/\/genewei.com\/br\/wp-json\/wp\/v2\/media?parent=1901"}],"curies":[{"name":"wp","href":"https:\/\/api.w.org\/{rel}","templated":true}]}}