{"id":1903,"date":"2017-01-23T19:18:27","date_gmt":"2017-01-23T21:18:27","guid":{"rendered":"http:\/\/genewei.com\/br\/?post_type=product&#038;p=1903"},"modified":"2018-02-24T02:34:29","modified_gmt":"2018-02-24T05:34:29","slug":"glutationa-lipossomal-com-limao-menta-50-ml","status":"publish","type":"product","link":"http:\/\/genewei.com\/br\/produto\/glutationa-lipossomal-com-limao-menta-50-ml\/","title":{"rendered":"Glutationa Lipossomal com Lim\u00e3o-Menta (50 ml)"},"content":{"rendered":"\n<!-- Facebook Like Button Vivacity Infotech BEGIN -->\n<div class=\"fb-like\" data-href=\"http:\/\/genewei.com\/br\/produto\/glutationa-lipossomal-com-limao-menta-50-ml\/\" data-layout=\"standard\" data-action=\"like\" data-show-faces=\"true\" data-size=\"small\" data-width=\"550\" data-share=\"1\" ><\/div>\n<!-- Facebook Like Button Vivacity Infotech END -->\n<div><strong>Liposomal Glutathione with Lemon-Mint (50 ml) da\u00a0Quicksilver<\/strong><\/div>\n<div><\/div>\n<div><strong>Glutationa<\/strong> \u00e9 a principal antioxidante end\u00f3gena (produzida internamente) do organismo e \u00e9 parte integrante de m\u00faltiplos sistemas corporais. \u00c9 tamb\u00e9m o principal composto de desintoxica\u00e7\u00e3o do corpo e \u00e9 crucial para a fun\u00e7\u00e3o imunol\u00f3gica eficaz, mas a produ\u00e7\u00e3o do corpo de glutationa diminui com a idade, estresse e estados de doen\u00e7a. A glutationa \u00e9 pobremente absorvida atrav\u00e9s do trato gastrointestinal, e nossa Glutationa Liposomal de Entrega Eterica\u2122 traz tecnologia comprovada para a entrega trans-mucosa de compostos dif\u00edceis de absorver.<\/div>\n<p><strong>Glutationa<\/strong> \u00e9 o principal desintoxicante e antioxidante principal do corpo. As toxinas est\u00e3o ligadas \u00e0 glutationa, que depois as transporta para a b\u00edlis e fezes e para fora do corpo. Protege as delicadas m\u00e1quinas qu\u00edmicas da nossa c\u00e9lula, e ajuda o nosso metabolismo energ\u00e9tico a executar eficientemente.<\/p>\n<p><strong>Glutationa<\/strong> tamb\u00e9m \u00e9 parte integrante do nosso sistema imunol\u00f3gico, especialmente para resist\u00eancia a v\u00edrus.<\/p>\n<div>\n<hr \/>\n<\/div>\n<div>\n<p><strong>Uso Sugerido:<\/strong> Tomar 1 a 4 bombas (2 bombas \u00e9 1.0mL) ou mais 2-4 vezes por dia diretamente pela boca entre a verifica\u00e7\u00e3o e a goma. Segure 30 segundos antes de engolir. Pode tamb\u00e9m ser agitada em \u00e1gua. Melhor tomada com o est\u00f4mago vazio pelo menos 10 minutos antes das refei\u00e7\u00f5es. Uma vez aberta, use dentro de 30 dias.<\/p>\n<p><strong>Fatos suplementares<\/strong><br \/>\n<strong>Tamanho da dose:<\/strong> 1 mL (2 bombas)<br \/>\n<strong>Dose por recipiente:<\/strong> 50<\/p>\n<p><strong>Quantidade por por\u00e7\u00e3o:<\/strong><br \/>\n<strong>S\u00f3dio<\/strong> &#8230; 7 mg<br \/>\n<strong>Glutationa reduzida<\/strong> &#8230; 100 mg<br \/>\n<strong>Fosfatidilcolina (a partir de lecitina de sementes de girassol purificadas)<\/strong> &#8230; 84 mg<\/p>\n<p><strong>Outros Ingredientes:<\/strong> \u00c1gua, glicerina, etanol, Vitamina E (como d-alfa tocoferol polietilenoglicol 1000 succinato), \u00f3leos essenciais<\/p>\n<p><span style=\"color: #ff0000;\"><strong>Refrigerar ao\u00a0receber<\/strong><\/span><\/p>\n<\/div>\n<hr \/>\n<p>**Este produto \u00e9 sens\u00edvel ao calor. Recomenda-se o transporte noturno. N\u00e3o recomendado para transporte internacional. N\u00e3o retorn\u00e1vel.<\/p>\n<!-- AddThis Advanced Settings generic via filter on the_content --><!-- AddThis Share Buttons generic via filter on the_content -->","protected":false},"excerpt":{"rendered":"<p>Liposomal Glutathione with Lemon-Mint (50 ml) da\u00a0Quicksilver Glutationa \u00e9 a principal antioxidante end\u00f3gena (produzida internamente) do organismo e \u00e9 parte integrante de m\u00faltiplos sistemas corporais. \u00c9 tamb\u00e9m o principal composto de desintoxica\u00e7\u00e3o do corpo e \u00e9 crucial para a fun\u00e7\u00e3o imunol\u00f3gica eficaz, mas a produ\u00e7\u00e3o do corpo de glutationa diminui com a idade, estresse e<a class=\"moretag\" href=\"http:\/\/genewei.com\/br\/produto\/glutationa-lipossomal-com-limao-menta-50-ml\/\"> [&#8230;] <\/a><!-- AddThis Advanced Settings generic via filter on wp_trim_excerpt --><!-- AddThis Share Buttons generic via filter on wp_trim_excerpt --><\/p>\n","protected":false},"featured_media":1912,"template":"","meta":{"sfsi_plus_gutenberg_text_before_share":"","sfsi_plus_gutenberg_show_text_before_share":"","sfsi_plus_gutenberg_icon_type":"","sfsi_plus_gutenberg_icon_alignemt":"","sfsi_plus_gutenburg_max_per_row":"","_genesis_hide_title":false,"_genesis_hide_breadcrumbs":false,"_genesis_hide_singular_image":false,"_genesis_hide_footer_widgets":false,"_genesis_custom_body_class":"","_genesis_custom_post_class":"","_genesis_layout":""},"_links":{"self":[{"href":"http:\/\/genewei.com\/br\/wp-json\/wp\/v2\/product\/1903"}],"collection":[{"href":"http:\/\/genewei.com\/br\/wp-json\/wp\/v2\/product"}],"about":[{"href":"http:\/\/genewei.com\/br\/wp-json\/wp\/v2\/types\/product"}],"wp:featuredmedia":[{"embeddable":true,"href":"http:\/\/genewei.com\/br\/wp-json\/wp\/v2\/media\/1912"}],"wp:attachment":[{"href":"http:\/\/genewei.com\/br\/wp-json\/wp\/v2\/media?parent=1903"}],"curies":[{"name":"wp","href":"https:\/\/api.w.org\/{rel}","templated":true}]}}