{"id":1908,"date":"2017-01-23T20:07:13","date_gmt":"2017-01-23T22:07:13","guid":{"rendered":"http:\/\/genewei.com\/br\/?post_type=product&#038;p=1908"},"modified":"2018-02-24T02:35:15","modified_gmt":"2018-02-24T05:35:15","slug":"vitamina-c-lipossomal-com-acido-r-lipoico-50-ml","status":"publish","type":"product","link":"http:\/\/genewei.com\/br\/produto\/vitamina-c-lipossomal-com-acido-r-lipoico-50-ml\/","title":{"rendered":"Vitamina C Lipossomal com \u00c1cido R-Lip\u00f3ico (50 ml)"},"content":{"rendered":"\n<!-- Facebook Like Button Vivacity Infotech BEGIN -->\n<div class=\"fb-like\" data-href=\"http:\/\/genewei.com\/br\/produto\/vitamina-c-lipossomal-com-acido-r-lipoico-50-ml\/\" data-layout=\"standard\" data-action=\"like\" data-show-faces=\"true\" data-size=\"small\" data-width=\"550\" data-share=\"1\" ><\/div>\n<!-- Facebook Like Button Vivacity Infotech END -->\n<p><strong>Liposomal Vitamin C with R\/Lipoic Acid (50 ml)<\/strong><\/p>\n<p><strong>Vitamina C Lipossomal com \u00c1cido R-Lip\u00f3ico (50 ml)<\/strong> \u00e9 a forma mais absorv\u00edvel de grau de vitamina C.<\/p>\n<p><strong>A vitamina C<\/strong> \u00e9 essencial para qualquer programa de desintoxica\u00e7\u00e3o porque, alimenta o sistema que elimina toxinas. Tamb\u00e9m \u00e9 muito eficaz na remo\u00e7\u00e3o de chumbo e outros metais pesados do nosso sistema e combate os radicais livres que se formam no f\u00edgado durante a primeira fase de desintoxica\u00e7\u00e3o.<\/p>\n<p><strong>O \u00e1cido R-lip\u00f3ico<\/strong> tem uma capacidade excepcionalmente bem documentada para regular o sistema de glutationa atrav\u00e9s da via de transcri\u00e7\u00e3o nuclear Nrf2. Esta combina\u00e7\u00e3o de vitamina C e \u00e1cido R-Lip\u00f3ico em uma entrega nano-liposomal potencialmente aproveita o potencial da vitamina C para o poder de um sistema de glutationa em pleno funcionamento.<\/p>\n<div>\n<p><span style=\"color: #ff0000;\"><strong>Refrigerar ao\u00a0receber<\/strong><\/span><\/p>\n<\/div>\n<hr \/>\n<p>**Este produto \u00e9 sens\u00edvel ao calor. Recomenda-se o transporte noturno. N\u00e3o recomendado para transporte internacional. N\u00e3o retorn\u00e1vel.<\/p>\n<!-- AddThis Advanced Settings generic via filter on the_content --><!-- AddThis Share Buttons generic via filter on the_content -->","protected":false},"excerpt":{"rendered":"<p>Liposomal Vitamin C with R\/Lipoic Acid (50 ml) Vitamina C Lipossomal com \u00c1cido R-Lip\u00f3ico (50 ml) \u00e9 a forma mais absorv\u00edvel de grau de vitamina C. A vitamina C \u00e9 essencial para qualquer programa de desintoxica\u00e7\u00e3o porque, alimenta o sistema que elimina toxinas. Tamb\u00e9m \u00e9 muito eficaz na remo\u00e7\u00e3o de chumbo e outros metais pesados<a class=\"moretag\" href=\"http:\/\/genewei.com\/br\/produto\/vitamina-c-lipossomal-com-acido-r-lipoico-50-ml\/\"> [&#8230;] <\/a><!-- AddThis Advanced Settings generic via filter on wp_trim_excerpt --><!-- AddThis Share Buttons generic via filter on wp_trim_excerpt --><\/p>\n","protected":false},"featured_media":1909,"template":"","meta":{"sfsi_plus_gutenberg_text_before_share":"","sfsi_plus_gutenberg_show_text_before_share":"","sfsi_plus_gutenberg_icon_type":"","sfsi_plus_gutenberg_icon_alignemt":"","sfsi_plus_gutenburg_max_per_row":"","_genesis_hide_title":false,"_genesis_hide_breadcrumbs":false,"_genesis_hide_singular_image":false,"_genesis_hide_footer_widgets":false,"_genesis_custom_body_class":"","_genesis_custom_post_class":"","_genesis_layout":""},"_links":{"self":[{"href":"http:\/\/genewei.com\/br\/wp-json\/wp\/v2\/product\/1908"}],"collection":[{"href":"http:\/\/genewei.com\/br\/wp-json\/wp\/v2\/product"}],"about":[{"href":"http:\/\/genewei.com\/br\/wp-json\/wp\/v2\/types\/product"}],"wp:featuredmedia":[{"embeddable":true,"href":"http:\/\/genewei.com\/br\/wp-json\/wp\/v2\/media\/1909"}],"wp:attachment":[{"href":"http:\/\/genewei.com\/br\/wp-json\/wp\/v2\/media?parent=1908"}],"curies":[{"name":"wp","href":"https:\/\/api.w.org\/{rel}","templated":true}]}}