{"id":1915,"date":"2017-01-23T23:51:17","date_gmt":"2017-01-24T01:51:17","guid":{"rendered":"http:\/\/genewei.com\/br\/?post_type=product&#038;p=1915"},"modified":"2018-02-24T02:36:03","modified_gmt":"2018-02-24T05:36:03","slug":"nanomojo-mistura-adaptogenica-lipossomica-50-ml","status":"publish","type":"product","link":"http:\/\/genewei.com\/br\/produto\/nanomojo-mistura-adaptogenica-lipossomica-50-ml\/","title":{"rendered":"NanoMojo, Mistura Adaptog\u00e9nica Liposs\u00f3mica (50 ml)"},"content":{"rendered":"\n<!-- Facebook Like Button Vivacity Infotech BEGIN -->\n<div class=\"fb-like\" data-href=\"http:\/\/genewei.com\/br\/produto\/nanomojo-mistura-adaptogenica-lipossomica-50-ml\/\" data-layout=\"standard\" data-action=\"like\" data-show-faces=\"true\" data-size=\"small\" data-width=\"550\" data-share=\"1\" ><\/div>\n<!-- Facebook Like Button Vivacity Infotech END -->\n<p><strong>NanoMojo<\/strong> aceita\u00a0o poder din\u00e2mico dos Adapt\u00f3genos da <em>Sun Horse Energy<\/em> para os transportadores lip\u00eddicos penetrantes da <em>Quicksilver Delivery Systems.<\/em><\/p>\n<p>A<em> Quicksilver Scientific<\/em> e a<em> Sun Horse Energy<\/em> juntaram-se para criar a primeira f\u00f3rmula liposomal adaptog\u00eanica do mundo: <strong>NanoMojo.<\/strong><\/p>\n<p>Dr. Quicksilver Christopher Shade Ph.D. e\u00a0o mestre herborista Dan Moriarty da <em>Sun Horse Energy<\/em> colaboraram para aumentar o poder dos adapt\u00f3genos. Emparelhado com os lipossomas terap\u00eauticos e penetrantes da <em>Quicksilver Delivery Systems\u2122<\/em>, as 20 ervas adapt\u00f3genas da<em> Sun Horse Energy<\/em> suportam mais eficazmente tudo, desde resist\u00eancia e for\u00e7a at\u00e9 fun\u00e7\u00e3o imunol\u00f3gica e humor.<\/p>\n<!-- AddThis Advanced Settings generic via filter on the_content --><!-- AddThis Share Buttons generic via filter on the_content -->","protected":false},"excerpt":{"rendered":"<p>NanoMojo aceita\u00a0o poder din\u00e2mico dos Adapt\u00f3genos da Sun Horse Energy para os transportadores lip\u00eddicos penetrantes da Quicksilver Delivery Systems. A Quicksilver Scientific e a Sun Horse Energy juntaram-se para criar a primeira f\u00f3rmula liposomal adaptog\u00eanica do mundo: NanoMojo. Dr. Quicksilver Christopher Shade Ph.D. e\u00a0o mestre herborista Dan Moriarty da Sun Horse Energy colaboraram para aumentar<a class=\"moretag\" href=\"http:\/\/genewei.com\/br\/produto\/nanomojo-mistura-adaptogenica-lipossomica-50-ml\/\"> [&#8230;] <\/a><!-- AddThis Advanced Settings generic via filter on wp_trim_excerpt --><!-- AddThis Share Buttons generic via filter on wp_trim_excerpt --><\/p>\n","protected":false},"featured_media":1916,"template":"","meta":{"sfsi_plus_gutenberg_text_before_share":"","sfsi_plus_gutenberg_show_text_before_share":"","sfsi_plus_gutenberg_icon_type":"","sfsi_plus_gutenberg_icon_alignemt":"","sfsi_plus_gutenburg_max_per_row":"","_genesis_hide_title":false,"_genesis_hide_breadcrumbs":false,"_genesis_hide_singular_image":false,"_genesis_hide_footer_widgets":false,"_genesis_custom_body_class":"","_genesis_custom_post_class":"","_genesis_layout":""},"_links":{"self":[{"href":"http:\/\/genewei.com\/br\/wp-json\/wp\/v2\/product\/1915"}],"collection":[{"href":"http:\/\/genewei.com\/br\/wp-json\/wp\/v2\/product"}],"about":[{"href":"http:\/\/genewei.com\/br\/wp-json\/wp\/v2\/types\/product"}],"wp:featuredmedia":[{"embeddable":true,"href":"http:\/\/genewei.com\/br\/wp-json\/wp\/v2\/media\/1916"}],"wp:attachment":[{"href":"http:\/\/genewei.com\/br\/wp-json\/wp\/v2\/media?parent=1915"}],"curies":[{"name":"wp","href":"https:\/\/api.w.org\/{rel}","templated":true}]}}