{"id":1919,"date":"2017-01-24T00:09:50","date_gmt":"2017-01-24T02:09:50","guid":{"rendered":"http:\/\/genewei.com\/br\/?post_type=product&#038;p=1919"},"modified":"2018-02-24T02:36:53","modified_gmt":"2018-02-24T05:36:53","slug":"mistura-clara-de-co-fatores-75-caps","status":"publish","type":"product","link":"http:\/\/genewei.com\/br\/produto\/mistura-clara-de-co-fatores-75-caps\/","title":{"rendered":"Mistura Clara de Co-Fatores (75 caps)"},"content":{"rendered":"\n<!-- Facebook Like Button Vivacity Infotech BEGIN -->\n<div class=\"fb-like\" data-href=\"http:\/\/genewei.com\/br\/produto\/mistura-clara-de-co-fatores-75-caps\/\" data-layout=\"standard\" data-action=\"like\" data-show-faces=\"true\" data-size=\"small\" data-width=\"550\" data-share=\"1\" ><\/div>\n<!-- Facebook Like Button Vivacity Infotech END -->\n<p>O <strong>Clear Way Cleanse Cofactor Mix<\/strong><strong>\u00a0| Mistura Clara de Co-Fatores (75 caps)<\/strong>\u00a0\u00e9 projetado para maximizar as vias de desintoxica\u00e7\u00e3o do metal.<\/p>\n<p><strong>Mistura Clara de Co-Fatores<\/strong> \u00e9 uma mistura patenteada de antioxidantes polifen\u00f3licos, \u00e1cido R-lip\u00f3ico (RLA), vitaminas (B1, B5, B6), sel\u00eanio, extrato de alga marinha e potentes Nattokinase, desenvolvidos para maximizar as vias de desintoxica\u00e7\u00e3o do metal.<\/p>\n<ul>\n<li>Antioxidantes polifen\u00f3licos, como epicatequina encontrado no extrato de casca de pinheiro e extrato de ch\u00e1 verde, t\u00eam demonstrado enorme efic\u00e1cia em fazer isso, criando tanto anti-inflamat\u00f3rio quanto\u00a0anti-atividade cancer\u00edgena e passando atrav\u00e9s da barreira hematoencef\u00e1lica.<\/li>\n<li>Potente enzima fibrinol\u00edtica que degrada os biofilmes intestinais para ajudar a liberar levedura teimosa e refor\u00e7a a circula\u00e7\u00e3o.<\/li>\n<li>A Mistura Clara de Co-Fatores<\/li>\n<li>Este produto \u00e9 recomendado quando se utiliza o IMD<\/li>\n<\/ul>\n<hr \/>\n<div><strong>Tamanho: <\/strong>75 caps<br \/>\n<strong>Fabricante:<\/strong> Quicksilver<\/div>\n<div><\/div>\n<div>\n<p><strong>Ingredientes:<\/strong> Vitamina B1, Vitamina B6, Vitamina B5, Selenometionina, Mistura Propriet\u00e1ria: extrato de Haritaki (Terminalla chebula), extrato de raiz de dente-de-le\u00e3o, \u00c1cido R-Lip\u00f3ico, extrato de casca de pinheiro, extrato de Gotu Kola, extrato de Bacopa monniera, extrato de Bladderwrack, Nattokinase (20,000 fu\/gm), Quercetina desidratada. <strong>Outros Ingredientes:<\/strong> C\u00e1psulas vegetais e di\u00f3xido de sil\u00edcio<\/p>\n<p><strong>Dosagem:<\/strong> 3 c\u00e1psulas por dia. Comece com 1 cap e aumente a dose gradualmente. Doses avan\u00e7adas de 6-9 caps por dia podem ser usadas por curtos per\u00edodos de tempo. Melhor tomada com o est\u00f4mago vazio. Se o est\u00f4mago se torna perturbado, tome com as refei\u00e7\u00f5es. Tome pelo menos 15-20 minutos de dist\u00e2ncia do IMD. N\u00e3o deve ser usado por crian\u00e7as, mulheres gr\u00e1vidas ou lactantes.<\/p>\n<\/div>\n<!-- AddThis Advanced Settings generic via filter on the_content --><!-- AddThis Share Buttons generic via filter on the_content -->","protected":false},"excerpt":{"rendered":"<p>O Clear Way Cleanse Cofactor Mix\u00a0| Mistura Clara de Co-Fatores (75 caps)\u00a0\u00e9 projetado para maximizar as vias de desintoxica\u00e7\u00e3o do metal. Mistura Clara de Co-Fatores \u00e9 uma mistura patenteada de antioxidantes polifen\u00f3licos, \u00e1cido R-lip\u00f3ico (RLA), vitaminas (B1, B5, B6), sel\u00eanio, extrato de alga marinha e potentes Nattokinase, desenvolvidos para maximizar as vias de desintoxica\u00e7\u00e3o do<a class=\"moretag\" href=\"http:\/\/genewei.com\/br\/produto\/mistura-clara-de-co-fatores-75-caps\/\"> [&#8230;] <\/a><!-- AddThis Advanced Settings generic via filter on wp_trim_excerpt --><!-- AddThis Share Buttons generic via filter on wp_trim_excerpt --><\/p>\n","protected":false},"featured_media":1920,"template":"","meta":{"sfsi_plus_gutenberg_text_before_share":"","sfsi_plus_gutenberg_show_text_before_share":"","sfsi_plus_gutenberg_icon_type":"","sfsi_plus_gutenberg_icon_alignemt":"","sfsi_plus_gutenburg_max_per_row":"","_genesis_hide_title":false,"_genesis_hide_breadcrumbs":false,"_genesis_hide_singular_image":false,"_genesis_hide_footer_widgets":false,"_genesis_custom_body_class":"","_genesis_custom_post_class":"","_genesis_layout":""},"_links":{"self":[{"href":"http:\/\/genewei.com\/br\/wp-json\/wp\/v2\/product\/1919"}],"collection":[{"href":"http:\/\/genewei.com\/br\/wp-json\/wp\/v2\/product"}],"about":[{"href":"http:\/\/genewei.com\/br\/wp-json\/wp\/v2\/types\/product"}],"wp:featuredmedia":[{"embeddable":true,"href":"http:\/\/genewei.com\/br\/wp-json\/wp\/v2\/media\/1920"}],"wp:attachment":[{"href":"http:\/\/genewei.com\/br\/wp-json\/wp\/v2\/media?parent=1919"}],"curies":[{"name":"wp","href":"https:\/\/api.w.org\/{rel}","templated":true}]}}