{"id":1921,"date":"2017-01-24T00:29:29","date_gmt":"2017-01-24T02:29:29","guid":{"rendered":"http:\/\/genewei.com\/br\/?post_type=product&#038;p=1921"},"modified":"2018-08-04T17:05:40","modified_gmt":"2018-08-04T20:05:40","slug":"amargos-do-dr-shade-9-50-ml","status":"publish","type":"product","link":"http:\/\/genewei.com\/br\/produto\/amargos-do-dr-shade-9-50-ml\/","title":{"rendered":"Amargos do Dr. Shade #9 (50 ml)"},"content":{"rendered":"\n<!-- Facebook Like Button Vivacity Infotech BEGIN -->\n<div class=\"fb-like\" data-href=\"http:\/\/genewei.com\/br\/produto\/amargos-do-dr-shade-9-50-ml\/\" data-layout=\"standard\" data-action=\"like\" data-show-faces=\"true\" data-size=\"small\" data-width=\"550\" data-share=\"1\" ><\/div>\n<!-- Facebook Like Button Vivacity Infotech END -->\n<ul>\n<li><strong>Dr. Shade&#8217;s Bitters #9:\u00a0<\/strong>Uma mistura propriet\u00e1ria de dente-de-le\u00e3o, cardo de leite, solidago (goldenrod), genciana, bardana, \u00f3leo essencial de laranja doce, mirra, \u00f3leo essencial de zimbro e \u00f3leo essencial de cravo.<\/li>\n<li>Esta mistura de amidos liposs\u00f3micos \u00e9 especialmente formulada para promover a ves\u00edcula biliar saud\u00e1vel\/fluxo biliar e fun\u00e7\u00e3o robusta do f\u00edgado para promover a desintoxica\u00e7\u00e3o.<\/li>\n<li>Deliciosa pura ou bombeada em \u00e1gua seltzer, <em>Dr. Shade&#8217;s Bitters# 9<\/em> complementa qualquer refei\u00e7\u00e3o.<\/li>\n<\/ul>\n<!-- AddThis Advanced Settings generic via filter on the_content --><!-- AddThis Share Buttons generic via filter on the_content -->","protected":false},"excerpt":{"rendered":"<p>Dr. Shade&#8217;s Bitters #9:\u00a0Uma mistura propriet\u00e1ria de dente-de-le\u00e3o, cardo de leite, solidago (goldenrod), genciana, bardana, \u00f3leo essencial de laranja doce, mirra, \u00f3leo essencial de zimbro e \u00f3leo essencial de cravo. Esta mistura de amidos liposs\u00f3micos \u00e9 especialmente formulada para promover a ves\u00edcula biliar saud\u00e1vel\/fluxo biliar e fun\u00e7\u00e3o robusta do f\u00edgado para promover a desintoxica\u00e7\u00e3o. Deliciosa<a class=\"moretag\" href=\"http:\/\/genewei.com\/br\/produto\/amargos-do-dr-shade-9-50-ml\/\"> [&#8230;] <\/a><!-- AddThis Advanced Settings generic via filter on wp_trim_excerpt --><!-- AddThis Share Buttons generic via filter on wp_trim_excerpt --><\/p>\n","protected":false},"featured_media":1922,"template":"","meta":{"sfsi_plus_gutenberg_text_before_share":"","sfsi_plus_gutenberg_show_text_before_share":"","sfsi_plus_gutenberg_icon_type":"","sfsi_plus_gutenberg_icon_alignemt":"","sfsi_plus_gutenburg_max_per_row":"","_genesis_hide_title":false,"_genesis_hide_breadcrumbs":false,"_genesis_hide_singular_image":false,"_genesis_hide_footer_widgets":false,"_genesis_custom_body_class":"","_genesis_custom_post_class":"","_genesis_layout":""},"_links":{"self":[{"href":"http:\/\/genewei.com\/br\/wp-json\/wp\/v2\/product\/1921"}],"collection":[{"href":"http:\/\/genewei.com\/br\/wp-json\/wp\/v2\/product"}],"about":[{"href":"http:\/\/genewei.com\/br\/wp-json\/wp\/v2\/types\/product"}],"wp:featuredmedia":[{"embeddable":true,"href":"http:\/\/genewei.com\/br\/wp-json\/wp\/v2\/media\/1922"}],"wp:attachment":[{"href":"http:\/\/genewei.com\/br\/wp-json\/wp\/v2\/media?parent=1921"}],"curies":[{"name":"wp","href":"https:\/\/api.w.org\/{rel}","templated":true}]}}