{"id":1927,"date":"2017-01-24T00:48:23","date_gmt":"2017-01-24T02:48:23","guid":{"rendered":"http:\/\/genewei.com\/br\/?post_type=product&#038;p=1927"},"modified":"2018-02-24T01:54:41","modified_gmt":"2018-02-24T04:54:41","slug":"bisglicinato-de-cobre-60-vcaps","status":"publish","type":"product","link":"http:\/\/genewei.com\/br\/produto\/bisglicinato-de-cobre-60-vcaps\/","title":{"rendered":"Bisglicinato de Cobre (60 vcaps)"},"content":{"rendered":"\n<!-- Facebook Like Button Vivacity Infotech BEGIN -->\n<div class=\"fb-like\" data-href=\"http:\/\/genewei.com\/br\/produto\/bisglicinato-de-cobre-60-vcaps\/\" data-layout=\"standard\" data-action=\"like\" data-show-faces=\"true\" data-size=\"small\" data-width=\"550\" data-share=\"1\" ><\/div>\n<!-- Facebook Like Button Vivacity Infotech END -->\n<p><strong>Thorne Research\u00a0Copper Bisglycinate (60 vcaps) | <\/strong>Uma forma bem absorvida deste mineral tra\u00e7o importante*<\/p>\n<ul>\n<li>Um componente essencial do\u00a0antioxidante SOD *<\/li>\n<li>Importante para o tecido conjuntivo, cora\u00e7\u00e3o, pele e sa\u00fade dos nervos*<\/li>\n<li>Complementar com zinco<\/li>\n<\/ul>\n<p>O cobre \u00e9 um mineral essencial para a sa\u00fade \u00f3ssea, a sa\u00fade do tecido conjuntivo, a sa\u00fade cardiovascular, o metabolismo lip\u00eddico, a sa\u00fade neurol\u00f3gica e a sa\u00fade da pele.* Como o cobre e o zinco competem entre si pela absor\u00e7\u00e3o, altas quantidades de zinco (por exemplo, 50 mg por dia por um longo per\u00edodo de tempo) sem cobre pode resultar em uma defici\u00eancia de cobre.<\/p>\n<p>Embora o cobre possa ter capacidades pr\u00f3-oxidantes, tamb\u00e9m demonstra propriedades antioxidantes.* O cobre \u00e9 um co-fator para o\u00a0super\u00f3xido dismutase antioxidante essencial, que \u00e9 produzido no corpo como parte do sistema de defesa antioxidante natural.* Uma defici\u00eancia de cobre pode render muitos tipos de c\u00e9lulas, incluindo gorduras e c\u00e9lulas sangu\u00edneas, mais suscet\u00edveis \u00e0 oxida\u00e7\u00e3o.* Em um cen\u00e1rio cl\u00ednico, a suplementa\u00e7\u00e3o de cobre protegeu gl\u00f3bulos vermelhos da oxida\u00e7\u00e3o.*<\/p>\n<hr \/>\n<div id=\"itemservings\"><strong>Dose por\u00a0recipiente:<\/strong> 60<\/div>\n<p>Tome 1 c\u00e1psula 1-3 vezes ao dia ou como recomendado pelo seu m\u00e9dico.<\/p>\n<p><strong>Tamanho da dose:<\/strong> uma c\u00e1psula<\/p>\n<p><strong>Quantidade por por\u00e7\u00e3o<\/strong><br \/>\n<strong>Cobre<\/strong> &#8230; 2mg<br \/>\n<em>(como TRAACS\u00ae Quelato de Bisglicinato de Cobre) *<\/em><\/p>\n<p><strong>Outros ingredientes:<\/strong> celulose microcristalina, c\u00e1psula de hipromelose (derivada de celulose), leucina.<\/p>\n<p><em>*Este produto utiliza TRAACS\u00ae Quelato de Bisglicinato de Cobre da Albion. TRAACS \u00e9 uma marca registrada da Albion International, Inc.<\/em><\/p>\n<hr \/>\n<p><strong>AVISO DE ALERGIA<\/strong><br \/>\nEste produto est\u00e1 contra-indicado num indiv\u00edduo com hist\u00f3ria de hipersensibilidade a qualquer um dos seus ingredientes.<\/p>\n<p><strong>GRAVIDEZ<\/strong><br \/>\nSe estiver gr\u00e1vida, consulte o seu m\u00e9dico antes de utilizar este produto.<\/p>\n<p><strong>INTERA\u00c7\u00d5ES<\/strong><br \/>\nN\u00e3o existem interac\u00e7\u00f5es adversas conhecidas ou contra-indica\u00e7\u00f5es na data de publica\u00e7\u00e3o.<\/p>\n<!-- AddThis Advanced Settings generic via filter on the_content --><!-- AddThis Share Buttons generic via filter on the_content -->","protected":false},"excerpt":{"rendered":"<p>Thorne Research\u00a0Copper Bisglycinate (60 vcaps) | Uma forma bem absorvida deste mineral tra\u00e7o importante* Um componente essencial do\u00a0antioxidante SOD * Importante para o tecido conjuntivo, cora\u00e7\u00e3o, pele e sa\u00fade dos nervos* Complementar com zinco O cobre \u00e9 um mineral essencial para a sa\u00fade \u00f3ssea, a sa\u00fade do tecido conjuntivo, a sa\u00fade cardiovascular, o metabolismo lip\u00eddico,<a class=\"moretag\" href=\"http:\/\/genewei.com\/br\/produto\/bisglicinato-de-cobre-60-vcaps\/\"> [&#8230;] <\/a><!-- AddThis Advanced Settings generic via filter on wp_trim_excerpt --><!-- AddThis Share Buttons generic via filter on wp_trim_excerpt --><\/p>\n","protected":false},"featured_media":1928,"template":"","meta":{"sfsi_plus_gutenberg_text_before_share":"","sfsi_plus_gutenberg_show_text_before_share":"","sfsi_plus_gutenberg_icon_type":"","sfsi_plus_gutenberg_icon_alignemt":"","sfsi_plus_gutenburg_max_per_row":"","_genesis_hide_title":false,"_genesis_hide_breadcrumbs":false,"_genesis_hide_singular_image":false,"_genesis_hide_footer_widgets":false,"_genesis_custom_body_class":"","_genesis_custom_post_class":"","_genesis_layout":""},"_links":{"self":[{"href":"http:\/\/genewei.com\/br\/wp-json\/wp\/v2\/product\/1927"}],"collection":[{"href":"http:\/\/genewei.com\/br\/wp-json\/wp\/v2\/product"}],"about":[{"href":"http:\/\/genewei.com\/br\/wp-json\/wp\/v2\/types\/product"}],"wp:featuredmedia":[{"embeddable":true,"href":"http:\/\/genewei.com\/br\/wp-json\/wp\/v2\/media\/1928"}],"wp:attachment":[{"href":"http:\/\/genewei.com\/br\/wp-json\/wp\/v2\/media?parent=1927"}],"curies":[{"name":"wp","href":"https:\/\/api.w.org\/{rel}","templated":true}]}}