{"id":1930,"date":"2017-01-25T00:26:12","date_gmt":"2017-01-25T02:26:12","guid":{"rendered":"http:\/\/genewei.com\/br\/?post_type=product&#038;p=1930"},"modified":"2018-02-24T01:55:54","modified_gmt":"2018-02-24T04:55:54","slug":"complexo-b-12-60-vcaps","status":"publish","type":"product","link":"http:\/\/genewei.com\/br\/produto\/complexo-b-12-60-vcaps\/","title":{"rendered":"Complexo B #12 (60 vcaps)"},"content":{"rendered":"\n<!-- Facebook Like Button Vivacity Infotech BEGIN -->\n<div class=\"fb-like\" data-href=\"http:\/\/genewei.com\/br\/produto\/complexo-b-12-60-vcaps\/\" data-layout=\"standard\" data-action=\"like\" data-show-faces=\"true\" data-size=\"small\" data-width=\"550\" data-share=\"1\" ><\/div>\n<!-- Facebook Like Button Vivacity Infotech END -->\n<p><strong>B-Complex #12 |<\/strong> Duas formas ativas de vitamina B12, mais duas formas ativas de folato em um complexo B conveniente.<\/p>\n<ul>\n<li>Ao contr\u00e1rio de muitos produtos de vitamina B, o complexo B #12 cont\u00e9m as formas ativas para aumentar a biodisponibilidade*<\/li>\n<li>Complexo B #12 cont\u00e9m um equil\u00edbrio ideal de vitaminas B essenciais com vitamina B12 extra e folato<\/li>\n<li>Complexo B #12 \u00e9 isento\u00a0de fermento<\/li>\n<li>Sem conservantes, estearato de magn\u00e9sio ou outros lubrificantes e diluentes<\/li>\n<li>Sem agentes fluentes que possam inibir a biodisponibilidade<\/li>\n<\/ul>\n<p><strong>A vitamina B12 e o folato<\/strong> s\u00e3o necess\u00e1rios para a forma\u00e7\u00e3o normal de gl\u00f3bulos vermelhos, repara\u00e7\u00e3o de tecidos e c\u00e9lulas, metabolismo de homociste\u00edna e s\u00edntese de DNA. \u00a0Uma defici\u00eancia de vitamina B12 e\/ou folato pode indicar uma escassez cr\u00f4nica de uma ou ambas dessas vitaminas. A defici\u00eancia de vitamina B12 pode manifestar-se em v\u00e1rios graus de altera\u00e7\u00f5es mentais, como confus\u00e3o e irritabilidade.* Alguns medicamentos de prescri\u00e7\u00e3o (para convuls\u00f5es, diabetes, artrite ou c\u00e2ncer) podem resultar em defici\u00eancias dessas vitaminas importantes. A incid\u00eancia de defici\u00eancia de vitamina B12 e\/ou folato \u00e9 alta entre os idosos. As mulheres gr\u00e1vidas requerem quantidades aumentadas de folato para o desenvolvimento fetal adequado. As mulheres com uma defici\u00eancia de folato antes da gravidez podem esperar que a defici\u00eancia seja intensificada durante a gesta\u00e7\u00e3o.<\/p>\n<p>O <strong><em>Thornes B-Complex #12<\/em><\/strong> fornece 300 mcg de adenosilcobalamina, 300 mcg de metilcobalamina, bem como 200 mcg de \u00e1cido fol\u00ednico, 200 mcg de 5-MTHF (ambas as formas ativas de folato) e as formas bioativas das outras vitaminas B em cada c\u00e1psula para garantir que voc\u00ea obtenha o complexo B mais biodispon\u00edvel dispon\u00edvel.*<\/p>\n<p><strong>O complexo B #12 tamb\u00e9m consiste em um grupo de 8\u00a0compostos sol\u00faveis em \u00e1gua:<\/strong> tiamina (vitamina B1), riboflavina (vitamina B2), niacina (vitamina B3), \u00e1cido pantot\u00eanico (vitamina B5), piridoxina (vitamina B6), cobalamina B12), folato e biotina. Embora cada vitamina B seja quimicamente distinta, muitas vezes trabalham juntas em v\u00e1rias fun\u00e7\u00f5es bioqu\u00edmicas em todo o corpo &#8211; da produ\u00e7\u00e3o de energia celular, \u00e0 forma\u00e7\u00e3o saud\u00e1vel de gl\u00f3bulos vermelhos, \u00e0 fun\u00e7\u00e3o neurol\u00f3gica saud\u00e1vel. A maioria das vitaminas B, com exce\u00e7\u00e3o da vitamina B12, n\u00e3o s\u00e3o armazenadas no corpo; Consequentemente, elas devem ser adquiridas diariamente a partir da dieta, a fim de manter a sa\u00fade ideal.<\/p>\n<p><strong>Suplementar\u00a0com vitaminas B ativas \u00e9 extremamente importante para todos,<\/strong> especialmente indiv\u00edduos que podem n\u00e3o ser capazes de converter vitaminas n\u00e3o-ativas para suas formas ativas no f\u00edgado por causa da fun\u00e7\u00e3o hep\u00e1tica comprometida, enzimas funcionando mal, dist\u00farbios digestivos ou idade. Os suplementos diet\u00e9ticos que cont\u00eam esses cofatores ativos t\u00eam maior biodisponibilidade, garantindo que o corpo obtenha os nutrientes de que necessita.<\/p>\n<p>&nbsp;<\/p>\n<hr \/>\n<div id=\"itemservings\"><strong>Dose por recipiente:<\/strong> 60<\/div>\n<p>Tome 1 c\u00e1psulas 1-3 vezes ao dia ou como recomendado por um profissional de sa\u00fade.<\/p>\n<p><strong>Tamanho da Dose:<\/strong> 1 C\u00e1psula Vegetariana<\/p>\n<p><strong>Quantidade por por\u00e7\u00e3o:<\/strong><br \/>\n<strong>Tiamina<\/strong> &#8230; 40mg<br \/>\n<em>\u00a0(como Tiamina HCl)<\/em><br \/>\n<strong>Riboflavina<\/strong> &#8230; 28.6mg<br \/>\n<em>(25 mg como Riboflavina e 3,6 mg como Riboflavina 5-Fosfato S\u00f3dico)<\/em><br \/>\n<strong>Niacina<\/strong> &#8230; 80mg<br \/>\n<em>\u00a0(como Niacinamida)<\/em><br \/>\n<strong>Vitamina B6<\/strong> &#8230; 23.4mg<br \/>\n<em>\u00a0(20 mg como HCl Piridoxina e 3,4 mg como 5-Fosfato Piridoxal)<\/em><br \/>\n<strong>Folato<\/strong> &#8230; 400mcg<br \/>\n<em>(200 mcg como Folinato de C\u00e1lcio e 200 mcg como L-5-Metiltetrahidrofolato a partir de \u00c1cido L-5-Metiltetrahidrof\u00f3lico, Sal de Glucosamina)<\/em><br \/>\n<strong>Vitamina B1<\/strong>2 &#8230; 600mcg<br \/>\n(300 mcg como adenosilcobalamina e 300 mcg como metilcobalamina)<br \/>\n<strong>Biotina<\/strong> &#8230; 80mcg<br \/>\n<strong>\u00c1cido pantot\u00eanico<\/strong> &#8230; 45mg<br \/>\n<em>(como Pantotenato de C\u00e1lcio)<\/em><br \/>\n<strong>Citrato de colina<\/strong> &#8230; 40mg<\/p>\n<p><strong>Outros ingredientes:<\/strong>\u00a0Celulose\u00a0Microcristalina, C\u00e1psula de\u00a0Hipromelose (derivado da celulose), Citrato de Magn\u00e9sio Laurate, Di\u00f3xido de Sil\u00edcio.<\/p>\n<p><strong>Este produto n\u00e3o cont\u00e9m<\/strong> trigo, gl\u00faten, milho, levedura, soja, ovo, produtos l\u00e1cteos, ou cores artificiais, edulcorantes ou sabores.<br \/>\n<strong>Este produto tamb\u00e9m n\u00e3o cont\u00e9m<\/strong> lactose, \u00e1cido palm\u00edtico, ou estearatos de magn\u00e9sio, c\u00e1lcio ou vegetais.<\/p>\n<p>&nbsp;<\/p>\n<hr \/>\n<p>Este produto est\u00e1 contra-indicado num indiv\u00edduo com hist\u00f3ria de hipersensibilidade a qualquer um dos seus ingredientes.<\/p>\n<p>Se estiver gr\u00e1vida, consulte o seu profissional de sa\u00fade antes de utilizar este produto.<\/p>\n<p>A suplementa\u00e7\u00e3o de \u00e1cido fol\u00ednico e 5-metil-tetrahidrofolato n\u00e3o \u00e9 recomendada concomitantemente com a terapia com c\u00e2ncer de metotrexato, uma vez que podem interferir com a atividade antineopl\u00e1sica de metotrexatos; No entanto, estas fontes de folato n\u00e3o foram mostradas para interferir com a atividade anti-inflamat\u00f3ria do metotrexato. Um indiv\u00edduo que toma metotrexato para psor\u00edase ou artrite reumat\u00f3ide pode seguramente tomar um suplemento contendo folato.<\/p>\n<p><em>Estas declara\u00e7\u00f5es n\u00e3o foram avaliadas pela Administra\u00e7\u00e3o de Alimentos e Drogas. Este produto n\u00e3o se destina a diagnosticar, tratar, curar ou prevenir qualquer doen\u00e7a.<\/em><\/p>\n<!-- AddThis Advanced Settings generic via filter on the_content --><!-- AddThis Share Buttons generic via filter on the_content -->","protected":false},"excerpt":{"rendered":"<p>B-Complex #12 | Duas formas ativas de vitamina B12, mais duas formas ativas de folato em um complexo B conveniente. Ao contr\u00e1rio de muitos produtos de vitamina B, o complexo B #12 cont\u00e9m as formas ativas para aumentar a biodisponibilidade* Complexo B #12 cont\u00e9m um equil\u00edbrio ideal de vitaminas B essenciais com vitamina B12 extra<a class=\"moretag\" href=\"http:\/\/genewei.com\/br\/produto\/complexo-b-12-60-vcaps\/\"> [&#8230;] <\/a><!-- AddThis Advanced Settings generic via filter on wp_trim_excerpt --><!-- AddThis Share Buttons generic via filter on wp_trim_excerpt --><\/p>\n","protected":false},"featured_media":1932,"template":"","meta":{"sfsi_plus_gutenberg_text_before_share":"","sfsi_plus_gutenberg_show_text_before_share":"","sfsi_plus_gutenberg_icon_type":"","sfsi_plus_gutenberg_icon_alignemt":"","sfsi_plus_gutenburg_max_per_row":"","_genesis_hide_title":false,"_genesis_hide_breadcrumbs":false,"_genesis_hide_singular_image":false,"_genesis_hide_footer_widgets":false,"_genesis_custom_body_class":"","_genesis_custom_post_class":"","_genesis_layout":""},"_links":{"self":[{"href":"http:\/\/genewei.com\/br\/wp-json\/wp\/v2\/product\/1930"}],"collection":[{"href":"http:\/\/genewei.com\/br\/wp-json\/wp\/v2\/product"}],"about":[{"href":"http:\/\/genewei.com\/br\/wp-json\/wp\/v2\/types\/product"}],"wp:featuredmedia":[{"embeddable":true,"href":"http:\/\/genewei.com\/br\/wp-json\/wp\/v2\/media\/1932"}],"wp:attachment":[{"href":"http:\/\/genewei.com\/br\/wp-json\/wp\/v2\/media?parent=1930"}],"curies":[{"name":"wp","href":"https:\/\/api.w.org\/{rel}","templated":true}]}}