{"id":1941,"date":"2017-01-30T23:47:05","date_gmt":"2017-01-31T01:47:05","guid":{"rendered":"http:\/\/genewei.com\/br\/?post_type=product&#038;p=1941"},"modified":"2018-07-26T12:05:36","modified_gmt":"2018-07-26T15:05:36","slug":"um-dia-na-dieta-budwig-o-dvd","status":"publish","type":"product","link":"http:\/\/genewei.com\/br\/produto\/um-dia-na-dieta-budwig-o-dvd\/","title":{"rendered":"Um Dia na Dieta Budwig: O DVD"},"content":{"rendered":"\n<!-- Facebook Like Button Vivacity Infotech BEGIN -->\n<div class=\"fb-like\" data-href=\"http:\/\/genewei.com\/br\/produto\/um-dia-na-dieta-budwig-o-dvd\/\" data-layout=\"standard\" data-action=\"like\" data-show-faces=\"true\" data-size=\"small\" data-width=\"550\" data-share=\"1\" ><\/div>\n<!-- Facebook Like Button Vivacity Infotech END -->\n<h3><strong>DVD \u201cUm Dia na Dieta Budwig\u201d com legendas em Portugu\u00eas:<\/strong><\/h3>\n<p>Com o DVD voc\u00ea aprender\u00e1 o Protocolo Budwig completo<strong> em menos de 1 hora! <\/strong>Agora dispon\u00edvel em 5 idiomas com distribui\u00e7\u00e3o na Europa, EUA e mais. Sucesso mundialmente e bestseller internacional!<\/p>\n<p>Agora a dieta passo-a-passo pela 1\u00aa vez em DVD&#8230; <strong>Aprenda o protocolo completo de sa\u00fade desenvolvido pela Dra. Johanna Budwig,<\/strong> 7x Nominada ao Pr\u00eamio Nobel e mundialmente renomada Cientista em Bioqu\u00edmica e Farmacologia.\u00a0A primeira autoridade em Omega 3&#8217;s.<\/p>\n<ul>\n<li>Assista a um dia no Protocolo Budwig ilustrado em um formato passo a passo, f\u00e1cil de seguir.<\/li>\n<li>Descubra os m\u00e9todos que a\u00a0Dra. Budwig criou e usou para tratar\u00a0com sucesso de milhares de pacientes de\u00a0c\u00e2ncer e entenda o que eles faziam diariamente para recuperar\u00a0a sa\u00fade deles.<\/li>\n<li>Aprenda como\u00a0corretamente usar o \u00f3leo de linha\u00e7a, tanto internamente quanto externamente, para tratar\u00a0a n\u00edvel celular. Todos as 3 terapias caseiras da Dra. Budwig de \u00f3leo ELDI s\u00e3o ilustrados!<\/li>\n<li>Veja quais alimentos e itens voc\u00ea deve evitar e entenda o papel do metabolismo de gordura em doen\u00e7as degenerativas, incluindo o c\u00e2ncer.<\/li>\n<li>Entenda seus 3 ingredientes essenciais &#8211; Linomel, Oleolux, e o Muesli de \u00d3leo-Prote\u00edna, e como us\u00e1-los para criar uma infinidade de refei\u00e7\u00f5es saborosas para toda a fam\u00edlia!<\/li>\n<\/ul>\n<h3><strong>Dezenas de avalia\u00e7\u00f5es de clientes\u00a0no site Amazon.com e muitos outros:<\/strong><\/h3>\n<div align=\"center\">\n<div align=\"center\">\n<div align=\"center\">\n<table border=\"0\" width=\"90%\" cellspacing=\"0\" cellpadding=\"10\">\n<tbody>\n<tr>\n<td bgcolor=\"#FFFFCC\">\n<h3 class=\"style89\" align=\"left\"><span class=\"style89\"><strong><img loading=\"lazy\" src=\"http:\/\/curasdocancer.com\/artigos-fotos\/5-stars.png\" alt=\"\" width=\"67\" height=\"14\" border=\"0\" \/>\u00a0<\/strong><\/span><span class=\"style89\"><strong>Um V\u00eddeo MARAVILHOSO<\/strong><\/span><\/h3>\n<p class=\"style89\" align=\"left\">Fiquei extremamente impressionado com este v\u00eddeo. Alguns outros coment\u00e1rios tinham feito um ponto de dizer que n\u00e3o \u00e9 muito t\u00e9cnico, mas eu n\u00e3o sei o que eles quizeram dizer com isso. Eu senti que foi produzido muito profissionalmente, al\u00e9m de ser muito completo, organizado e f\u00e1cil de entender. A voz da narradora tem um sotaque suave\u2026 Gr\u00e3-Bretanha? Austr\u00e1lia? Nova Zel\u00e2ndia?\u2026 e \u00e9 lindo de se ouvir. As filmagens est\u00e3o mui\u00a0to bem feitas.\u00a0Por Booklover, EUA<\/p>\n<\/td>\n<\/tr>\n<\/tbody>\n<\/table>\n<\/div>\n<\/div>\n<\/div>\n<div align=\"center\"><\/div>\n<div align=\"center\">\n<div align=\"center\">\n<div align=\"center\">\n<div align=\"center\">\n<div align=\"center\">\n<table border=\"0\" width=\"90%\" cellspacing=\"0\" cellpadding=\"10\">\n<tbody>\n<tr>\n<td bgcolor=\"#FFFFCC\">\n<h3 class=\"style89\" align=\"left\"><span class=\"style89\"><strong><img loading=\"lazy\" src=\"http:\/\/curasdocancer.com\/artigos-fotos\/5-stars.png\" alt=\"\" width=\"67\" height=\"14\" border=\"0\" \/>\u00a0<\/strong><\/span><span class=\"style89\"><strong>Dieta Salva-vidas com a ci\u00eancia real por tr\u00e1s disso<\/strong><\/span><\/h3>\n<p class=\"style89\" align=\"left\"><img loading=\"lazy\" class=\"size-medium wp-image-1944 alignleft\" src=\"http:\/\/genewei.com\/br\/wp-content\/uploads\/2017\/01\/dvd-anti-cancer-enemas-300x160.jpg\" alt=\"Enemas\" width=\"300\" height=\"160\" \/>Este\u00a0DVD foi produzido muito melhor e bem mais profundo do\u00a0que eu imaginava que seria. Ele mostrou claramente a ci\u00eancia\u00a0da dieta que acreditamos que vai ajudar a salvar a vida\u00a0de nosso filho.<br \/>\nEsteja preparado para os desenhos expl\u00edcitos\u00a0de como fazer um <strong>enema de caf\u00e9. <\/strong>Mas note-se,\u00a0que a necessidade de fazer isto significa que a dieta\u00a0est\u00e1 funcionando. A Dra. Budwig era uma cientista incr\u00edvel.\u00a0Qualquer pessoa pode se beneficiar de pelo menos tentar\u00a0um pouco do que ela recomenda, como a mistura de queijo\u00a0cottage e \u00f3leo de linha\u00e7a. Esta \u00e9 a base da dieta e reflete\u00a0sua pesquisa com \u00f3leos omega-3.\u00a0Por Trueman D Briggs<\/p>\n<\/td>\n<\/tr>\n<\/tbody>\n<\/table>\n<\/div>\n<div align=\"center\"><\/div>\n<div align=\"center\">\n<div align=\"center\">\n<div align=\"center\">\n<div align=\"center\">\n<table border=\"0\" width=\"90%\" cellspacing=\"0\" cellpadding=\"10\">\n<tbody>\n<tr>\n<td bgcolor=\"#FFFFCC\">\n<h3 class=\"style89\" align=\"left\"><span class=\"style89\"><strong><img loading=\"lazy\" src=\"http:\/\/curasdocancer.com\/artigos-fotos\/5-stars.png\" alt=\"\" width=\"67\" height=\"14\" border=\"0\" \/>\u00a0<\/strong><\/span><span class=\"style89\"><strong>Informa\u00e7\u00e3o Muito Bem Apresentada<\/strong><\/span><\/h3>\n<p class=\"style89\" align=\"left\">Este \u00e9 um DVD agrad\u00e1vel de assistir, cheio de informa\u00e7\u00f5es, mas n\u00e3o em demasia ou excessivamente t\u00e9cnico. Eu sou um paciente de cancer e tenho incorporado partes da dieta Budwig em minha rotina atrav\u00e9s de outros protocolos. Mas eu n\u00e3o tinha conhecimento da hist\u00f3ria completa, da pr\u00e1tica e diversidade da dieta. Eu irei, sem d\u00favida, assistir a este DVD uma segunda vez e aproveitar alguns dos recursos e receitas que ele proporciona. Ter uma compreens\u00e3o dos conceitos por tr\u00e1s do desenvolvimento da dieta e sua aplicabilidade \u00e9 chave em fazer qualquer compromisso alimentar.\u00a0Por James, EUA<\/p>\n<\/td>\n<\/tr>\n<\/tbody>\n<\/table>\n<\/div>\n<\/div>\n<\/div>\n<div align=\"center\"><\/div>\n<div align=\"center\">\n<div align=\"center\">\n<div align=\"center\">\n<div align=\"center\">\n<div align=\"center\">\n<table border=\"0\" width=\"90%\" cellspacing=\"0\" cellpadding=\"10\">\n<tbody>\n<tr>\n<td bgcolor=\"#FFFFCC\">\n<h3 class=\"style89\" align=\"left\"><span class=\"style89\"><strong><img loading=\"lazy\" src=\"http:\/\/curasdocancer.com\/artigos-fotos\/5-stars.png\" alt=\"\" width=\"67\" height=\"14\" border=\"0\" \/>\u00a0<\/strong><\/span><span class=\"style89\"><strong>\u00d3timo DVD!<\/strong><\/span><\/h3>\n<p class=\"style89\" align=\"left\"><img loading=\"lazy\" class=\"size-medium wp-image-1945 alignleft\" src=\"http:\/\/genewei.com\/br\/wp-content\/uploads\/2017\/01\/dvd-anti-cancer-oleo-linhaca-300x160.jpg\" alt=\"\u00d3leo de Linha\u00e7a\" width=\"300\" height=\"160\" \/>Se\u00a0voc\u00ea planeja seguir o Protocolo Budwig, esse\u00a0DVD, vai ajud\u00e1-lo a ser capaz de implement\u00e1-lo.\u00a0\u00c0s vezes a leitura do livro (original em Alem\u00e3o)\u00a0pode ser confusa a respeito de <strong>como\u00a0misturar o queijo cottage e linha\u00e7a.\u00a0<\/strong>Este DVD leva voc\u00ea atrav\u00e9s de um dia inteiro\u00a0de protocolo, mostrando-lhe como misturar, o\u00a0que comer, e a que horas, juntamente com dicas\u00a0e maneiras de variar a mistura para gosto e\u00a0variedade. Ele me ajudou tremendamente, dando-me\u00a0a confian\u00e7a que eu precisava para sentir que\u00a0o protocolo \u00e9 tanto poss\u00edvel quanto pr\u00e1tico.\u00a0Se voc\u00ea j\u00e1 leu os livros dela, fa\u00e7a a voc\u00ea mesmo\u00a0um favor e obtenha este DVD, \u00e9 agrad\u00e1vel de\u00a0assistir e t\u00e3o informativo.\u00a0Por Handmaiden,\u00a0EUA<\/p>\n<\/td>\n<\/tr>\n<\/tbody>\n<\/table>\n<\/div>\n<\/div>\n<\/div>\n<div align=\"center\"><\/div>\n<div align=\"center\">\n<div align=\"center\">\n<div align=\"center\">\n<div align=\"center\">\n<div align=\"center\">\n<table border=\"0\" width=\"90%\" cellspacing=\"0\" cellpadding=\"10\">\n<tbody>\n<tr>\n<td bgcolor=\"#FFFFCC\">\n<h3 class=\"style89\" align=\"left\"><span class=\"style89\"><strong><img loading=\"lazy\" src=\"http:\/\/curasdocancer.com\/artigos-fotos\/5-stars.png\" alt=\"\" width=\"67\" height=\"14\" border=\"0\" \/>\u00a0<\/strong><\/span><span class=\"style89\"><strong>\u00c9 realmente fant\u00e1stico!<\/strong><\/span><\/h3>\n<p class=\"style89\" align=\"left\">Acabei de assistir o DVD \u201cUm Dia na Dieta Budwig\u201d. \u00c9 realmente fant\u00e1stico! O DVD \u00e9 sem d\u00favida uma solu\u00e7\u00e3o \u00f3tima para ajudar as pessoas a entenderem a dieta. As receitas at\u00e9 fazem muito mais sentido para mim agora \u2014 tendo lido o livro de receitas diversas vezes, <strong>eu me perguntava e tentava imaginar como pareciam as receitas curativas. E na verdade, elas parecem deliciosas!<\/strong><\/p>\n<p class=\"style89\" align=\"left\">Tenha um dia maravilhoso, Aline, Diretora de Educa\u00e7\u00e3o, Brasil<\/p>\n<\/td>\n<\/tr>\n<\/tbody>\n<\/table>\n<\/div>\n<\/div>\n<\/div>\n<\/div>\n<\/div>\n<\/div>\n<\/div>\n<\/div>\n<div align=\"center\">\n<div align=\"center\"><\/div>\n<div align=\"center\">\n<div align=\"center\">\n<div align=\"center\">\n<div align=\"center\">\n<table border=\"0\" width=\"90%\" cellspacing=\"0\" cellpadding=\"10\">\n<tbody>\n<tr>\n<td bgcolor=\"#FFFFCC\">\n<h3 class=\"style89\" align=\"left\"><span class=\"style89\"><span class=\"style66 style88\"><strong><img loading=\"lazy\" src=\"http:\/\/curasdocancer.com\/artigos-fotos\/5-stars.png\" alt=\"\" width=\"67\" height=\"14\" border=\"0\" \/><\/strong><\/span> <strong>Mudar\u00e1 sua Vida<\/strong><\/span><\/h3>\n<p>Este v\u00eddeo \u00e9 bastante simples e f\u00e1cil de seguir , sem efeitos especiais ou gr\u00e1ficos de alta tecnologia, mas se voc\u00ea est\u00e1 procurando para realmente ser curado de doen\u00e7as graves, esse DVD \u00e9 o que voc\u00ea precisa. Isso n\u00e3o acontece de um dia pro outro, mas o protocolo \u00e9 eficaz e n\u00e3o tem os efeitos colaterais dos medicamentos sint\u00e9ticos que o m\u00e9dico est\u00e1 prescrevendo. Excelente para obter aprender o protocolo rapidamente. Seria altamente recomend\u00e1vel o seu livro \u201c\u00d3leo de linha\u00e7a como uma verdadeira ajuda contra a artrite, infarto do cora\u00e7\u00e3o, c\u00e2ncer e outras doen\u00e7as\u201d que lhe dar\u00e1 a ci\u00eancia por tr\u00e1s do trabalho da Dra. Budwig.\u00a0Por Jill, EUA<\/td>\n<\/tr>\n<\/tbody>\n<\/table>\n<\/div>\n<\/div>\n<\/div>\n<div align=\"center\"><\/div>\n<div align=\"center\">\n<div align=\"center\">\n<div align=\"center\">\n<div align=\"center\">\n<div align=\"center\">\n<table border=\"0\" width=\"90%\" cellspacing=\"0\" cellpadding=\"10\">\n<tbody>\n<tr>\n<td bgcolor=\"#FFFFCC\">\n<h3 class=\"style89\" align=\"left\"><span class=\"style89\"><strong><img loading=\"lazy\" src=\"http:\/\/curasdocancer.com\/artigos-fotos\/5-stars.png\" alt=\"\" width=\"67\" height=\"14\" border=\"0\" \/>\u00a0<\/strong><\/span><span class=\"style89\"><strong>Uma Dieta Incr\u00edvel<\/strong><\/span><\/h3>\n<p class=\"style89\" align=\"left\">Tenho lido muitas dietas m\u00e9dicas ao longo dos anos, incluindo a Dieta Gerson, que tamb\u00e9m era um m\u00e9dico alem\u00e3o. Acho incr\u00edvel que a Dra. Budwig tamb\u00e9m defendia os alimentos org\u00e2nicos e frescos. N\u00e3o \u00e9 nenhum segredo que os alimentos processados est\u00e3o nos matando. \u00c9 muito ruim que a maioria destes livros s\u00e3o escritos em alem\u00e3o e s\u00f3 muito poucos foram traduzidos para o Ingl\u00eas. A dieta da Dra. Budwig no DVD \u00e9 muito informativa e fornece um plano detalhado. No entanto, \u00e9 recomendado que seja rigorosamente seguida para que ela funcione. Ela tamb\u00e9m d\u00e1 um prazo de quanto tempo a pessoa precisa estar em sua dieta. Vale a pena ter tamb\u00e9m os seus outros dois livros que s\u00e3o publicados em Ingl\u00eas, a fim de compreender sua teoria completamente. Por Sophie, Oregon, EUA<\/p>\n<\/td>\n<\/tr>\n<\/tbody>\n<\/table>\n<hr \/>\n<p style=\"text-align: left;\"><b><span style=\"color: #ff6600;\">Novidade:<\/span> Agora &#8220;Amazon&#8217;s Choice&#8221; nos EUA!<\/b> Amazon.com seleciona os melhores produtos de cada categoria&#8230; \ud83d\ude42<\/p>\n<p><a href=\"http:\/\/genewei.com\/br\/wp-content\/uploads\/2017\/01\/IMG_3322.jpg\"><img loading=\"lazy\" class=\"alignnone size-full wp-image-2118\" src=\"http:\/\/genewei.com\/br\/wp-content\/uploads\/2017\/01\/IMG_3322.jpg\" alt=\"DVD Anti-Cancer\" width=\"1508\" height=\"490\" srcset=\"http:\/\/genewei.com\/br\/wp-content\/uploads\/2017\/01\/IMG_3322.jpg 1508w, http:\/\/genewei.com\/br\/wp-content\/uploads\/2017\/01\/IMG_3322-350x114.jpg 350w, http:\/\/genewei.com\/br\/wp-content\/uploads\/2017\/01\/IMG_3322-300x97.jpg 300w, http:\/\/genewei.com\/br\/wp-content\/uploads\/2017\/01\/IMG_3322-768x250.jpg 768w, http:\/\/genewei.com\/br\/wp-content\/uploads\/2017\/01\/IMG_3322-1024x333.jpg 1024w, http:\/\/genewei.com\/br\/wp-content\/uploads\/2017\/01\/IMG_3322-475x154.jpg 475w\" sizes=\"(max-width: 1508px) 100vw, 1508px\" \/><\/a><\/p>\n<\/div>\n<\/div>\n<\/div>\n<\/div>\n<\/div>\n<\/div>\n<\/div>\n<\/div>\n<\/div>\n<\/div>\n<\/div>\n<!-- AddThis Advanced Settings generic via filter on the_content --><!-- AddThis Share Buttons generic via filter on the_content -->","protected":false},"excerpt":{"rendered":"<p><strong>Um Dia Na Dieta Budwig: O DVD |\u00a0<\/strong><strong>Aprenda O Protocolo Caseiro Completo Da Dra. Budwig Contra O Cancer, Artrite, Doencas Cardiacas E Muito Mais (em Portugu\u00eas)<\/strong><\/p>\n<p>Finalmente! O <strong><a href=\"http:\/\/genewei.com\/br\/produto\/um-dia-na-dieta-budwig-o-livro\/\">Livro (veja aqui)<\/a><\/strong> e o DVD agora dispon\u00edveis no Brasil.<\/p>\n<p><em>Voc\u00ea sabia?<\/em> O Livro tb\u00a0dispon\u00edvel no site\u00a0<strong><a href=\"https:\/\/www.amazon.com.br\/Dia-Dieta-Budwig-Protocolo-Cardiacas\/dp\/1468196049\/?&amp;_encoding=UTF8&amp;tag=budwigdvds-20&amp;linkCode=ur2&amp;linkId=b868953c0a1ab11a903cfbf135764500&amp;camp=1789&amp;creative=9325\">Amazon.com.br,<\/a><\/strong>\u00a0mas o DVD ainda n\u00e3o&#8230; assim adicione o livro e DVD ao seu carrinho de compras aqui.<!-- AddThis Advanced Settings generic via filter on wp_trim_excerpt --><!-- AddThis Share Buttons generic via filter on wp_trim_excerpt --><\/p>\n","protected":false},"featured_media":1942,"template":"","meta":{"sfsi_plus_gutenberg_text_before_share":"","sfsi_plus_gutenberg_show_text_before_share":"","sfsi_plus_gutenberg_icon_type":"","sfsi_plus_gutenberg_icon_alignemt":"","sfsi_plus_gutenburg_max_per_row":"","_genesis_hide_title":false,"_genesis_hide_breadcrumbs":false,"_genesis_hide_singular_image":false,"_genesis_hide_footer_widgets":false,"_genesis_custom_body_class":"","_genesis_custom_post_class":"","_genesis_layout":""},"_links":{"self":[{"href":"http:\/\/genewei.com\/br\/wp-json\/wp\/v2\/product\/1941"}],"collection":[{"href":"http:\/\/genewei.com\/br\/wp-json\/wp\/v2\/product"}],"about":[{"href":"http:\/\/genewei.com\/br\/wp-json\/wp\/v2\/types\/product"}],"wp:featuredmedia":[{"embeddable":true,"href":"http:\/\/genewei.com\/br\/wp-json\/wp\/v2\/media\/1942"}],"wp:attachment":[{"href":"http:\/\/genewei.com\/br\/wp-json\/wp\/v2\/media?parent=1941"}],"curies":[{"name":"wp","href":"https:\/\/api.w.org\/{rel}","templated":true}]}}