{"id":2380,"date":"2017-06-02T06:54:17","date_gmt":"2017-06-02T09:54:17","guid":{"rendered":"http:\/\/genewei.com\/br\/?post_type=product&#038;p=2380"},"modified":"2018-02-24T02:23:30","modified_gmt":"2018-02-24T05:23:30","slug":"gugulipid-90-caps","status":"publish","type":"product","link":"http:\/\/genewei.com\/br\/produto\/gugulipid-90-caps\/","title":{"rendered":"Gugulipid (90 vcaps)"},"content":{"rendered":"\n<!-- Facebook Like Button Vivacity Infotech BEGIN -->\n<div class=\"fb-like\" data-href=\"http:\/\/genewei.com\/br\/produto\/gugulipid-90-caps\/\" data-layout=\"standard\" data-action=\"like\" data-show-faces=\"true\" data-size=\"small\" data-width=\"550\" data-share=\"1\" ><\/div>\n<!-- Facebook Like Button Vivacity Infotech END -->\n<p><strong>Gugulipid<\/strong>\u00a0\u00e9 a oleorresina da erva indiana <em>Commiphora Mukul<\/em> ou <em>guggul de goma.<\/em><\/p>\n<p><strong>Gugulipid <\/strong>\u00e9 um antigo medicamento ayurv\u00e9dico comprovado pela pesquisa moderna para:<\/p>\n<ul>\n<li>Reduzir o colesterol elevado no soro com redu\u00e7\u00f5es significativas nas LDL e VLDL.<\/li>\n<li>Aumentar o colesterol HDL.<\/li>\n<li>Reduzir os triglicer\u00eddeos no soro.<\/li>\n<li>Proteger contra a aterosclerose induzida por colesterol.<\/li>\n<li>Diminuir a adesividade plaquet\u00e1ria e aumentar a atividade fibrinol\u00edtica.<\/li>\n<li>Reduzir o peso corporal em pacientes obesos com n\u00edveis elevados de colesterol.<\/li>\n<li>Estimular a fun\u00e7\u00e3o da tire\u00f3ide.<\/li>\n<li>E remover o excesso de \u00e1cido \u00farico no sistema.<\/li>\n<\/ul>\n<hr \/>\n<p><strong>Dosagem:<\/strong> 1\u00a0c\u00e1psula com cada refei\u00e7\u00e3o.<\/p>\n<p><strong>One Capsule cont\u00e9m: <\/strong><\/p>\n<p>Gugulipid Extrato Guggul (resina) &#8230; 340mg<\/p>\n<p>Guggulsterones (do extrato gugulip\u00eddico) &#8230; 9mg<\/p>\n<!-- AddThis Advanced Settings generic via filter on the_content --><!-- AddThis Share Buttons generic via filter on the_content -->","protected":false},"excerpt":{"rendered":"<p>Gugulipid\u00a0\u00e9 a oleorresina da erva indiana Commiphora Mukul ou guggul de goma. Gugulipid \u00e9 um antigo medicamento ayurv\u00e9dico comprovado pela pesquisa moderna para: Reduzir o colesterol elevado no soro com redu\u00e7\u00f5es significativas nas LDL e VLDL. Aumentar o colesterol HDL. Reduzir os triglicer\u00eddeos no soro. Proteger contra a aterosclerose induzida por colesterol. Diminuir a adesividade<a class=\"moretag\" href=\"http:\/\/genewei.com\/br\/produto\/gugulipid-90-caps\/\"> [&#8230;] <\/a><!-- AddThis Advanced Settings generic via filter on wp_trim_excerpt --><!-- AddThis Share Buttons generic via filter on wp_trim_excerpt --><\/p>\n","protected":false},"featured_media":2382,"template":"","meta":{"sfsi_plus_gutenberg_text_before_share":"","sfsi_plus_gutenberg_show_text_before_share":"","sfsi_plus_gutenberg_icon_type":"","sfsi_plus_gutenberg_icon_alignemt":"","sfsi_plus_gutenburg_max_per_row":"","_genesis_hide_title":false,"_genesis_hide_breadcrumbs":false,"_genesis_hide_singular_image":false,"_genesis_hide_footer_widgets":false,"_genesis_custom_body_class":"","_genesis_custom_post_class":"","_genesis_layout":""},"_links":{"self":[{"href":"http:\/\/genewei.com\/br\/wp-json\/wp\/v2\/product\/2380"}],"collection":[{"href":"http:\/\/genewei.com\/br\/wp-json\/wp\/v2\/product"}],"about":[{"href":"http:\/\/genewei.com\/br\/wp-json\/wp\/v2\/types\/product"}],"wp:featuredmedia":[{"embeddable":true,"href":"http:\/\/genewei.com\/br\/wp-json\/wp\/v2\/media\/2382"}],"wp:attachment":[{"href":"http:\/\/genewei.com\/br\/wp-json\/wp\/v2\/media?parent=2380"}],"curies":[{"name":"wp","href":"https:\/\/api.w.org\/{rel}","templated":true}]}}