{"id":2437,"date":"2017-07-16T18:59:48","date_gmt":"2017-07-16T21:59:48","guid":{"rendered":"http:\/\/genewei.com\/br\/?post_type=product&#038;p=2437"},"modified":"2018-02-24T02:24:33","modified_gmt":"2018-02-24T05:24:33","slug":"l-glutamina-em-po-513-g","status":"publish","type":"product","link":"http:\/\/genewei.com\/br\/produto\/l-glutamina-em-po-513-g\/","title":{"rendered":"L-Glutamina em P\u00f3 (513 g)"},"content":{"rendered":"\n<!-- Facebook Like Button Vivacity Infotech BEGIN -->\n<div class=\"fb-like\" data-href=\"http:\/\/genewei.com\/br\/produto\/l-glutamina-em-po-513-g\/\" data-layout=\"standard\" data-action=\"like\" data-show-faces=\"true\" data-size=\"small\" data-width=\"550\" data-share=\"1\" ><\/div>\n<!-- Facebook Like Button Vivacity Infotech END -->\n<p>L-Glutamine Powder (18.1 oz) | L-Glutamina em P\u00f3 (513 g)<\/p>\n<p>Para promover membranas mucosas saud\u00e1veis da boca e do trato gastrointestinal*<\/p>\n<ul>\n<li>Promove a <strong>sa\u00fade gastrointestinal e imune*<\/strong><\/li>\n<li>A forma <strong>em p\u00f3 facilita<\/strong>\u00a0tom\u00e1-lo em quantidades maiores<\/li>\n<li>Um nutriente necess\u00e1rio para a <strong>cicatriza\u00e7\u00e3o de feridas*<\/strong><\/li>\n<li>Fornece <strong>apoio\u00a0para m\u00fasculos<\/strong> ap\u00f3s exerc\u00edcio ou les\u00e3o*<\/li>\n<li>Ajuda a manter a <strong>hidrata\u00e7\u00e3o celular e o metabolismo*<\/strong><\/li>\n<li>Apoia\u00a0a <strong>fun\u00e7\u00e3o do nervo saud\u00e1vel*<\/strong><\/li>\n<li>Misturas facilmente em <strong>l\u00edquidos quentes ou frios<\/strong><\/li>\n<\/ul>\n<p>O P\u00f3 de L-Glutamina da <em>Thorne Research<\/em> \u00e9 fornecido como um <strong>p\u00f3 conveniente e econ\u00f4mico<\/strong> para facilitar a suplementa\u00e7\u00e3o em grandes quantidades.<\/p>\n<p>&nbsp;<\/p>\n<p><strong>A L-glutamina<\/strong> \u00e9 o amino\u00e1cido mais prevalente na corrente sangu\u00ednea. Encontra-se em alta concentra\u00e7\u00e3o no m\u00fasculo esquel\u00e9tico e no pulm\u00e3o, f\u00edgado, c\u00e9rebro e tecido gastrointestinal. O m\u00fasculo esquel\u00e9tico cont\u00e9m a maior concentra\u00e7\u00e3o intracelular de L-glutamina, que compreende at\u00e9 60% das lojas de L-glutamina total do corpo, e o m\u00fasculo \u00e9 o principal dep\u00f3sito de armazenamento e exportador de L-glutamina para outros tecidos. No entanto, o trato gastrointestinal \u00e9 o maior usu\u00e1rio da L-glutamina no organismo porque fornece o combust\u00edvel prim\u00e1rio para as c\u00e9lulas absorventes de nutrientes que alinham as paredes do intestino delgado.*<\/p>\n<p>V\u00e1rios fatores de estresse &#8211; <strong>como trauma, infec\u00e7\u00e3o, desnutri\u00e7\u00e3o, quimioterapia, les\u00e3o e treinamento de alto n\u00edvel<\/strong> &#8211; podem afetar a fun\u00e7\u00e3o normal dos enter\u00f3citos do intestino delgado afetando negativamente seu mecanismo de absor\u00e7\u00e3o. Por exemplo, quando a permeabilidade do intestino \u00e9 prejudicada, pode permitir que mol\u00e9culas de prote\u00ednas grandes se espalhem atrav\u00e9s do intestino &#8211; o que de outra forma n\u00e3o &#8211; e entrar\u00e3o na corrente sangu\u00ednea. O corpo pode identificar essas mol\u00e9culas de prote\u00ednas grandes como estrangeiras e iniciar uma rea\u00e7\u00e3o imune contra elas, o que pode resultar no desenvolvimento de alergias alimentares. Em numerosos estudos em animais, nos quais a hiperpermeabilidade do intestino \u00e9 induzida experimentalmente, a adi\u00e7\u00e3o da fun\u00e7\u00e3o de permeabilidade melhorada da L-glutamina, bem como a fun\u00e7\u00e3o imunol\u00f3gica das tripas.*<\/p>\n<p>Em determinadas circunst\u00e2ncias, <strong>os tecidos do corpo precisam de mais L-glutamina<\/strong> do que a quantidade consumida na dieta e na produ\u00e7\u00e3o interna.* Em tempos de estresse metab\u00f3lico, a L-glutamina \u00e9 liberada dos m\u00fasculos para a corrente sangu\u00ednea, onde \u00e9 transportada para os tecidos em necessidade.* Mas a concentra\u00e7\u00e3o de L-glutamina nos m\u00fasculos esquel\u00e9ticos \u00e9 afetada por v\u00e1rios insultos, incluindo les\u00f5es, infec\u00e7\u00f5es, estresse cr\u00f4nico, desnutri\u00e7\u00e3o e uso de glicocortic\u00f3ides. A pesquisa indica que a suplementa\u00e7\u00e3o de L-glutamina pode compensar essas condi\u00e7\u00f5es. *<\/p>\n<p>Al\u00e9m disso, como observado acima, as evid\u00eancias sugerem que a L-glutamina suplementar beneficia a sa\u00fade gastrointestinal e auxilia na cicatriza\u00e7\u00e3o de feridas, na imunodefici\u00eancia e <strong>no\u00a0apoio de nutrientes para indiv\u00edduos submetidos a quimioterapia e radia\u00e7\u00e3o.*<\/strong><\/p>\n<p>L-Glutamine Powder \u00e9 NSF\u00a0Certificado para Esporte\u00ae<\/p>\n<p>&nbsp;<\/p>\n<p>&nbsp;<\/p>\n<hr \/>\n<div id=\"itemservings\"><strong>Por\u00e7\u00f5es por embalagem: <\/strong>90<strong><br \/>\n<\/strong>Tome\u00a01 colher em 8 on\u00e7as de \u00e1gua diariamente ou conforme recomendado por um profissional de sa\u00fade.Tamanho da dose:1\u00a0colher (5.7g)Quantidade por por\u00e7\u00e3o<br \/>\nL-Glutamina&#8230; 5gOutros Ingredientes:<\/p>\n<p>Nenhum<\/p>\n<\/div>\n<!-- AddThis Advanced Settings generic via filter on the_content --><!-- AddThis Share Buttons generic via filter on the_content -->","protected":false},"excerpt":{"rendered":"<p><strong>Nota para pacientes com c\u00e2ncer:<\/strong>\u00a0Este suplemento \u00e9 usado para apoiar pacientes com c\u00e2ncer durante o tratamento, n\u00e3o para efeitos anticancer\u00edgenos.<!-- AddThis Advanced Settings generic via filter on wp_trim_excerpt --><!-- AddThis Share Buttons generic via filter on wp_trim_excerpt --><\/p>\n","protected":false},"featured_media":2438,"template":"","meta":{"sfsi_plus_gutenberg_text_before_share":"","sfsi_plus_gutenberg_show_text_before_share":"","sfsi_plus_gutenberg_icon_type":"","sfsi_plus_gutenberg_icon_alignemt":"","sfsi_plus_gutenburg_max_per_row":"","_genesis_hide_title":false,"_genesis_hide_breadcrumbs":false,"_genesis_hide_singular_image":false,"_genesis_hide_footer_widgets":false,"_genesis_custom_body_class":"","_genesis_custom_post_class":"","_genesis_layout":""},"_links":{"self":[{"href":"http:\/\/genewei.com\/br\/wp-json\/wp\/v2\/product\/2437"}],"collection":[{"href":"http:\/\/genewei.com\/br\/wp-json\/wp\/v2\/product"}],"about":[{"href":"http:\/\/genewei.com\/br\/wp-json\/wp\/v2\/types\/product"}],"wp:featuredmedia":[{"embeddable":true,"href":"http:\/\/genewei.com\/br\/wp-json\/wp\/v2\/media\/2438"}],"wp:attachment":[{"href":"http:\/\/genewei.com\/br\/wp-json\/wp\/v2\/media?parent=2437"}],"curies":[{"name":"wp","href":"https:\/\/api.w.org\/{rel}","templated":true}]}}