{"id":2441,"date":"2017-07-16T20:24:25","date_gmt":"2017-07-16T23:24:25","guid":{"rendered":"http:\/\/genewei.com\/br\/?post_type=product&#038;p=2441"},"modified":"2018-05-11T23:31:18","modified_gmt":"2018-05-12T02:31:18","slug":"hmb-formula-310-g","status":"publish","type":"product","link":"http:\/\/genewei.com\/br\/produto\/hmb-formula-310-g\/","title":{"rendered":"HMB Formula (310 g)"},"content":{"rendered":"\n<!-- Facebook Like Button Vivacity Infotech BEGIN -->\n<div class=\"fb-like\" data-href=\"http:\/\/genewei.com\/br\/produto\/hmb-formula-310-g\/\" data-layout=\"standard\" data-action=\"like\" data-show-faces=\"true\" data-size=\"small\" data-width=\"550\" data-share=\"1\" ><\/div>\n<!-- Facebook Like Button Vivacity Infotech END -->\n<p><strong>Sens\u00edvel ao calor:<\/strong>\u00a0<em>Recomendamos o envio\u00a0durante a noite para produtos sens\u00edveis ao calor ou refrigerados. Este item n\u00e3o \u00e9 retorn\u00e1vel.<\/em><\/p>\n<p><strong>HMB Formula<\/strong><br \/>\nAjuda a manter a massa muscular magra quando combinada com exerc\u00edcios regulares e uma dieta equilibrada. [1-3]*<\/p>\n<ul>\n<li>Ajuda a manter a <strong>for\u00e7a muscular e a s\u00edntese de prote\u00ednas musculares.<\/strong> [1, 2, 4] *<\/li>\n<li>Ajuda a melhorar a <strong>recupera\u00e7\u00e3o ap\u00f3s o exerc\u00edcio f\u00edsico.<\/strong> [5]*<\/li>\n<li>Ajuda a apoiar o <strong>sistema imunol\u00f3gico e a sa\u00fade do sistema digestivo<\/strong> ap\u00f3s per\u00edodos de estresse f\u00edsico.*<\/li>\n<li>Ajuda no <strong>desenvolvimento e manuten\u00e7\u00e3o de ossos e dentes.<\/strong>*<\/li>\n<li>F\u00e1cil de usar.<\/li>\n<li>P\u00f3 da\u00a0Formula HMB se dissolve prontamente na \u00e1gua, suco e outras bebidas.<\/li>\n<\/ul>\n<p><strong>Com sabor de laranja natural<\/strong><\/p>\n<ul>\n<li>Grande gosto aumenta a conformidade do paciente.<\/li>\n<\/ul>\n<p>A Formula\u00a0HMB combina beta-hidroxi-beta-metilbutirato (HMB) com dois amino\u00e1cidos (L-glutamina e L-arginina) envolvidos na s\u00edntese prot\u00e9ica e tr\u00eas amino\u00e1cidos essenciais de cadeia ramificada (BCAA); L-leucina, L-isoleucina e L-valina. A Formula\u00a0HMB \u00e9 l\u00e1ctea e sem gl\u00faten, adequada para vegetarianos, e tem uma deliciosa f\u00f3rmula de p\u00f3 de laranja com sabor natural.<\/p>\n<hr \/>\n<p>Em um copo, adicione <strong>250 ml de \u00e1gua ou suco<\/strong> a <strong>2\u00a0colheres de Formula\u00a0HMB<\/strong>\u00a0e misture. Tome <strong>2 colheres pela manh\u00e3<\/strong> e <strong>2\u00a0colheres com o jantar,<\/strong> ou conforme recomendado por seu profissional de sa\u00fade.<\/p>\n<p><strong>Tamanho da dose:<\/strong>\u00a02 colheres<\/p>\n<p><strong>Quantidade por por\u00e7\u00e3o<\/strong><br \/>\n<strong>Calorias<\/strong> &#8230; 20<br \/>\n<strong>S\u00f3dio<\/strong> &#8230; 50 mg<br \/>\n<strong>Carboidratos totai<\/strong>s &#8230; 3 g<br \/>\n<strong>A\u00e7\u00facar<\/strong> &#8230; 2 g<br \/>\n<strong>Calcio<\/strong> &#8230; 225 mg<br \/>\n<strong>Vitamina D<\/strong> &#8230; 500 UI<br \/>\n<em>(Cholecalciferol)<\/em><br \/>\n<strong>CaHMB<\/strong> &#8230; 1,5 g<br \/>\n<strong>L-Glutamina<\/strong> &#8230; 7 g<br \/>\n<strong>L-Arginina<\/strong> &#8230; 7 g<br \/>\n<em>(Cloridrato de l-arginina)<\/em><br \/>\n<strong>Amino\u00e1cidos da cadeia ramificada<\/strong> &#8230; 1,2 g<br \/>\n<strong>L-Leucina<\/strong> &#8230; 600 mg<br \/>\n<strong>L-Isoleucina<\/strong> &#8230; 300 mg<br \/>\n<strong>L-Valina<\/strong> &#8230; 300 mg<\/p>\n<p>Sabores naturais, citrato de pot\u00e1ssio, \u00e1cido c\u00edtrico, cloreto de s\u00f3dio, taumatina.<\/p>\n<!-- AddThis Advanced Settings generic via filter on the_content --><!-- AddThis Share Buttons generic via filter on the_content -->","protected":false},"excerpt":{"rendered":"<p><strong>Nota para pacientes com c\u00e2ncer:<\/strong> este suplemento \u00e9 usado para apoiar pacientes com c\u00e2ncer durante o tratamento, e n\u00e3o para efeitos anticancer\u00edgenos.<!-- AddThis Advanced Settings generic via filter on wp_trim_excerpt --><!-- AddThis Share Buttons generic via filter on wp_trim_excerpt --><\/p>\n","protected":false},"featured_media":2444,"template":"","meta":{"sfsi_plus_gutenberg_text_before_share":"","sfsi_plus_gutenberg_show_text_before_share":"","sfsi_plus_gutenberg_icon_type":"","sfsi_plus_gutenberg_icon_alignemt":"","sfsi_plus_gutenburg_max_per_row":"","_genesis_hide_title":false,"_genesis_hide_breadcrumbs":false,"_genesis_hide_singular_image":false,"_genesis_hide_footer_widgets":false,"_genesis_custom_body_class":"","_genesis_custom_post_class":"","_genesis_layout":""},"_links":{"self":[{"href":"http:\/\/genewei.com\/br\/wp-json\/wp\/v2\/product\/2441"}],"collection":[{"href":"http:\/\/genewei.com\/br\/wp-json\/wp\/v2\/product"}],"about":[{"href":"http:\/\/genewei.com\/br\/wp-json\/wp\/v2\/types\/product"}],"wp:featuredmedia":[{"embeddable":true,"href":"http:\/\/genewei.com\/br\/wp-json\/wp\/v2\/media\/2444"}],"wp:attachment":[{"href":"http:\/\/genewei.com\/br\/wp-json\/wp\/v2\/media?parent=2441"}],"curies":[{"name":"wp","href":"https:\/\/api.w.org\/{rel}","templated":true}]}}