{"id":2555,"date":"2017-09-01T22:04:06","date_gmt":"2017-09-02T01:04:06","guid":{"rendered":"http:\/\/genewei.com\/br\/?post_type=product&#038;p=2555"},"modified":"2018-07-26T12:04:40","modified_gmt":"2018-07-26T15:04:40","slug":"escova-anti-celulite-massageadora-nao-beliscante","status":"publish","type":"product","link":"http:\/\/genewei.com\/br\/produto\/escova-anti-celulite-massageadora-nao-beliscante\/","title":{"rendered":"Escova Anti-Celulite Massageadora (N\u00e3o Beliscante)"},"content":{"rendered":"\n<!-- Facebook Like Button Vivacity Infotech BEGIN -->\n<div class=\"fb-like\" data-href=\"http:\/\/genewei.com\/br\/produto\/escova-anti-celulite-massageadora-nao-beliscante\/\" data-layout=\"standard\" data-action=\"like\" data-show-faces=\"true\" data-size=\"small\" data-width=\"550\" data-share=\"1\" ><\/div>\n<!-- Facebook Like Button Vivacity Infotech END -->\n<p><strong>Massageadora de aperto m\u00e1gico:<\/strong> Milhares dos clientes amam esse produto parte do kit <a href=\"http:\/\/genewei.com\/br\/produto\/creme-anti-celulite-duo-para-manha-e-noite\/\">Finulite.<\/a> A al\u00e7a ergon\u00f4mica bem grande &#8220;sem al\u00e7a&#8221; foi projetada para seu conforto e seguran\u00e7a.<\/p>\n<p><strong>Renova e aperta:<\/strong> Especialmente projetada para ajudar a se livrar da celulite e reduzir o peso do bra\u00e7o, perna, coxa e corpo. Afrouxa e separa os dep\u00f3sitos de gordura. Isso ajuda a despertar e revitalizar sua pele. Use em \u00e1reas problem\u00e1ticas para simular o fluxo sangu\u00edneo, aumentando a circula\u00e7\u00e3o para uma pele mais saud\u00e1vel e suave.<\/p>\n<p><strong>N\u00e3o \u00e9 necess\u00e1ria nenhuma montagem:<\/strong> Ao contr\u00e1rio da maioria dos massajadores anti celulite, nossa escova emagrecedora \u00e9 uma s\u00f3lida pe\u00e7a moldada \u00fanica. \u00c9 muito f\u00e1cil de limpar e n\u00e3o pode encher de \u00e1gua. Esta escova leve \u00e9 uma ferramenta f\u00e1cil de usar e \u00e9 uma obriga\u00e7\u00e3o no seu regime de luta contra a celulite. Use com creme corporal ou \u00f3leo para melhorar a penetra\u00e7\u00e3o e a efic\u00e1cia do seu <a href=\"http:\/\/genewei.com\/br\/produto\/creme-anti-celulite-duo-para-manha-e-noite\/\">creme favorito de celulite.<\/a><\/p>\n<ul>\n<li>Escova Anti-Celulite Massageadora (N\u00e3o Beliscante)<\/li>\n<li>N\u00e3o Necess\u00e1rio Usar Luva<\/li>\n<li>Aperto Constante da Pele<\/li>\n<li>Al\u00e7a de Chuveiro<\/li>\n<li>Trabalha com o Corpo Profundamente<\/li>\n<li>Esfoliante de Toxina<\/li>\n<li>Aumenta Circula\u00e7\u00e3o<\/li>\n<li>Drenagem Linfatica<\/li>\n<li>Dissipador de f\u00e1scia<\/li>\n<\/ul>\n<!-- AddThis Advanced Settings generic via filter on the_content --><!-- AddThis Share Buttons generic via filter on the_content -->","protected":false},"excerpt":{"rendered":"<h3 class=\"r\">Escova de massagem que destr\u00f3i celulite<\/h3>\n<p>Use com creme corporal ou \u00f3leo para melhorar a penetra\u00e7\u00e3o e a efic\u00e1cia do seu <a href=\"http:\/\/genewei.com\/br\/produto\/creme-anti-celulite-duo-para-manha-e-noite\/\">creme favorito de celulite.<\/a><!-- AddThis Advanced Settings generic via filter on wp_trim_excerpt --><!-- AddThis Share Buttons generic via filter on wp_trim_excerpt --><\/p>\n","protected":false},"featured_media":2534,"template":"","meta":{"sfsi_plus_gutenberg_text_before_share":"","sfsi_plus_gutenberg_show_text_before_share":"","sfsi_plus_gutenberg_icon_type":"","sfsi_plus_gutenberg_icon_alignemt":"","sfsi_plus_gutenburg_max_per_row":"","_genesis_hide_title":false,"_genesis_hide_breadcrumbs":false,"_genesis_hide_singular_image":false,"_genesis_hide_footer_widgets":false,"_genesis_custom_body_class":"","_genesis_custom_post_class":"","_genesis_layout":""},"_links":{"self":[{"href":"http:\/\/genewei.com\/br\/wp-json\/wp\/v2\/product\/2555"}],"collection":[{"href":"http:\/\/genewei.com\/br\/wp-json\/wp\/v2\/product"}],"about":[{"href":"http:\/\/genewei.com\/br\/wp-json\/wp\/v2\/types\/product"}],"wp:featuredmedia":[{"embeddable":true,"href":"http:\/\/genewei.com\/br\/wp-json\/wp\/v2\/media\/2534"}],"wp:attachment":[{"href":"http:\/\/genewei.com\/br\/wp-json\/wp\/v2\/media?parent=2555"}],"curies":[{"name":"wp","href":"https:\/\/api.w.org\/{rel}","templated":true}]}}