{"id":2958,"date":"2018-04-23T21:07:43","date_gmt":"2018-04-24T00:07:43","guid":{"rendered":"http:\/\/genewei.com\/br\/?post_type=product&#038;p=2958"},"modified":"2018-08-03T20:59:23","modified_gmt":"2018-08-03T23:59:23","slug":"alive-max3-multi-vitamina-180-comprimidos","status":"publish","type":"product","link":"http:\/\/genewei.com\/br\/produto\/alive-max3-multi-vitamina-180-comprimidos\/","title":{"rendered":"Alive! Max3 Multi-Vitamina (180 comprimidos)"},"content":{"rendered":"\n<!-- Facebook Like Button Vivacity Infotech BEGIN -->\n<div class=\"fb-like\" data-href=\"http:\/\/genewei.com\/br\/produto\/alive-max3-multi-vitamina-180-comprimidos\/\" data-layout=\"standard\" data-action=\"like\" data-show-faces=\"true\" data-size=\"small\" data-width=\"550\" data-share=\"1\" ><\/div>\n<!-- Facebook Like Button Vivacity Infotech END -->\n<p>Este super suplemento \u00e9 feito a partir de frutas e legumes e fornece todos os nutrientes que voc\u00ea precisa de forma conveniente. Vitaminas, Minerais, Prote\u00ednas, Frutas, Legumes, Alimentos Verdes, Ervas, Bioflavon\u00f3ides, Amino\u00e1cidos, Enzimas, \u00c1cidos Graxos Essenciais e Cogumelos. Estes nutrientes s\u00e3o\u00a0<strong>absorvidos rapidamente!\u00a0<\/strong>Um suplemento de alta qualidade, econ\u00f4mico e n\u00e3o cont\u00e9m a\u00e7\u00facar.<\/p>\n<p><strong>Nota:<\/strong>\u00a0Este \u00e9 um suplemento completo de nutrientes, por isso, se voc\u00ea estiver tomando<em>\u00a0YES! Minerais,<\/em>\u00a0tomar apenas metade de 1\u00a0comprimido\u00a0<em>Alive!<\/em>\u00a0por dia.<\/p>\n<hr \/>\n<h2 class=\"style57\" align=\"center\">ALIVE! Multi-Vitamina<\/h2>\n<h3 class=\"style31\" align=\"center\">O Suplemento de Nutrientes mais Potente e Conveniente para Pacientes seguindo Protocolo Naturais Anti-Cancer<\/h3>\n<p><span class=\"style85\">Para algumas pessoas, \u00e9 dif\u00edcil obter uma m\u00e1quina de sucos de qualidade e preparar sucos org\u00e2nicos todos os dias. Para essas pessoas,\u00a0<strong>Alive!\u00a0<\/strong><strong>\u00e9 a melhor solu\u00e7\u00e3o!<\/strong><\/span><\/p>\n<div style=\"width: 110px\" class=\"wp-caption alignleft\"><img loading=\"lazy\" src=\"http:\/\/curasdocancer.com\/images\/alive-comprimido.jpg\" alt=\"alive-comprimido.jpg (100\u00d7100)\" width=\"100\" height=\"100\" \/><p class=\"wp-caption-text\">tamanho do comprimido<\/p><\/div>\n<p>Este super suplemento \u00e9 feito a partir de frutas e legumes e fornece todos os nutrientes que voc\u00ea precisa de forma conveniente. Vitaminas, Minerais, Prote\u00ednas, Frutas, Legumes, Alimentos Verdes, Ervas, Bioflavon\u00f3ides, Amino\u00e1cidos, Enzimas, \u00c1cidos Graxos Essenciais e Cogumelos. Estes nutrientes<strong>\u00a0s\u00e3o absorvidos rapidamente!<\/strong><\/p>\n<p><strong>Nota:\u00a0<\/strong>Este \u00e9 um suplemento completo de nutrientes, por isso, se voc\u00ea estiver tomando YES! Minerais, tomar apenas metade de um comprimido Alive! por dia.<\/p>\n<hr \/>\n<div align=\"center\">\n<table border=\"0\" width=\"95%\" cellspacing=\"0\" cellpadding=\"0\">\n<tbody>\n<tr>\n<td bgcolor=\"#999999\">\n<table width=\"100%\" cellspacing=\"1\" cellpadding=\"1\">\n<tbody>\n<tr bgcolor=\"#FFFFFF\">\n<td class=\"style31\" colspan=\"3\">\n<table border=\"0\" width=\"100%\" cellspacing=\"0\" cellpadding=\"1\">\n<tbody>\n<tr>\n<td class=\"style31\" colspan=\"3\" bgcolor=\"#FFFFFF\"><strong>Fatos do Suplemento<\/strong><\/td>\n<\/tr>\n<tr>\n<td class=\"style81\" colspan=\"3\" bgcolor=\"#FFFFFF\">3 Comprimidos<\/td>\n<\/tr>\n<tr>\n<td class=\"style81\" colspan=\"3\" bgcolor=\"#FFFFFF\">Por\u00e7\u00f5es por Unidade: 60<\/td>\n<\/tr>\n<\/tbody>\n<\/table>\n<\/td>\n<\/tr>\n<tr bgcolor=\"#FFFFFF\">\n<td class=\"ifNcol\" width=\"427\" height=\"20\"><\/td>\n<td class=\"ifAcol ifAPShdr\" width=\"68\" height=\"20\">\n<div align=\"right\"><strong>Quantidade por Por\u00e7\u00e3o<\/strong><\/div>\n<div align=\"right\"><\/div>\n<\/td>\n<td class=\"ifDVcol ifDVhdr\" width=\"44\" height=\"20\">\n<div align=\"right\"><strong>% Valor Di\u00e1rio<\/strong><\/div>\n<\/td>\n<\/tr>\n<tr bgcolor=\"#FFFFFF\">\n<td class=\"ifNcol\" height=\"20\">Calorias<\/td>\n<td class=\"ifAcol\" height=\"20\">\n<div align=\"right\">10<\/div>\n<\/td>\n<td class=\"ifDVcol\" height=\"20\">\n<div align=\"right\">*<\/div>\n<\/td>\n<\/tr>\n<tr bgcolor=\"#FFFFFF\">\n<td class=\"ifNcol\" height=\"20\">Carboidrato Total<\/td>\n<td class=\"ifAcol\" height=\"20\">\n<div align=\"right\">2 g<\/div>\n<\/td>\n<td class=\"ifDVcol\" height=\"20\">\n<div align=\"right\">&lt;1%<\/div>\n<\/td>\n<\/tr>\n<tr bgcolor=\"#FFFFFF\">\n<td class=\"ifNcol\" height=\"20\">Fibra<\/td>\n<td class=\"ifAcol\" height=\"20\">\n<div align=\"right\">&lt;1 g<\/div>\n<\/td>\n<td class=\"ifDVcol\" height=\"20\">\n<div align=\"right\">3%<\/div>\n<\/td>\n<\/tr>\n<tr bgcolor=\"#FFFFFF\">\n<td class=\"ifNcol\" height=\"20\">Vitamina A (67% [10,000 IU] como beta-caroteno) e 33% [5,000] UI como\u00a0acetato de retinol.<\/td>\n<td class=\"ifAcol\" height=\"20\">\n<div align=\"right\">15000 IU<\/div>\n<\/td>\n<td class=\"ifDVcol\" height=\"20\">\n<div align=\"right\">300%<\/div>\n<\/td>\n<\/tr>\n<tr bgcolor=\"#FFFFFF\">\n<td class=\"ifNcol\" height=\"20\">Vitamina C (como \u00e1cido asc\u00f3rbico )<\/td>\n<td class=\"ifAcol\" height=\"20\">\n<div align=\"right\">1 g<\/div>\n<\/td>\n<td class=\"ifDVcol\" height=\"20\">\n<div align=\"right\">1667%<\/div>\n<\/td>\n<\/tr>\n<tr bgcolor=\"#FFFFFF\">\n<td class=\"ifNcol\" height=\"20\">Vitamina D3 (como cholecalciferol )<\/td>\n<td class=\"ifAcol\" height=\"20\">\n<div align=\"right\">1,000 IU<\/div>\n<\/td>\n<td class=\"ifDVcol\" height=\"20\">\n<div align=\"right\">250%<\/div>\n<\/td>\n<\/tr>\n<tr bgcolor=\"#FFFFFF\">\n<td class=\"ifNcol\" height=\"20\">Vitamina E (como d-alpha tocopherol\u00a0succinato)<\/td>\n<td class=\"ifAcol\" height=\"20\">\n<div align=\"right\">200 IU<\/div>\n<\/td>\n<td class=\"ifDVcol\" height=\"20\">\n<div align=\"right\">667%<\/div>\n<\/td>\n<\/tr>\n<tr bgcolor=\"#FFFFFF\">\n<td class=\"ifNcol\" height=\"20\">Vitamin K1 (como fitonadiona)<\/td>\n<td class=\"ifAcol\" height=\"20\">\n<div align=\"right\">80 mcg<\/div>\n<\/td>\n<td class=\"ifDVcol\" height=\"20\">\n<div align=\"right\">100%<\/div>\n<\/td>\n<\/tr>\n<tr bgcolor=\"#FFFFFF\">\n<td class=\"ifNcol\" height=\"20\">Thiamin (como mononitrato de tiamina)<\/td>\n<td class=\"ifAcol\" height=\"20\">\n<div align=\"right\">25 mg<\/div>\n<\/td>\n<td class=\"ifDVcol\" height=\"20\">\n<div align=\"right\">1667%<\/div>\n<\/td>\n<\/tr>\n<tr bgcolor=\"#FFFFFF\">\n<td class=\"ifNcol\" height=\"20\">Riboflavina (Vitamina B2)<\/td>\n<td class=\"ifAcol\" height=\"20\">\n<div align=\"right\">25 mg<\/div>\n<\/td>\n<td class=\"ifDVcol\" height=\"20\">\n<div align=\"right\">1471%<\/div>\n<\/td>\n<\/tr>\n<tr bgcolor=\"#FFFFFF\">\n<td class=\"ifNcol\" height=\"20\">Niacina (como niacinamida)<\/td>\n<td class=\"ifAcol\" height=\"20\">\n<div align=\"right\">125 mg<\/div>\n<\/td>\n<td class=\"ifDVcol\" height=\"20\">\n<div align=\"right\">625%<\/div>\n<\/td>\n<\/tr>\n<tr bgcolor=\"#FFFFFF\">\n<td class=\"ifNcol\" height=\"20\">VitaminB6 (como piridoxina HCl \/ piridoxal 5-fosfato)<\/td>\n<td class=\"ifAcol\" height=\"20\">\n<div align=\"right\">50 mg<\/div>\n<\/td>\n<td class=\"ifDVcol\" height=\"20\">\n<div align=\"right\">2500%<\/div>\n<\/td>\n<\/tr>\n<tr bgcolor=\"#FFFFFF\">\n<td class=\"ifNcol\" height=\"20\">\u00c1cido F\u00f3lico<\/td>\n<td class=\"ifAcol\" height=\"20\">\n<div align=\"right\">400 mcg<\/div>\n<\/td>\n<td class=\"ifDVcol\" height=\"20\">\n<div align=\"right\">100%<\/div>\n<\/td>\n<\/tr>\n<tr bgcolor=\"#FFFFFF\">\n<td class=\"ifNcol\" height=\"20\">Vitamina B12 (como cianocobalamina)<\/td>\n<td class=\"ifAcol\" height=\"20\">\n<div align=\"right\">200 mcg<\/div>\n<\/td>\n<td class=\"ifDVcol\" height=\"20\">\n<div align=\"right\">3333%<\/div>\n<\/td>\n<\/tr>\n<tr bgcolor=\"#FFFFFF\">\n<td class=\"ifNcol\" height=\"20\">Biotina<\/td>\n<td class=\"ifAcol\" height=\"20\">\n<div align=\"right\">325 mcg<\/div>\n<\/td>\n<td class=\"ifDVcol\" height=\"20\">\n<div align=\"right\">108%<\/div>\n<\/td>\n<\/tr>\n<tr bgcolor=\"#FFFFFF\">\n<td class=\"ifNcol\" height=\"20\">\u00c1cido Pantot\u00eanico (como pantotenato d-c\u00e1lcio)<\/td>\n<td class=\"ifAcol\" height=\"20\">\n<div align=\"right\">125 mg<\/div>\n<\/td>\n<td class=\"ifDVcol\" height=\"20\">\n<div align=\"right\">1250%<\/div>\n<\/td>\n<\/tr>\n<tr bgcolor=\"#FFFFFF\">\n<td class=\"ifNcol\" height=\"20\">C\u00e1lcio (como lactato \/ glicerofosfato)<\/td>\n<td class=\"ifAcol\" height=\"20\">\n<div align=\"right\">250 mg<\/div>\n<\/td>\n<td class=\"ifDVcol\" height=\"20\">\n<div align=\"right\">25%<\/div>\n<\/td>\n<\/tr>\n<tr bgcolor=\"#FFFFFF\">\n<td class=\"ifNcol\" height=\"20\">Magn\u00e9sio (como o carbonato de magn\u00e9sio)<\/td>\n<td class=\"ifAcol\" height=\"20\">\n<div align=\"right\">125 mg<\/div>\n<\/td>\n<td class=\"ifDVcol\" height=\"20\">\n<div align=\"right\">31%<\/div>\n<\/td>\n<\/tr>\n<tr bgcolor=\"#FFFFFF\">\n<td class=\"ifNcol\" height=\"20\">Zinco (como quelato de amino\u00e1cido)<\/td>\n<td class=\"ifAcol\" height=\"20\">\n<div align=\"right\">15 mg<\/div>\n<\/td>\n<td class=\"ifDVcol\" height=\"20\">\n<div align=\"right\">100%<\/div>\n<\/td>\n<\/tr>\n<tr bgcolor=\"#FFFFFF\">\n<td class=\"ifNcol\" height=\"20\">Sel\u00eanio (como sel\u00eanio monomethionine)<\/td>\n<td class=\"ifAcol\" height=\"20\">\n<div align=\"right\">200 mcg<\/div>\n<\/td>\n<td class=\"ifDVcol\" height=\"20\">\n<div align=\"right\">286%<\/div>\n<\/td>\n<\/tr>\n<tr bgcolor=\"#FFFFFF\">\n<td class=\"ifNcol\" height=\"20\">Cobre (como quelato de amino\u00e1cido)<\/td>\n<td class=\"ifAcol\" height=\"20\">\n<div align=\"right\">2 mg<\/div>\n<\/td>\n<td class=\"ifDVcol\" height=\"20\">\n<div align=\"right\">100%<\/div>\n<\/td>\n<\/tr>\n<tr bgcolor=\"#FFFFFF\">\n<td class=\"ifNcol\" height=\"20\">Mangan\u00eas (como quelato de amino\u00e1cido)<\/td>\n<td class=\"ifAcol\" height=\"20\">\n<div align=\"right\">5 mg<\/div>\n<\/td>\n<td class=\"ifDVcol\" height=\"20\">\n<div align=\"right\">250%<\/div>\n<\/td>\n<\/tr>\n<tr bgcolor=\"#FFFFFF\">\n<td class=\"ifNcol\" height=\"20\">Iodo (como iodeto de pot\u00e1ssio de p\u00f3 de alga marinha)<\/td>\n<td class=\"ifAcol\" height=\"20\">\n<div align=\"right\">150 mcg<\/div>\n<\/td>\n<td class=\"ifDVcol\" height=\"20\">\n<div align=\"right\">100%<\/div>\n<\/td>\n<\/tr>\n<tr bgcolor=\"#FFFFFF\">\n<td class=\"ifNcol\" height=\"20\">Molibd\u00eanio (como triturar molibd\u00eanio)<\/td>\n<td class=\"ifAcol\" height=\"20\">\n<div align=\"right\">75 mcg<\/div>\n<\/td>\n<td class=\"ifDVcol\" height=\"20\">\n<div align=\"right\">100%<\/div>\n<\/td>\n<\/tr>\n<tr bgcolor=\"#FFFFFF\">\n<td class=\"ifNcol\" height=\"20\">S\u00f3dio (como bicarbonato de s\u00f3dio)<\/td>\n<td class=\"ifAcol\" height=\"20\">\n<div align=\"right\">5 mg<\/div>\n<\/td>\n<td class=\"ifDVcol\" height=\"20\">\n<div align=\"right\">&lt;1%<\/div>\n<\/td>\n<\/tr>\n<tr bgcolor=\"#FFFFFF\">\n<td class=\"ifNcol\" height=\"20\">Pot\u00e1ssio (como citrato de pot\u00e1ssio)<\/td>\n<td class=\"ifAcol\" height=\"20\">\n<div align=\"right\">50 mg<\/div>\n<\/td>\n<td class=\"ifDVcol\" height=\"20\">\n<div align=\"right\">9%<\/div>\n<\/td>\n<\/tr>\n<tr bgcolor=\"#FFFFFF\">\n<td class=\"ifNcol\" height=\"20\">Mistura de Alimentos Verdes\u00a0fornecendo Amino Acidos, Spirulina (microalga); Kelp (talo inteiro); Alfafa (folha, tronco); Grama de Cevada (grama),Blessed Thistle (caule, folha, flor); Blue Green Algae (microalgas);\u00a0Chlorella (broken-cell micro algae);Coentro (folha); Dandelion (folha); Melissa (folha); Capim-lim\u00e3o (grama); Urtiga (folha); Plantain (folha); Grama de Trigo (grama)<\/td>\n<td class=\"ifAcol\" height=\"20\">\n<div align=\"right\">400 mg<\/div>\n<\/td>\n<td class=\"ifDVcol\" height=\"20\">\n<div align=\"right\">*<\/div>\n<\/td>\n<\/tr>\n<tr bgcolor=\"#FFFFFF\">\n<td class=\"ifNcol\" height=\"20\">Mistura de Frutos de um Pomar\/ Vegetais de Jardim: Mirtilo, Laranja, Cenoura, Rom\u00e3, Ameixa, Morango, Ma\u00e7\u00e3, Beterraba, Torta de Cereja, P\u00eara, Tomate, Couve-Flor, Framboesa, A\u00e7a\u00ed, Aspargos, Banana, Br\u00f3colis, Couve de Bruxelas, Repolho, Cranberry, Pepino, Uva, Ervilha, Abacaxi, Ab\u00f3bora, Espinafre<\/td>\n<td class=\"ifAcol\" height=\"20\">\n<div align=\"right\">200 mg<\/div>\n<\/td>\n<td class=\"ifDVcol\" height=\"20\">\n<div align=\"right\">*<\/div>\n<\/td>\n<\/tr>\n<tr bgcolor=\"#FFFFFF\">\n<td class=\"ifNcol\" height=\"20\">Mistura Cardio:\u00a0Crataegus (fruta), knotweed japon\u00eas (raiz) padronizado para 50% de resveratrol (5 mg), coenzima q10 (ubiquinona)<\/td>\n<td class=\"ifAcol\" height=\"20\">\n<div align=\"right\">100 mg<\/div>\n<\/td>\n<td class=\"ifDVcol\" height=\"20\">\n<div align=\"right\">*<\/div>\n<\/td>\n<\/tr>\n<tr bgcolor=\"#FFFFFF\">\n<td class=\"ifNcol\" height=\"20\">Mistura de Enzimas Digestivas: F\u00f3rmula de Enzima Concentrada: (Protease I, II Protease, Peptidase, Amilase, Lactase, Invertase, Lipase, Celulase, Alpha Galactosidase); Beta\u00edna HCI, Bromelina (do abacaxi); Papa\u00edna (do mam\u00e3o)<\/td>\n<td class=\"ifAcol\" height=\"20\">\n<div align=\"right\">100 mg<\/div>\n<\/td>\n<td class=\"ifDVcol\" height=\"20\">\n<div align=\"right\">*<\/div>\n<\/td>\n<\/tr>\n<tr bgcolor=\"#FFFFFF\">\n<td class=\"ifNcol\" height=\"20\">Mistura de Sementes de \u00c1cidos Graxos Omega: Semente de Linha\u00e7a em p\u00f3, Semente de Girassol em p\u00f3<\/td>\n<td class=\"ifAcol\" height=\"20\">\n<div align=\"right\">100 mg<\/div>\n<\/td>\n<td class=\"ifDVcol\" height=\"20\">\n<div align=\"right\">*<\/div>\n<\/td>\n<\/tr>\n<tr bgcolor=\"#FFFFFF\">\n<td class=\"ifNcol\" height=\"20\">Mistura de Cogumelos de Defesa Myco Organicos: Reishi (ganoderma lucidum), Shiitake (lentinula edodes), Hiratake (pleurotus ostreatus), Enokikate (flammulina velutipes), Maitake (grifola frondosa), Yamabushitake (hericium erinaceus), Agarikon (fomitopsis officinalis), Chaga (inonotus obliquuis), Himematsutake (agaricus brasillinensis\/blazei), Kawaratake (trametes versicolor), Mesima (phellinus linteus), Zhu Ling (grifola umbellata)<\/td>\n<td class=\"ifAcol\" height=\"20\">\n<div align=\"right\">100 mg<\/div>\n<\/td>\n<td class=\"ifDVcol\" height=\"20\">\n<div align=\"right\">*<\/div>\n<\/td>\n<\/tr>\n<tr bgcolor=\"#FFFFFF\">\n<td class=\"ifNcol\" height=\"20\">Complexo Citrus Bioflavonoid ((de laranja, toranja, lim\u00e3o, lima, tangerina) fornecendo Hesperidin, Naringin, Narirutin, Eriocitrin, Flavonols e Flavones)<\/td>\n<td class=\"ifAcol\" height=\"20\">\n<div align=\"right\">60 mg<\/div>\n<\/td>\n<td class=\"ifDVcol\" height=\"20\">\n<div align=\"right\">*<\/div>\n<\/td>\n<\/tr>\n<tr bgcolor=\"#FFFFFF\">\n<td class=\"ifNcol\" height=\"20\">Inositol<\/td>\n<td class=\"ifAcol\" height=\"20\">\n<div align=\"right\">50 mg<\/div>\n<\/td>\n<td class=\"ifDVcol\" height=\"20\">\n<div align=\"right\">*<\/div>\n<\/td>\n<\/tr>\n<tr bgcolor=\"#FFFFFF\">\n<td class=\"ifNcol\" height=\"20\">Eleuthero Siberiano (raiz)<\/td>\n<td class=\"ifAcol\" height=\"20\">\n<div align=\"right\">50 mg<\/div>\n<\/td>\n<td class=\"ifDVcol\" height=\"20\">\n<div align=\"right\">*<\/div>\n<\/td>\n<\/tr>\n<tr bgcolor=\"#FFFFFF\">\n<td class=\"ifNcol\" height=\"20\">Colina (bitartarato de colina)<\/td>\n<td class=\"ifAcol\" height=\"20\">\n<div align=\"right\">30 mg<\/div>\n<\/td>\n<td class=\"ifDVcol\" height=\"20\">\n<div align=\"right\">*<\/div>\n<\/td>\n<\/tr>\n<tr bgcolor=\"#FFFFFF\">\n<td class=\"ifNcol\" height=\"20\">\u00a0Rutina<\/td>\n<td class=\"ifAcol\" style=\"text-align: right;\" height=\"20\">\u00a0 \u00a0 \u00a0 \u00a0 \u00a0 \u00a0 \u00a0 25 mg<\/td>\n<td class=\"ifDVcol\" height=\"20\">\n<div align=\"right\">*<\/div>\n<\/td>\n<\/tr>\n<tr bgcolor=\"#FFFFFF\">\n<td class=\"ifNcol\" height=\"20\">\u00a0Lutein (de cal\u00eandula)<\/td>\n<td class=\"ifAcol\" style=\"text-align: right;\" height=\"20\">\u00a0 \u00a0 \u00a0 \u00a0 \u00a0500 mcg<\/td>\n<td class=\"ifDVcol\" height=\"20\">\n<div align=\"right\">*<\/div>\n<\/td>\n<\/tr>\n<tr bgcolor=\"#FFFFFF\">\n<td class=\"ifNcol\" height=\"20\"><\/td>\n<\/tr>\n<tr bgcolor=\"#FFFFFF\">\n<td class=\"ifDVcol\" height=\"20\"><\/td>\n<\/tr>\n<tr bgcolor=\"#EFEFEF\">\n<td class=\"ifNcol\" colspan=\"3\" height=\"20\">* Valor di\u00e1rio n\u00e3o estabelecido. Outros Ingredientes: Celulose vegetal, \u00e1cido este\u00e1rico vegetal, goma de celulose vegetal modificada, celulose vegetal modificada, s\u00edlica, estearato de magn\u00e9sio vegetal, glicerina vegetal.<\/td>\n<\/tr>\n<\/tbody>\n<\/table>\n<\/td>\n<\/tr>\n<\/tbody>\n<\/table>\n<p>30 mg200 mcg25 mg25 mg<\/p>\n<\/div>\n<!-- AddThis Advanced Settings generic via filter on the_content --><!-- AddThis Share Buttons generic via filter on the_content -->","protected":false},"excerpt":{"rendered":"<p>Este super suplemento \u00e9 feito a partir de frutas e legumes e fornece todos os nutrientes que voc\u00ea precisa de forma conveniente. Vitaminas, Minerais, Prote\u00ednas, Frutas, Legumes, Alimentos Verdes, Ervas, Bioflavon\u00f3ides, Amino\u00e1cidos, Enzimas, \u00c1cidos Graxos Essenciais e Cogumelos. Estes nutrientes s\u00e3o\u00a0absorvidos rapidamente!\u00a0Um suplemento de alta qualidade, econ\u00f4mico e n\u00e3o cont\u00e9m a\u00e7\u00facar. Nota:\u00a0Este \u00e9 um suplemento<a class=\"moretag\" href=\"http:\/\/genewei.com\/br\/produto\/alive-max3-multi-vitamina-180-comprimidos\/\"> [&#8230;] <\/a><!-- AddThis Advanced Settings generic via filter on wp_trim_excerpt --><!-- AddThis Share Buttons generic via filter on wp_trim_excerpt --><\/p>\n","protected":false},"featured_media":2960,"template":"","meta":{"sfsi_plus_gutenberg_text_before_share":"","sfsi_plus_gutenberg_show_text_before_share":"","sfsi_plus_gutenberg_icon_type":"","sfsi_plus_gutenberg_icon_alignemt":"","sfsi_plus_gutenburg_max_per_row":"","_genesis_hide_title":false,"_genesis_hide_breadcrumbs":false,"_genesis_hide_singular_image":false,"_genesis_hide_footer_widgets":false,"_genesis_custom_body_class":"","_genesis_custom_post_class":"","_genesis_layout":""},"_links":{"self":[{"href":"http:\/\/genewei.com\/br\/wp-json\/wp\/v2\/product\/2958"}],"collection":[{"href":"http:\/\/genewei.com\/br\/wp-json\/wp\/v2\/product"}],"about":[{"href":"http:\/\/genewei.com\/br\/wp-json\/wp\/v2\/types\/product"}],"wp:featuredmedia":[{"embeddable":true,"href":"http:\/\/genewei.com\/br\/wp-json\/wp\/v2\/media\/2960"}],"wp:attachment":[{"href":"http:\/\/genewei.com\/br\/wp-json\/wp\/v2\/media?parent=2958"}],"curies":[{"name":"wp","href":"https:\/\/api.w.org\/{rel}","templated":true}]}}