{"id":3084,"date":"2018-05-09T04:39:01","date_gmt":"2018-05-09T07:39:01","guid":{"rendered":"http:\/\/genewei.com\/br\/?post_type=product&#038;p=3084"},"modified":"2018-08-03T20:33:59","modified_gmt":"2018-08-03T23:33:59","slug":"manjericao-santo-mistura-de-trindade-tulsi-180-softgels","status":"publish","type":"product","link":"http:\/\/genewei.com\/br\/produto\/manjericao-santo-mistura-de-trindade-tulsi-180-softgels\/","title":{"rendered":"Manjeric\u00e3o Santo Mistura de Trindade (Tulsi) (180 softgels)"},"content":{"rendered":"\n<!-- Facebook Like Button Vivacity Infotech BEGIN -->\n<div class=\"fb-like\" data-href=\"http:\/\/genewei.com\/br\/produto\/manjericao-santo-mistura-de-trindade-tulsi-180-softgels\/\" data-layout=\"standard\" data-action=\"like\" data-show-faces=\"true\" data-size=\"small\" data-width=\"550\" data-share=\"1\" ><\/div>\n<!-- Facebook Like Button Vivacity Infotech END -->\n<p><span style=\"color: #ff0000;\"><strong>Nota:<\/strong> N\u00f3s tamb\u00e9m usamos isso para o seu conte\u00fado de &#8220;\u00e1cido urs\u00f3lico,&#8221; para ajudar a apoiar o corpo contra o c\u00e2ncer.<\/span><\/p>\n<p><strong>Suplemento diet\u00e9tico<\/strong><\/p>\n<p>Manjeric\u00e3o Santo<br \/>\n&#8220;Mistura de Trindade&#8221; (Trinity Blend \u2122)<br \/>\no para estresse e irritabilidade nervosa<br \/>\no Naturalmente eleva seu humor e esp\u00edrito<\/p>\n<p>N\u00e3o deixe o estresse te derrubar! *<br \/>\nColoque as coisas em perspectiva com o Holy Basil Trinity Blend \u2122 &#8211; uma solu\u00e7\u00e3o segura e natural para ajud\u00e1-lo a lidar com os estresses do dia-a-dia. * Esta mistura de tr\u00eas extratos oferece um \u00f3timo suporte, fornecendo alguns dos mais altos n\u00edveis de compostos essenciais encontrados no Holy Basil para:<br \/>\no Criar uma resposta positiva e natural ao estresse *<br \/>\no Ajudar voc\u00ea a se adaptar ao estresse com facilidade *<\/p>\n<p>Todos os tr\u00eas extratos vegetais da Holy Basil s\u00e3o padronizados e cultivados sem fertilizantes ou pesticidas qu\u00edmicos, fazendo da Holy Basil Trinity Blend uma f\u00f3rmula verdadeiramente livre de estresse!<\/p>\n<!-- AddThis Advanced Settings generic via filter on the_content --><!-- AddThis Share Buttons generic via filter on the_content -->","protected":false},"excerpt":{"rendered":"<p>Nota: N\u00f3s tamb\u00e9m usamos isso para o seu conte\u00fado de &#8220;\u00e1cido urs\u00f3lico,&#8221; para ajudar a apoiar o corpo contra o c\u00e2ncer. Suplemento diet\u00e9tico Manjeric\u00e3o Santo &#8220;Mistura de Trindade&#8221; (Trinity Blend \u2122) o para estresse e irritabilidade nervosa o Naturalmente eleva seu humor e esp\u00edrito N\u00e3o deixe o estresse te derrubar! * Coloque as coisas em<a class=\"moretag\" href=\"http:\/\/genewei.com\/br\/produto\/manjericao-santo-mistura-de-trindade-tulsi-180-softgels\/\"> [&#8230;] <\/a><!-- AddThis Advanced Settings generic via filter on wp_trim_excerpt --><!-- AddThis Share Buttons generic via filter on wp_trim_excerpt --><\/p>\n","protected":false},"featured_media":3085,"template":"","meta":{"sfsi_plus_gutenberg_text_before_share":"","sfsi_plus_gutenberg_show_text_before_share":"","sfsi_plus_gutenberg_icon_type":"","sfsi_plus_gutenberg_icon_alignemt":"","sfsi_plus_gutenburg_max_per_row":"","_genesis_hide_title":false,"_genesis_hide_breadcrumbs":false,"_genesis_hide_singular_image":false,"_genesis_hide_footer_widgets":false,"_genesis_custom_body_class":"","_genesis_custom_post_class":"","_genesis_layout":""},"_links":{"self":[{"href":"http:\/\/genewei.com\/br\/wp-json\/wp\/v2\/product\/3084"}],"collection":[{"href":"http:\/\/genewei.com\/br\/wp-json\/wp\/v2\/product"}],"about":[{"href":"http:\/\/genewei.com\/br\/wp-json\/wp\/v2\/types\/product"}],"wp:featuredmedia":[{"embeddable":true,"href":"http:\/\/genewei.com\/br\/wp-json\/wp\/v2\/media\/3085"}],"wp:attachment":[{"href":"http:\/\/genewei.com\/br\/wp-json\/wp\/v2\/media?parent=3084"}],"curies":[{"name":"wp","href":"https:\/\/api.w.org\/{rel}","templated":true}]}}