{"id":3131,"date":"2018-05-23T13:45:48","date_gmt":"2018-05-23T16:45:48","guid":{"rendered":"http:\/\/genewei.com\/br\/?post_type=product&#038;p=3131"},"modified":"2018-05-23T13:45:48","modified_gmt":"2018-05-23T16:45:48","slug":"neutralizador-de-emf-cientificamente-provado-kit-com-3-discos-holograficos-adesivos-e-manual","status":"publish","type":"product","link":"http:\/\/genewei.com\/br\/produto\/neutralizador-de-emf-cientificamente-provado-kit-com-3-discos-holograficos-adesivos-e-manual\/","title":{"rendered":"Neutralizador de EMF Cientificamente Provado (Kit com 3 Discos Hologr\u00e1ficos Adesivos e Manual)"},"content":{"rendered":"\n<!-- Facebook Like Button Vivacity Infotech BEGIN -->\n<div class=\"fb-like\" data-href=\"http:\/\/genewei.com\/br\/produto\/neutralizador-de-emf-cientificamente-provado-kit-com-3-discos-holograficos-adesivos-e-manual\/\" data-layout=\"standard\" data-action=\"like\" data-show-faces=\"true\" data-size=\"small\" data-width=\"550\" data-share=\"1\" ><\/div>\n<!-- Facebook Like Button Vivacity Infotech END -->\n<ul>\n<li><strong>Proteja-se do EMF (campo eletromagn\u00e9tico)\u00a0<\/strong>de telefones celulares e aparelhos eletr\u00f4nicos.<\/li>\n<li><strong>Essencial\u00a0<\/strong>para todos os pacientes com cancer e seus familiares tamb\u00e9m. O EMF \u00e9 respons\u00e1vel por muitos riscos \u00e0 sa\u00fade que todos devemos evitar.<\/li>\n<li><strong>Como usar?<\/strong>\u00a0Basta anexar os discos hologr\u00e1ficos na parte de tr\u00e1s do seu telefone celular ou no interior da tampa da bateria,<\/li>\n<li>Para prote\u00e7\u00e3o adicional anexar aos\u00a0<strong>roteadores Wi-Fi, tablets, notebooks, desktops, microondas, monitores de beb\u00eas, TVs, video-games, e muito mais.<\/strong><\/li>\n<\/ul>\n<hr \/>\n<h2>Neutralizador de EMF Cientificamente Provado:<\/h2>\n<h3 class=\"style57\">Obtenha o Melhor em Prote\u00e7\u00e3o Contra Radia\u00e7\u00f5es de Telefones e Aparelhos Eletr\u00f4nicos<\/h3>\n<p><img loading=\"lazy\" class=\"alignleft\" src=\"http:\/\/genewei.com\/br\/wp-content\/uploads\/2018\/05\/loja-protetor-EMF-adesivo.jpg\" alt=\"\" width=\"200\" height=\"200\" border=\"1\" \/>Outros protetores de radia\u00e7\u00e3o para telefone celulares agem como bloqueadores ou absorventes. O Neutralizador da marca Aulterra\u00a0<strong>\u00e9 a melhor solu\u00e7\u00e3o!<\/strong>\u00a0Bloqueadores simplesmente bloqueam uma parte do fluxo da radia\u00e7\u00e3o, e a maior parte da radia\u00e7\u00e3o simplesmente move em torno do dispositivo de bloqueio. Absorvedores n\u00e3o absorvem a radia\u00e7\u00e3o do telefone celular, mas rapidamente se tornam saturados e param de trabalhar. O Neutralizador continua a trabalhar, neutralizando a radia\u00e7\u00e3o do telefone celular.<\/p>\n<p>Tr\u00eas camadas micro-finas de raros elementos da terra ativados produzem o neutralizador mais fino do e mais eficaz que nunca.<\/p>\n<p><strong><em>Basta colocar o pequeno disco hologr\u00e1fico em seu telefone para combater a radia\u00e7\u00e3o nociva.<\/em><\/strong><\/p>\n<h2>Respostas \u00e0s suas D\u00favidas:<\/h2>\n<h3>Qual \u00e9 um Neutralizador de EMF e de que ele \u00e9 feito?<\/h3>\n<p><strong>O Neutralizador \u00e9 um disco pequeno,\u00a0<\/strong>discreto, que neutraliza a radia\u00e7\u00e3o do telefone celular e campos electromagn\u00e9ticos (CEM) prejudiciais protegendo voc\u00ea e sua fam\u00edlia.<\/p>\n<p>O Neutralizador \u00e9 feito a partir de uma\u00a0<strong>mistura patenteada de elementos paramagn\u00e9ticos\u00a0<\/strong>incluindo c\u00e9rio e lant\u00e2nio e um composto inorg\u00e2nico raro derivado de um mineral cristalino encontrado em apenas um local conhecido no mundo.<\/p>\n<h3>Como isso funciona?<\/h3>\n<p><strong><img loading=\"lazy\" class=\"aligncenter\" src=\"http:\/\/genewei.com\/br\/wp-content\/uploads\/2018\/05\/protetor-telefone-celular.jpg\" alt=\"\" width=\"432\" height=\"287\" border=\"1\" \/><\/strong><\/p>\n<p><strong>O Neutralizador de EMF \u00e9 ci\u00eancia que funciona!<\/strong>\u00a0Testes reproduz\u00edveis provam que o nosso Neutralizador re-atuna as frequ\u00eancias EMF de telefones celulares e outros dispositivos eletr\u00f4nicos em energia coerente. Uma vez que as frequ\u00eancias s\u00e3o convertidas, elas n\u00e3o mais causam nenhum dano ao seu DNA. O segredo do neutralizador est\u00e1 na matriz cristalina misturada na tinta do adesivo Neutralizador.<\/p>\n<p>O desenvolvedor do Neutralizador, Kim Dandurand identificou as propriedades cristalinas enquanto envolvido em uma grande opera\u00e7\u00e3o de limpeza ambientalem 1996. Ele usou a mistura de materiais qu\u00edmicos para neutralizar res\u00edduos radioactivos provenientes de aterros sanit\u00e1rios. Ele, ent\u00e3o, investigou se a subst\u00e2ncia paramagn\u00e9tica poderia ser usada para neutralizar os campos eletromagn\u00e9ticos dos telefones celulares e equipamentos eletr\u00f4nicos. Kim Dandurand financiou um programa de pesquisa nos Laborat\u00f3rios de Pesquisa de Biologia Qu\u00e2ntica.<strong>Experimentos mostraram que o DNA humano reagiu negativamente aos CEM provenientes de telefones celulares.\u00a0<\/strong>Testes em DNA humano provou que com um Neutralizador conectado a um telefone celular os campos naturais coerentes do\u00a0<strong>Neutralizador harmonizou com sucesso CEM incoerentes tornando-os inofensivos para o tecido vivo.<\/strong><\/p>\n<h3>Qual \u00e9 a diferen\u00e7a entre os bloqueadores e absorventes e o Neutralizador Aulterra?<\/h3>\n<p>O Neutralizador n\u00e3o bloqueia nem absorve radia\u00e7\u00e3o. Qualquer dispositivo que\u00a0<span style=\"color: #000000;\">bloqueie 100%\u00a0<\/span>dos CEM de um telefone celular tornaria o telefone in\u00fatil. Absorvedores se tornam saturados e depois n\u00e3o funcionam. O Neutralizador n\u00e3o funciona por bloqueando ou absorvendo a radia\u00e7\u00e3o do telefone celular. Em vez disso, o Neutralizador transforma as frequ\u00eancias artificiais em frequ\u00eancias coerentes, inofensivas \u2014 da maneira criada pela natureza.<\/p>\n<h3>Como posso us\u00e1-lo?<\/h3>\n<p>Assim como um adesivo, descasque o pl\u00e1stico da parte de tr\u00e1s, e afixe o Neutralizador na parte de tr\u00e1s do seu telefone celular ou no interior da tampa da bateria. O Neutralizador protege contra a radia\u00e7\u00e3o do telefone celular e radia\u00e7\u00e3o de torres de telefonia celular. O alcance efetivo \u00e9 uma esfera de di\u00e2metro de 36 polegadas (92 cm) do Neutralizador.<\/p>\n<h3>Ser\u00e1 que vai afetar o uso do meu telefone?<\/h3>\n<p>O Neutralizador n\u00e3o afeta negativamente a recep\u00e7\u00e3o do telefone celular ou transmiss\u00e3o.<\/p>\n<h3>Ser\u00e1 que vai funcionar em outros dispositivos eletr\u00f4nicos?<\/h3>\n<p>Para prote\u00e7\u00e3o adicional, o Neutralizador pode ser usado nos seguintes dispositivos eletr\u00f4nicos:<em><strong>roteadores Wi-Fi, tablets, notebooks, desktops, microondas, telefones sem fio, monitores de beb\u00eas, televisores, equipamentos de video-games, e muito mais.<\/strong><\/em><\/p>\n<h3>Quanto tempo ir\u00e1 durar?<\/h3>\n<p>J\u00e1 que o Neutralizador n\u00e3o tenta bloquear ou absorver a radia\u00e7\u00e3o, ele n\u00e3o se torna saturado, e ir\u00e1 durar tanto quanto o Neutralizador permanece intacto.<\/p>\n<p><strong>Dica:<\/strong>\u00a0Colocando-o dentro do telefone, onde ele n\u00e3o ser\u00e1 danificado, ir\u00e1 prolongar a sua vida<\/p>\n<h3>Quais s\u00e3o os benef\u00edcios do Neutralizador?<\/h3>\n<ul>\n<li><strong>Protege voc\u00ea<\/strong>\u00a0e seus entes queridos<\/li>\n<li><strong>Neutraliza a radia\u00e7\u00e3o prejudicial\u00a0<\/strong>do telefone celular e EMF<\/li>\n<li>Protege os\u00a0<strong>\u00f3rg\u00e3os vitais<\/strong><\/li>\n<li>Protege os\u00a0<strong>\u00f3rg\u00e3os reprodutivos<\/strong><\/li>\n<li><strong>Reduz dores de cabe\u00e7a\u00a0<\/strong>e sintomas da dor induzidos por EMF e radia\u00e7\u00e3o<\/li>\n<li><strong>Aumenta\u00a0<\/strong>os n\u00edveis naturais de energia<\/li>\n<li><strong>Alinha\u00a0<\/strong>campos el\u00e9tricos<\/li>\n<li>Promove padr\u00f5es de\u00a0<strong>sono mais profundos\u00a0<\/strong>e mais refrescantes<\/li>\n<li>Pode ser usado em\u00a0<strong>qualquer aparelho el\u00e9trico<\/strong><\/li>\n<\/ul>\n<h3>Veja v\u00e1rios estudos cient\u00edficos americanos abaixo:<\/h3>\n<p><a href=\"http:\/\/aulterra.com\/wp-content\/uploads\/2012\/09\/Aulterra_Reducing-the-In-Vitro-Electromagnetic-Field-Effect_5.pdf\">Aulterra_Reducing-the-In-Vitro-Electromagnetic-Field-Effect_5.pdf<\/a><\/p>\n<p><a href=\"http:\/\/aulterra.com\/wp-content\/uploads\/2012\/09\/Aulterra_Human-DNA-Mitigation_6.pdf\">Aulterra_Human-DNA-Mitigation_6.pdf<\/a><\/p>\n<p><a href=\"http:\/\/aulterra.com\/wp-content\/uploads\/2012\/09\/Aulterra_Reduced-Intensity-of-Cell-Phone-Radiation_7.pdf\">Aulterra_Reduced-Intensity-of-Cell-Phone-Radiation_7.pdf<\/a><\/p>\n<p><a href=\"http:\/\/www.aulterra.com\/wp-content\/uploads\/2012\/09\/Aulterra_Reverse-the-Harmful-Effects-of-Electromagnetic-Fields_8.pdf\">Aulterra_Reverse-the-Harmful-Effects-of-Electromagnetic-Fields_8.pdf<\/a><\/p>\n<!-- AddThis Advanced Settings generic via filter on the_content --><!-- AddThis Share Buttons generic via filter on the_content -->","protected":false},"excerpt":{"rendered":"<p><strong><em>Grande sucesso nos EUA.<\/em><\/strong>\u00a0Cientificamente provado e testado! Neutralizador de campo eletromagn\u00e9tico &#8211; A forma revolucion\u00e1ria de se proteger contra radia\u00e7\u00e3o EMF!<!-- AddThis Advanced Settings generic via filter on wp_trim_excerpt --><!-- AddThis Share Buttons generic via filter on wp_trim_excerpt --><\/p>\n","protected":false},"featured_media":3132,"template":"","meta":{"sfsi_plus_gutenberg_text_before_share":"","sfsi_plus_gutenberg_show_text_before_share":"","sfsi_plus_gutenberg_icon_type":"","sfsi_plus_gutenberg_icon_alignemt":"","sfsi_plus_gutenburg_max_per_row":"","_genesis_hide_title":false,"_genesis_hide_breadcrumbs":false,"_genesis_hide_singular_image":false,"_genesis_hide_footer_widgets":false,"_genesis_custom_body_class":"","_genesis_custom_post_class":"","_genesis_layout":""},"_links":{"self":[{"href":"http:\/\/genewei.com\/br\/wp-json\/wp\/v2\/product\/3131"}],"collection":[{"href":"http:\/\/genewei.com\/br\/wp-json\/wp\/v2\/product"}],"about":[{"href":"http:\/\/genewei.com\/br\/wp-json\/wp\/v2\/types\/product"}],"wp:featuredmedia":[{"embeddable":true,"href":"http:\/\/genewei.com\/br\/wp-json\/wp\/v2\/media\/3132"}],"wp:attachment":[{"href":"http:\/\/genewei.com\/br\/wp-json\/wp\/v2\/media?parent=3131"}],"curies":[{"name":"wp","href":"https:\/\/api.w.org\/{rel}","templated":true}]}}