{"id":3290,"date":"2018-08-17T15:25:46","date_gmt":"2018-08-17T18:25:46","guid":{"rendered":"http:\/\/genewei.com\/br\/?post_type=product&#038;p=3290"},"modified":"2018-08-17T22:35:00","modified_gmt":"2018-08-18T01:35:00","slug":"receba-seu-pedido-em-dois-envios","status":"publish","type":"product","link":"http:\/\/genewei.com\/br\/produto\/receba-seu-pedido-em-dois-envios\/","title":{"rendered":"Receba Seu Pedido Em Dois Envios!"},"content":{"rendered":"\n<!-- Facebook Like Button Vivacity Infotech BEGIN -->\n<div class=\"fb-like\" data-href=\"http:\/\/genewei.com\/br\/produto\/receba-seu-pedido-em-dois-envios\/\" data-layout=\"standard\" data-action=\"like\" data-show-faces=\"true\" data-size=\"small\" data-width=\"550\" data-share=\"1\" ><\/div>\n<!-- Facebook Like Button Vivacity Infotech END -->\n<h2>Receba seu pedido em dois envios!<\/h2>\n<p>Fazemos tudo o que podemos para ajud\u00e1-lo a receber seu pedido sem problemas.<\/p>\n<p><strong>Mas algumas pessoas nos pediram que envi\u00e1ssemos seus pedidos em pacotes menores, com menos itens.<\/strong><\/p>\n<p>A embalagem do USPS (Correio dos EUA) geralmente cabe entre 7 e 9 suplementos no m\u00e1ximo, dependendo do tamanho de cada suplemento. \u00c9 &#8220;taxa fixa&#8221;, por isso independentemente de quantos suplementos voc\u00ea inclua, o pre\u00e7o \u00e9 o mesmo.<\/p>\n<p><strong>Mas o envio de um pacote com menos suplementos pode tornar o processo de importa\u00e7\u00e3o &#8220;menos rigoroso&#8221;.<\/strong><\/p>\n<h3><span style=\"color: #ff9900;\"><em>Portanto, nossa op\u00e7\u00e3o \u201cReceba Seu Pedido Em Dois Envios!\u201d Permite que voc\u00ea solicite outra embalagem para dividir sua remessa em pacotes menores.<\/em><\/span><\/h3>\n<h4>Quantos itens devo colocar em cada pacote?<\/h4>\n<p><em>Voc\u00ea \u00e9 quem decide, mas geralmente recomendamos 4-5 itens por embalagem.<\/em><\/p>\n<p>E lembre-se, n\u00f3s oferecemos frete gr\u00e1tis para pedidos com 5 itens ou mais.<\/p>\n<p>Se voc\u00ea pedir 8 itens, por exemplo, normalmente colocaremos em 1 embalagem, se couber.<\/p>\n<p>Mas se voc\u00ea optar por adicionar outro envelope, receber\u00e1 dois pacotes, cada um com quatro itens.<\/p>\n<p><span style=\"color: #0000ff;\">(Nota: Se o seu pedido de 8 itens n\u00e3o couber em uma embalagem, n\u00f3s j\u00e1 fornecemos outro envelope de postagem, sem custo adicional. Ent\u00e3o, se voc\u00ea n\u00e3o tem certeza se deve ou n\u00e3o pedir outro envelope, sinta-se \u00e0 vontade para nos contatar e n\u00f3s daremos a nossa opini\u00e3o.)<\/span><\/p>\n<!-- AddThis Advanced Settings generic via filter on the_content --><!-- AddThis Share Buttons generic via filter on the_content -->","protected":false},"excerpt":{"rendered":"<p>Receba seu pedido em dois envios! Fazemos tudo o que podemos para ajud\u00e1-lo a receber seu pedido sem problemas. Mas algumas pessoas nos pediram que envi\u00e1ssemos seus pedidos em pacotes menores, com menos itens. A embalagem do USPS (Correio dos EUA) geralmente cabe entre 7 e 9 suplementos no m\u00e1ximo, dependendo do tamanho de cada<a class=\"moretag\" href=\"http:\/\/genewei.com\/br\/produto\/receba-seu-pedido-em-dois-envios\/\"> [&#8230;] <\/a><!-- AddThis Advanced Settings generic via filter on wp_trim_excerpt --><!-- AddThis Share Buttons generic via filter on wp_trim_excerpt --><\/p>\n","protected":false},"featured_media":3292,"template":"","meta":{"sfsi_plus_gutenberg_text_before_share":"","sfsi_plus_gutenberg_show_text_before_share":"","sfsi_plus_gutenberg_icon_type":"","sfsi_plus_gutenberg_icon_alignemt":"","sfsi_plus_gutenburg_max_per_row":"","_genesis_hide_title":false,"_genesis_hide_breadcrumbs":false,"_genesis_hide_singular_image":false,"_genesis_hide_footer_widgets":false,"_genesis_custom_body_class":"","_genesis_custom_post_class":"","_genesis_layout":""},"_links":{"self":[{"href":"http:\/\/genewei.com\/br\/wp-json\/wp\/v2\/product\/3290"}],"collection":[{"href":"http:\/\/genewei.com\/br\/wp-json\/wp\/v2\/product"}],"about":[{"href":"http:\/\/genewei.com\/br\/wp-json\/wp\/v2\/types\/product"}],"wp:featuredmedia":[{"embeddable":true,"href":"http:\/\/genewei.com\/br\/wp-json\/wp\/v2\/media\/3292"}],"wp:attachment":[{"href":"http:\/\/genewei.com\/br\/wp-json\/wp\/v2\/media?parent=3290"}],"curies":[{"name":"wp","href":"https:\/\/api.w.org\/{rel}","templated":true}]}}