{"id":3451,"date":"2018-08-04T21:20:29","date_gmt":"2018-08-05T00:20:29","guid":{"rendered":"http:\/\/genewei.com\/br\/?post_type=product&#038;p=3451"},"modified":"2018-12-02T22:45:55","modified_gmt":"2018-12-03T00:45:55","slug":"carvao-ativado-560-mg-100-caps","status":"publish","type":"product","link":"http:\/\/genewei.com\/br\/produto\/carvao-ativado-560-mg-100-caps\/","title":{"rendered":"Carv\u00e3o Ativado 560 mg (100 caps)"},"content":{"rendered":"\n<!-- Facebook Like Button Vivacity Infotech BEGIN -->\n<div class=\"fb-like\" data-href=\"http:\/\/genewei.com\/br\/produto\/carvao-ativado-560-mg-100-caps\/\" data-layout=\"standard\" data-action=\"like\" data-show-faces=\"true\" data-size=\"small\" data-width=\"550\" data-share=\"1\" ><\/div>\n<!-- Facebook Like Button Vivacity Infotech END -->\n<p>Activated Charcoal- O carv\u00e3o ativado \u00e9 altamente poroso e pode absorver subst\u00e2ncias toxicas, levando-as para fora do sistema digestivo. *<\/p>\n<p>Por\u00e7\u00f5es por frasco: 50<br \/>\nTome como recomendado pelo seu profissional de sa\u00fade.<\/p>\n<p>Tamanho da dose: 2 c\u00e1psulas<\/p>\n<p>Quantidade por por\u00e7\u00e3o<br \/>\nCarv\u00e3o vegetal &#8230; 560mg<\/p>\n<p>Outros ingredientes: gelatina (c\u00e1psula).<\/p>\n<p>Carv\u00e3o Ativado N\u00e3o Cont\u00e9m:<\/p>\n<ul>\n<li>milho<\/li>\n<li>lactic\u00ednios<\/li>\n<li>gl\u00faten<\/li>\n<li>soja<\/li>\n<li>trigo<\/li>\n<\/ul>\n<!-- AddThis Advanced Settings generic via filter on the_content --><!-- AddThis Share Buttons generic via filter on the_content -->","protected":false},"excerpt":{"rendered":"<p>Activated Charcoal- O carv\u00e3o ativado \u00e9 altamente poroso e pode absorver subst\u00e2ncias toxicas, levando-as para fora do sistema digestivo. * Por\u00e7\u00f5es por frasco: 50 Tome como recomendado pelo seu profissional de sa\u00fade. Tamanho da dose: 2 c\u00e1psulas Quantidade por por\u00e7\u00e3o Carv\u00e3o vegetal &#8230; 560mg Outros ingredientes: gelatina (c\u00e1psula). Carv\u00e3o Ativado N\u00e3o Cont\u00e9m: milho lactic\u00ednios gl\u00faten<a class=\"moretag\" href=\"http:\/\/genewei.com\/br\/produto\/carvao-ativado-560-mg-100-caps\/\"> [&#8230;] <\/a><!-- AddThis Advanced Settings generic via filter on wp_trim_excerpt --><!-- AddThis Share Buttons generic via filter on wp_trim_excerpt --><\/p>\n","protected":false},"featured_media":3573,"template":"","meta":{"sfsi_plus_gutenberg_text_before_share":"","sfsi_plus_gutenberg_show_text_before_share":"","sfsi_plus_gutenberg_icon_type":"","sfsi_plus_gutenberg_icon_alignemt":"","sfsi_plus_gutenburg_max_per_row":"","_genesis_hide_title":false,"_genesis_hide_breadcrumbs":false,"_genesis_hide_singular_image":false,"_genesis_hide_footer_widgets":false,"_genesis_custom_body_class":"","_genesis_custom_post_class":"","_genesis_layout":""},"_links":{"self":[{"href":"http:\/\/genewei.com\/br\/wp-json\/wp\/v2\/product\/3451"}],"collection":[{"href":"http:\/\/genewei.com\/br\/wp-json\/wp\/v2\/product"}],"about":[{"href":"http:\/\/genewei.com\/br\/wp-json\/wp\/v2\/types\/product"}],"wp:featuredmedia":[{"embeddable":true,"href":"http:\/\/genewei.com\/br\/wp-json\/wp\/v2\/media\/3573"}],"wp:attachment":[{"href":"http:\/\/genewei.com\/br\/wp-json\/wp\/v2\/media?parent=3451"}],"curies":[{"name":"wp","href":"https:\/\/api.w.org\/{rel}","templated":true}]}}