{"id":3465,"date":"2018-08-08T16:25:55","date_gmt":"2018-08-08T19:25:55","guid":{"rendered":"http:\/\/genewei.com\/br\/?post_type=product&#038;p=3465"},"modified":"2018-08-08T16:28:50","modified_gmt":"2018-08-08T19:28:50","slug":"formula-de-apoio-de-acucar-no-sangue","status":"publish","type":"product","link":"http:\/\/genewei.com\/br\/produto\/formula-de-apoio-de-acucar-no-sangue\/","title":{"rendered":"F\u00f3rmula de Apoio de A\u00e7\u00facar no Sangue"},"content":{"rendered":"\n<!-- Facebook Like Button Vivacity Infotech BEGIN -->\n<div class=\"fb-like\" data-href=\"http:\/\/genewei.com\/br\/produto\/formula-de-apoio-de-acucar-no-sangue\/\" data-layout=\"standard\" data-action=\"like\" data-show-faces=\"true\" data-size=\"small\" data-width=\"550\" data-share=\"1\" ><\/div>\n<!-- Facebook Like Button Vivacity Infotech END -->\n<p><span style=\"color: #ff9900;\"><strong>Nota:<\/strong>\u00a0A imagem \u00e9 alterada, pois n\u00e3o podemos anunciar este produto internacionalmente. Mas voc\u00ea pode confiar que voc\u00ea est\u00e1 recebendo o produto da mais alta qualidade.<\/span><\/p>\n<p>Blood Sugar Support Formula<\/p>\n<p>F\u00f3rmula de Apoio de A\u00e7\u00facar no Sangue<\/p>\n<p>SUPORTE METAB\u00d3LICO: Este produto cont\u00e9m Garcinia cambogia, fornecendo HCA que suporta o metabolismo de gorduras saud\u00e1veis e o metabolismo da glicose. *<br \/>\nCONT\u00c9M GINEMIO E CROMO: Ingredientes adicionais, como Gymnema sylvestre, Garcinia cambogia e cromo, suportam a fun\u00e7\u00e3o das c\u00e9lulas beta pancre\u00e1ticas e a absor\u00e7\u00e3o normal da glicose. *<br \/>\nHEART &amp; METABOLIC: Suplemento diet\u00e9tico formulado para desempenhar um papel \u00edntimo no apoio \u00e0 sa\u00fade cardiovascular ideal com a idade. *<\/p>\n<p><strong>Fatos suplementares<\/strong><br \/>\n<strong>Tamanho da dose:<\/strong> 3 C\u00e1psula Vegetal<br \/>\n<strong>Por\u00e7\u00f5es por pote:<\/strong> 30<\/p>\n<p><strong>Quantidade por por\u00e7\u00e3o:<\/strong><br \/>\nCromo (como polinicotinato de cromo) 200 mcg<br \/>\nExtracto de fruta de Garcinia cambogia (Fornecimento de 500 mg de \u00e1cido (-) hidroxic\u00edtrico (HCA)) 995 mg<br \/>\nExtrato da folha do Gymnema sylvestre 200 mg<br \/>\nFruta Mel\u00e3o Amargo Momordica charantia 200 mg<br \/>\nSemente de feno-grego 150 mg<br \/>\n\u00c1cido alfa-lip\u00f3ico 100 mg<br \/>\nVan\u00e1dio (de sulfato de van\u00e1dio) 2,5 mg<\/p>\n<p><strong>Outros ingredientes:<\/strong><br \/>\nHidroxipropilmetilcelulose (c\u00e1psula), estearato vegetal<\/p>\n<!-- AddThis Advanced Settings generic via filter on the_content --><!-- AddThis Share Buttons generic via filter on the_content -->","protected":false},"excerpt":{"rendered":"<p>Nota:\u00a0A imagem \u00e9 alterada, pois n\u00e3o podemos anunciar este produto internacionalmente. Mas voc\u00ea pode confiar que voc\u00ea est\u00e1 recebendo o produto da mais alta qualidade. Blood Sugar Support Formula F\u00f3rmula de Apoio de A\u00e7\u00facar no Sangue SUPORTE METAB\u00d3LICO: Este produto cont\u00e9m Garcinia cambogia, fornecendo HCA que suporta o metabolismo de gorduras saud\u00e1veis e o metabolismo<a class=\"moretag\" href=\"http:\/\/genewei.com\/br\/produto\/formula-de-apoio-de-acucar-no-sangue\/\"> [&#8230;] <\/a><!-- AddThis Advanced Settings generic via filter on wp_trim_excerpt --><!-- AddThis Share Buttons generic via filter on wp_trim_excerpt --><\/p>\n","protected":false},"featured_media":3466,"template":"","meta":{"sfsi_plus_gutenberg_text_before_share":"","sfsi_plus_gutenberg_show_text_before_share":"","sfsi_plus_gutenberg_icon_type":"","sfsi_plus_gutenberg_icon_alignemt":"","sfsi_plus_gutenburg_max_per_row":"","_genesis_hide_title":false,"_genesis_hide_breadcrumbs":false,"_genesis_hide_singular_image":false,"_genesis_hide_footer_widgets":false,"_genesis_custom_body_class":"","_genesis_custom_post_class":"","_genesis_layout":""},"_links":{"self":[{"href":"http:\/\/genewei.com\/br\/wp-json\/wp\/v2\/product\/3465"}],"collection":[{"href":"http:\/\/genewei.com\/br\/wp-json\/wp\/v2\/product"}],"about":[{"href":"http:\/\/genewei.com\/br\/wp-json\/wp\/v2\/types\/product"}],"wp:featuredmedia":[{"embeddable":true,"href":"http:\/\/genewei.com\/br\/wp-json\/wp\/v2\/media\/3466"}],"wp:attachment":[{"href":"http:\/\/genewei.com\/br\/wp-json\/wp\/v2\/media?parent=3465"}],"curies":[{"name":"wp","href":"https:\/\/api.w.org\/{rel}","templated":true}]}}