{"id":847,"date":"2016-07-01T18:25:17","date_gmt":"2016-07-01T21:25:17","guid":{"rendered":"http:\/\/genewei.com\/br\/?post_type=product&#038;p=847"},"modified":"2018-08-03T21:48:01","modified_gmt":"2018-08-04T00:48:01","slug":"enzima-de-apoio-imune-liquida","status":"publish","type":"product","link":"http:\/\/genewei.com\/br\/produto\/enzima-de-apoio-imune-liquida\/","title":{"rendered":"Enzima de Apoio Imune em Extrato L\u00edquido Puro (30 ml)"},"content":{"rendered":"\n<!-- Facebook Like Button Vivacity Infotech BEGIN -->\n<div class=\"fb-like\" data-href=\"http:\/\/genewei.com\/br\/produto\/enzima-de-apoio-imune-liquida\/\" data-layout=\"standard\" data-action=\"like\" data-show-faces=\"true\" data-size=\"small\" data-width=\"550\" data-share=\"1\" ><\/div>\n<!-- Facebook Like Button Vivacity Infotech END -->\n<p>Recomendamos comprar 3 ou mais unidades. <strong>Cada unidade: 575 gotas \/ 40 dias<\/strong><\/p>\n<p>A\u00a0<strong>Enzima de Apoio Imune em Extrato L\u00edquido<\/strong>\u00a0\u00e9 pura e n\u00e3o cont\u00e9m \u00e1lcool, glicerina, propileno glicol ou outro enchimento preliminar. <em>Adequada para todos os tipos de c\u00e2ncer, mas n\u00e3o t\u00e3o eficaz em casos de leucemia e linfoma.<\/em><\/p>\n<p>Tecnologia patenteada Alem\u00e3. A poderosa<strong> Enzima de Apoio Imune<\/strong>\u00a0usada para apoiar a sa\u00fade geral das pessoas que lutam contra o c\u00e2ncer, e que tem ajudado\u00a0milhares de pacientes. Muitos m\u00e9dicos integrativos tem usado a enzima da planta Dionaea Muscipula com resultados muito bons.<strong>\u00a0<\/strong><span style=\"color: #333399;\"><em>Indicada para apoiar as pessoas com todos os tipos de cancer, mas n\u00e3o t\u00e3o efetiva em casos de leucemia e linfoma<strong>.<\/strong><\/em><\/span><\/p>\n<p><strong>Enzima da Planta Dionaea Muscipula<\/strong> para pacientes enfraquecidos.<\/p>\n<p style=\"text-align: left;\" align=\"center\"><strong>Depoimento de Sa\u00fade:\u00a0<\/strong><span class=\"style57\"><a class=\"style27\" href=\"http:\/\/curasdocancer.com\/artigos\/enzima-tumor-no-palato-curado.htm\">A Cura do Tumor no Palato de minha M\u00e3e com o extrato da Dionaea Muscipula<\/a><\/span><\/p>\n<hr \/>\n<h2 align=\"center\">\u00a0<strong>Enzima da Planta Dionaea Muscipula\/ Dion\u00e9ia<\/strong> &#8211; Proteja o seu Sistema Imunol\u00f3gico com a Energia Nutricional da Natureza<\/h2>\n<h3 class=\"style31\" align=\"center\">Modula\u00e7\u00e3o Imunol\u00f3gica \u00e9 Fundamental para Atacar o Crescimento Celular Anormal<\/h3>\n<p class=\"style31\" align=\"center\"><img loading=\"lazy\" src=\"http:\/\/curasdocancer.com\/artigos-fotos\/carniv-imunologico.jpg\" alt=\"\" width=\"400\" height=\"267\" \/><\/p>\n<p align=\"center\"><strong><em>&#8220;Dentro do seu corpo h\u00e1 um incr\u00edvel mecanismo projetado para defend\u00ea-lo de milh\u00f5es de bact\u00e9rias nocivas, micr\u00f3bios, fungos, v\u00edrus, parasitas e toxinas qu\u00edmicas&#8230; CADA SEGUNDO DE CADA DIA. Este \u00e9 o seu sistema imunol\u00f3gico.&#8221;<\/em><\/strong><br \/>\nDaniel Kenner, PhD, LAc<\/p>\n<div align=\"center\">\n<table border=\"0\" width=\"80%\" cellspacing=\"0\" cellpadding=\"10\">\n<tbody>\n<tr>\n<td bgcolor=\"#FFFFCC\">\n<p class=\"style84 style85\"><strong>A Enzima de Apoio Imune\u00a0fornece potente apoio imonol\u00f3gico para paciente em Curitiba<\/strong><\/p>\n<p class=\"style84\"><strong><em>Via email: <\/em><\/strong>(2 de Agosto, 2012) Ol\u00e1,\u00a0Estou escrevendo porque preciso de uma orienta\u00e7\u00e3o p\/o melhor tratamento de <strong>minha m\u00e3e com tumor no palato superior. Ela utiliza a Enzima desde Mar\u00e7o, o que tirou-lhe a dor, incha\u00e7o e devolveu-lhe a vontade de viver&#8230; <\/strong>mas o tumor ainda permanece; ela toma a Enzima 3 vezes ao dia. No tratamento convencional os m\u00e9dicos querem fazer radio e quimio ao mesmo tempo por 2 meses e acho que pela idade ela n\u00e3o ir\u00e1 suportar(85), por isso gostar\u00edamos de seguir a risca o protocolo natural completo, mas n\u00e3o sabemos como utilizar e o que \u00e9 necess\u00e1rio&#8230;por favor nos oriente, pois ela confia muito nesta medica\u00e7\u00e3o.<br \/>\naguardo grata, Doroti (Curitiba, Brasil)<\/p>\n<p class=\"style84\"><strong><em>Resposta:<\/em> <\/strong>Querida Doroti, Aqui est\u00e3o as nossas recomenda\u00e7\u00f5es:<\/p>\n<p><strong>1. O Protocolo Poly-MVA<\/strong> seria a op\u00e7\u00e3o mais completa, juntamente com a Enzima\u00a0de Apoio Imune.<\/p>\n<p><strong>2.<\/strong> A segunda op\u00e7\u00e3o mais econ\u00f4mica, seria adicionar alguns suplementos que ir\u00e3o ajud\u00e1-la ainda mais, e trabalhar em conjunto com a Enzima de Apoio Imune\u00a0tamb\u00e9m.\u00a0<em>Em order de import\u00e2ncia:<\/em><br \/>\n<strong>* Enzima\u00a0de Apoio Imune<br \/>\n* Yes AGE<br \/>\n* Vitamina D3<\/strong> (dispon\u00edvel em nosso site ou em f\u00e1rmacia de produtos naturais, MAS seguir a dosagem indicada em nosso site, que \u00e9 ideal para pacientes lutando contra o cancer)<strong><br \/>\n* Yes Herbal<br \/>\n<\/strong><strong>* CoQ-10<br \/>\n* Yes Minerais<\/strong><\/td>\n<\/tr>\n<\/tbody>\n<\/table>\n<p style=\"text-align: left;\"><span style=\"color: #ff0000;\"><strong>Nota importante: <\/strong>Este\u00a0n\u00e3o \u00e9, e n\u00e3o deve ser considerado um \u201ctratamento ou cura para o c\u00e2ncer\u201d. Este \u00e9 um suplemento que pode ajudar a apoiar a sa\u00fade geral do corpo, e pode ser usado para complementar o tratamento do seu oncologista. Como sempre, consulte o seu m\u00e9dico antes de tomar quaisquer suplementos diet\u00e9ticos.<\/span><\/p>\n<\/div>\n<h2 class=\"style31\" align=\"center\">Enzima da planta Dionaea Muscipula \u2014 A Energia Nutricional da Natureza. Proteja o seu sistema imunol\u00f3gico, \u00e9 o \u00fanico que voc\u00ea tem!<\/h2>\n<p>A Ag\u00eancia de Prote\u00e7\u00e3o Ambiental estima que n\u00f3s enfrentamos <strong>cerca de 15.000 subst\u00e2ncias qu\u00edmicas <\/strong>diferentes a cada dia, dos produtos de limpeza e higiene que usamos, aos alimentos que ingerimos, aos computadores que usamos, ao ar que respiramos. Nossos corpos est\u00e3o sob ataque constante. Isso muitas vezes pode levar a um comprometimento do sistema imunol\u00f3gico, abrindo caminho a doen\u00e7as e enfermidades.<\/p>\n<p align=\"center\"><img loading=\"lazy\" src=\"http:\/\/curasdocancer.com\/artigos-fotos\/carniv-suplemento-cancer.jpg\" alt=\"\" width=\"400\" height=\"267\" border=\"1\" \/><\/p>\n<p>Dr. Kenner, PhD, LAc: Existem n\u00e3o apenas toxinas ambientais, mas tamb\u00e9m toxinas derivadas da m\u00e1 alimenta\u00e7\u00e3o, do estresse, de um estilo de vida sedent\u00e1rio, e tamb\u00e9m de micr\u00f3bios patog\u00e9nicos, estes s\u00e3o germes. Agora, ao longo dos anos pode haver uma acumula\u00e7\u00e3o de toxinas e mesmo se n\u00f3s n\u00e3o sentirmos quaisquer efeitos nocivos, eles podem gradualmente causar doen\u00e7as alterando a vida e at\u00e9 mesmo doen\u00e7as fatais. Agora, a raz\u00e3o para isso \u00e9 porque eles tamb\u00e9m danificam o sistema imunit\u00e1rio. O sistema imunol\u00f3gico \u00e9 a primeira linha de defesa para proteger o corpo.<\/p>\n<p align=\"center\"><img loading=\"lazy\" src=\"http:\/\/curasdocancer.com\/artigos-fotos\/carniv-venus.jpg\" alt=\"\" width=\"400\" height=\"267\" border=\"1\" \/><\/p>\n<p>Mas este produto fascinante demonstrou ter um efeito profundo na modula\u00e7\u00e3o do nosso sistema imunol\u00f3gico. Se chama Dionaea Muscipula \/ Dion\u00e9ia, um suplemento <strong>100% puro derivado da planta &#8220;Venus Fly Trap&#8221;, a planta Carn\u00edvora (tamb\u00e9m conhecida como V\u00eanus Papa-Moscas, ou Dioneia Papa Mosca).<\/strong> Ela consome sua presa, os insetos, e todas as toxinas juntamente com eles. Em 1973, m\u00e9dicos europeus teorizaram que se poderia matar DNA invasor na natureza, poderia ent\u00e3o fazer o mesmo no corpo humano?<\/p>\n<p><img loading=\"lazy\" class=\"alignleft\" src=\"http:\/\/curasdocancer.com\/artigos-fotos\/carniv-ronald.jpg\" alt=\"\" width=\"200\" height=\"250\" border=\"1\" \/>Dr. Kenner: Tem havido uma s\u00e9rie de investiga\u00e7\u00f5es cl\u00ednicas por m\u00e9dicos e cientistas por mais de 30 anos, desde a d\u00e9cada de 1970. Na verdade, h\u00e1 uma vasta literatura cient\u00edfica sobre a atividade farmacol\u00f3gica da planta Dionaea Muscipula e a maioria dos seus componentes principais. O suplemento Enzima de Apoio Imune\u00a0tem sido usado em todo o mundo, incluindo celebridades e figuras pol\u00edticas, incluindo o ex-presidente norte-americano\u00a0<strong>Ronald Reagan e a primeira-dama Nancy Reagan.<\/strong>Nosso sistema imunol\u00f3gico est\u00e1 sob ataque constante. Quando as pessoas me perguntam, por que tomar algo como a Enzima de Apoio Imune, eu digo-lhes sempre: Para cuidar do sistema imunol\u00f3gico, que \u00e9 o \u00fanico que voc\u00ea tem.<\/p>\n<p><img loading=\"lazy\" class=\"alignright\" src=\"http:\/\/curasdocancer.com\/artigos-fotos\/carniv-michelle.jpg\" alt=\"\" width=\"300\" height=\"200\" border=\"1\" \/>Michelle: Eu fui introduzida primeiramente a Enzima de Apoio Imune pelo meu pai. Ele aprendeu sobre a Enzima da planta Dion\u00e9ia depois que ele ficou doente e estava procurando por alguns suplementos para mant\u00ea-lo saud\u00e1vel. E ele descobriu a Enzima de Apoio Imune. Ele ficou t\u00e3o animado com o produto que ele promoveu para sua fam\u00edlia, amigos e pacientes. Meu pai era um m\u00e9dico de fam\u00edlia, um medico formado. Portanto eu tenho tomado a Enzima de Apoio Imune por pelo menos 10 anos agora, n\u00e3o me lembro de quando eu comecei a tom\u00e1-lo. Mas eu e o meu marido tamb\u00e9m t\u00eam tomado. \u00c9 um produto maravilhoso. Em conjunto com outros suplementos ajudam a me manter saud\u00e1vel e o meu pai foi uma grande parte em divulgar a mensagem da Enzima de Apoio Imune e o que ele faz. Agora, 30 anos mais tarde, depois de anos de investiga\u00e7\u00e3o cl\u00ednica e aplica\u00e7\u00e3o, e depois de estar dispon\u00edvel em outras partes do mundo desde 1981, a Enzima de Apoio Imune est\u00e1 dispon\u00edvel nos Estados Unidos em forma de suplemento natural.<\/p>\n<p>Dr. Kenner: Eu venho usando a medicina alternativa como um cl\u00ednico por quase 30 anos, e eu tamb\u00e9m publiquei um trabalho sobre como os m\u00e9dicos na Europa utilizam subst\u00e2ncias bot\u00e2nicas para quest\u00f5es cl\u00ednicas, e eu sinto que a Enzima \u00e9 uma das subst\u00e2ncias bot\u00e2nicas mais vers\u00e1teis que eu j\u00e1 vi. Uma coisa que \u00e9 original sobre este suplemento \u00e9 que \u00e9 um poderoso antimicrobiano, de espectro muito amplo.<\/p>\n<p align=\"center\"><img loading=\"lazy\" src=\"http:\/\/curasdocancer.com\/artigos-fotos\/carniv-laboratorio.jpg\" alt=\"\" width=\"400\" height=\"267\" border=\"1\" \/><\/p>\n<p>Modula\u00e7\u00e3o do sistema imunol\u00f3gico \u00e9 fundamental para manter a efici\u00eancia imunol\u00f3gica ideal. A propor\u00e7\u00e3o estabelecida por imunomodula\u00e7\u00e3o correta entre as nossas c\u00e9lulas T-auxiliares e c\u00e9lulas T-supressoras determina qu\u00e3o poderoso o sistema de defesa do corpo-pr\u00f3prio \u00e9 a qualquer momento. <strong>A normaliza\u00e7\u00e3o desta propor\u00e7\u00e3o \u00e9 fundamental para a cria\u00e7\u00e3o da resposta imunit\u00e1ria mais potente.<\/strong><\/p>\n<p>Dr. Kenner: A Enzima de Apoio Imune como um modulador imunol\u00f3gico ajuda a manter o equil\u00edbrio entre estes dois tipos de c\u00e9lulas do sistema imunol\u00f3gico. <strong>Existem 17 subst\u00e2ncias naturais na Enzima\u00a0<\/strong>que melhoram a efici\u00eancia imunol\u00f3gica e trabalham sinergicamente para esse efeito. Agora a Enzima tem Quercetina e Miricetina que s\u00e3o duas subst\u00e2ncias que s\u00e3o bem estabelecidas como anti-inflamat\u00f3rios. Portanto, o efeito anti-inflamat\u00f3rio, juntamente com o efeito de modula\u00e7\u00e3o imunol\u00f3gica, torna a Enzima uma subst\u00e2ncia muito poderosa.<\/p>\n<p><strong>Muitos assistindo perguntam, exatamente como isso funciona?<\/strong><\/p>\n<p>Dr. Kenner: A presen\u00e7a de micr\u00f3bios podem comprometer a fun\u00e7\u00e3o do sistema imunol\u00f3gico. Agora, al\u00e9m de controlar estes micr\u00f3bios, a Enzima de Apoio Imune tamb\u00e9m estimula diretamente um n\u00famero de diferentes tipos de c\u00e9lulas do sistema imunol\u00f3gico, como as c\u00e9lulas B e c\u00e9lulas T. Pode aumentar os seus n\u00fameros, e pode tamb\u00e9m aumentar a sua efici\u00eancia na secre\u00e7\u00e3o dos mensageiros qu\u00edmicos como as citocinas.<\/p>\n<p>Cientistas e m\u00e9dicos concordam que os suplementos Enzima de Apoio Imune possuem propriedades \u00fanicas. <strong>Talvez a evid\u00eancia mais convincente vem de milhares de pessoas ao redor do mundo tendo Enzima de Apoio Imune como um suplemento di\u00e1rio.<\/strong><\/p>\n<p align=\"center\"><img loading=\"lazy\" src=\"http:\/\/curasdocancer.com\/artigos-fotos\/carniv-cancer-clinica.jpg\" alt=\"\" width=\"400\" height=\"267\" border=\"1\" \/><\/p>\n<p>Lois: Meu marido tem se recuperado tremendamente ap\u00f3s seu m\u00e9dico sugeriu que ele comece a tomar a Enzima de Apoio Imune. Quando ele estava indo t\u00e3o bem na Enzima de Apoio Imune, eu decidi come\u00e7ar a tom\u00e1-lo tamb\u00e9m e n\u00f3s dois estamos muito contentes de podermos nos sentir saud\u00e1veis novamente.<\/p>\n<p>A Enzima de Apoio Imune \u00e9 o \u00fanico extrato puro fitonutriente da planta Armadilha de V\u00e9nus vendido no mundo inteiro.<\/p>\n<p>Suas propriedades de cura t\u00eam intrigado os m\u00e9dicos e aqueles que optam por permanecer saud\u00e1vel. Este \u00e9 mais um exemplo da nossa capacidade para aproveitar uma das defesas mais incr\u00edveis da natureza para aprimorar nossas pr\u00f3prias defesas.<\/p>\n<div align=\"center\">\n<table border=\"0\" width=\"80%\" cellspacing=\"0\" cellpadding=\"10\">\n<tbody>\n<tr>\n<td bgcolor=\"#FFFFCC\">\n<p class=\"style84 style85\"><strong>Cancer de Garganta, &#8220;Ajudou a Salvar Minha Vida&#8221;<\/strong><\/p>\n<p class=\"style84\"><em>&#8220;Tenho tomado comprimidos da Enzima nos \u00faltimos 3 anos para meu &#8220;desafio&#8221; da garganta ap\u00f3s a radia\u00e7\u00e3o. Cada ano eu vou para o meu m\u00e9dico para um check-up regular e ele me diz, te vejo ano que vem, tudo est\u00e1 indo bem. Creio neste produto, ele <strong>tem ajudado a salvar a minha vida.&#8221;<\/strong> \u2014 R.R. (Maio 2016)<\/em><\/p>\n<\/td>\n<\/tr>\n<\/tbody>\n<\/table>\n<\/div>\n<div align=\"center\">\n<table border=\"0\" width=\"80%\" cellspacing=\"0\" cellpadding=\"10\">\n<tbody>\n<tr>\n<td bgcolor=\"#FFFFCC\">\n<p class=\"style84 style85\"><strong>Cura Completa com a Enzima\u00a0de Apoio Imune<\/strong><\/p>\n<p class=\"style84\"><em>&#8220;Eu tenho uma parente muito pr\u00f3xima, que foi confrontada com um grave desafio para o seu sistema imunit\u00e1rio. E o meu pai, que era um m\u00e9dico de fam\u00edlia, sugeriu que ela tomasse a Enzima. Ela tomou a Enzima 3 vezes ao dia e 3 semanas depois, sua condi\u00e7\u00e3o foi<strong> completamente eliminada.<\/strong> A Enzima apoiou seu sistema imunol\u00f3gico a tal ponto que ela est\u00e1 perfeitamente bem e saud\u00e1vel agora.&#8221; &#8211;\u00a0Michelle<\/em><\/p>\n<\/td>\n<\/tr>\n<\/tbody>\n<\/table>\n<\/div>\n<div align=\"center\">\n<div align=\"center\">\n<table border=\"0\" width=\"80%\" cellspacing=\"0\" cellpadding=\"10\">\n<tbody>\n<tr>\n<td bgcolor=\"#FFFFCC\">\n<p class=\"style84 style85\"><strong>Cura\u00a0do Cancer de Mama<\/strong><\/p>\n<p class=\"style84 style85\"><em><strong>&#8220;J\u00e1 estou curada do cancer de mama fazem 9 anos.<\/strong>\u00a0Comecei na rota tradicional com cirurgia e quimio, mas n\u00e3o estava feliz com isso e procurei por solu\u00e7\u00f5es. Eu s\u00f3 quero que as pessoas saibam que h\u00e1 essa alternativa maravilhosa, que \u00e9 totalmente n\u00e3o-t\u00f3xica e realmente, realmente funciona. O presidente Ronald Reagan usou Carninvora para curar de seu c\u00e2ncer de c\u00f3lon em 1985 e Yul Brenner utilizou e colocou o c\u00e2ncer de pulm\u00e3o em remiss\u00e3o &#8211; e quando ele percebeu que estava curado parou de tom\u00e1-la e o cancer voltou! Agora eu ainda tomo de vez em quando, quando eu sinto que meu sistema imunol\u00f3gico precisa de um impulso. A Enzima tamb\u00e9m pode ser usada para a preven\u00e7\u00e3o.&#8221;\u00a0\u2014 depoimento de uma paciente curada\u00a0do c\u00e2ncer de mama<\/em><\/p>\n<\/td>\n<\/tr>\n<\/tbody>\n<\/table>\n<\/div>\n<div align=\"center\">\n<h2 class=\"style31\" align=\"center\"><strong>Veja como tamb\u00e9m tem ajudado muitos amigos e familiares&#8230;<\/strong><\/h2>\n<\/div>\n<div align=\"center\">\n<div align=\"center\">\n<table border=\"0\" width=\"80%\" cellspacing=\"0\" cellpadding=\"10\">\n<tbody>\n<tr>\n<td bgcolor=\"#FFFFCC\">\n<p class=\"style84 style85\"><em>&#8220;Este \u00e9 o meu 2o pedido! Eu estava muito doente antes do meu 1o pedido. Os m\u00e9dicos n\u00e3o conseguiam explicar o que estava acontecendo comigo. Quando eu comecei a tomar a Enzima Carnivora,<strong> eu fiquei completamente melhor dentro de 2 semanas!<\/strong> Foi incr\u00edvel!&#8221;<\/em> <em>\u2014 <\/em>M.A.<\/p>\n<p><em>&#8220;Venho tomando este suplemento h\u00e1 mais de 1 ano e isso me <strong>mant\u00e9m ativo em meu trabalho de constru\u00e7\u00e3o de casas.<\/strong> \u00d3timo produto!&#8221;<\/em> <em>\u2014 <\/em>G.N.<\/p>\n<p class=\"style84 style85\"><em>&#8220;Este produto tem sido t\u00e3o \u00fatil com o meu &#8220;desafio imunol\u00f3gico&#8221; que tenho tomado ele fazem 13 anos. <strong>Eu sou t\u00e3o grato por suplementos como este<\/strong> que ajudam a combater esta doen\u00e7a. Ele funciona&#8221;<\/em> <em>\u2014 <\/em>P.W.<\/p>\n<p><em>&#8220;Eu usei este produto para apoiar meu corpo imunologicamente e <strong>me ajudou tremendamente.<\/strong>&#8220;<\/em>\u00a0D.C.<\/p>\n<p><em>&#8220;O produto tem feito exatamente o que eles dizem que faz&#8230; Tomei pela 1a vez 1\u00a0m\u00eas atr\u00e1s e <strong>incha\u00e7o saiu das minhas pernas dentro de 2-3 dias. Vou colocar membros da minha fam\u00edlia na Enzima de Apoio Imune\u00a0tamb\u00e9m.&#8221;<\/strong> \u2014 <\/em>V.T.<\/p>\n<p><em><strong>&#8220;Este \u00e9 um salva-vidas<\/strong> e deveria estar na prateleira medicinal de todo mundo&#8230; Eu amo ele e nunca vou ficar sem ele!&#8221;<\/em> <em>\u2014 <\/em>H.E.<\/p>\n<p><em>&#8220;Tudo o que eu fa\u00e7o agora \u00e9 espalhar a palavra sobre <strong>qu\u00e3o bem os seus produtos funcionam!<\/strong> Muito obrigado!&#8221;<\/em> <em>\u2014 <\/em>C.T.<\/p>\n<p><em>&#8220;Este senhor foi diagnosticado com um &#8220;desafio imunol\u00f3gico&#8221; avan\u00e7ado que incluiu o p\u00e2ncreas dele h\u00e1 3 anos e ele foi dado poucos meses de vida. Ele tem vindo a seguir o Programa B e os n\u00fameros dele tem-se mantido est\u00e1veis. <strong>Ele acredita 100% que \u00e9 gra\u00e7as a\u00a0Enzima<\/strong>\u00a0que ele ainda est\u00e1 vivo hoje.&#8221;<\/em> <em>\u2014 <\/em>G.J.<\/p>\n<p><em>&#8220;Brian come\u00e7ou a tomar a Enzima em 2013 para um &#8220;desafio imunol\u00f3gico&#8221; avan\u00e7ado&#8230; em 2014 <strong>ele n\u00e3o tinha mais o desafio imunol\u00f3gico.<\/strong> Ele agora toma a dose de manuten\u00e7\u00e3o. Assim o m\u00e9dico disse para ele n\u00e3o parar de tomar a Enzima por qualquer motivo.&#8221;<\/em> <em>\u2014 <\/em>B.W.<\/td>\n<\/tr>\n<\/tbody>\n<\/table>\n<\/div>\n<\/div>\n<div align=\"center\"><\/div>\n<div align=\"center\"><img loading=\"lazy\" src=\"http:\/\/curasdocancer.com\/images\/conhecida-como-venus-flytrap.jpg\" alt=\"\" width=\"310\" height=\"165\" \/><\/div>\n<\/div>\n<p align=\"center\"><em>Indicado para todos os tipos de cancer, mas n\u00e3o t\u00e3o efetivo em casos de <strong>Leucemia e Linfoma&#8230;\u00a0<\/strong><\/em><em>A Enzima trabalha principalmente contra tumores s\u00f3lidos, portanto, n\u00e3o \u00e9 a primeira escolha contra doen\u00e7as como Leucemia e Linfoma, mas ainda beneficia o corpo em geral, uma vez que aumenta a sa\u00fade do corpo em geral.<\/em><\/p>\n<hr \/>\n<p style=\"text-align: left;\" align=\"center\"><strong>Aprenda Mais&#8230;<\/strong><\/p>\n<p align=\"left\"><span class=\"style57\"><a class=\"style27\" href=\"http:\/\/curasdocancer.com\/artigos\/enzima-remedio-natural-para-cancer.htm\">Estudos Cl\u00ednicos Comprovam o <strong>Poder Curativo<\/strong> do Suplemento Enzima de Apoio Imune<\/a><\/span><\/p>\n<p align=\"left\"><span class=\"style57\"><a class=\"style27\" href=\"http:\/\/curasdocancer.com\/artigos\/proteja-sistema-imunologico-naturalmente.htm\">Enzima da Planta Dionaea Muscipula &#8211; <strong>Proteja o seu Sistema Imunol\u00f3gico\u00a0<\/strong>com a Energia Nutricional da Natureza<\/a><\/span><\/p>\n<p align=\"left\"><span class=\"style57\"><a class=\"style27\" href=\"http:\/\/curasdocancer.com\/artigos\/enzima-beneficios-antioxidante-poderoso.htm\"><strong>Benef\u00edcios<\/strong> do suplemento Enzima de Apoio Imune<\/a><\/span><\/p>\n<p align=\"left\"><span class=\"style57\"><a class=\"style27\" href=\"http:\/\/curasdocancer.com\/artigos\/enzima-depoimentos-clientes-mundialmente.htm\"><strong>Depoimentos de Sucesso: <\/strong>O que clientes mundialmente est\u00e3o dizendo sobre a Enzima<\/a><\/span><\/p>\n<p align=\"left\"><span class=\"style57\"><a class=\"style27\" href=\"http:\/\/curasdocancer.com\/artigos\/enzima-ciencia-compostos-apoio-imunologico.htm\"><strong>A Ci\u00eancia do Suplemento Enzima de Apoio Imune: <\/strong>O que \u00e9 a Enzima?<\/a><\/span><\/p>\n<p align=\"left\"><span class=\"style57\"><a class=\"style27\" href=\"http:\/\/curasdocancer.com\/artigos\/enzima-palavras-doutor-apoio-imunologico.htm\"><strong>Proteja e Apoie o seu Corpo com a Enzima: <\/strong>Palavras do Dr. Keller<\/a><\/span><\/p>\n<p align=\"left\"><span class=\"style57\"><a class=\"style27\" href=\"http:\/\/curasdocancer.com\/artigos\/enzima-tumor-no-palato-curado.htm\"><strong>A Cura do Tumor no Palato<\/strong> de minha m\u00e3e com o extrato da Enzima de Apoio Imune<\/a><\/span><\/p>\n<!-- AddThis Advanced Settings generic via filter on the_content --><!-- AddThis Share Buttons generic via filter on the_content -->","protected":false},"excerpt":{"rendered":"<p>Ele mata c\u00e9lulas cancerosas diretamente e atrav\u00e9s do apoio imunol\u00f3gico.<\/p>\n<p>Especialmente ideal para <strong>pacientes com c\u00e2ncer de pulm\u00e3o,<\/strong> pois podem inalar atrav\u00e9s do nebulizador.\u00a0\u00c9 tamb\u00e9m<strong> l\u00edquida<\/strong> assim boa para pessoas com problemas comendo.<\/p>\n<table border=\"0\" width=\"100%\" cellspacing=\"3\" cellpadding=\"0\">\n<tbody>\n<tr>\n<td height=\"30\"><img loading=\"lazy\" class=\"size-full wp-image-84 alignleft\" src=\"http:\/\/curasdocancer.com\/lojavirtual\/wp-content\/uploads\/2015\/12\/adobe-PDF.png\" alt=\"Adobe-PDF\" width=\"31\" height=\"30\" \/><a href=\"http:\/\/curasdocancer.com\/PDF\/Enzima-Imune-Manual.pdf\" target=\"_blank\" rel=\"noopener noreferrer\"><strong>Manual da Enzima de Apoio Imune<\/strong><\/a>\u00a0 &#8211; Download e aprenda mais<\/td>\n<\/tr>\n<\/tbody>\n<\/table>\n<p><em>Voc\u00ea pode seguir qualquer um dos protocolos em nosso Manual acima com Enzima de L\u00edquidos ou C\u00e1psulas ou ambos, conforme sugerido no Manual. Ao ler a instru\u00e7\u00e3o de dosagem, lembre-se de que<strong> 1 c\u00e1psula = 3 a 5 gotas.<\/strong><\/em><!-- AddThis Advanced Settings generic via filter on wp_trim_excerpt --><!-- AddThis Share Buttons generic via filter on wp_trim_excerpt --><\/p>\n","protected":false},"featured_media":1026,"template":"","meta":{"sfsi_plus_gutenberg_text_before_share":"","sfsi_plus_gutenberg_show_text_before_share":"","sfsi_plus_gutenberg_icon_type":"","sfsi_plus_gutenberg_icon_alignemt":"","sfsi_plus_gutenburg_max_per_row":"","_genesis_hide_title":false,"_genesis_hide_breadcrumbs":false,"_genesis_hide_singular_image":false,"_genesis_hide_footer_widgets":false,"_genesis_custom_body_class":"","_genesis_custom_post_class":"","_genesis_layout":""},"_links":{"self":[{"href":"http:\/\/genewei.com\/br\/wp-json\/wp\/v2\/product\/847"}],"collection":[{"href":"http:\/\/genewei.com\/br\/wp-json\/wp\/v2\/product"}],"about":[{"href":"http:\/\/genewei.com\/br\/wp-json\/wp\/v2\/types\/product"}],"wp:featuredmedia":[{"embeddable":true,"href":"http:\/\/genewei.com\/br\/wp-json\/wp\/v2\/media\/1026"}],"wp:attachment":[{"href":"http:\/\/genewei.com\/br\/wp-json\/wp\/v2\/media?parent=847"}],"curies":[{"name":"wp","href":"https:\/\/api.w.org\/{rel}","templated":true}]}}